{"id":160,"date":"2017-12-19T06:32:20","date_gmt":"2017-12-19T05:32:20","guid":{"rendered":"https:\/\/sensacionarabe.com\/?product=anchor-bracelet"},"modified":"2025-05-24T14:14:08","modified_gmt":"2025-05-24T12:14:08","slug":"oud-mood-lattafa","status":"publish","type":"product","link":"https:\/\/sensacionarabe.com\/Mayoristas\/producto\/oud-mood-lattafa\/","title":{"rendered":"Lattafa Oud Mood Eau de perfum 100ml"},"content":{"rendered":"\t\t<div data-elementor-type=\"wp-post\" data-elementor-id=\"160\" class=\"elementor elementor-160\">\n\t\t\t\t<div class=\"elementor-element elementor-element-5aef4174 e-flex e-con-boxed e-con e-parent\" data-id=\"5aef4174\" data-element_type=\"container\" data-e-type=\"container\">\n\t\t\t\t\t<div class=\"e-con-inner\">\n\t\t\t\t<div class=\"elementor-element elementor-element-283eb939 elementor-widget elementor-widget-text-editor\" data-id=\"283eb939\" data-element_type=\"widget\" data-e-type=\"widget\" data-widget_type=\"text-editor.default\">\n\t\t\t\t\t\t\t\t\t<p>Perfume Oud Mood Eau de Parfum de Lattafa Perfumes es una fragancia c\u00e1lida y oriental con notas florales, amaderadas y picantes y cuenta con una agradable dulzura. La nota de salida es dulce-picante con notas florales y azafr\u00e1n. El \u00e1mbar y las resinas siguen en la nota de coraz\u00f3n y son reemplazados por vainilla, notas ahumadas ligeras y s\u00e1ndalo en la base. Un excelente perfume oriental que es agradable y favorecedor lleno de calidez. El aroma es oriental-dulce.<\/p>\t\t\t\t\t\t\t\t<\/div>\n\t\t\t\t<div class=\"elementor-element elementor-element-6700bc8 elementor-widget elementor-widget-text-editor\" data-id=\"6700bc8\" data-element_type=\"widget\" data-e-type=\"widget\" data-widget_type=\"text-editor.default\">\n\t\t\t\t\t\t\t\t\t<hr class=\"a-divider-normal bucketDivider\" aria-hidden=\"true\" data-wakoopa-seen=\"true\" \/><h2 data-wakoopa-seen=\"true\">Detalles del producto<\/h2><div id=\"detailBullets_feature_div\" data-wakoopa-seen=\"true\"><ul class=\"a-unordered-list a-nostyle a-vertical a-spacing-none detail-bullet-list\" data-wakoopa-seen=\"true\"><li data-wakoopa-seen=\"true\"><span class=\"a-list-item\" data-wakoopa-seen=\"true\"><strong><span class=\"a-text-bold\" data-wakoopa-seen=\"true\">Dimensiones del producto \u200f : \u200e\u00a0<\/span><\/strong><span data-wakoopa-seen=\"true\">3,25 x 3,25 x 8,19 pulgadas; 1,1 Libras<\/span><\/span><\/li><li data-wakoopa-seen=\"true\"><span class=\"a-list-item\" data-wakoopa-seen=\"true\"><span class=\"a-text-bold\" data-wakoopa-seen=\"true\"><strong>N\u00famero de modelo del producto \u200f :<\/strong> \u200e\u00a0<\/span><span data-wakoopa-seen=\"true\">2724452221490<\/span><\/span><\/li><li data-wakoopa-seen=\"true\"><span class=\"a-list-item\" data-wakoopa-seen=\"true\"><span class=\"a-text-bold\" data-wakoopa-seen=\"true\"><strong>Fabricante \u200f : \u200e<\/strong>\u00a0<\/span><span data-wakoopa-seen=\"true\">LATTAFA<\/span><\/span><\/li><li data-wakoopa-seen=\"true\" data-wakoopa-lastvalue=\"0\"><span class=\"a-list-item\" data-wakoopa-seen=\"true\"><strong><span class=\"a-text-bold\" data-wakoopa-seen=\"true\">SKU : \u200e <\/span><\/strong><span data-wakoopa-seen=\"true\">B01MS316SM<\/span><\/span><\/li><\/ul><\/div>\t\t\t\t\t\t\t\t<\/div>\n\t\t\t\t\t<\/div>\n\t\t\t\t<\/div>\n\t\t\t\t<\/div>\n\t\t","protected":false},"excerpt":{"rendered":"<ul>\n<li><strong>Marca\u00a0<\/strong> Lattafa<\/li>\n<li><strong>Forma del producto\u00a0\u00a0<\/strong>\u00a0\u00a0\u00a0 L\u00edquido<\/li>\n<li><strong>Volumen del art\u00edculo\u00a0<\/strong>\u00a0 100 Mililitros<\/li>\n<li><strong>Fragancia\u00a0<\/strong>\u00a0 \u00a0Oriental-Dulce<\/li>\n<li><strong>Caracter\u00edsticas especiales\u00a0\u00a0<\/strong>\u00a0\u00a0\u00a0 Larga duraci\u00f3n, Moderno<\/li>\n<\/ul>\n<h2 class=\"a-size-base-plus a-text-bold\" data-wakoopa-seen=\"true\">Sobre este art\u00edculo<\/h2>\n<ul class=\"a-unordered-list a-vertical a-spacing-mini\" data-wakoopa-seen=\"true\">\n<li class=\"a-spacing-mini\" data-wakoopa-seen=\"true\"><span class=\"a-list-item\" data-wakoopa-seen=\"true\">Oud Mood by Lattafa Perfumes es una fragancia oriental dulce para mujeres y hombres.<\/span><\/li>\n<li class=\"a-spacing-mini\" data-wakoopa-seen=\"true\"><span class=\"a-list-item\" data-wakoopa-seen=\"true\"><strong>Notas de Salida:<\/strong> Azafr\u00e1n y Notas Florales.<\/span><\/li>\n<li class=\"a-spacing-mini\" data-wakoopa-seen=\"true\"><span class=\"a-list-item\" data-wakoopa-seen=\"true\"><strong>Notas medias:<\/strong> \u00c1mbar y resinas.<\/span><\/li>\n<li class=\"a-spacing-mini\" data-wakoopa-seen=\"true\"><span class=\"a-list-item\" data-wakoopa-seen=\"true\"><strong>Notas de Fondo:<\/strong> Humo, Vainilla y S\u00e1ndalo.<\/span><\/li>\n<li class=\"a-spacing-mini\" data-wakoopa-seen=\"true\"><span class=\"a-list-item\" data-wakoopa-seen=\"true\">Tiene una fragancia duradera.<\/span><\/li>\n<\/ul>\n","protected":false},"featured_media":4678,"comment_status":"open","ping_status":"closed","template":"","meta":{"nf_dc_page":"","_uag_custom_page_level_css":"","site-sidebar-layout":"default","site-content-layout":"default","ast-site-content-layout":"default","site-content-style":"default","site-sidebar-style":"default","ast-global-header-display":"","ast-banner-title-visibility":"","ast-main-header-display":"","ast-hfb-above-header-display":"","ast-hfb-below-header-display":"","ast-hfb-mobile-header-display":"","site-post-title":"","ast-breadcrumbs-content":"","ast-featured-img":"","footer-sml-layout":"","ast-disable-related-posts":"","theme-transparent-header-meta":"default","adv-header-id-meta":"","stick-header-meta":"default","header-above-stick-meta":"","header-main-stick-meta":"","header-below-stick-meta":"","astra-migrate-meta-layouts":"set","ast-page-background-enabled":"default","ast-page-background-meta":{"desktop":{"background-color":"","background-image":"","background-repeat":"repeat","background-position":"center center","background-size":"auto","background-attachment":"scroll","background-type":"","background-media":"","overlay-type":"","overlay-color":"","overlay-opacity":"","overlay-gradient":""},"tablet":{"background-color":"","background-image":"","background-repeat":"repeat","background-position":"center center","background-size":"auto","background-attachment":"scroll","background-type":"","background-media":"","overlay-type":"","overlay-color":"","overlay-opacity":"","overlay-gradient":""},"mobile":{"background-color":"","background-image":"","background-repeat":"repeat","background-position":"center center","background-size":"auto","background-attachment":"scroll","background-type":"","background-media":"","overlay-type":"","overlay-color":"","overlay-opacity":"","overlay-gradient":""}},"ast-content-background-meta":{"desktop":{"background-color":"var(--ast-global-color-5)","background-image":"","background-repeat":"repeat","background-position":"center center","background-size":"auto","background-attachment":"scroll","background-type":"","background-media":"","overlay-type":"","overlay-color":"","overlay-opacity":"","overlay-gradient":""},"tablet":{"background-color":"var(--ast-global-color-5)","background-image":"","background-repeat":"repeat","background-position":"center center","background-size":"auto","background-attachment":"scroll","background-type":"","background-media":"","overlay-type":"","overlay-color":"","overlay-opacity":"","overlay-gradient":""},"mobile":{"background-color":"var(--ast-global-color-5)","background-image":"","background-repeat":"repeat","background-position":"center center","background-size":"auto","background-attachment":"scroll","background-type":"","background-media":"","overlay-type":"","overlay-color":"","overlay-opacity":"","overlay-gradient":""}}},"product_brand":[],"product_cat":[29],"product_tag":[58],"class_list":{"0":"post-160","1":"product","2":"type-product","3":"status-publish","4":"has-post-thumbnail","6":"product_cat-unisex","7":"product_tag-lattafa","8":"desktop-align-left","9":"tablet-align-left","10":"mobile-align-left","12":"first","13":"instock","14":"sale","15":"featured","16":"taxable","17":"shipping-taxable","18":"purchasable","19":"product-type-simple"},"uagb_featured_image_src":{"full":["https:\/\/sensacionarabe.com\/Mayoristas\/wp-content\/uploads\/2017\/12\/61TXK6rmqkL._SL1080_.jpg",1080,1080,false],"thumbnail":["https:\/\/sensacionarabe.com\/Mayoristas\/wp-content\/uploads\/2017\/12\/61TXK6rmqkL._SL1080_-150x150.jpg",150,150,true],"medium":["https:\/\/sensacionarabe.com\/Mayoristas\/wp-content\/uploads\/2017\/12\/61TXK6rmqkL._SL1080_-300x300.jpg",300,300,true],"medium_large":["https:\/\/sensacionarabe.com\/Mayoristas\/wp-content\/uploads\/2017\/12\/61TXK6rmqkL._SL1080_-768x768.jpg",768,768,true],"large":["https:\/\/sensacionarabe.com\/Mayoristas\/wp-content\/uploads\/2017\/12\/61TXK6rmqkL._SL1080_-1024x1024.jpg",1024,1024,true],"1536x1536":["https:\/\/sensacionarabe.com\/Mayoristas\/wp-content\/uploads\/2017\/12\/61TXK6rmqkL._SL1080_.jpg",1080,1080,false],"2048x2048":["https:\/\/sensacionarabe.com\/Mayoristas\/wp-content\/uploads\/2017\/12\/61TXK6rmqkL._SL1080_.jpg",1080,1080,false],"woocommerce_thumbnail":["https:\/\/sensacionarabe.com\/Mayoristas\/wp-content\/uploads\/2017\/12\/61TXK6rmqkL._SL1080_-300x300.jpg",300,300,true],"woocommerce_single":["https:\/\/sensacionarabe.com\/Mayoristas\/wp-content\/uploads\/2017\/12\/61TXK6rmqkL._SL1080_-600x600.jpg",600,600,true],"woocommerce_gallery_thumbnail":["https:\/\/sensacionarabe.com\/Mayoristas\/wp-content\/uploads\/2017\/12\/61TXK6rmqkL._SL1080_-100x100.jpg",100,100,true],"variation_swatches_image_size":["https:\/\/sensacionarabe.com\/Mayoristas\/wp-content\/uploads\/2017\/12\/61TXK6rmqkL._SL1080_.jpg",50,50,false],"variation_swatches_tooltip_size":["https:\/\/sensacionarabe.com\/Mayoristas\/wp-content\/uploads\/2017\/12\/61TXK6rmqkL._SL1080_.jpg",100,100,false]},"uagb_author_info":{"display_name":"admin","author_link":"https:\/\/sensacionarabe.com\/Mayoristas\/author\/"},"uagb_comment_info":0,"uagb_excerpt":"Marca\u00a0 Lattafa Forma del producto\u00a0\u00a0\u00a0\u00a0\u00a0 L\u00edquido Volumen del art\u00edculo\u00a0\u00a0 100 Mililitros Fragancia\u00a0\u00a0 \u00a0Oriental-Dulce Caracter\u00edsticas especiales\u00a0\u00a0\u00a0\u00a0\u00a0 Larga duraci\u00f3n, Moderno Sobre este art\u00edculo Oud Mood by Lattafa Perfumes es una fragancia oriental dulce para mujeres y hombres. Notas de Salida: Azafr\u00e1n y Notas Florales. Notas medias: \u00c1mbar y resinas. Notas de Fondo: Humo, Vainilla y S\u00e1ndalo. Tiene&hellip;","_links":{"self":[{"href":"https:\/\/sensacionarabe.com\/Mayoristas\/wp-json\/wp\/v2\/product\/160","targetHints":{"allow":["GET"]}}],"collection":[{"href":"https:\/\/sensacionarabe.com\/Mayoristas\/wp-json\/wp\/v2\/product"}],"about":[{"href":"https:\/\/sensacionarabe.com\/Mayoristas\/wp-json\/wp\/v2\/types\/product"}],"replies":[{"embeddable":true,"href":"https:\/\/sensacionarabe.com\/Mayoristas\/wp-json\/wp\/v2\/comments?post=160"}],"version-history":[{"count":7,"href":"https:\/\/sensacionarabe.com\/Mayoristas\/wp-json\/wp\/v2\/product\/160\/revisions"}],"predecessor-version":[{"id":7070,"href":"https:\/\/sensacionarabe.com\/Mayoristas\/wp-json\/wp\/v2\/product\/160\/revisions\/7070"}],"wp:featuredmedia":[{"embeddable":true,"href":"https:\/\/sensacionarabe.com\/Mayoristas\/wp-json\/wp\/v2\/media\/4678"}],"wp:attachment":[{"href":"https:\/\/sensacionarabe.com\/Mayoristas\/wp-json\/wp\/v2\/media?parent=160"}],"wp:term":[{"taxonomy":"product_brand","embeddable":true,"href":"https:\/\/sensacionarabe.com\/Mayoristas\/wp-json\/wp\/v2\/product_brand?post=160"},{"taxonomy":"product_cat","embeddable":true,"href":"https:\/\/sensacionarabe.com\/Mayoristas\/wp-json\/wp\/v2\/product_cat?post=160"},{"taxonomy":"product_tag","embeddable":true,"href":"https:\/\/sensacionarabe.com\/Mayoristas\/wp-json\/wp\/v2\/product_tag?post=160"}],"curies":[{"name":"wp","href":"https:\/\/api.w.org\/{rel}","templated":true}]}}