{"id":229,"date":"2017-12-19T11:30:57","date_gmt":"2017-12-19T10:30:57","guid":{"rendered":"https:\/\/sensacionarabe.com\/?product=blue-denim-shorts"},"modified":"2025-11-11T14:44:54","modified_gmt":"2025-11-11T13:44:54","slug":"yara-moi-lattafa","status":"publish","type":"product","link":"https:\/\/sensacionarabe.com\/Mayoristas\/producto\/yara-moi-lattafa\/","title":{"rendered":"Lattafa Yara Moi Eau de perfum 100ml"},"content":{"rendered":"\t\t<div data-elementor-type=\"wp-post\" data-elementor-id=\"229\" class=\"elementor elementor-229\">\n\t\t\t\t<div class=\"elementor-element elementor-element-46c72a88 e-flex e-con-boxed e-con e-parent\" data-id=\"46c72a88\" data-element_type=\"container\" data-e-type=\"container\">\n\t\t\t\t\t<div class=\"e-con-inner\">\n\t\t\t\t<div class=\"elementor-element elementor-element-55d3ac95 elementor-widget elementor-widget-text-editor\" data-id=\"55d3ac95\" data-element_type=\"widget\" data-e-type=\"widget\" data-widget_type=\"text-editor.default\">\n\t\t\t\t\t\t\t\t\t<p>Lattafa Asad es una fragancia de vainilla que se abre con fragancia exclusiva con notas \u00fanicas. La fragancia tiene la mejor respuesta a los otros clones y el perfume es tanto para hombres como para mujeres. Parte superior: Pimienta negra, Pi\u00f1a, Tabaco Medio: Caf\u00e9, Pachul\u00ed, Iris Base: \u00c1mbar, Vainilla, Maderas Secas, Benju\u00ed, Labdano. Yara es un exquisito perfume \u00e1rabe de alta gama, despierta tus sentidos atrevidos entre aromas tropicales, elegantes notas afrodis\u00edacas y, a medida que pasen los minutos, sentir\u00e1s tonos dulces y c\u00e1lidos brillantes con un sello fresco en polvo. Parte superior: Heliotropo, Orqu\u00eddea, Mandarina Medio: Acorde Gourmand, Frutas tropicales Base: Vainilla, S\u00e1ndalo, Almizcle. Yara Moi, apodada yara blanca, es una de las \u00faltimas novedades de 2022 de los \u00faltimos perfumes Lattafa Una fragancia \u00e1mbar que revela notas de jazm\u00edn y melocot\u00f3n mezcladas con caramelo sobre una base de s\u00e1ndalo. Parte superior: Jazm\u00edn, melocot\u00f3n Medio: \u00c1mbar, caramelo Base: S\u00e1ndalo, pachul\u00ed. Yara Perfumed Spray-200ML: Los perfumes Yara son un spray de perfume realmente exclusivo que se adapta a todas las ocasiones y un perfume muy duradero. El aroma de ambos perfumes es realmente \u00fanico y m\u00e1gico. Notas de Cabeza: Naranja, Mandarina Notas Medias: Flor, Rosa Notas de Fondo: Jazm\u00edn, Fresco, Floral Firma olfativa: Naranja, Mandarina, Jazm\u00edn, Flor, Rosa<\/p>\t\t\t\t\t\t\t\t<\/div>\n\t\t\t\t<div class=\"elementor-element elementor-element-f5a8e92 elementor-widget elementor-widget-text-editor\" data-id=\"f5a8e92\" data-element_type=\"widget\" data-e-type=\"widget\" data-widget_type=\"text-editor.default\">\n\t\t\t\t\t\t\t\t\t<h2>Detalles del producto<\/h2><div id=\"detailBullets_feature_div\"><ul class=\"a-unordered-list a-nostyle a-vertical a-spacing-none detail-bullet-list\"><li><span class=\"a-list-item\"><span class=\"a-text-bold\"><strong>Dimensiones del producto \u200f :<\/strong> \u200e\u00a0<\/span>3,56 x 3,5 x 6 pulgadas; 3,4 Onzas<\/span><\/li><li><span class=\"a-list-item\"><span class=\"a-text-bold\"><strong>N\u00famero de modelo del producto \u200f :<\/strong> \u200e\u00a0<\/span>YARA MOI<\/span><\/li><li><span class=\"a-list-item\"><span class=\"a-text-bold\"><strong>Fabricante \u200f :<\/strong> \u200e\u00a0<\/span>LATTAFA<\/span><\/li><li><span class=\"a-list-item\"><span class=\"a-text-bold\"><strong>SKU \u200f :<\/strong> \u200e\u00a0<\/span>B0BRJ9YJ5Y<\/span><\/li><\/ul><\/div>\t\t\t\t\t\t\t\t<\/div>\n\t\t\t\t\t<\/div>\n\t\t\t\t<\/div>\n\t\t\t\t<\/div>\n\t\t","protected":false},"excerpt":{"rendered":"<ul>\n<li><strong>Marca\u00a0<\/strong> Lattafa<\/li>\n<li><strong>Forma del producto\u00a0 <\/strong>\u00a0L\u00edquido<\/li>\n<li><strong>Volumen del art\u00edculo\u00a0\u00a0<\/strong> 100 Mililitros<\/li>\n<li><strong>Fragancia<\/strong>\u00a0 \u00a0Yara Moi<\/li>\n<li><strong>Caracter\u00edsticas especiales\u00a0<\/strong> Larga duraci\u00f3n<\/li>\n<\/ul>\n<h2 class=\"a-size-base-plus a-text-bold\">Sobre este art\u00edculo<\/h2>\n<ul class=\"a-unordered-list a-vertical a-spacing-mini\">\n<li class=\"a-spacing-mini\"><span class=\"a-list-item\">Yara Moi, apodada yara blanca, es una de las \u00faltimas novedades de Lattafa Perfumes. Una fragancia \u00e1mbar que revela notas de jazm\u00edn y melocot\u00f3n mezcladas con caramelo sobre una base de s\u00e1ndalo. Notas arom\u00e1ticas principales: Jazm\u00edn, durazno. Medio: \u00e1mbar, caramelo Base: s\u00e1ndalo, pachul\u00ed<\/span><\/li>\n<\/ul>\n<p>&nbsp;<\/p>\n","protected":false},"featured_media":4624,"comment_status":"open","ping_status":"closed","template":"","meta":{"nf_dc_page":"","_uag_custom_page_level_css":"","site-sidebar-layout":"default","site-content-layout":"default","ast-site-content-layout":"default","site-content-style":"default","site-sidebar-style":"default","ast-global-header-display":"","ast-banner-title-visibility":"","ast-main-header-display":"","ast-hfb-above-header-display":"","ast-hfb-below-header-display":"","ast-hfb-mobile-header-display":"","site-post-title":"","ast-breadcrumbs-content":"","ast-featured-img":"","footer-sml-layout":"","ast-disable-related-posts":"","theme-transparent-header-meta":"default","adv-header-id-meta":"","stick-header-meta":"default","header-above-stick-meta":"","header-main-stick-meta":"","header-below-stick-meta":"","astra-migrate-meta-layouts":"set","ast-page-background-enabled":"default","ast-page-background-meta":{"desktop":{"background-color":"","background-image":"","background-repeat":"repeat","background-position":"center center","background-size":"auto","background-attachment":"scroll","background-type":"","background-media":"","overlay-type":"","overlay-color":"","overlay-opacity":"","overlay-gradient":""},"tablet":{"background-color":"","background-image":"","background-repeat":"repeat","background-position":"center center","background-size":"auto","background-attachment":"scroll","background-type":"","background-media":"","overlay-type":"","overlay-color":"","overlay-opacity":"","overlay-gradient":""},"mobile":{"background-color":"","background-image":"","background-repeat":"repeat","background-position":"center center","background-size":"auto","background-attachment":"scroll","background-type":"","background-media":"","overlay-type":"","overlay-color":"","overlay-opacity":"","overlay-gradient":""}},"ast-content-background-meta":{"desktop":{"background-color":"var(--ast-global-color-5)","background-image":"","background-repeat":"repeat","background-position":"center center","background-size":"auto","background-attachment":"scroll","background-type":"","background-media":"","overlay-type":"","overlay-color":"","overlay-opacity":"","overlay-gradient":""},"tablet":{"background-color":"var(--ast-global-color-5)","background-image":"","background-repeat":"repeat","background-position":"center center","background-size":"auto","background-attachment":"scroll","background-type":"","background-media":"","overlay-type":"","overlay-color":"","overlay-opacity":"","overlay-gradient":""},"mobile":{"background-color":"var(--ast-global-color-5)","background-image":"","background-repeat":"repeat","background-position":"center center","background-size":"auto","background-attachment":"scroll","background-type":"","background-media":"","overlay-type":"","overlay-color":"","overlay-opacity":"","overlay-gradient":""}}},"product_brand":[],"product_cat":[49],"product_tag":[58],"class_list":{"0":"post-229","1":"product","2":"type-product","3":"status-publish","4":"has-post-thumbnail","6":"product_cat-mujer","7":"product_tag-lattafa","8":"desktop-align-left","9":"tablet-align-left","10":"mobile-align-left","12":"first","13":"instock","14":"featured","15":"taxable","16":"shipping-taxable","17":"purchasable","18":"product-type-simple"},"uagb_featured_image_src":{"full":["https:\/\/sensacionarabe.com\/Mayoristas\/wp-content\/uploads\/2017\/12\/Yara-MOI-Blanco-Eau-De-Parfum-100-ML.jpg",900,909,false],"thumbnail":["https:\/\/sensacionarabe.com\/Mayoristas\/wp-content\/uploads\/2017\/12\/Yara-MOI-Blanco-Eau-De-Parfum-100-ML-150x150.jpg",150,150,true],"medium":["https:\/\/sensacionarabe.com\/Mayoristas\/wp-content\/uploads\/2017\/12\/Yara-MOI-Blanco-Eau-De-Parfum-100-ML-297x300.jpg",297,300,true],"medium_large":["https:\/\/sensacionarabe.com\/Mayoristas\/wp-content\/uploads\/2017\/12\/Yara-MOI-Blanco-Eau-De-Parfum-100-ML-768x776.jpg",768,776,true],"large":["https:\/\/sensacionarabe.com\/Mayoristas\/wp-content\/uploads\/2017\/12\/Yara-MOI-Blanco-Eau-De-Parfum-100-ML.jpg",900,909,false],"1536x1536":["https:\/\/sensacionarabe.com\/Mayoristas\/wp-content\/uploads\/2017\/12\/Yara-MOI-Blanco-Eau-De-Parfum-100-ML.jpg",900,909,false],"2048x2048":["https:\/\/sensacionarabe.com\/Mayoristas\/wp-content\/uploads\/2017\/12\/Yara-MOI-Blanco-Eau-De-Parfum-100-ML.jpg",900,909,false],"woocommerce_thumbnail":["https:\/\/sensacionarabe.com\/Mayoristas\/wp-content\/uploads\/2017\/12\/Yara-MOI-Blanco-Eau-De-Parfum-100-ML-300x300.jpg",300,300,true],"woocommerce_single":["https:\/\/sensacionarabe.com\/Mayoristas\/wp-content\/uploads\/2017\/12\/Yara-MOI-Blanco-Eau-De-Parfum-100-ML-600x606.jpg",600,606,true],"woocommerce_gallery_thumbnail":["https:\/\/sensacionarabe.com\/Mayoristas\/wp-content\/uploads\/2017\/12\/Yara-MOI-Blanco-Eau-De-Parfum-100-ML-100x100.jpg",100,100,true],"variation_swatches_image_size":["https:\/\/sensacionarabe.com\/Mayoristas\/wp-content\/uploads\/2017\/12\/Yara-MOI-Blanco-Eau-De-Parfum-100-ML.jpg",50,50,false],"variation_swatches_tooltip_size":["https:\/\/sensacionarabe.com\/Mayoristas\/wp-content\/uploads\/2017\/12\/Yara-MOI-Blanco-Eau-De-Parfum-100-ML.jpg",100,100,false]},"uagb_author_info":{"display_name":"admin","author_link":"https:\/\/sensacionarabe.com\/Mayoristas\/author\/"},"uagb_comment_info":0,"uagb_excerpt":"Marca\u00a0 Lattafa Forma del producto\u00a0 \u00a0L\u00edquido Volumen del art\u00edculo\u00a0\u00a0 100 Mililitros Fragancia\u00a0 \u00a0Yara Moi Caracter\u00edsticas especiales\u00a0 Larga duraci\u00f3n Sobre este art\u00edculo Yara Moi, apodada yara blanca, es una de las \u00faltimas novedades de Lattafa Perfumes. Una fragancia \u00e1mbar que revela notas de jazm\u00edn y melocot\u00f3n mezcladas con caramelo sobre una base de s\u00e1ndalo. Notas arom\u00e1ticas&hellip;","_links":{"self":[{"href":"https:\/\/sensacionarabe.com\/Mayoristas\/wp-json\/wp\/v2\/product\/229","targetHints":{"allow":["GET"]}}],"collection":[{"href":"https:\/\/sensacionarabe.com\/Mayoristas\/wp-json\/wp\/v2\/product"}],"about":[{"href":"https:\/\/sensacionarabe.com\/Mayoristas\/wp-json\/wp\/v2\/types\/product"}],"replies":[{"embeddable":true,"href":"https:\/\/sensacionarabe.com\/Mayoristas\/wp-json\/wp\/v2\/comments?post=229"}],"version-history":[{"count":9,"href":"https:\/\/sensacionarabe.com\/Mayoristas\/wp-json\/wp\/v2\/product\/229\/revisions"}],"predecessor-version":[{"id":7115,"href":"https:\/\/sensacionarabe.com\/Mayoristas\/wp-json\/wp\/v2\/product\/229\/revisions\/7115"}],"wp:featuredmedia":[{"embeddable":true,"href":"https:\/\/sensacionarabe.com\/Mayoristas\/wp-json\/wp\/v2\/media\/4624"}],"wp:attachment":[{"href":"https:\/\/sensacionarabe.com\/Mayoristas\/wp-json\/wp\/v2\/media?parent=229"}],"wp:term":[{"taxonomy":"product_brand","embeddable":true,"href":"https:\/\/sensacionarabe.com\/Mayoristas\/wp-json\/wp\/v2\/product_brand?post=229"},{"taxonomy":"product_cat","embeddable":true,"href":"https:\/\/sensacionarabe.com\/Mayoristas\/wp-json\/wp\/v2\/product_cat?post=229"},{"taxonomy":"product_tag","embeddable":true,"href":"https:\/\/sensacionarabe.com\/Mayoristas\/wp-json\/wp\/v2\/product_tag?post=229"}],"curies":[{"name":"wp","href":"https:\/\/api.w.org\/{rel}","templated":true}]}}