{"id":361,"date":"2017-12-21T05:37:26","date_gmt":"2017-12-21T04:37:26","guid":{"rendered":"https:\/\/sensacionarabe.com\/?product=dnk-red-shoes"},"modified":"2025-11-10T23:12:11","modified_gmt":"2025-11-10T22:12:11","slug":"ajayeb-dubai-lattafa","status":"publish","type":"product","link":"https:\/\/sensacionarabe.com\/Mayoristas\/producto\/ajayeb-dubai-lattafa\/","title":{"rendered":"lattafa Ajayeb Dubai Eau de perfum 100ml"},"content":{"rendered":"\t\t<div data-elementor-type=\"wp-post\" data-elementor-id=\"361\" class=\"elementor elementor-361\">\n\t\t\t\t<div class=\"elementor-element elementor-element-2b7c5369 e-flex e-con-boxed e-con e-parent\" data-id=\"2b7c5369\" data-element_type=\"container\" data-e-type=\"container\">\n\t\t\t\t\t<div class=\"e-con-inner\">\n\t\t\t\t<div class=\"elementor-element elementor-element-48be7c2b elementor-widget elementor-widget-text-editor\" data-id=\"48be7c2b\" data-element_type=\"widget\" data-e-type=\"widget\" data-widget_type=\"text-editor.default\">\n\t\t\t\t\t\t\t\t\t<p>Ajayeb Dubai Perfume \/ Eau de Parfum de Lattafa es una fragancia intrigante y lujosa que combina el atractivo ex\u00f3tico del azafr\u00e1n y la pi\u00f1a con la profunda riqueza del caf\u00e9 y la dulzura reconfortante de la vainilla y el caramelo, creando una experiencia olfativa encantadora y cautivadora. La fragancia se abre con una tentadora mezcla de azafr\u00e1n y pi\u00f1a en las notas de salida. Esta impresi\u00f3n inicial es picante y afrutada, preparando el escenario para el cautivador viaje por delante.En el coraz\u00f3n de la fragancia, el caf\u00e9 ar\u00e1bica y las hojas de violeta ocupan un lugar central, agregando profundidad y complejidad a la composici\u00f3n. Estas notas medias crean una sensaci\u00f3n de riqueza y terrosidad, evocando el aroma del caf\u00e9 reci\u00e9n hecho y la frescura verde de las hojas violetas. A medida que la fragancia evoluciona y persiste, se asienta en el encantador abrazo de s\u00e1ndalo, caramelo y vainilla en las notas de fondo. Estas notas base proporcionan una base c\u00e1lida y dulce para el aroma, dejando un rastro duradero y memorable de opulencia e indulgencia. Ajayeb Dubai Perfume es una fragancia unisex que pertenece a la familia de fragancias Oriental Gourmand. Con su irresistible mezcla de notas ex\u00f3ticas y dulces, garantiza una experiencia cautivadora e indulgente, por lo que es una opci\u00f3n perfecta para aquellos que buscan un aroma \u00fanico y memorable.<\/p>\t\t\t\t\t\t\t\t<\/div>\n\t\t\t\t<div class=\"elementor-element elementor-element-c024e6a elementor-widget elementor-widget-text-editor\" data-id=\"c024e6a\" data-element_type=\"widget\" data-e-type=\"widget\" data-widget_type=\"text-editor.default\">\n\t\t\t\t\t\t\t\t\t<h2 data-wakoopa-seen=\"true\">Detalles del producto<\/h2><div id=\"detailBullets_feature_div\" data-wakoopa-seen=\"true\"><ul class=\"a-unordered-list a-nostyle a-vertical a-spacing-none detail-bullet-list\" data-wakoopa-seen=\"true\"><li data-wakoopa-seen=\"true\"><span class=\"a-list-item\" data-wakoopa-seen=\"true\"><span class=\"a-text-bold\" data-wakoopa-seen=\"true\"><strong>Dimensiones del producto \u200f :<\/strong> \u200e\u00a0<\/span><span data-wakoopa-seen=\"true\">2,2 x 1,2 x 4,5 pulgadas; 3,4 Onzas<\/span><\/span><\/li><li data-wakoopa-seen=\"true\"><span class=\"a-list-item\" data-wakoopa-seen=\"true\"><span class=\"a-text-bold\" data-wakoopa-seen=\"true\"><strong>Fabricante \u200f :<\/strong> \u200e\u00a0<\/span><span data-wakoopa-seen=\"true\">Lattafa<\/span><\/span><\/li><li data-wakoopa-seen=\"true\" data-wakoopa-lastvalue=\"0\"><span class=\"a-list-item\" data-wakoopa-seen=\"true\"><strong><span class=\"a-text-bold\" data-wakoopa-seen=\"true\">SKU \u200f : \u200e <\/span><\/strong><span data-wakoopa-seen=\"true\">B0CDX1K7MH<\/span><\/span><\/li><\/ul><\/div>\t\t\t\t\t\t\t\t<\/div>\n\t\t\t\t\t<\/div>\n\t\t\t\t<\/div>\n\t\t\t\t<\/div>\n\t\t","protected":false},"excerpt":{"rendered":"<ul>\n<li><strong>Marca\u00a0<\/strong> Lattafa<\/li>\n<li><strong>Forma del producto\u00a0\u00a0\u00a0\u00a0<\/strong>\u00a0 L\u00edquido<\/li>\n<li><strong>Volumen del art\u00edculo<\/strong>\u00a0\u00a0 100 Mililitros<\/li>\n<li><strong>Fragancia\u00a0<\/strong>\u00a0\u00a0\u00a0\u00a0\u00a0\u00a0\u00a0\u00a0 Fresco<\/li>\n<li><strong>Concentraci\u00f3n de fragancia\u00a0\u00a0<\/strong>\u00a0 Eau de parfum<\/li>\n<\/ul>\n<h2 class=\"a-size-base-plus a-text-bold\" data-wakoopa-seen=\"true\"><span style=\"color: #333333\">Sobre este art\u00edculo<\/span><\/h2>\n<ul class=\"a-unordered-list a-vertical a-spacing-mini\" data-wakoopa-seen=\"true\">\n<li class=\"a-spacing-mini\" data-wakoopa-seen=\"true\"><span class=\"a-list-item\" data-wakoopa-seen=\"true\">Ajayeb Dubai Perfume es una fragancia unisex que pertenece a la familia de fragancias Oriental Gourmand<\/span><\/li>\n<li class=\"a-spacing-mini\" data-wakoopa-seen=\"true\"><span class=\"a-list-item\" data-wakoopa-seen=\"true\"><strong>Notas de Salida:<\/strong> Azafr\u00e1n y Pi\u00f1a<\/span><\/li>\n<li class=\"a-spacing-mini\" data-wakoopa-seen=\"true\"><span class=\"a-list-item\" data-wakoopa-seen=\"true\"><strong>Notas medias:<\/strong> Caf\u00e9 ar\u00e1bica y hojas de violeta<\/span><\/li>\n<li class=\"a-spacing-mini\" data-wakoopa-seen=\"true\"><span class=\"a-list-item\" data-wakoopa-seen=\"true\"><strong>Notas de Fondo:<\/strong> S\u00e1ndalo, Butterscotch y Vainilla<\/span><\/li>\n<li class=\"a-spacing-mini\" data-wakoopa-seen=\"true\"><span class=\"a-list-item\" data-wakoopa-seen=\"true\">Adecuado para todo el tiempo<\/span><\/li>\n<\/ul>\n","protected":false},"featured_media":4525,"comment_status":"open","ping_status":"closed","template":"","meta":{"nf_dc_page":"","_uag_custom_page_level_css":"","site-sidebar-layout":"default","site-content-layout":"default","ast-site-content-layout":"default","site-content-style":"default","site-sidebar-style":"default","ast-global-header-display":"","ast-banner-title-visibility":"","ast-main-header-display":"","ast-hfb-above-header-display":"","ast-hfb-below-header-display":"","ast-hfb-mobile-header-display":"","site-post-title":"","ast-breadcrumbs-content":"","ast-featured-img":"","footer-sml-layout":"","ast-disable-related-posts":"","theme-transparent-header-meta":"default","adv-header-id-meta":"","stick-header-meta":"","header-above-stick-meta":"","header-main-stick-meta":"","header-below-stick-meta":"","astra-migrate-meta-layouts":"set","ast-page-background-enabled":"default","ast-page-background-meta":{"desktop":{"background-color":"","background-image":"","background-repeat":"repeat","background-position":"center center","background-size":"auto","background-attachment":"scroll","background-type":"","background-media":"","overlay-type":"","overlay-color":"","overlay-opacity":"","overlay-gradient":""},"tablet":{"background-color":"","background-image":"","background-repeat":"repeat","background-position":"center center","background-size":"auto","background-attachment":"scroll","background-type":"","background-media":"","overlay-type":"","overlay-color":"","overlay-opacity":"","overlay-gradient":""},"mobile":{"background-color":"","background-image":"","background-repeat":"repeat","background-position":"center center","background-size":"auto","background-attachment":"scroll","background-type":"","background-media":"","overlay-type":"","overlay-color":"","overlay-opacity":"","overlay-gradient":""}},"ast-content-background-meta":{"desktop":{"background-color":"var(--ast-global-color-5)","background-image":"","background-repeat":"repeat","background-position":"center center","background-size":"auto","background-attachment":"scroll","background-type":"","background-media":"","overlay-type":"","overlay-color":"","overlay-opacity":"","overlay-gradient":""},"tablet":{"background-color":"var(--ast-global-color-5)","background-image":"","background-repeat":"repeat","background-position":"center center","background-size":"auto","background-attachment":"scroll","background-type":"","background-media":"","overlay-type":"","overlay-color":"","overlay-opacity":"","overlay-gradient":""},"mobile":{"background-color":"var(--ast-global-color-5)","background-image":"","background-repeat":"repeat","background-position":"center center","background-size":"auto","background-attachment":"scroll","background-type":"","background-media":"","overlay-type":"","overlay-color":"","overlay-opacity":"","overlay-gradient":""}}},"product_brand":[],"product_cat":[29],"product_tag":[58],"class_list":{"0":"post-361","1":"product","2":"type-product","3":"status-publish","4":"has-post-thumbnail","6":"product_cat-unisex","7":"product_tag-lattafa","8":"desktop-align-left","9":"tablet-align-left","10":"mobile-align-left","12":"first","13":"instock","14":"taxable","15":"shipping-taxable","16":"purchasable","17":"product-type-simple"},"uagb_featured_image_src":{"full":["https:\/\/sensacionarabe.com\/Mayoristas\/wp-content\/uploads\/2017\/12\/18ea6048ffe-sensacionarabe-fgnvinnfpj-dmvu01f1to4.jpg",600,543,false],"thumbnail":["https:\/\/sensacionarabe.com\/Mayoristas\/wp-content\/uploads\/2017\/12\/18ea6048ffe-sensacionarabe-fgnvinnfpj-dmvu01f1to4-150x150.jpg",150,150,true],"medium":["https:\/\/sensacionarabe.com\/Mayoristas\/wp-content\/uploads\/2017\/12\/18ea6048ffe-sensacionarabe-fgnvinnfpj-dmvu01f1to4-300x272.jpg",300,272,true],"medium_large":["https:\/\/sensacionarabe.com\/Mayoristas\/wp-content\/uploads\/2017\/12\/18ea6048ffe-sensacionarabe-fgnvinnfpj-dmvu01f1to4.jpg",600,543,false],"large":["https:\/\/sensacionarabe.com\/Mayoristas\/wp-content\/uploads\/2017\/12\/18ea6048ffe-sensacionarabe-fgnvinnfpj-dmvu01f1to4.jpg",600,543,false],"1536x1536":["https:\/\/sensacionarabe.com\/Mayoristas\/wp-content\/uploads\/2017\/12\/18ea6048ffe-sensacionarabe-fgnvinnfpj-dmvu01f1to4.jpg",600,543,false],"2048x2048":["https:\/\/sensacionarabe.com\/Mayoristas\/wp-content\/uploads\/2017\/12\/18ea6048ffe-sensacionarabe-fgnvinnfpj-dmvu01f1to4.jpg",600,543,false],"woocommerce_thumbnail":["https:\/\/sensacionarabe.com\/Mayoristas\/wp-content\/uploads\/2017\/12\/18ea6048ffe-sensacionarabe-fgnvinnfpj-dmvu01f1to4-300x300.jpg",300,300,true],"woocommerce_single":["https:\/\/sensacionarabe.com\/Mayoristas\/wp-content\/uploads\/2017\/12\/18ea6048ffe-sensacionarabe-fgnvinnfpj-dmvu01f1to4.jpg",600,543,false],"woocommerce_gallery_thumbnail":["https:\/\/sensacionarabe.com\/Mayoristas\/wp-content\/uploads\/2017\/12\/18ea6048ffe-sensacionarabe-fgnvinnfpj-dmvu01f1to4-100x100.jpg",100,100,true],"variation_swatches_image_size":["https:\/\/sensacionarabe.com\/Mayoristas\/wp-content\/uploads\/2017\/12\/18ea6048ffe-sensacionarabe-fgnvinnfpj-dmvu01f1to4.jpg",50,45,false],"variation_swatches_tooltip_size":["https:\/\/sensacionarabe.com\/Mayoristas\/wp-content\/uploads\/2017\/12\/18ea6048ffe-sensacionarabe-fgnvinnfpj-dmvu01f1to4.jpg",100,91,false]},"uagb_author_info":{"display_name":"admin","author_link":"https:\/\/sensacionarabe.com\/Mayoristas\/author\/"},"uagb_comment_info":0,"uagb_excerpt":"Marca\u00a0 Lattafa Forma del producto\u00a0\u00a0\u00a0\u00a0\u00a0 L\u00edquido Volumen del art\u00edculo\u00a0\u00a0 100 Mililitros Fragancia\u00a0\u00a0\u00a0\u00a0\u00a0\u00a0\u00a0\u00a0\u00a0 Fresco Concentraci\u00f3n de fragancia\u00a0\u00a0\u00a0 Eau de parfum Sobre este art\u00edculo Ajayeb Dubai Perfume es una fragancia unisex que pertenece a la familia de fragancias Oriental Gourmand Notas de Salida: Azafr\u00e1n y Pi\u00f1a Notas medias: Caf\u00e9 ar\u00e1bica y hojas de violeta Notas de Fondo:&hellip;","_links":{"self":[{"href":"https:\/\/sensacionarabe.com\/Mayoristas\/wp-json\/wp\/v2\/product\/361","targetHints":{"allow":["GET"]}}],"collection":[{"href":"https:\/\/sensacionarabe.com\/Mayoristas\/wp-json\/wp\/v2\/product"}],"about":[{"href":"https:\/\/sensacionarabe.com\/Mayoristas\/wp-json\/wp\/v2\/types\/product"}],"replies":[{"embeddable":true,"href":"https:\/\/sensacionarabe.com\/Mayoristas\/wp-json\/wp\/v2\/comments?post=361"}],"version-history":[{"count":10,"href":"https:\/\/sensacionarabe.com\/Mayoristas\/wp-json\/wp\/v2\/product\/361\/revisions"}],"predecessor-version":[{"id":6886,"href":"https:\/\/sensacionarabe.com\/Mayoristas\/wp-json\/wp\/v2\/product\/361\/revisions\/6886"}],"wp:featuredmedia":[{"embeddable":true,"href":"https:\/\/sensacionarabe.com\/Mayoristas\/wp-json\/wp\/v2\/media\/4525"}],"wp:attachment":[{"href":"https:\/\/sensacionarabe.com\/Mayoristas\/wp-json\/wp\/v2\/media?parent=361"}],"wp:term":[{"taxonomy":"product_brand","embeddable":true,"href":"https:\/\/sensacionarabe.com\/Mayoristas\/wp-json\/wp\/v2\/product_brand?post=361"},{"taxonomy":"product_cat","embeddable":true,"href":"https:\/\/sensacionarabe.com\/Mayoristas\/wp-json\/wp\/v2\/product_cat?post=361"},{"taxonomy":"product_tag","embeddable":true,"href":"https:\/\/sensacionarabe.com\/Mayoristas\/wp-json\/wp\/v2\/product_tag?post=361"}],"curies":[{"name":"wp","href":"https:\/\/api.w.org\/{rel}","templated":true}]}}