{"id":4813,"date":"2024-04-28T19:10:11","date_gmt":"2024-04-28T17:10:11","guid":{"rendered":"https:\/\/sensacionarabe.com\/?post_type=product&#038;p=4813"},"modified":"2025-07-03T21:31:36","modified_gmt":"2025-07-03T19:31:36","slug":"amberly-pur-oud-maison-alhambra","status":"publish","type":"product","link":"https:\/\/sensacionarabe.com\/Mayoristas\/producto\/amberly-pur-oud-maison-alhambra\/","title":{"rendered":"Maison Alhambra Amberly Pur Oud Eau de perfum 100ml"},"content":{"rendered":"\t\t<div data-elementor-type=\"wp-post\" data-elementor-id=\"4813\" class=\"elementor elementor-4813\">\n\t\t\t\t<div class=\"elementor-element elementor-element-43947e31 e-flex e-con-boxed e-con e-parent\" data-id=\"43947e31\" data-element_type=\"container\" data-e-type=\"container\">\n\t\t\t\t\t<div class=\"e-con-inner\">\n\t\t\t\t<div class=\"elementor-element elementor-element-84c1b3d elementor-widget elementor-widget-text-editor\" data-id=\"84c1b3d\" data-element_type=\"widget\" data-e-type=\"widget\" data-widget_type=\"text-editor.default\">\n\t\t\t\t\t\t\t\t\t<p>ALHAMBRA PERFUMES, una empresa premium sentido del estilo, esencia e inminencia, es la mejor marca de perfumes Alhambra. ALHAMBRA define el estilo de vida y abastece a trav\u00e9s de sus mejores perfumes de su clase que no solo miman, sino que ayudan a hombres y mujeres a apreciar su vida todos los d\u00edas. A trav\u00e9s de una lectura implacable para satisfacer muchos gustos de aire y moda, ofrecemos creaciones inolvidables a trav\u00e9s de elegantes perfumes para todos\u2026 La marca ALHAMBRA es una creaci\u00f3n esencial inspirada en el t\u00e9rmino &#8220;verve&#8221; que significa pasi\u00f3n y energ\u00eda. Cada perfume de ALHAMBRA representa la misma energ\u00eda y vago, demostrando ser una inspiraci\u00f3n para exhibir tal pasi\u00f3n, cada d\u00eda. Hay muchos rasgos y caracter\u00edsticas que conectan e individual con un aroma espec\u00edfico e inminencia. Tal y aroma se convierte en una sustancia impulsora incre\u00edble de energ\u00eda. ALHAMBRA se complace en facilitar a las personas de todo tipo y preferencias mantenerse apasionadas y prosperando en la vida a trav\u00e9s de nuestra colecci\u00f3n. Tiene que ser la forma de creaci\u00f3n ALHAMBRA cuando se trata de energ\u00edas renovadas con cada perfume y aroma, una y otra vez\u2026<\/p>\t\t\t\t\t\t\t\t<\/div>\n\t\t\t\t<div class=\"elementor-element elementor-element-2d75df5 elementor-widget elementor-widget-text-editor\" data-id=\"2d75df5\" data-element_type=\"widget\" data-e-type=\"widget\" data-widget_type=\"text-editor.default\">\n\t\t\t\t\t\t\t\t\t<hr class=\"a-divider-normal bucketDivider\" aria-hidden=\"true\" data-wakoopa-seen=\"true\" \/><h2 data-wakoopa-seen=\"true\">Detalles del producto<\/h2><div id=\"detailBullets_feature_div\" data-wakoopa-seen=\"true\"><ul class=\"a-unordered-list a-nostyle a-vertical a-spacing-none detail-bullet-list\" data-wakoopa-seen=\"true\"><li data-wakoopa-seen=\"true\"><span class=\"a-list-item\" data-wakoopa-seen=\"true\"><span class=\"a-text-bold\" data-wakoopa-seen=\"true\"><strong>Dimensiones del producto \u200f : \u200e<\/strong>\u00a0<\/span><span data-wakoopa-seen=\"true\">2 x 1,5 x 3 pulgadas; 3,4 Onzas<\/span><\/span><\/li><li data-wakoopa-seen=\"true\"><span class=\"a-list-item\" data-wakoopa-seen=\"true\"><span class=\"a-text-bold\" data-wakoopa-seen=\"true\"><strong>Fabricante \u200f :<\/strong> \u200eMaison Alhambra<\/span><\/span><\/li><li data-wakoopa-seen=\"true\"><span class=\"a-list-item\" data-wakoopa-seen=\"true\" data-wakoopa-lastvalue=\"undefined\"><strong><span class=\"a-text-bold\" data-wakoopa-seen=\"true\">SKU: <\/span><\/strong><span class=\"a-text-bold\" data-wakoopa-seen=\"true\">B0CB6CLPD8<\/span><\/span><\/li><\/ul><\/div>\t\t\t\t\t\t\t\t<\/div>\n\t\t\t\t\t<\/div>\n\t\t\t\t<\/div>\n\t\t\t\t<\/div>\n\t\t","protected":false},"excerpt":{"rendered":"<ul>\n<li><strong>Marca\u00a0<\/strong> Maison Alhambra<\/li>\n<li><strong>Forma del producto\u00a0<\/strong>\u00a0\u00a0\u00a0\u00a0 L\u00edquido<\/li>\n<li><strong>Volumen del art\u00edculo\u00a0<\/strong>\u00a0 100 Mililitros<\/li>\n<li><strong>Caracter\u00edsticas especiales\u00a0<\/strong>\u00a0\u00a0\u00a0\u00a0 Larga duraci\u00f3n<\/li>\n<li><strong>Concentraci\u00f3n de fragancia<\/strong>\u00a0\u00a0\u00a0 Eau de parfum<\/li>\n<\/ul>\n<h2 class=\"a-size-base-plus a-text-bold\" data-wakoopa-seen=\"true\">Sobre este art\u00edculo<\/h2>\n<ul class=\"a-unordered-list a-vertical a-spacing-mini\" data-wakoopa-seen=\"true\">\n<li class=\"a-spacing-mini\" data-wakoopa-seen=\"true\"><span class=\"a-list-item\" data-wakoopa-seen=\"true\">Capturando la esencia del verdadero LUJO PREMIUM, este perfume de &#8220;ALHAMBRA&#8221; te deja perfectamente perfumado para todas las ocasiones especiales.<\/span><\/li>\n<li class=\"a-spacing-mini\" data-wakoopa-seen=\"true\"><span class=\"a-list-item\" data-wakoopa-seen=\"true\">Una firma gr\u00e1fica y altamente condensada. Una fragancia tanto para hombres como para mujeres, un regalo perfecto para esa persona especial.<\/span><\/li>\n<li class=\"a-spacing-mini\" data-wakoopa-seen=\"true\"><span class=\"a-list-item\" data-wakoopa-seen=\"true\">Cantidad: 3.4 fl oz EAU DE PARFUM DE LARGA DURACI\u00d3N HECHO EN U.A.E<\/span><\/li>\n<li class=\"a-spacing-mini\" data-wakoopa-seen=\"true\"><span class=\"a-list-item\" data-wakoopa-seen=\"true\">Este es un aroma de alta calidad que est\u00e1 hecho para durar y ser la mejor adici\u00f3n a tu estilo inmoral<\/span><\/li>\n<\/ul>\n","protected":false},"featured_media":4814,"comment_status":"open","ping_status":"closed","template":"","meta":{"nf_dc_page":"","_uag_custom_page_level_css":"","site-sidebar-layout":"default","site-content-layout":"default","ast-site-content-layout":"default","site-content-style":"default","site-sidebar-style":"default","ast-global-header-display":"","ast-banner-title-visibility":"","ast-main-header-display":"","ast-hfb-above-header-display":"","ast-hfb-below-header-display":"","ast-hfb-mobile-header-display":"","site-post-title":"","ast-breadcrumbs-content":"","ast-featured-img":"","footer-sml-layout":"","ast-disable-related-posts":"","theme-transparent-header-meta":"default","adv-header-id-meta":"","stick-header-meta":"","header-above-stick-meta":"","header-main-stick-meta":"","header-below-stick-meta":"","astra-migrate-meta-layouts":"set","ast-page-background-enabled":"default","ast-page-background-meta":{"desktop":{"background-color":"","background-image":"","background-repeat":"repeat","background-position":"center center","background-size":"auto","background-attachment":"scroll","background-type":"","background-media":"","overlay-type":"","overlay-color":"","overlay-opacity":"","overlay-gradient":""},"tablet":{"background-color":"","background-image":"","background-repeat":"repeat","background-position":"center center","background-size":"auto","background-attachment":"scroll","background-type":"","background-media":"","overlay-type":"","overlay-color":"","overlay-opacity":"","overlay-gradient":""},"mobile":{"background-color":"","background-image":"","background-repeat":"repeat","background-position":"center center","background-size":"auto","background-attachment":"scroll","background-type":"","background-media":"","overlay-type":"","overlay-color":"","overlay-opacity":"","overlay-gradient":""}},"ast-content-background-meta":{"desktop":{"background-color":"var(--ast-global-color-5)","background-image":"","background-repeat":"repeat","background-position":"center center","background-size":"auto","background-attachment":"scroll","background-type":"","background-media":"","overlay-type":"","overlay-color":"","overlay-opacity":"","overlay-gradient":""},"tablet":{"background-color":"var(--ast-global-color-5)","background-image":"","background-repeat":"repeat","background-position":"center center","background-size":"auto","background-attachment":"scroll","background-type":"","background-media":"","overlay-type":"","overlay-color":"","overlay-opacity":"","overlay-gradient":""},"mobile":{"background-color":"var(--ast-global-color-5)","background-image":"","background-repeat":"repeat","background-position":"center center","background-size":"auto","background-attachment":"scroll","background-type":"","background-media":"","overlay-type":"","overlay-color":"","overlay-opacity":"","overlay-gradient":""}}},"product_brand":[],"product_cat":[29],"product_tag":[59],"class_list":{"0":"post-4813","1":"product","2":"type-product","3":"status-publish","4":"has-post-thumbnail","6":"product_cat-unisex","7":"product_tag-maison-alhambra","8":"desktop-align-left","9":"tablet-align-left","10":"mobile-align-left","12":"first","13":"instock","14":"featured","15":"taxable","16":"shipping-taxable","17":"purchasable","18":"product-type-simple"},"uagb_featured_image_src":{"full":["https:\/\/sensacionarabe.com\/Mayoristas\/wp-content\/uploads\/2024\/04\/51TJY27N15L._SL1000_.jpg",1000,1000,false],"thumbnail":["https:\/\/sensacionarabe.com\/Mayoristas\/wp-content\/uploads\/2024\/04\/51TJY27N15L._SL1000_-150x150.jpg",150,150,true],"medium":["https:\/\/sensacionarabe.com\/Mayoristas\/wp-content\/uploads\/2024\/04\/51TJY27N15L._SL1000_-300x300.jpg",300,300,true],"medium_large":["https:\/\/sensacionarabe.com\/Mayoristas\/wp-content\/uploads\/2024\/04\/51TJY27N15L._SL1000_-768x768.jpg",768,768,true],"large":["https:\/\/sensacionarabe.com\/Mayoristas\/wp-content\/uploads\/2024\/04\/51TJY27N15L._SL1000_.jpg",1000,1000,false],"1536x1536":["https:\/\/sensacionarabe.com\/Mayoristas\/wp-content\/uploads\/2024\/04\/51TJY27N15L._SL1000_.jpg",1000,1000,false],"2048x2048":["https:\/\/sensacionarabe.com\/Mayoristas\/wp-content\/uploads\/2024\/04\/51TJY27N15L._SL1000_.jpg",1000,1000,false],"woocommerce_thumbnail":["https:\/\/sensacionarabe.com\/Mayoristas\/wp-content\/uploads\/2024\/04\/51TJY27N15L._SL1000_-300x300.jpg",300,300,true],"woocommerce_single":["https:\/\/sensacionarabe.com\/Mayoristas\/wp-content\/uploads\/2024\/04\/51TJY27N15L._SL1000_-600x600.jpg",600,600,true],"woocommerce_gallery_thumbnail":["https:\/\/sensacionarabe.com\/Mayoristas\/wp-content\/uploads\/2024\/04\/51TJY27N15L._SL1000_-100x100.jpg",100,100,true],"variation_swatches_image_size":["https:\/\/sensacionarabe.com\/Mayoristas\/wp-content\/uploads\/2024\/04\/51TJY27N15L._SL1000_.jpg",50,50,false],"variation_swatches_tooltip_size":["https:\/\/sensacionarabe.com\/Mayoristas\/wp-content\/uploads\/2024\/04\/51TJY27N15L._SL1000_.jpg",100,100,false]},"uagb_author_info":{"display_name":"admin","author_link":"https:\/\/sensacionarabe.com\/Mayoristas\/author\/"},"uagb_comment_info":0,"uagb_excerpt":"Marca\u00a0 Maison Alhambra Forma del producto\u00a0\u00a0\u00a0\u00a0\u00a0 L\u00edquido Volumen del art\u00edculo\u00a0\u00a0 100 Mililitros Caracter\u00edsticas especiales\u00a0\u00a0\u00a0\u00a0\u00a0 Larga duraci\u00f3n Concentraci\u00f3n de fragancia\u00a0\u00a0\u00a0 Eau de parfum Sobre este art\u00edculo Capturando la esencia del verdadero LUJO PREMIUM, este perfume de \"ALHAMBRA\" te deja perfectamente perfumado para todas las ocasiones especiales. Una firma gr\u00e1fica y altamente condensada. Una fragancia tanto para&hellip;","_links":{"self":[{"href":"https:\/\/sensacionarabe.com\/Mayoristas\/wp-json\/wp\/v2\/product\/4813","targetHints":{"allow":["GET"]}}],"collection":[{"href":"https:\/\/sensacionarabe.com\/Mayoristas\/wp-json\/wp\/v2\/product"}],"about":[{"href":"https:\/\/sensacionarabe.com\/Mayoristas\/wp-json\/wp\/v2\/types\/product"}],"replies":[{"embeddable":true,"href":"https:\/\/sensacionarabe.com\/Mayoristas\/wp-json\/wp\/v2\/comments?post=4813"}],"version-history":[{"count":10,"href":"https:\/\/sensacionarabe.com\/Mayoristas\/wp-json\/wp\/v2\/product\/4813\/revisions"}],"predecessor-version":[{"id":6893,"href":"https:\/\/sensacionarabe.com\/Mayoristas\/wp-json\/wp\/v2\/product\/4813\/revisions\/6893"}],"wp:featuredmedia":[{"embeddable":true,"href":"https:\/\/sensacionarabe.com\/Mayoristas\/wp-json\/wp\/v2\/media\/4814"}],"wp:attachment":[{"href":"https:\/\/sensacionarabe.com\/Mayoristas\/wp-json\/wp\/v2\/media?parent=4813"}],"wp:term":[{"taxonomy":"product_brand","embeddable":true,"href":"https:\/\/sensacionarabe.com\/Mayoristas\/wp-json\/wp\/v2\/product_brand?post=4813"},{"taxonomy":"product_cat","embeddable":true,"href":"https:\/\/sensacionarabe.com\/Mayoristas\/wp-json\/wp\/v2\/product_cat?post=4813"},{"taxonomy":"product_tag","embeddable":true,"href":"https:\/\/sensacionarabe.com\/Mayoristas\/wp-json\/wp\/v2\/product_tag?post=4813"}],"curies":[{"name":"wp","href":"https:\/\/api.w.org\/{rel}","templated":true}]}}