{"id":4845,"date":"2024-04-28T21:47:08","date_gmt":"2024-04-28T19:47:08","guid":{"rendered":"https:\/\/sensacionarabe.com\/?post_type=product&#038;p=4845"},"modified":"2025-11-12T21:15:03","modified_gmt":"2025-11-12T20:15:03","slug":"emaan-lattafa","status":"publish","type":"product","link":"https:\/\/sensacionarabe.com\/Mayoristas\/producto\/emaan-lattafa\/","title":{"rendered":"lattafa Emaan Eau de perfum 100ml"},"content":{"rendered":"\t\t<div data-elementor-type=\"wp-post\" data-elementor-id=\"4845\" class=\"elementor elementor-4845\">\n\t\t\t\t\t\t<section class=\"elementor-section elementor-top-section elementor-element elementor-element-4126f15 elementor-section-stretched elementor-section-boxed elementor-section-height-default elementor-section-height-default\" data-id=\"4126f15\" data-element_type=\"section\" data-e-type=\"section\" data-settings=\"{&quot;stretch_section&quot;:&quot;section-stretched&quot;}\">\n\t\t\t\t\t\t<div class=\"elementor-container elementor-column-gap-no\">\n\t\t\t\t\t<div class=\"elementor-column elementor-col-100 elementor-top-column elementor-element elementor-element-4123276\" data-id=\"4123276\" data-element_type=\"column\" data-e-type=\"column\">\n\t\t\t<div class=\"elementor-widget-wrap elementor-element-populated\">\n\t\t\t\t\t\t<section class=\"elementor-section elementor-inner-section elementor-element elementor-element-2361fc4 elementor-section-boxed elementor-section-height-default elementor-section-height-default\" data-id=\"2361fc4\" data-element_type=\"section\" data-e-type=\"section\">\n\t\t\t\t\t\t<div class=\"elementor-container elementor-column-gap-no\">\n\t\t\t\t\t<div class=\"elementor-column elementor-col-100 elementor-inner-column elementor-element elementor-element-31858ca\" data-id=\"31858ca\" data-element_type=\"column\" data-e-type=\"column\">\n\t\t\t<div class=\"elementor-widget-wrap elementor-element-populated\">\n\t\t\t\t\t\t<div class=\"elementor-element elementor-element-934ee30 elementor-widget elementor-widget-heading\" data-id=\"934ee30\" data-element_type=\"widget\" data-e-type=\"widget\" data-widget_type=\"heading.default\">\n\t\t\t\t\t<h3 class=\"elementor-heading-title elementor-size-default\">Product description<\/h3>\t\t\t\t<\/div>\n\t\t\t\t<div class=\"elementor-element elementor-element-4a02e7d elementor-widget elementor-widget-text-editor\" data-id=\"4a02e7d\" data-element_type=\"widget\" data-e-type=\"widget\" data-widget_type=\"text-editor.default\">\n\t\t\t\t\t\t\t\t\t<p>Si est\u00e1s buscando una fragancia que sea sofisticada y sensual, el Eau de Parfum Spray Lattafa Emaan para hombres y mujeres es una gran opci\u00f3n. Es la elecci\u00f3n perfecta para las personas que quieren hacer una declaraci\u00f3n y dejar una impresi\u00f3n duradera. Las notas de salida son bergamota, grosella negra y azahar, que le dan a la fragancia un aroma fresco y afrutado. Las notas medias son tuberosas, jazm\u00edn y cal\u00e9ndula, que a\u00f1aden un toque de dulzura y profundidad. Las notas de fondo son vainilla, almizcle, pachul\u00ed y madera de cedro, que crean un acabado persistente y sensual.<\/p>\t\t\t\t\t\t\t\t<\/div>\n\t\t\t\t<div class=\"elementor-element elementor-element-8d08aea elementor-widget elementor-widget-text-editor\" data-id=\"8d08aea\" data-element_type=\"widget\" data-e-type=\"widget\" data-widget_type=\"text-editor.default\">\n\t\t\t\t\t\t\t\t\t<hr class=\"a-divider-normal bucketDivider\" aria-hidden=\"true\" data-wakoopa-seen=\"true\" \/><h2 data-wakoopa-seen=\"true\">Detalles del producto<\/h2><div id=\"detailBullets_feature_div\" data-wakoopa-seen=\"true\"><ul class=\"a-unordered-list a-nostyle a-vertical a-spacing-none detail-bullet-list\" data-wakoopa-seen=\"true\"><li data-wakoopa-seen=\"true\"><span class=\"a-list-item\" data-wakoopa-seen=\"true\"><span class=\"a-text-bold\" data-wakoopa-seen=\"true\"><strong>Dimensiones del producto \u200f : \u200e<\/strong>\u00a0<\/span><span data-wakoopa-seen=\"true\">3,94 x 3,94 x 6,63 pulgadas; 3,4 Onzas<\/span><\/span><\/li><li data-wakoopa-seen=\"true\"><span class=\"a-list-item\" data-wakoopa-seen=\"true\"><span class=\"a-text-bold\" data-wakoopa-seen=\"true\"><strong>Fabricante \u200f :<\/strong> \u200e\u00a0<\/span><span data-wakoopa-seen=\"true\">LATTAFA<\/span><\/span><\/li><li data-wakoopa-seen=\"true\" data-wakoopa-lastvalue=\"0\"><span class=\"a-list-item\" data-wakoopa-seen=\"true\"><span class=\"a-text-bold\" data-wakoopa-seen=\"true\"><strong>SKU\u200f :<\/strong> \u200e\u00a0<\/span><span data-wakoopa-seen=\"true\">B0C1LHPKZ5<\/span><\/span><\/li><\/ul><\/div>\t\t\t\t\t\t\t\t<\/div>\n\t\t\t\t\t<\/div>\n\t\t<\/div>\n\t\t\t\t\t<\/div>\n\t\t<\/section>\n\t\t\t\t\t<\/div>\n\t\t<\/div>\n\t\t\t\t\t<\/div>\n\t\t<\/section>\n\t\t\t\t<\/div>\n\t\t","protected":false},"excerpt":{"rendered":"<ul>\n<li><strong>Marca\u00a0<\/strong> Lattafa<\/li>\n<li><strong>Forma del producto\u00a0<\/strong>\u00a0 L\u00edquido<\/li>\n<li><strong>Volumen del art\u00edculo\u00a0<\/strong>\u00a0 100 Mililitros<\/li>\n<li><strong>Fragancia\u00a0 <\/strong>Floral<\/li>\n<li><strong>Caracter\u00edsticas especiales\u00a0\u00a0<\/strong>\u00a0\u00a0\u00a0 Larga duraci\u00f3n<\/li>\n<\/ul>\n<h2 class=\"a-size-base-plus a-text-bold\" data-wakoopa-seen=\"true\">Sobre este art\u00edculo<\/h2>\n<ul class=\"a-unordered-list a-vertical a-spacing-mini\" data-wakoopa-seen=\"true\">\n<li class=\"a-spacing-mini\" data-wakoopa-seen=\"true\"><span class=\"a-list-item\" data-wakoopa-seen=\"true\">Emaan by Lattafa Perfumes es una fragancia floral Chypre para hombres y mujeres<\/span><\/li>\n<li class=\"a-spacing-mini\" data-wakoopa-seen=\"true\"><span class=\"a-list-item\" data-wakoopa-seen=\"true\"><strong>Notas de Salida:<\/strong> Bergamota, Grosella Negra y Azahar<\/span><\/li>\n<li class=\"a-spacing-mini\" data-wakoopa-seen=\"true\"><span class=\"a-list-item\" data-wakoopa-seen=\"true\"><strong>Notas medias:<\/strong> Tuberosa, Jazm\u00edn y Cal\u00e9ndula<\/span><\/li>\n<li class=\"a-spacing-mini\" data-wakoopa-seen=\"true\"><span class=\"a-list-item\" data-wakoopa-seen=\"true\"><strong>Nota de Fondo:<\/strong> Vainilla, Almizcle, Pachul\u00ed y Cedro<\/span><\/li>\n<li class=\"a-spacing-mini\" data-wakoopa-seen=\"true\"><span class=\"a-list-item\" data-wakoopa-seen=\"true\">Adecuado para todo el tiempo<\/span><\/li>\n<\/ul>\n","protected":false},"featured_media":4846,"comment_status":"open","ping_status":"closed","template":"","meta":{"nf_dc_page":"","_uag_custom_page_level_css":"","site-sidebar-layout":"default","site-content-layout":"default","ast-site-content-layout":"default","site-content-style":"default","site-sidebar-style":"default","ast-global-header-display":"","ast-banner-title-visibility":"","ast-main-header-display":"","ast-hfb-above-header-display":"","ast-hfb-below-header-display":"","ast-hfb-mobile-header-display":"","site-post-title":"","ast-breadcrumbs-content":"","ast-featured-img":"","footer-sml-layout":"","ast-disable-related-posts":"","theme-transparent-header-meta":"default","adv-header-id-meta":"","stick-header-meta":"","header-above-stick-meta":"","header-main-stick-meta":"","header-below-stick-meta":"","astra-migrate-meta-layouts":"set","ast-page-background-enabled":"default","ast-page-background-meta":{"desktop":{"background-color":"","background-image":"","background-repeat":"repeat","background-position":"center center","background-size":"auto","background-attachment":"scroll","background-type":"","background-media":"","overlay-type":"","overlay-color":"","overlay-opacity":"","overlay-gradient":""},"tablet":{"background-color":"","background-image":"","background-repeat":"repeat","background-position":"center center","background-size":"auto","background-attachment":"scroll","background-type":"","background-media":"","overlay-type":"","overlay-color":"","overlay-opacity":"","overlay-gradient":""},"mobile":{"background-color":"","background-image":"","background-repeat":"repeat","background-position":"center center","background-size":"auto","background-attachment":"scroll","background-type":"","background-media":"","overlay-type":"","overlay-color":"","overlay-opacity":"","overlay-gradient":""}},"ast-content-background-meta":{"desktop":{"background-color":"var(--ast-global-color-5)","background-image":"","background-repeat":"repeat","background-position":"center center","background-size":"auto","background-attachment":"scroll","background-type":"","background-media":"","overlay-type":"","overlay-color":"","overlay-opacity":"","overlay-gradient":""},"tablet":{"background-color":"var(--ast-global-color-5)","background-image":"","background-repeat":"repeat","background-position":"center center","background-size":"auto","background-attachment":"scroll","background-type":"","background-media":"","overlay-type":"","overlay-color":"","overlay-opacity":"","overlay-gradient":""},"mobile":{"background-color":"var(--ast-global-color-5)","background-image":"","background-repeat":"repeat","background-position":"center center","background-size":"auto","background-attachment":"scroll","background-type":"","background-media":"","overlay-type":"","overlay-color":"","overlay-opacity":"","overlay-gradient":""}}},"product_brand":[],"product_cat":[29],"product_tag":[58],"class_list":{"0":"post-4845","1":"product","2":"type-product","3":"status-publish","4":"has-post-thumbnail","6":"product_cat-unisex","7":"product_tag-lattafa","8":"desktop-align-left","9":"tablet-align-left","10":"mobile-align-left","12":"first","13":"outofstock","14":"taxable","15":"shipping-taxable","16":"purchasable","17":"product-type-simple"},"uagb_featured_image_src":{"full":["https:\/\/sensacionarabe.com\/Mayoristas\/wp-content\/uploads\/2024\/04\/61x8bLc42BL._SL1000_.jpg",1000,1000,false],"thumbnail":["https:\/\/sensacionarabe.com\/Mayoristas\/wp-content\/uploads\/2024\/04\/61x8bLc42BL._SL1000_-150x150.jpg",150,150,true],"medium":["https:\/\/sensacionarabe.com\/Mayoristas\/wp-content\/uploads\/2024\/04\/61x8bLc42BL._SL1000_-300x300.jpg",300,300,true],"medium_large":["https:\/\/sensacionarabe.com\/Mayoristas\/wp-content\/uploads\/2024\/04\/61x8bLc42BL._SL1000_-768x768.jpg",768,768,true],"large":["https:\/\/sensacionarabe.com\/Mayoristas\/wp-content\/uploads\/2024\/04\/61x8bLc42BL._SL1000_.jpg",1000,1000,false],"1536x1536":["https:\/\/sensacionarabe.com\/Mayoristas\/wp-content\/uploads\/2024\/04\/61x8bLc42BL._SL1000_.jpg",1000,1000,false],"2048x2048":["https:\/\/sensacionarabe.com\/Mayoristas\/wp-content\/uploads\/2024\/04\/61x8bLc42BL._SL1000_.jpg",1000,1000,false],"woocommerce_thumbnail":["https:\/\/sensacionarabe.com\/Mayoristas\/wp-content\/uploads\/2024\/04\/61x8bLc42BL._SL1000_-300x300.jpg",300,300,true],"woocommerce_single":["https:\/\/sensacionarabe.com\/Mayoristas\/wp-content\/uploads\/2024\/04\/61x8bLc42BL._SL1000_-600x600.jpg",600,600,true],"woocommerce_gallery_thumbnail":["https:\/\/sensacionarabe.com\/Mayoristas\/wp-content\/uploads\/2024\/04\/61x8bLc42BL._SL1000_-100x100.jpg",100,100,true],"variation_swatches_image_size":["https:\/\/sensacionarabe.com\/Mayoristas\/wp-content\/uploads\/2024\/04\/61x8bLc42BL._SL1000_.jpg",50,50,false],"variation_swatches_tooltip_size":["https:\/\/sensacionarabe.com\/Mayoristas\/wp-content\/uploads\/2024\/04\/61x8bLc42BL._SL1000_.jpg",100,100,false]},"uagb_author_info":{"display_name":"admin","author_link":"https:\/\/sensacionarabe.com\/Mayoristas\/author\/"},"uagb_comment_info":0,"uagb_excerpt":"Marca\u00a0 Lattafa Forma del producto\u00a0\u00a0 L\u00edquido Volumen del art\u00edculo\u00a0\u00a0 100 Mililitros Fragancia\u00a0 Floral Caracter\u00edsticas especiales\u00a0\u00a0\u00a0\u00a0\u00a0 Larga duraci\u00f3n Sobre este art\u00edculo Emaan by Lattafa Perfumes es una fragancia floral Chypre para hombres y mujeres Notas de Salida: Bergamota, Grosella Negra y Azahar Notas medias: Tuberosa, Jazm\u00edn y Cal\u00e9ndula Nota de Fondo: Vainilla, Almizcle, Pachul\u00ed y Cedro&hellip;","_links":{"self":[{"href":"https:\/\/sensacionarabe.com\/Mayoristas\/wp-json\/wp\/v2\/product\/4845","targetHints":{"allow":["GET"]}}],"collection":[{"href":"https:\/\/sensacionarabe.com\/Mayoristas\/wp-json\/wp\/v2\/product"}],"about":[{"href":"https:\/\/sensacionarabe.com\/Mayoristas\/wp-json\/wp\/v2\/types\/product"}],"replies":[{"embeddable":true,"href":"https:\/\/sensacionarabe.com\/Mayoristas\/wp-json\/wp\/v2\/comments?post=4845"}],"version-history":[{"count":8,"href":"https:\/\/sensacionarabe.com\/Mayoristas\/wp-json\/wp\/v2\/product\/4845\/revisions"}],"predecessor-version":[{"id":6917,"href":"https:\/\/sensacionarabe.com\/Mayoristas\/wp-json\/wp\/v2\/product\/4845\/revisions\/6917"}],"wp:featuredmedia":[{"embeddable":true,"href":"https:\/\/sensacionarabe.com\/Mayoristas\/wp-json\/wp\/v2\/media\/4846"}],"wp:attachment":[{"href":"https:\/\/sensacionarabe.com\/Mayoristas\/wp-json\/wp\/v2\/media?parent=4845"}],"wp:term":[{"taxonomy":"product_brand","embeddable":true,"href":"https:\/\/sensacionarabe.com\/Mayoristas\/wp-json\/wp\/v2\/product_brand?post=4845"},{"taxonomy":"product_cat","embeddable":true,"href":"https:\/\/sensacionarabe.com\/Mayoristas\/wp-json\/wp\/v2\/product_cat?post=4845"},{"taxonomy":"product_tag","embeddable":true,"href":"https:\/\/sensacionarabe.com\/Mayoristas\/wp-json\/wp\/v2\/product_tag?post=4845"}],"curies":[{"name":"wp","href":"https:\/\/api.w.org\/{rel}","templated":true}]}}