{"id":4855,"date":"2024-04-28T21:54:03","date_gmt":"2024-04-28T19:54:03","guid":{"rendered":"https:\/\/sensacionarabe.com\/?post_type=product&#038;p=4855"},"modified":"2026-03-19T15:42:17","modified_gmt":"2026-03-19T14:42:17","slug":"sakeena-lattafa","status":"publish","type":"product","link":"https:\/\/sensacionarabe.com\/Mayoristas\/producto\/sakeena-lattafa\/","title":{"rendered":"Lattafa Sakeena Eau de perfum 100ml"},"content":{"rendered":"\t\t<div data-elementor-type=\"wp-post\" data-elementor-id=\"4855\" class=\"elementor elementor-4855\">\n\t\t\t\t\t\t<section class=\"elementor-section elementor-top-section elementor-element elementor-element-4126f15 elementor-section-stretched elementor-section-boxed elementor-section-height-default elementor-section-height-default\" data-id=\"4126f15\" data-element_type=\"section\" data-e-type=\"section\" data-settings=\"{&quot;stretch_section&quot;:&quot;section-stretched&quot;}\">\n\t\t\t\t\t\t<div class=\"elementor-container elementor-column-gap-no\">\n\t\t\t\t\t<div class=\"elementor-column elementor-col-100 elementor-top-column elementor-element elementor-element-4123276\" data-id=\"4123276\" data-element_type=\"column\" data-e-type=\"column\">\n\t\t\t<div class=\"elementor-widget-wrap elementor-element-populated\">\n\t\t\t\t\t\t<section class=\"elementor-section elementor-inner-section elementor-element elementor-element-2361fc4 elementor-section-boxed elementor-section-height-default elementor-section-height-default\" data-id=\"2361fc4\" data-element_type=\"section\" data-e-type=\"section\">\n\t\t\t\t\t\t<div class=\"elementor-container elementor-column-gap-no\">\n\t\t\t\t\t<div class=\"elementor-column elementor-col-100 elementor-inner-column elementor-element elementor-element-31858ca\" data-id=\"31858ca\" data-element_type=\"column\" data-e-type=\"column\">\n\t\t\t<div class=\"elementor-widget-wrap elementor-element-populated\">\n\t\t\t\t\t\t<div class=\"elementor-element elementor-element-934ee30 elementor-widget elementor-widget-heading\" data-id=\"934ee30\" data-element_type=\"widget\" data-e-type=\"widget\" data-widget_type=\"heading.default\">\n\t\t\t\t\t<h3 class=\"elementor-heading-title elementor-size-default\">Product description<\/h3>\t\t\t\t<\/div>\n\t\t\t\t<div class=\"elementor-element elementor-element-4a02e7d elementor-widget elementor-widget-text-editor\" data-id=\"4a02e7d\" data-element_type=\"widget\" data-e-type=\"widget\" data-widget_type=\"text-editor.default\">\n\t\t\t\t\t\t\t\t\t<p>Sakeena es un perfume bellamente elaborado que cuenta con una mezcla \u00fanica de acordes c\u00edtricos, afrutados, florales y amaderados. La fragancia se abre con una explosi\u00f3n brillante y vigorizante de c\u00edtricos, que pronto es seguida por una nota afrutada deliciosamente jugosa y dulce. A medida que el aroma se desarrolla, las notas de coraz\u00f3n de rosa y otros elementos florales comienzan a emerger, infundiendo la fragancia con una calidad suave y rom\u00e1ntica. Finalmente, las notas de fondo de s\u00e1ndalo le dan una calidad c\u00e1lida y terrosa al aroma, creando una sensaci\u00f3n de conexi\u00f3n a tierra y estabilidad. Juntos, estos acuerdos crean una fragancia compleja y sofisticada que es refrescante y edificante, pero tambi\u00e9n profundamente reconfortante y seductora. Sakeena es una fragancia perfecta para cualquier ocasi\u00f3n, ya sea que est\u00e9s buscando a\u00f1adir un toque de elegancia a tu rutina diaria o quieres hacer una declaraci\u00f3n en una noche especial<\/p>\t\t\t\t\t\t\t\t<\/div>\n\t\t\t\t<div class=\"elementor-element elementor-element-8d08aea elementor-widget elementor-widget-text-editor\" data-id=\"8d08aea\" data-element_type=\"widget\" data-e-type=\"widget\" data-widget_type=\"text-editor.default\">\n\t\t\t\t\t\t\t\t\t<hr class=\"a-divider-normal bucketDivider\" aria-hidden=\"true\" data-wakoopa-seen=\"true\" \/><h2 data-wakoopa-seen=\"true\">Detalles del producto<\/h2><div id=\"detailBullets_feature_div\" data-wakoopa-seen=\"true\"><ul class=\"a-unordered-list a-nostyle a-vertical a-spacing-none detail-bullet-list\" data-wakoopa-seen=\"true\"><li data-wakoopa-seen=\"true\"><span class=\"a-list-item\" data-wakoopa-seen=\"true\"><span class=\"a-text-bold\" data-wakoopa-seen=\"true\"><strong>Dimensiones del paquete \u200f : \u200e<\/strong>\u00a0<\/span><span data-wakoopa-seen=\"true\">6,73 x 4,13 x 4,06 pulgadas; 3,4 Onzas<\/span><\/span><\/li><li data-wakoopa-seen=\"true\"><span class=\"a-list-item\" data-wakoopa-seen=\"true\"><span class=\"a-text-bold\" data-wakoopa-seen=\"true\"><strong>Fabricante \u200f :<\/strong> \u200e\u00a0<\/span><span data-wakoopa-seen=\"true\">Lattafa Perfumes<\/span><\/span><\/li><li data-wakoopa-seen=\"true\" data-wakoopa-lastvalue=\"0\"><span class=\"a-list-item\" data-wakoopa-seen=\"true\"><span class=\"a-text-bold\" data-wakoopa-seen=\"true\"><strong>SKU \u200f :<\/strong> \u200e\u00a0<\/span><span data-wakoopa-seen=\"true\">B0CP4G3HBZ<\/span><\/span><\/li><\/ul><\/div>\t\t\t\t\t\t\t\t<\/div>\n\t\t\t\t\t<\/div>\n\t\t<\/div>\n\t\t\t\t\t<\/div>\n\t\t<\/section>\n\t\t\t\t\t<\/div>\n\t\t<\/div>\n\t\t\t\t\t<\/div>\n\t\t<\/section>\n\t\t\t\t<\/div>\n\t\t","protected":false},"excerpt":{"rendered":"<ul>\n<li><strong>Marca<\/strong>\u00a0 Lattafa<\/li>\n<li><strong>Forma del producto\u00a0<\/strong>\u00a0\u00a0\u00a0\u00a0 Spray<\/li>\n<li><strong>Volumen del art\u00edculo<\/strong>\u00a0\u00a0 3,4 Onzas de l\u00edquido<\/li>\n<li><strong>Fragancia\u00a0<\/strong> \u00a0 Floral Fruity<\/li>\n<li><strong>Caracter\u00edsticas especiales\u00a0<\/strong>\u00a0\u00a0\u00a0\u00a0 Fragancia perfecta para cualquier ocasi\u00f3n<\/li>\n<\/ul>\n<h2 class=\"a-size-base-plus a-text-bold\" data-wakoopa-seen=\"true\">Sobre este art\u00edculo<\/h2>\n<ul class=\"a-unordered-list a-vertical a-spacing-mini\" data-wakoopa-seen=\"true\">\n<li class=\"a-spacing-mini\" data-wakoopa-seen=\"true\"><span class=\"a-list-item\" data-wakoopa-seen=\"true\">Notas de fragancia<\/span><\/li>\n<li class=\"a-spacing-mini\" data-wakoopa-seen=\"true\"><span class=\"a-list-item\" data-wakoopa-seen=\"true\"><strong>Notas de salida:<\/strong> Mandar\u00edn, acorde oz\u00f3nico, fruta de la pasi\u00f3n<\/span><\/li>\n<li class=\"a-spacing-mini\" data-wakoopa-seen=\"true\"><span class=\"a-list-item\" data-wakoopa-seen=\"true\"><strong>Notas medias:<\/strong> Flor de naranja, rosa, sal marina y frambuesa<\/span><\/li>\n<li class=\"a-spacing-mini\" data-wakoopa-seen=\"true\"><span class=\"a-list-item\" data-wakoopa-seen=\"true\"><strong>Notas Bas:<\/strong> Almizcle, vainilla, pralin\u00e9 y caramelo<\/span><\/li>\n<\/ul>\n","protected":false},"featured_media":4856,"comment_status":"open","ping_status":"closed","template":"","meta":{"nf_dc_page":"","_uag_custom_page_level_css":"","site-sidebar-layout":"default","site-content-layout":"default","ast-site-content-layout":"default","site-content-style":"default","site-sidebar-style":"default","ast-global-header-display":"","ast-banner-title-visibility":"","ast-main-header-display":"","ast-hfb-above-header-display":"","ast-hfb-below-header-display":"","ast-hfb-mobile-header-display":"","site-post-title":"","ast-breadcrumbs-content":"","ast-featured-img":"","footer-sml-layout":"","ast-disable-related-posts":"","theme-transparent-header-meta":"default","adv-header-id-meta":"","stick-header-meta":"","header-above-stick-meta":"","header-main-stick-meta":"","header-below-stick-meta":"","astra-migrate-meta-layouts":"set","ast-page-background-enabled":"default","ast-page-background-meta":{"desktop":{"background-color":"","background-image":"","background-repeat":"repeat","background-position":"center center","background-size":"auto","background-attachment":"scroll","background-type":"","background-media":"","overlay-type":"","overlay-color":"","overlay-opacity":"","overlay-gradient":""},"tablet":{"background-color":"","background-image":"","background-repeat":"repeat","background-position":"center center","background-size":"auto","background-attachment":"scroll","background-type":"","background-media":"","overlay-type":"","overlay-color":"","overlay-opacity":"","overlay-gradient":""},"mobile":{"background-color":"","background-image":"","background-repeat":"repeat","background-position":"center center","background-size":"auto","background-attachment":"scroll","background-type":"","background-media":"","overlay-type":"","overlay-color":"","overlay-opacity":"","overlay-gradient":""}},"ast-content-background-meta":{"desktop":{"background-color":"var(--ast-global-color-5)","background-image":"","background-repeat":"repeat","background-position":"center center","background-size":"auto","background-attachment":"scroll","background-type":"","background-media":"","overlay-type":"","overlay-color":"","overlay-opacity":"","overlay-gradient":""},"tablet":{"background-color":"var(--ast-global-color-5)","background-image":"","background-repeat":"repeat","background-position":"center center","background-size":"auto","background-attachment":"scroll","background-type":"","background-media":"","overlay-type":"","overlay-color":"","overlay-opacity":"","overlay-gradient":""},"mobile":{"background-color":"var(--ast-global-color-5)","background-image":"","background-repeat":"repeat","background-position":"center center","background-size":"auto","background-attachment":"scroll","background-type":"","background-media":"","overlay-type":"","overlay-color":"","overlay-opacity":"","overlay-gradient":""}}},"product_brand":[],"product_cat":[29],"product_tag":[58],"class_list":{"0":"post-4855","1":"product","2":"type-product","3":"status-publish","4":"has-post-thumbnail","6":"product_cat-unisex","7":"product_tag-lattafa","8":"desktop-align-left","9":"tablet-align-left","10":"mobile-align-left","12":"first","13":"instock","14":"taxable","15":"shipping-taxable","16":"purchasable","17":"product-type-simple"},"uagb_featured_image_src":{"full":["https:\/\/sensacionarabe.com\/Mayoristas\/wp-content\/uploads\/2024\/04\/51PoKSTkq7L._SL1000_.jpg",1000,909,false],"thumbnail":["https:\/\/sensacionarabe.com\/Mayoristas\/wp-content\/uploads\/2024\/04\/51PoKSTkq7L._SL1000_-150x150.jpg",150,150,true],"medium":["https:\/\/sensacionarabe.com\/Mayoristas\/wp-content\/uploads\/2024\/04\/51PoKSTkq7L._SL1000_-300x273.jpg",300,273,true],"medium_large":["https:\/\/sensacionarabe.com\/Mayoristas\/wp-content\/uploads\/2024\/04\/51PoKSTkq7L._SL1000_-768x698.jpg",768,698,true],"large":["https:\/\/sensacionarabe.com\/Mayoristas\/wp-content\/uploads\/2024\/04\/51PoKSTkq7L._SL1000_.jpg",1000,909,false],"1536x1536":["https:\/\/sensacionarabe.com\/Mayoristas\/wp-content\/uploads\/2024\/04\/51PoKSTkq7L._SL1000_.jpg",1000,909,false],"2048x2048":["https:\/\/sensacionarabe.com\/Mayoristas\/wp-content\/uploads\/2024\/04\/51PoKSTkq7L._SL1000_.jpg",1000,909,false],"woocommerce_thumbnail":["https:\/\/sensacionarabe.com\/Mayoristas\/wp-content\/uploads\/2024\/04\/51PoKSTkq7L._SL1000_-300x300.jpg",300,300,true],"woocommerce_single":["https:\/\/sensacionarabe.com\/Mayoristas\/wp-content\/uploads\/2024\/04\/51PoKSTkq7L._SL1000_-600x545.jpg",600,545,true],"woocommerce_gallery_thumbnail":["https:\/\/sensacionarabe.com\/Mayoristas\/wp-content\/uploads\/2024\/04\/51PoKSTkq7L._SL1000_-100x100.jpg",100,100,true],"variation_swatches_image_size":["https:\/\/sensacionarabe.com\/Mayoristas\/wp-content\/uploads\/2024\/04\/51PoKSTkq7L._SL1000_.jpg",50,45,false],"variation_swatches_tooltip_size":["https:\/\/sensacionarabe.com\/Mayoristas\/wp-content\/uploads\/2024\/04\/51PoKSTkq7L._SL1000_.jpg",100,91,false]},"uagb_author_info":{"display_name":"admin","author_link":"https:\/\/sensacionarabe.com\/Mayoristas\/author\/"},"uagb_comment_info":0,"uagb_excerpt":"Marca\u00a0 Lattafa Forma del producto\u00a0\u00a0\u00a0\u00a0\u00a0 Spray Volumen del art\u00edculo\u00a0\u00a0 3,4 Onzas de l\u00edquido Fragancia\u00a0 \u00a0 Floral Fruity Caracter\u00edsticas especiales\u00a0\u00a0\u00a0\u00a0\u00a0 Fragancia perfecta para cualquier ocasi\u00f3n Sobre este art\u00edculo Notas de fragancia Notas de salida: Mandar\u00edn, acorde oz\u00f3nico, fruta de la pasi\u00f3n Notas medias: Flor de naranja, rosa, sal marina y frambuesa Notas Bas: Almizcle, vainilla, pralin\u00e9&hellip;","_links":{"self":[{"href":"https:\/\/sensacionarabe.com\/Mayoristas\/wp-json\/wp\/v2\/product\/4855","targetHints":{"allow":["GET"]}}],"collection":[{"href":"https:\/\/sensacionarabe.com\/Mayoristas\/wp-json\/wp\/v2\/product"}],"about":[{"href":"https:\/\/sensacionarabe.com\/Mayoristas\/wp-json\/wp\/v2\/types\/product"}],"replies":[{"embeddable":true,"href":"https:\/\/sensacionarabe.com\/Mayoristas\/wp-json\/wp\/v2\/comments?post=4855"}],"version-history":[{"count":8,"href":"https:\/\/sensacionarabe.com\/Mayoristas\/wp-json\/wp\/v2\/product\/4855\/revisions"}],"predecessor-version":[{"id":7103,"href":"https:\/\/sensacionarabe.com\/Mayoristas\/wp-json\/wp\/v2\/product\/4855\/revisions\/7103"}],"wp:featuredmedia":[{"embeddable":true,"href":"https:\/\/sensacionarabe.com\/Mayoristas\/wp-json\/wp\/v2\/media\/4856"}],"wp:attachment":[{"href":"https:\/\/sensacionarabe.com\/Mayoristas\/wp-json\/wp\/v2\/media?parent=4855"}],"wp:term":[{"taxonomy":"product_brand","embeddable":true,"href":"https:\/\/sensacionarabe.com\/Mayoristas\/wp-json\/wp\/v2\/product_brand?post=4855"},{"taxonomy":"product_cat","embeddable":true,"href":"https:\/\/sensacionarabe.com\/Mayoristas\/wp-json\/wp\/v2\/product_cat?post=4855"},{"taxonomy":"product_tag","embeddable":true,"href":"https:\/\/sensacionarabe.com\/Mayoristas\/wp-json\/wp\/v2\/product_tag?post=4855"}],"curies":[{"name":"wp","href":"https:\/\/api.w.org\/{rel}","templated":true}]}}