{"id":5154,"date":"2024-04-30T20:31:59","date_gmt":"2024-04-30T18:31:59","guid":{"rendered":"https:\/\/sensacionarabe.com\/?post_type=product&#038;p=5154"},"modified":"2026-03-16T20:11:15","modified_gmt":"2026-03-16T19:11:15","slug":"ajwad-lattafa","status":"publish","type":"product","link":"https:\/\/sensacionarabe.com\/Mayoristas\/producto\/ajwad-lattafa\/","title":{"rendered":"lattafa Ajwad Eau de perfum 60ml"},"content":{"rendered":"\t\t<div data-elementor-type=\"wp-post\" data-elementor-id=\"5154\" class=\"elementor elementor-5154\">\n\t\t\t\t\t\t<section class=\"elementor-section elementor-top-section elementor-element elementor-element-4126f15 elementor-section-stretched elementor-section-boxed elementor-section-height-default elementor-section-height-default\" data-id=\"4126f15\" data-element_type=\"section\" data-e-type=\"section\" data-settings=\"{&quot;stretch_section&quot;:&quot;section-stretched&quot;}\">\n\t\t\t\t\t\t<div class=\"elementor-container elementor-column-gap-no\">\n\t\t\t\t\t<div class=\"elementor-column elementor-col-100 elementor-top-column elementor-element elementor-element-4123276\" data-id=\"4123276\" data-element_type=\"column\" data-e-type=\"column\">\n\t\t\t<div class=\"elementor-widget-wrap elementor-element-populated\">\n\t\t\t\t\t\t<section class=\"elementor-section elementor-inner-section elementor-element elementor-element-2361fc4 elementor-section-boxed elementor-section-height-default elementor-section-height-default\" data-id=\"2361fc4\" data-element_type=\"section\" data-e-type=\"section\">\n\t\t\t\t\t\t<div class=\"elementor-container elementor-column-gap-no\">\n\t\t\t\t\t<div class=\"elementor-column elementor-col-100 elementor-inner-column elementor-element elementor-element-31858ca\" data-id=\"31858ca\" data-element_type=\"column\" data-e-type=\"column\">\n\t\t\t<div class=\"elementor-widget-wrap elementor-element-populated\">\n\t\t\t\t\t\t<div class=\"elementor-element elementor-element-934ee30 elementor-widget elementor-widget-heading\" data-id=\"934ee30\" data-element_type=\"widget\" data-e-type=\"widget\" data-widget_type=\"heading.default\">\n\t\t\t\t\t<h3 class=\"elementor-heading-title elementor-size-default\">Descripci\u00f3n del Producto<\/h3>\t\t\t\t<\/div>\n\t\t\t\t<div class=\"elementor-element elementor-element-4a02e7d elementor-widget elementor-widget-text-editor\" data-id=\"4a02e7d\" data-element_type=\"widget\" data-e-type=\"widget\" data-widget_type=\"text-editor.default\">\n\t\t\t\t\t\t\t\t\t<p>Ajwad Edp un perfume dulce en spray natural lleno de aromas de \u00e1mbar, rosa y s\u00e1ndalo. Es un aroma ligeramente dulce de vainilla, muy caramelizado, con mucha fruta y madera de cedro mezclada. El uso de este olor llega a tu mente, donde la Amira cuenta sus historias y donde los sue\u00f1os se hacen realidad. Relaja tu mente y d\u00e9jate encantar con este c\u00f3ctel de fragancia oriental. Se embala en una hermosa botella elegante y una hermosa caja exterior. Notas de salida: Bergamota, lichi y notas afrutadas Notas medias: jazm\u00edn, rosas y canela Notas de fondo: cedro, s\u00e1ndalo, \u00e1mbar, almizcle y vainilla.<\/p>\t\t\t\t\t\t\t\t<\/div>\n\t\t\t\t<div class=\"elementor-element elementor-element-8d08aea elementor-widget elementor-widget-text-editor\" data-id=\"8d08aea\" data-element_type=\"widget\" data-e-type=\"widget\" data-widget_type=\"text-editor.default\">\n\t\t\t\t\t\t\t\t\t<h2>Detalles del producto<\/h2><div id=\"detailBullets_feature_div\"><ul class=\"a-unordered-list a-nostyle a-vertical a-spacing-none detail-bullet-list\"><li><span class=\"a-list-item\"><span class=\"a-text-bold\"><strong>Dimensiones del producto \u200f :<\/strong> \u200e\u00a0<\/span>5,5 x 2 x 8,19 pulgadas; 2 Onzas<\/span><\/li><li><span class=\"a-list-item\"><span class=\"a-text-bold\"><strong>Fabricante \u200f :<\/strong> \u200e\u00a0<\/span>LATTAFA<\/span><\/li><li><span class=\"a-list-item\"><span class=\"a-text-bold\"><strong>SKU \u200f :<\/strong> \u200e\u00a0<\/span>B097YY85MK<\/span><\/li><\/ul><\/div>\t\t\t\t\t\t\t\t<\/div>\n\t\t\t\t\t<\/div>\n\t\t<\/div>\n\t\t\t\t\t<\/div>\n\t\t<\/section>\n\t\t\t\t\t<\/div>\n\t\t<\/div>\n\t\t\t\t\t<\/div>\n\t\t<\/section>\n\t\t\t\t<\/div>\n\t\t","protected":false},"excerpt":{"rendered":"<ul>\n<li><strong>Marca\u00a0<\/strong> Lattafa<\/li>\n<li><strong>Forma del producto\u00a0\u00a0<\/strong>\u00a0\u00a0\u00a0 Spray<\/li>\n<li><strong>Volumen del art\u00edculo<\/strong>\u00a0\u00a0 60 Mililitros<\/li>\n<li><strong>Fragancia\u00a0<\/strong>\u00a0 Floral, afrutado y almizclado<\/li>\n<li><strong>Caracter\u00edsticas especiales\u00a0<\/strong>\u00a0\u00a0\u00a0\u00a0 Larga duraci\u00f3n, Tama\u00f1o de viaje, Port\u00e1til<\/li>\n<\/ul>\n<h2 class=\"a-size-base-plus a-text-bold\">Sobre este art\u00edculo<\/h2>\n<ul class=\"a-unordered-list a-vertical a-spacing-mini\">\n<li class=\"a-spacing-mini\"><span class=\"a-list-item\">Ajwad es una fragancia de Lattafa<\/span><\/li>\n<li class=\"a-spacing-mini\"><span class=\"a-list-item\">Es una fragancia unisex que se lanz\u00f3 en 2019 y cuenta con una mezcla de notas florales, afrutadas y almizcladas<\/span><\/li>\n<li class=\"a-spacing-mini\"><span class=\"a-list-item\">La fragancia se abre con notas altas de bergamota, lim\u00f3n y pi\u00f1a, que le dan un aroma fresco y afrutado<\/span><\/li>\n<li class=\"a-spacing-mini\"><span class=\"a-list-item\">El coraz\u00f3n de la fragancia cuenta con notas florales de rosa, jazm\u00edn y orris, a\u00f1adiendo un toque femenino al aroma<\/span><\/li>\n<li class=\"a-spacing-mini\"><span class=\"a-list-item\">Las notas de fondo de almizcle, vainilla y \u00e1mbar le dan a la fragancia un acabado c\u00e1lido y sensual<\/span><\/li>\n<\/ul>\n","protected":false},"featured_media":5155,"comment_status":"open","ping_status":"closed","template":"","meta":{"nf_dc_page":"","_uag_custom_page_level_css":"","site-sidebar-layout":"default","site-content-layout":"default","ast-site-content-layout":"default","site-content-style":"default","site-sidebar-style":"default","ast-global-header-display":"","ast-banner-title-visibility":"","ast-main-header-display":"","ast-hfb-above-header-display":"","ast-hfb-below-header-display":"","ast-hfb-mobile-header-display":"","site-post-title":"","ast-breadcrumbs-content":"","ast-featured-img":"","footer-sml-layout":"","ast-disable-related-posts":"","theme-transparent-header-meta":"default","adv-header-id-meta":"","stick-header-meta":"","header-above-stick-meta":"","header-main-stick-meta":"","header-below-stick-meta":"","astra-migrate-meta-layouts":"set","ast-page-background-enabled":"default","ast-page-background-meta":{"desktop":{"background-color":"","background-image":"","background-repeat":"repeat","background-position":"center center","background-size":"auto","background-attachment":"scroll","background-type":"","background-media":"","overlay-type":"","overlay-color":"","overlay-opacity":"","overlay-gradient":""},"tablet":{"background-color":"","background-image":"","background-repeat":"repeat","background-position":"center center","background-size":"auto","background-attachment":"scroll","background-type":"","background-media":"","overlay-type":"","overlay-color":"","overlay-opacity":"","overlay-gradient":""},"mobile":{"background-color":"","background-image":"","background-repeat":"repeat","background-position":"center center","background-size":"auto","background-attachment":"scroll","background-type":"","background-media":"","overlay-type":"","overlay-color":"","overlay-opacity":"","overlay-gradient":""}},"ast-content-background-meta":{"desktop":{"background-color":"var(--ast-global-color-5)","background-image":"","background-repeat":"repeat","background-position":"center center","background-size":"auto","background-attachment":"scroll","background-type":"","background-media":"","overlay-type":"","overlay-color":"","overlay-opacity":"","overlay-gradient":""},"tablet":{"background-color":"var(--ast-global-color-5)","background-image":"","background-repeat":"repeat","background-position":"center center","background-size":"auto","background-attachment":"scroll","background-type":"","background-media":"","overlay-type":"","overlay-color":"","overlay-opacity":"","overlay-gradient":""},"mobile":{"background-color":"var(--ast-global-color-5)","background-image":"","background-repeat":"repeat","background-position":"center center","background-size":"auto","background-attachment":"scroll","background-type":"","background-media":"","overlay-type":"","overlay-color":"","overlay-opacity":"","overlay-gradient":""}}},"product_brand":[],"product_cat":[29],"product_tag":[58],"class_list":{"0":"post-5154","1":"product","2":"type-product","3":"status-publish","4":"has-post-thumbnail","6":"product_cat-unisex","7":"product_tag-lattafa","8":"desktop-align-left","9":"tablet-align-left","10":"mobile-align-left","12":"first","13":"instock","14":"taxable","15":"shipping-taxable","16":"purchasable","17":"product-type-simple"},"uagb_featured_image_src":{"full":["https:\/\/sensacionarabe.com\/Mayoristas\/wp-content\/uploads\/2024\/04\/s-l1600.png",1024,1024,false],"thumbnail":["https:\/\/sensacionarabe.com\/Mayoristas\/wp-content\/uploads\/2024\/04\/s-l1600-150x150.png",150,150,true],"medium":["https:\/\/sensacionarabe.com\/Mayoristas\/wp-content\/uploads\/2024\/04\/s-l1600-300x300.png",300,300,true],"medium_large":["https:\/\/sensacionarabe.com\/Mayoristas\/wp-content\/uploads\/2024\/04\/s-l1600-768x768.png",768,768,true],"large":["https:\/\/sensacionarabe.com\/Mayoristas\/wp-content\/uploads\/2024\/04\/s-l1600.png",1024,1024,false],"1536x1536":["https:\/\/sensacionarabe.com\/Mayoristas\/wp-content\/uploads\/2024\/04\/s-l1600.png",1024,1024,false],"2048x2048":["https:\/\/sensacionarabe.com\/Mayoristas\/wp-content\/uploads\/2024\/04\/s-l1600.png",1024,1024,false],"woocommerce_thumbnail":["https:\/\/sensacionarabe.com\/Mayoristas\/wp-content\/uploads\/2024\/04\/s-l1600-300x300.png",300,300,true],"woocommerce_single":["https:\/\/sensacionarabe.com\/Mayoristas\/wp-content\/uploads\/2024\/04\/s-l1600-600x600.png",600,600,true],"woocommerce_gallery_thumbnail":["https:\/\/sensacionarabe.com\/Mayoristas\/wp-content\/uploads\/2024\/04\/s-l1600-100x100.png",100,100,true],"variation_swatches_image_size":["https:\/\/sensacionarabe.com\/Mayoristas\/wp-content\/uploads\/2024\/04\/s-l1600.png",50,50,false],"variation_swatches_tooltip_size":["https:\/\/sensacionarabe.com\/Mayoristas\/wp-content\/uploads\/2024\/04\/s-l1600.png",100,100,false]},"uagb_author_info":{"display_name":"admin","author_link":"https:\/\/sensacionarabe.com\/Mayoristas\/author\/"},"uagb_comment_info":0,"uagb_excerpt":"Marca\u00a0 Lattafa Forma del producto\u00a0\u00a0\u00a0\u00a0\u00a0 Spray Volumen del art\u00edculo\u00a0\u00a0 60 Mililitros Fragancia\u00a0\u00a0 Floral, afrutado y almizclado Caracter\u00edsticas especiales\u00a0\u00a0\u00a0\u00a0\u00a0 Larga duraci\u00f3n, Tama\u00f1o de viaje, Port\u00e1til Sobre este art\u00edculo Ajwad es una fragancia de Lattafa Es una fragancia unisex que se lanz\u00f3 en 2019 y cuenta con una mezcla de notas florales, afrutadas y almizcladas La fragancia&hellip;","_links":{"self":[{"href":"https:\/\/sensacionarabe.com\/Mayoristas\/wp-json\/wp\/v2\/product\/5154","targetHints":{"allow":["GET"]}}],"collection":[{"href":"https:\/\/sensacionarabe.com\/Mayoristas\/wp-json\/wp\/v2\/product"}],"about":[{"href":"https:\/\/sensacionarabe.com\/Mayoristas\/wp-json\/wp\/v2\/types\/product"}],"replies":[{"embeddable":true,"href":"https:\/\/sensacionarabe.com\/Mayoristas\/wp-json\/wp\/v2\/comments?post=5154"}],"version-history":[{"count":7,"href":"https:\/\/sensacionarabe.com\/Mayoristas\/wp-json\/wp\/v2\/product\/5154\/revisions"}],"predecessor-version":[{"id":6888,"href":"https:\/\/sensacionarabe.com\/Mayoristas\/wp-json\/wp\/v2\/product\/5154\/revisions\/6888"}],"wp:featuredmedia":[{"embeddable":true,"href":"https:\/\/sensacionarabe.com\/Mayoristas\/wp-json\/wp\/v2\/media\/5155"}],"wp:attachment":[{"href":"https:\/\/sensacionarabe.com\/Mayoristas\/wp-json\/wp\/v2\/media?parent=5154"}],"wp:term":[{"taxonomy":"product_brand","embeddable":true,"href":"https:\/\/sensacionarabe.com\/Mayoristas\/wp-json\/wp\/v2\/product_brand?post=5154"},{"taxonomy":"product_cat","embeddable":true,"href":"https:\/\/sensacionarabe.com\/Mayoristas\/wp-json\/wp\/v2\/product_cat?post=5154"},{"taxonomy":"product_tag","embeddable":true,"href":"https:\/\/sensacionarabe.com\/Mayoristas\/wp-json\/wp\/v2\/product_tag?post=5154"}],"curies":[{"name":"wp","href":"https:\/\/api.w.org\/{rel}","templated":true}]}}