{"id":5185,"date":"2024-04-30T21:03:03","date_gmt":"2024-04-30T19:03:03","guid":{"rendered":"https:\/\/sensacionarabe.com\/?post_type=product&#038;p=5185"},"modified":"2026-01-04T00:44:55","modified_gmt":"2026-01-03T23:44:55","slug":"musamam-white-intense-lattafa","status":"publish","type":"product","link":"https:\/\/sensacionarabe.com\/Mayoristas\/producto\/musamam-white-intense-lattafa\/","title":{"rendered":"Lattafa Musamam White Intense Eau de perfum 100ml"},"content":{"rendered":"\t\t<div data-elementor-type=\"wp-post\" data-elementor-id=\"5185\" class=\"elementor elementor-5185\">\n\t\t\t\t\t\t<section class=\"elementor-section elementor-top-section elementor-element elementor-element-4126f15 elementor-section-stretched elementor-section-boxed elementor-section-height-default elementor-section-height-default\" data-id=\"4126f15\" data-element_type=\"section\" data-e-type=\"section\" data-settings=\"{&quot;stretch_section&quot;:&quot;section-stretched&quot;}\">\n\t\t\t\t\t\t<div class=\"elementor-container elementor-column-gap-no\">\n\t\t\t\t\t<div class=\"elementor-column elementor-col-100 elementor-top-column elementor-element elementor-element-4123276\" data-id=\"4123276\" data-element_type=\"column\" data-e-type=\"column\">\n\t\t\t<div class=\"elementor-widget-wrap elementor-element-populated\">\n\t\t\t\t\t\t<section class=\"elementor-section elementor-inner-section elementor-element elementor-element-2361fc4 elementor-section-boxed elementor-section-height-default elementor-section-height-default\" data-id=\"2361fc4\" data-element_type=\"section\" data-e-type=\"section\">\n\t\t\t\t\t\t<div class=\"elementor-container elementor-column-gap-no\">\n\t\t\t\t\t<div class=\"elementor-column elementor-col-100 elementor-inner-column elementor-element elementor-element-31858ca\" data-id=\"31858ca\" data-element_type=\"column\" data-e-type=\"column\">\n\t\t\t<div class=\"elementor-widget-wrap elementor-element-populated\">\n\t\t\t\t\t\t<div class=\"elementor-element elementor-element-934ee30 elementor-widget elementor-widget-heading\" data-id=\"934ee30\" data-element_type=\"widget\" data-e-type=\"widget\" data-widget_type=\"heading.default\">\n\t\t\t\t\t<h3 class=\"elementor-heading-title elementor-size-default\">Descripci\u00f3n del Producto<\/h3>\t\t\t\t<\/div>\n\t\t\t\t<div class=\"elementor-element elementor-element-4a02e7d elementor-widget elementor-widget-text-editor\" data-id=\"4a02e7d\" data-element_type=\"widget\" data-e-type=\"widget\" data-widget_type=\"text-editor.default\">\n\t\t\t\t\t\t\t\t\t<p>Musamam White Intense de Lattafa Perfumes es una fragancia para mujeres y hombres. Esta es una nueva fragancia. Musamam White Intense se lanz\u00f3 en 2023. Las notas de salida son especias, bergamota y naranja; las notas medias son coco, ylang ylang, mahonial y ambroxan; las notas de fondo son s\u00e1ndalo, almizcle y benju\u00ed.<\/p>\t\t\t\t\t\t\t\t<\/div>\n\t\t\t\t<div class=\"elementor-element elementor-element-8d08aea elementor-widget elementor-widget-text-editor\" data-id=\"8d08aea\" data-element_type=\"widget\" data-e-type=\"widget\" data-widget_type=\"text-editor.default\">\n\t\t\t\t\t\t\t\t\t<h2>Detalles del producto<\/h2><div id=\"detailBullets_feature_div\"><ul class=\"a-unordered-list a-nostyle a-vertical a-spacing-none detail-bullet-list\"><li><span class=\"a-list-item\"><span class=\"a-text-bold\"><strong>Dimensiones del producto \u200f :<\/strong> \u200e\u00a0<\/span>2 x 2 x 4,5 pulgadas; 3,4 Onzas<\/span><\/li><li><span class=\"a-list-item\"><span class=\"a-text-bold\"><strong>Fabricante \u200f :<\/strong> \u200e\u00a0<\/span>LATTAFA<\/span><\/li><li><span class=\"a-list-item\"><span class=\"a-text-bold\"><strong>SKU \u200f :<\/strong> \u200e\u00a0<\/span>B0CJKT3FVQ<\/span><\/li><\/ul><\/div>\t\t\t\t\t\t\t\t<\/div>\n\t\t\t\t\t<\/div>\n\t\t<\/div>\n\t\t\t\t\t<\/div>\n\t\t<\/section>\n\t\t\t\t\t<\/div>\n\t\t<\/div>\n\t\t\t\t\t<\/div>\n\t\t<\/section>\n\t\t\t\t<\/div>\n\t\t","protected":false},"excerpt":{"rendered":"<ul class=\"a-unordered-list a-vertical a-spacing-mini\">\n<li class=\"a-spacing-mini\"><span class=\"a-list-item\">Musamam White Intense de Lattafa Perfumes es una fragancia para mujeres y hombres<\/span><\/li>\n<li class=\"a-spacing-mini\"><span class=\"a-list-item\"><strong>Notas de Salida:<\/strong> Bergamota, Naranja y Especias<\/span><\/li>\n<li class=\"a-spacing-mini\"><span class=\"a-list-item\"><strong>Nota de Coraz\u00f3n:<\/strong> Ylang, Coco y Ambroxan<\/span><\/li>\n<li class=\"a-spacing-mini\"><span class=\"a-list-item\"><strong>Notas de Fondo:<\/strong> S\u00e1ndalo y Benju\u00ed<\/span><\/li>\n<li class=\"a-spacing-mini\"><span class=\"a-list-item\">Fragancia de larga duraci\u00f3n<\/span><\/li>\n<\/ul>\n","protected":false},"featured_media":5186,"comment_status":"open","ping_status":"closed","template":"","meta":{"nf_dc_page":"","_uag_custom_page_level_css":"","site-sidebar-layout":"default","site-content-layout":"default","ast-site-content-layout":"default","site-content-style":"default","site-sidebar-style":"default","ast-global-header-display":"","ast-banner-title-visibility":"","ast-main-header-display":"","ast-hfb-above-header-display":"","ast-hfb-below-header-display":"","ast-hfb-mobile-header-display":"","site-post-title":"","ast-breadcrumbs-content":"","ast-featured-img":"","footer-sml-layout":"","ast-disable-related-posts":"","theme-transparent-header-meta":"default","adv-header-id-meta":"","stick-header-meta":"","header-above-stick-meta":"","header-main-stick-meta":"","header-below-stick-meta":"","astra-migrate-meta-layouts":"set","ast-page-background-enabled":"default","ast-page-background-meta":{"desktop":{"background-color":"","background-image":"","background-repeat":"repeat","background-position":"center center","background-size":"auto","background-attachment":"scroll","background-type":"","background-media":"","overlay-type":"","overlay-color":"","overlay-opacity":"","overlay-gradient":""},"tablet":{"background-color":"","background-image":"","background-repeat":"repeat","background-position":"center center","background-size":"auto","background-attachment":"scroll","background-type":"","background-media":"","overlay-type":"","overlay-color":"","overlay-opacity":"","overlay-gradient":""},"mobile":{"background-color":"","background-image":"","background-repeat":"repeat","background-position":"center center","background-size":"auto","background-attachment":"scroll","background-type":"","background-media":"","overlay-type":"","overlay-color":"","overlay-opacity":"","overlay-gradient":""}},"ast-content-background-meta":{"desktop":{"background-color":"var(--ast-global-color-5)","background-image":"","background-repeat":"repeat","background-position":"center center","background-size":"auto","background-attachment":"scroll","background-type":"","background-media":"","overlay-type":"","overlay-color":"","overlay-opacity":"","overlay-gradient":""},"tablet":{"background-color":"var(--ast-global-color-5)","background-image":"","background-repeat":"repeat","background-position":"center center","background-size":"auto","background-attachment":"scroll","background-type":"","background-media":"","overlay-type":"","overlay-color":"","overlay-opacity":"","overlay-gradient":""},"mobile":{"background-color":"var(--ast-global-color-5)","background-image":"","background-repeat":"repeat","background-position":"center center","background-size":"auto","background-attachment":"scroll","background-type":"","background-media":"","overlay-type":"","overlay-color":"","overlay-opacity":"","overlay-gradient":""}}},"product_brand":[],"product_cat":[29],"product_tag":[58],"class_list":{"0":"post-5185","1":"product","2":"type-product","3":"status-publish","4":"has-post-thumbnail","6":"product_cat-unisex","7":"product_tag-lattafa","8":"desktop-align-left","9":"tablet-align-left","10":"mobile-align-left","12":"first","13":"instock","14":"taxable","15":"shipping-taxable","16":"purchasable","17":"product-type-simple"},"uagb_featured_image_src":{"full":["https:\/\/sensacionarabe.com\/Mayoristas\/wp-content\/uploads\/2024\/04\/71QSMscIkDL._SL1500_-1.jpg",1500,939,false],"thumbnail":["https:\/\/sensacionarabe.com\/Mayoristas\/wp-content\/uploads\/2024\/04\/71QSMscIkDL._SL1500_-1-150x150.jpg",150,150,true],"medium":["https:\/\/sensacionarabe.com\/Mayoristas\/wp-content\/uploads\/2024\/04\/71QSMscIkDL._SL1500_-1-300x188.jpg",300,188,true],"medium_large":["https:\/\/sensacionarabe.com\/Mayoristas\/wp-content\/uploads\/2024\/04\/71QSMscIkDL._SL1500_-1-768x481.jpg",768,481,true],"large":["https:\/\/sensacionarabe.com\/Mayoristas\/wp-content\/uploads\/2024\/04\/71QSMscIkDL._SL1500_-1-1024x641.jpg",1024,641,true],"1536x1536":["https:\/\/sensacionarabe.com\/Mayoristas\/wp-content\/uploads\/2024\/04\/71QSMscIkDL._SL1500_-1.jpg",1500,939,false],"2048x2048":["https:\/\/sensacionarabe.com\/Mayoristas\/wp-content\/uploads\/2024\/04\/71QSMscIkDL._SL1500_-1.jpg",1500,939,false],"woocommerce_thumbnail":["https:\/\/sensacionarabe.com\/Mayoristas\/wp-content\/uploads\/2024\/04\/71QSMscIkDL._SL1500_-1-300x300.jpg",300,300,true],"woocommerce_single":["https:\/\/sensacionarabe.com\/Mayoristas\/wp-content\/uploads\/2024\/04\/71QSMscIkDL._SL1500_-1-600x376.jpg",600,376,true],"woocommerce_gallery_thumbnail":["https:\/\/sensacionarabe.com\/Mayoristas\/wp-content\/uploads\/2024\/04\/71QSMscIkDL._SL1500_-1-100x100.jpg",100,100,true],"variation_swatches_image_size":["https:\/\/sensacionarabe.com\/Mayoristas\/wp-content\/uploads\/2024\/04\/71QSMscIkDL._SL1500_-1.jpg",50,31,false],"variation_swatches_tooltip_size":["https:\/\/sensacionarabe.com\/Mayoristas\/wp-content\/uploads\/2024\/04\/71QSMscIkDL._SL1500_-1.jpg",100,63,false]},"uagb_author_info":{"display_name":"admin","author_link":"https:\/\/sensacionarabe.com\/Mayoristas\/author\/"},"uagb_comment_info":0,"uagb_excerpt":"Musamam White Intense de Lattafa Perfumes es una fragancia para mujeres y hombres Notas de Salida: Bergamota, Naranja y Especias Nota de Coraz\u00f3n: Ylang, Coco y Ambroxan Notas de Fondo: S\u00e1ndalo y Benju\u00ed Fragancia de larga duraci\u00f3n","_links":{"self":[{"href":"https:\/\/sensacionarabe.com\/Mayoristas\/wp-json\/wp\/v2\/product\/5185","targetHints":{"allow":["GET"]}}],"collection":[{"href":"https:\/\/sensacionarabe.com\/Mayoristas\/wp-json\/wp\/v2\/product"}],"about":[{"href":"https:\/\/sensacionarabe.com\/Mayoristas\/wp-json\/wp\/v2\/types\/product"}],"replies":[{"embeddable":true,"href":"https:\/\/sensacionarabe.com\/Mayoristas\/wp-json\/wp\/v2\/comments?post=5185"}],"version-history":[{"count":7,"href":"https:\/\/sensacionarabe.com\/Mayoristas\/wp-json\/wp\/v2\/product\/5185\/revisions"}],"predecessor-version":[{"id":7534,"href":"https:\/\/sensacionarabe.com\/Mayoristas\/wp-json\/wp\/v2\/product\/5185\/revisions\/7534"}],"wp:featuredmedia":[{"embeddable":true,"href":"https:\/\/sensacionarabe.com\/Mayoristas\/wp-json\/wp\/v2\/media\/5186"}],"wp:attachment":[{"href":"https:\/\/sensacionarabe.com\/Mayoristas\/wp-json\/wp\/v2\/media?parent=5185"}],"wp:term":[{"taxonomy":"product_brand","embeddable":true,"href":"https:\/\/sensacionarabe.com\/Mayoristas\/wp-json\/wp\/v2\/product_brand?post=5185"},{"taxonomy":"product_cat","embeddable":true,"href":"https:\/\/sensacionarabe.com\/Mayoristas\/wp-json\/wp\/v2\/product_cat?post=5185"},{"taxonomy":"product_tag","embeddable":true,"href":"https:\/\/sensacionarabe.com\/Mayoristas\/wp-json\/wp\/v2\/product_tag?post=5185"}],"curies":[{"name":"wp","href":"https:\/\/api.w.org\/{rel}","templated":true}]}}