{"id":5192,"date":"2024-05-01T00:18:41","date_gmt":"2024-04-30T22:18:41","guid":{"rendered":"https:\/\/sensacionarabe.com\/?post_type=product&#038;p=5192"},"modified":"2026-02-01T18:29:01","modified_gmt":"2026-02-01T17:29:01","slug":"maharjan-gold-lattafa-pride","status":"publish","type":"product","link":"https:\/\/sensacionarabe.com\/Mayoristas\/producto\/maharjan-gold-lattafa-pride\/","title":{"rendered":"Lattafa Maharjan Gold Eau de perfum de 100ml"},"content":{"rendered":"\t\t<div data-elementor-type=\"wp-post\" data-elementor-id=\"5192\" class=\"elementor elementor-5192\">\n\t\t\t\t<div class=\"elementor-element elementor-element-43947e31 e-flex e-con-boxed e-con e-parent\" data-id=\"43947e31\" data-element_type=\"container\" data-e-type=\"container\">\n\t\t\t\t\t<div class=\"e-con-inner\">\n\t\t\t\t<div class=\"elementor-element elementor-element-84c1b3d elementor-widget elementor-widget-text-editor\" data-id=\"84c1b3d\" data-element_type=\"widget\" data-e-type=\"widget\" data-widget_type=\"text-editor.default\">\n\t\t\t\t\t\t\t\t\t<p>Maharjan Gold de Lattafa Pride Perfumes es una fragancia dulce y picante para\u00a0 hombres. Notas de Salida: Lavanda y Pimienta. Nota de Coraz\u00f3n: Incienso, Jazm\u00edn, E y Tuberoso. Notas de Fondo: \u00c1mbar, caramelo, cachemira y madera de cedro. Adecuado para el uso diario.<\/p>\t\t\t\t\t\t\t\t<\/div>\n\t\t\t\t<div class=\"elementor-element elementor-element-093b831 elementor-widget elementor-widget-text-editor\" data-id=\"093b831\" data-element_type=\"widget\" data-e-type=\"widget\" data-widget_type=\"text-editor.default\">\n\t\t\t\t\t\t\t\t\t<hr class=\"a-divider-normal bucketDivider\" aria-hidden=\"true\" \/><h2>Detalles del producto<\/h2><div id=\"detailBullets_feature_div\"><ul class=\"a-unordered-list a-nostyle a-vertical a-spacing-none detail-bullet-list\"><li><span class=\"a-list-item\"><span class=\"a-text-bold\"><strong>Dimensiones del producto \u200f :<\/strong> \u200e\u00a0<\/span>2,55 x 1,25 x 5,5 pulgadas; 3,4 Onzas<\/span><\/li><li><span class=\"a-list-item\"><span class=\"a-text-bold\"><strong>Fabricante \u200f :<\/strong> \u200e Lattafa Pride<\/span><\/span><\/li><li><span class=\"a-list-item\"><span class=\"a-text-bold\"><strong>SKU<\/strong> \u200f : \u200e\u00a0<\/span>B0BGV8J9PB<\/span><\/li><\/ul><\/div>\t\t\t\t\t\t\t\t<\/div>\n\t\t\t\t\t<\/div>\n\t\t\t\t<\/div>\n\t\t\t\t<\/div>\n\t\t","protected":false},"excerpt":{"rendered":"<ul>\n<li><strong>Marca<\/strong>\u00a0 Lattafa Pride<\/li>\n<li><strong>Forma del producto<\/strong>\u00a0\u00a0\u00a0\u00a0\u00a0 L\u00edquido<\/li>\n<li><strong>Volumen del art\u00edculo\u00a0<\/strong>\u00a0 100 Mililitros<\/li>\n<li><strong>Fragancia\u00a0 <\/strong>\u00a0 \u00a0Floral<\/li>\n<li><strong>Caracter\u00edsticas especiales\u00a0<\/strong>\u00a0\u00a0\u00a0\u00a0 Larga duraci\u00f3n<\/li>\n<\/ul>\n<h1 class=\"a-size-base-plus a-text-bold\">Sobre este art\u00edculo<\/h1>\n<ul class=\"a-unordered-list a-vertical a-spacing-mini\">\n<li class=\"a-spacing-mini\"><span class=\"a-list-item\">Maharjan Gold de Lattafa Pride Perfumes es una fragancia dulce y picante para\u00a0 hombres<\/span><\/li>\n<li class=\"a-spacing-mini\"><span class=\"a-list-item\"><strong>Notas de Salida:<\/strong> Lavanda y Pimienta<\/span><\/li>\n<li class=\"a-spacing-mini\"><span class=\"a-list-item\"><strong>Nota de Coraz\u00f3n:<\/strong> Incienso, Jazm\u00edn, E y Tuberosa<\/span><\/li>\n<li class=\"a-spacing-mini\"><span class=\"a-list-item\"><strong>Notas de Fondo:<\/strong> \u00c1mbar, caramelo, cachemira y cedro<\/span><\/li>\n<li class=\"a-spacing-mini\"><span class=\"a-list-item\">Adecuado para el uso diario<\/span><\/li>\n<\/ul>\n","protected":false},"featured_media":5193,"comment_status":"open","ping_status":"closed","template":"","meta":{"nf_dc_page":"","_uag_custom_page_level_css":"","site-sidebar-layout":"default","site-content-layout":"default","ast-site-content-layout":"default","site-content-style":"default","site-sidebar-style":"default","ast-global-header-display":"","ast-banner-title-visibility":"","ast-main-header-display":"","ast-hfb-above-header-display":"","ast-hfb-below-header-display":"","ast-hfb-mobile-header-display":"","site-post-title":"","ast-breadcrumbs-content":"","ast-featured-img":"","footer-sml-layout":"","ast-disable-related-posts":"","theme-transparent-header-meta":"default","adv-header-id-meta":"","stick-header-meta":"","header-above-stick-meta":"","header-main-stick-meta":"","header-below-stick-meta":"","astra-migrate-meta-layouts":"set","ast-page-background-enabled":"default","ast-page-background-meta":{"desktop":{"background-color":"","background-image":"","background-repeat":"repeat","background-position":"center center","background-size":"auto","background-attachment":"scroll","background-type":"","background-media":"","overlay-type":"","overlay-color":"","overlay-opacity":"","overlay-gradient":""},"tablet":{"background-color":"","background-image":"","background-repeat":"repeat","background-position":"center center","background-size":"auto","background-attachment":"scroll","background-type":"","background-media":"","overlay-type":"","overlay-color":"","overlay-opacity":"","overlay-gradient":""},"mobile":{"background-color":"","background-image":"","background-repeat":"repeat","background-position":"center center","background-size":"auto","background-attachment":"scroll","background-type":"","background-media":"","overlay-type":"","overlay-color":"","overlay-opacity":"","overlay-gradient":""}},"ast-content-background-meta":{"desktop":{"background-color":"var(--ast-global-color-5)","background-image":"","background-repeat":"repeat","background-position":"center center","background-size":"auto","background-attachment":"scroll","background-type":"","background-media":"","overlay-type":"","overlay-color":"","overlay-opacity":"","overlay-gradient":""},"tablet":{"background-color":"var(--ast-global-color-5)","background-image":"","background-repeat":"repeat","background-position":"center center","background-size":"auto","background-attachment":"scroll","background-type":"","background-media":"","overlay-type":"","overlay-color":"","overlay-opacity":"","overlay-gradient":""},"mobile":{"background-color":"var(--ast-global-color-5)","background-image":"","background-repeat":"repeat","background-position":"center center","background-size":"auto","background-attachment":"scroll","background-type":"","background-media":"","overlay-type":"","overlay-color":"","overlay-opacity":"","overlay-gradient":""}}},"product_brand":[],"product_cat":[40],"product_tag":[63],"class_list":{"0":"post-5192","1":"product","2":"type-product","3":"status-publish","4":"has-post-thumbnail","6":"product_cat-hombre","7":"product_tag-lattafa-pride","8":"desktop-align-left","9":"tablet-align-left","10":"mobile-align-left","12":"first","13":"instock","14":"sale","15":"featured","16":"downloadable","17":"virtual","18":"taxable","19":"purchasable","20":"product-type-simple"},"uagb_featured_image_src":{"full":["https:\/\/sensacionarabe.com\/Mayoristas\/wp-content\/uploads\/2024\/05\/61lWbNw4XLL._SL1080_.jpg",1080,1080,false],"thumbnail":["https:\/\/sensacionarabe.com\/Mayoristas\/wp-content\/uploads\/2024\/05\/61lWbNw4XLL._SL1080_-150x150.jpg",150,150,true],"medium":["https:\/\/sensacionarabe.com\/Mayoristas\/wp-content\/uploads\/2024\/05\/61lWbNw4XLL._SL1080_-300x300.jpg",300,300,true],"medium_large":["https:\/\/sensacionarabe.com\/Mayoristas\/wp-content\/uploads\/2024\/05\/61lWbNw4XLL._SL1080_-768x768.jpg",768,768,true],"large":["https:\/\/sensacionarabe.com\/Mayoristas\/wp-content\/uploads\/2024\/05\/61lWbNw4XLL._SL1080_-1024x1024.jpg",1024,1024,true],"1536x1536":["https:\/\/sensacionarabe.com\/Mayoristas\/wp-content\/uploads\/2024\/05\/61lWbNw4XLL._SL1080_.jpg",1080,1080,false],"2048x2048":["https:\/\/sensacionarabe.com\/Mayoristas\/wp-content\/uploads\/2024\/05\/61lWbNw4XLL._SL1080_.jpg",1080,1080,false],"woocommerce_thumbnail":["https:\/\/sensacionarabe.com\/Mayoristas\/wp-content\/uploads\/2024\/05\/61lWbNw4XLL._SL1080_-300x300.jpg",300,300,true],"woocommerce_single":["https:\/\/sensacionarabe.com\/Mayoristas\/wp-content\/uploads\/2024\/05\/61lWbNw4XLL._SL1080_-600x600.jpg",600,600,true],"woocommerce_gallery_thumbnail":["https:\/\/sensacionarabe.com\/Mayoristas\/wp-content\/uploads\/2024\/05\/61lWbNw4XLL._SL1080_-100x100.jpg",100,100,true],"variation_swatches_image_size":["https:\/\/sensacionarabe.com\/Mayoristas\/wp-content\/uploads\/2024\/05\/61lWbNw4XLL._SL1080_.jpg",50,50,false],"variation_swatches_tooltip_size":["https:\/\/sensacionarabe.com\/Mayoristas\/wp-content\/uploads\/2024\/05\/61lWbNw4XLL._SL1080_.jpg",100,100,false]},"uagb_author_info":{"display_name":"admin","author_link":"https:\/\/sensacionarabe.com\/Mayoristas\/author\/"},"uagb_comment_info":0,"uagb_excerpt":"Marca\u00a0 Lattafa Pride Forma del producto\u00a0\u00a0\u00a0\u00a0\u00a0 L\u00edquido Volumen del art\u00edculo\u00a0\u00a0 100 Mililitros Fragancia\u00a0 \u00a0 \u00a0Floral Caracter\u00edsticas especiales\u00a0\u00a0\u00a0\u00a0\u00a0 Larga duraci\u00f3n Sobre este art\u00edculo Maharjan Gold de Lattafa Pride Perfumes es una fragancia dulce y picante para\u00a0 hombres Notas de Salida: Lavanda y Pimienta Nota de Coraz\u00f3n: Incienso, Jazm\u00edn, E y Tuberosa Notas de Fondo: \u00c1mbar, caramelo,&hellip;","_links":{"self":[{"href":"https:\/\/sensacionarabe.com\/Mayoristas\/wp-json\/wp\/v2\/product\/5192","targetHints":{"allow":["GET"]}}],"collection":[{"href":"https:\/\/sensacionarabe.com\/Mayoristas\/wp-json\/wp\/v2\/product"}],"about":[{"href":"https:\/\/sensacionarabe.com\/Mayoristas\/wp-json\/wp\/v2\/types\/product"}],"replies":[{"embeddable":true,"href":"https:\/\/sensacionarabe.com\/Mayoristas\/wp-json\/wp\/v2\/comments?post=5192"}],"version-history":[{"count":7,"href":"https:\/\/sensacionarabe.com\/Mayoristas\/wp-json\/wp\/v2\/product\/5192\/revisions"}],"predecessor-version":[{"id":7049,"href":"https:\/\/sensacionarabe.com\/Mayoristas\/wp-json\/wp\/v2\/product\/5192\/revisions\/7049"}],"wp:featuredmedia":[{"embeddable":true,"href":"https:\/\/sensacionarabe.com\/Mayoristas\/wp-json\/wp\/v2\/media\/5193"}],"wp:attachment":[{"href":"https:\/\/sensacionarabe.com\/Mayoristas\/wp-json\/wp\/v2\/media?parent=5192"}],"wp:term":[{"taxonomy":"product_brand","embeddable":true,"href":"https:\/\/sensacionarabe.com\/Mayoristas\/wp-json\/wp\/v2\/product_brand?post=5192"},{"taxonomy":"product_cat","embeddable":true,"href":"https:\/\/sensacionarabe.com\/Mayoristas\/wp-json\/wp\/v2\/product_cat?post=5192"},{"taxonomy":"product_tag","embeddable":true,"href":"https:\/\/sensacionarabe.com\/Mayoristas\/wp-json\/wp\/v2\/product_tag?post=5192"}],"curies":[{"name":"wp","href":"https:\/\/api.w.org\/{rel}","templated":true}]}}