{"id":5479,"date":"2024-05-01T23:01:36","date_gmt":"2024-05-01T21:01:36","guid":{"rendered":"https:\/\/sensacionarabe.com\/?post_type=product&#038;p=5479"},"modified":"2025-09-02T20:59:01","modified_gmt":"2025-09-02T18:59:01","slug":"al-noble-wazeer-lattafa","status":"publish","type":"product","link":"https:\/\/sensacionarabe.com\/Mayoristas\/producto\/al-noble-wazeer-lattafa\/","title":{"rendered":"lattafa Al Noble Wazeer Eau de perfum 100ml"},"content":{"rendered":"\t\t<div data-elementor-type=\"wp-post\" data-elementor-id=\"5479\" class=\"elementor elementor-5479\">\n\t\t\t\t\t\t<section class=\"elementor-section elementor-top-section elementor-element elementor-element-4126f15 elementor-section-stretched elementor-section-boxed elementor-section-height-default elementor-section-height-default\" data-id=\"4126f15\" data-element_type=\"section\" data-e-type=\"section\" data-settings=\"{&quot;stretch_section&quot;:&quot;section-stretched&quot;}\">\n\t\t\t\t\t\t<div class=\"elementor-container elementor-column-gap-no\">\n\t\t\t\t\t<div class=\"elementor-column elementor-col-100 elementor-top-column elementor-element elementor-element-4123276\" data-id=\"4123276\" data-element_type=\"column\" data-e-type=\"column\">\n\t\t\t<div class=\"elementor-widget-wrap elementor-element-populated\">\n\t\t\t\t\t\t<section class=\"elementor-section elementor-inner-section elementor-element elementor-element-2361fc4 elementor-section-boxed elementor-section-height-default elementor-section-height-default\" data-id=\"2361fc4\" data-element_type=\"section\" data-e-type=\"section\">\n\t\t\t\t\t\t<div class=\"elementor-container elementor-column-gap-no\">\n\t\t\t\t\t<div class=\"elementor-column elementor-col-100 elementor-inner-column elementor-element elementor-element-31858ca\" data-id=\"31858ca\" data-element_type=\"column\" data-e-type=\"column\">\n\t\t\t<div class=\"elementor-widget-wrap elementor-element-populated\">\n\t\t\t\t\t\t<div class=\"elementor-element elementor-element-934ee30 elementor-widget elementor-widget-heading\" data-id=\"934ee30\" data-element_type=\"widget\" data-e-type=\"widget\" data-widget_type=\"heading.default\">\n\t\t\t\t\t<h3 class=\"elementor-heading-title elementor-size-default\">Descripci\u00f3n del Producto<\/h3>\t\t\t\t<\/div>\n\t\t\t\t<div class=\"elementor-element elementor-element-4a02e7d elementor-widget elementor-widget-text-editor\" data-id=\"4a02e7d\" data-element_type=\"widget\" data-e-type=\"widget\" data-widget_type=\"text-editor.default\">\n\t\t\t\t\t\t\t\t\t<p>Acuerdos principales: amaderado, dulce, polvoriento, iris, arom\u00e1tico, afrutado, verde, picante<\/p>\t\t\t\t\t\t\t\t<\/div>\n\t\t\t\t<div class=\"elementor-element elementor-element-8d08aea elementor-widget elementor-widget-text-editor\" data-id=\"8d08aea\" data-element_type=\"widget\" data-e-type=\"widget\" data-widget_type=\"text-editor.default\">\n\t\t\t\t\t\t\t\t\t<h3 data-wakoopa-seen=\"true\">Detalles del producto<\/h3><div id=\"detailBullets_feature_div\" data-wakoopa-seen=\"true\"><ul class=\"a-unordered-list a-nostyle a-vertical a-spacing-none detail-bullet-list\" data-wakoopa-seen=\"true\"><li data-wakoopa-seen=\"true\"><span class=\"a-list-item\" data-wakoopa-seen=\"true\"><span class=\"a-text-bold\" data-wakoopa-seen=\"true\"><strong>Dimensiones del producto \u200f :<\/strong> \u200e\u00a0<\/span><span data-wakoopa-seen=\"true\">8 x 6 x 3 pulgadas; 3,4 Onzas<\/span><\/span><\/li><li data-wakoopa-seen=\"true\"><span class=\"a-list-item\" data-wakoopa-seen=\"true\"><span class=\"a-text-bold\" data-wakoopa-seen=\"true\"><strong>N\u00famero de modelo del producto \u200f : \u200e<\/strong>\u00a0<\/span><span data-wakoopa-seen=\"true\">Noble<\/span><\/span><\/li><li data-wakoopa-seen=\"true\"><span class=\"a-list-item\" data-wakoopa-seen=\"true\"><strong><span class=\"a-text-bold\" data-wakoopa-seen=\"true\">Fabricante \u200f : \u200e\u00a0<\/span><\/strong><span data-wakoopa-seen=\"true\">LATTAFA<\/span><\/span><\/li><li data-wakoopa-seen=\"true\"><span class=\"a-list-item\" data-wakoopa-seen=\"true\"><span class=\"a-text-bold\" data-wakoopa-seen=\"true\"><strong>SKU \u200f :<\/strong> \u200e\u00a0<\/span><span data-wakoopa-seen=\"true\" data-wakoopa-lastvalue=\"undefined\">B0BGZJ6HQV<\/span><\/span><\/li><\/ul><\/div>\t\t\t\t\t\t\t\t<\/div>\n\t\t\t\t\t<\/div>\n\t\t<\/div>\n\t\t\t\t\t<\/div>\n\t\t<\/section>\n\t\t\t\t\t<\/div>\n\t\t<\/div>\n\t\t\t\t\t<\/div>\n\t\t<\/section>\n\t\t\t\t<\/div>\n\t\t","protected":false},"excerpt":{"rendered":"<ul>\n<li><strong>Marca\u00a0<\/strong>\u00a0 Lattafa<\/li>\n<li><strong>Forma del producto<\/strong>\u00a0 L\u00edquido<\/li>\n<li><strong>Volumen del art\u00edculo\u00a0\u00a0<\/strong> 100 Mililitros<\/li>\n<li><strong>Fragancia\u00a0\u00a0\u00a0\u00a0 <\/strong>Naranja, vainilla<\/li>\n<li><strong>Caracter\u00edsticas especiales\u00a0\u00a0\u00a0\u00a0 <\/strong>Larga duraci\u00f3n<\/li>\n<\/ul>\n<h3 class=\"a-size-base-plus a-text-bold\" data-wakoopa-seen=\"true\">Sobre este art\u00edculo<\/h3>\n<ul class=\"a-unordered-list a-vertical a-spacing-mini\" data-wakoopa-seen=\"true\">\n<li class=\"a-spacing-mini\" data-wakoopa-seen=\"true\"><span class=\"a-list-item\" data-wakoopa-seen=\"true\">Lattafa Los perfumes son una fragancia afrutada y amaderada en polvo para mujeres y hombres<\/span><\/li>\n<li class=\"a-spacing-mini\" data-wakoopa-seen=\"true\"><span class=\"a-list-item\" data-wakoopa-seen=\"true\">La nota superior ligeramente fresca y verde ofrece una mezcla de menta, naranja amarga, bergamota y enebro<\/span><\/li>\n<li class=\"a-spacing-mini\" data-wakoopa-seen=\"true\"><span class=\"a-list-item\" data-wakoopa-seen=\"true\">Iris, chocolate negro, frambuesas, caramelo y peras siguen en las delicadas notas de salida<\/span><\/li>\n<li class=\"a-spacing-mini\" data-wakoopa-seen=\"true\"><span class=\"a-list-item\" data-wakoopa-seen=\"true\">Una base de cedro, s\u00e1ndalo, vetiver, \u00e1mbar, vainilla y almizcle cierra el perfume suave y armoniosamente<\/span><\/li>\n<li class=\"a-spacing-mini\" data-wakoopa-seen=\"true\"><span class=\"a-list-item\" data-wakoopa-seen=\"true\">Wazeer Al Noble es simult\u00e1neo, fresco, c\u00e1lido y profundo, contrastante y armonioso y es muy adecuado para cualquier ocasi\u00f3n<\/span><\/li>\n<\/ul>\n","protected":false},"featured_media":5483,"comment_status":"open","ping_status":"closed","template":"","meta":{"nf_dc_page":"","_uag_custom_page_level_css":"","site-sidebar-layout":"default","site-content-layout":"default","ast-site-content-layout":"default","site-content-style":"default","site-sidebar-style":"default","ast-global-header-display":"","ast-banner-title-visibility":"","ast-main-header-display":"","ast-hfb-above-header-display":"","ast-hfb-below-header-display":"","ast-hfb-mobile-header-display":"","site-post-title":"","ast-breadcrumbs-content":"","ast-featured-img":"","footer-sml-layout":"","ast-disable-related-posts":"","theme-transparent-header-meta":"default","adv-header-id-meta":"","stick-header-meta":"","header-above-stick-meta":"","header-main-stick-meta":"","header-below-stick-meta":"","astra-migrate-meta-layouts":"set","ast-page-background-enabled":"default","ast-page-background-meta":{"desktop":{"background-color":"","background-image":"","background-repeat":"repeat","background-position":"center center","background-size":"auto","background-attachment":"scroll","background-type":"","background-media":"","overlay-type":"","overlay-color":"","overlay-opacity":"","overlay-gradient":""},"tablet":{"background-color":"","background-image":"","background-repeat":"repeat","background-position":"center center","background-size":"auto","background-attachment":"scroll","background-type":"","background-media":"","overlay-type":"","overlay-color":"","overlay-opacity":"","overlay-gradient":""},"mobile":{"background-color":"","background-image":"","background-repeat":"repeat","background-position":"center center","background-size":"auto","background-attachment":"scroll","background-type":"","background-media":"","overlay-type":"","overlay-color":"","overlay-opacity":"","overlay-gradient":""}},"ast-content-background-meta":{"desktop":{"background-color":"var(--ast-global-color-5)","background-image":"","background-repeat":"repeat","background-position":"center center","background-size":"auto","background-attachment":"scroll","background-type":"","background-media":"","overlay-type":"","overlay-color":"","overlay-opacity":"","overlay-gradient":""},"tablet":{"background-color":"var(--ast-global-color-5)","background-image":"","background-repeat":"repeat","background-position":"center center","background-size":"auto","background-attachment":"scroll","background-type":"","background-media":"","overlay-type":"","overlay-color":"","overlay-opacity":"","overlay-gradient":""},"mobile":{"background-color":"var(--ast-global-color-5)","background-image":"","background-repeat":"repeat","background-position":"center center","background-size":"auto","background-attachment":"scroll","background-type":"","background-media":"","overlay-type":"","overlay-color":"","overlay-opacity":"","overlay-gradient":""}}},"product_brand":[],"product_cat":[40],"product_tag":[58],"class_list":{"0":"post-5479","1":"product","2":"type-product","3":"status-publish","4":"has-post-thumbnail","6":"product_cat-hombre","7":"product_tag-lattafa","8":"desktop-align-left","9":"tablet-align-left","10":"mobile-align-left","12":"first","13":"outofstock","14":"taxable","15":"shipping-taxable","16":"purchasable","17":"product-type-simple"},"uagb_featured_image_src":{"full":["https:\/\/sensacionarabe.com\/Mayoristas\/wp-content\/uploads\/2024\/05\/61nM-ccS03L._SL12002-1.jpg",650,900,false],"thumbnail":["https:\/\/sensacionarabe.com\/Mayoristas\/wp-content\/uploads\/2024\/05\/61nM-ccS03L._SL12002-1-150x150.jpg",150,150,true],"medium":["https:\/\/sensacionarabe.com\/Mayoristas\/wp-content\/uploads\/2024\/05\/61nM-ccS03L._SL12002-1-217x300.jpg",217,300,true],"medium_large":["https:\/\/sensacionarabe.com\/Mayoristas\/wp-content\/uploads\/2024\/05\/61nM-ccS03L._SL12002-1.jpg",650,900,false],"large":["https:\/\/sensacionarabe.com\/Mayoristas\/wp-content\/uploads\/2024\/05\/61nM-ccS03L._SL12002-1.jpg",650,900,false],"1536x1536":["https:\/\/sensacionarabe.com\/Mayoristas\/wp-content\/uploads\/2024\/05\/61nM-ccS03L._SL12002-1.jpg",650,900,false],"2048x2048":["https:\/\/sensacionarabe.com\/Mayoristas\/wp-content\/uploads\/2024\/05\/61nM-ccS03L._SL12002-1.jpg",650,900,false],"woocommerce_thumbnail":["https:\/\/sensacionarabe.com\/Mayoristas\/wp-content\/uploads\/2024\/05\/61nM-ccS03L._SL12002-1-300x300.jpg",300,300,true],"woocommerce_single":["https:\/\/sensacionarabe.com\/Mayoristas\/wp-content\/uploads\/2024\/05\/61nM-ccS03L._SL12002-1-600x831.jpg",600,831,true],"woocommerce_gallery_thumbnail":["https:\/\/sensacionarabe.com\/Mayoristas\/wp-content\/uploads\/2024\/05\/61nM-ccS03L._SL12002-1-100x100.jpg",100,100,true],"variation_swatches_image_size":["https:\/\/sensacionarabe.com\/Mayoristas\/wp-content\/uploads\/2024\/05\/61nM-ccS03L._SL12002-1.jpg",36,50,false],"variation_swatches_tooltip_size":["https:\/\/sensacionarabe.com\/Mayoristas\/wp-content\/uploads\/2024\/05\/61nM-ccS03L._SL12002-1.jpg",72,100,false]},"uagb_author_info":{"display_name":"admin","author_link":"https:\/\/sensacionarabe.com\/Mayoristas\/author\/"},"uagb_comment_info":0,"uagb_excerpt":"Marca\u00a0\u00a0 Lattafa Forma del producto\u00a0 L\u00edquido Volumen del art\u00edculo\u00a0\u00a0 100 Mililitros Fragancia\u00a0\u00a0\u00a0\u00a0 Naranja, vainilla Caracter\u00edsticas especiales\u00a0\u00a0\u00a0\u00a0 Larga duraci\u00f3n Sobre este art\u00edculo Lattafa Los perfumes son una fragancia afrutada y amaderada en polvo para mujeres y hombres La nota superior ligeramente fresca y verde ofrece una mezcla de menta, naranja amarga, bergamota y enebro Iris, chocolate&hellip;","_links":{"self":[{"href":"https:\/\/sensacionarabe.com\/Mayoristas\/wp-json\/wp\/v2\/product\/5479","targetHints":{"allow":["GET"]}}],"collection":[{"href":"https:\/\/sensacionarabe.com\/Mayoristas\/wp-json\/wp\/v2\/product"}],"about":[{"href":"https:\/\/sensacionarabe.com\/Mayoristas\/wp-json\/wp\/v2\/types\/product"}],"replies":[{"embeddable":true,"href":"https:\/\/sensacionarabe.com\/Mayoristas\/wp-json\/wp\/v2\/comments?post=5479"}],"version-history":[{"count":9,"href":"https:\/\/sensacionarabe.com\/Mayoristas\/wp-json\/wp\/v2\/product\/5479\/revisions"}],"predecessor-version":[{"id":7033,"href":"https:\/\/sensacionarabe.com\/Mayoristas\/wp-json\/wp\/v2\/product\/5479\/revisions\/7033"}],"wp:featuredmedia":[{"embeddable":true,"href":"https:\/\/sensacionarabe.com\/Mayoristas\/wp-json\/wp\/v2\/media\/5483"}],"wp:attachment":[{"href":"https:\/\/sensacionarabe.com\/Mayoristas\/wp-json\/wp\/v2\/media?parent=5479"}],"wp:term":[{"taxonomy":"product_brand","embeddable":true,"href":"https:\/\/sensacionarabe.com\/Mayoristas\/wp-json\/wp\/v2\/product_brand?post=5479"},{"taxonomy":"product_cat","embeddable":true,"href":"https:\/\/sensacionarabe.com\/Mayoristas\/wp-json\/wp\/v2\/product_cat?post=5479"},{"taxonomy":"product_tag","embeddable":true,"href":"https:\/\/sensacionarabe.com\/Mayoristas\/wp-json\/wp\/v2\/product_tag?post=5479"}],"curies":[{"name":"wp","href":"https:\/\/api.w.org\/{rel}","templated":true}]}}