{"id":5784,"date":"2024-05-27T14:07:50","date_gmt":"2024-05-27T12:07:50","guid":{"rendered":"https:\/\/sensacionarabe.com\/producto\/khamrah-lattafa-eau-de-parfum\/"},"modified":"2026-01-04T00:39:08","modified_gmt":"2026-01-03T23:39:08","slug":"khamrah-lattafa-eau-de-parfum","status":"publish","type":"product","link":"https:\/\/sensacionarabe.com\/Mayoristas\/producto\/khamrah-lattafa-eau-de-parfum\/","title":{"rendered":"Lattafa Khamrah Eau de Parfum 100ml"},"content":{"rendered":"<p>Marca Lattafa<\/p>\n<p>Forma del producto  L\u00edquido<\/p>\n<p>Volumen del art\u00edculo  100 Mililitros<\/p>\n<p>Concentraci\u00f3n de fragancia  Eau de parfum<\/p>\n<p>SOBRE ESTE ART\u00cdCULO<\/p>\n<p>Khamrah de Lattafa perfumes es una fragancia de la familia olfativa arom\u00e1tica especiada para hombres y mujeres . Esta fragancia es nueva. Khamrah se lanz\u00f3 en 2022. Las notas de salida son canela, nuez moscada y bergamota; las notas de coraz\u00f3n son d\u00e1tiles,praline,nardos y mahonial; las notas de fondo son vainilla,haba tonka, Amberwood,mirra, benju\u00ed y Akigalawood<\/p>\n","protected":false},"excerpt":{"rendered":"<p>Marca Lattafa Forma del producto L\u00edquido Volumen del art\u00edculo 100 Mililitros Concentraci\u00f3n de fragancia Eau de parfum SOBRE ESTE ART\u00cdCULO Khamrah de Lattafa perfumes es una fragancia de la familia olfativa arom\u00e1tica especiada para hombres y mujeres . Esta fragancia es nueva. Khamrah se lanz\u00f3 en 2022. Las notas de salida son canela, nuez moscada [&hellip;]<\/p>\n","protected":false},"featured_media":6794,"comment_status":"open","ping_status":"closed","template":"","meta":{"nf_dc_page":"","_uag_custom_page_level_css":"","site-sidebar-layout":"default","site-content-layout":"","ast-site-content-layout":"default","site-content-style":"default","site-sidebar-style":"default","ast-global-header-display":"","ast-banner-title-visibility":"","ast-main-header-display":"","ast-hfb-above-header-display":"","ast-hfb-below-header-display":"","ast-hfb-mobile-header-display":"","site-post-title":"","ast-breadcrumbs-content":"","ast-featured-img":"","footer-sml-layout":"","ast-disable-related-posts":"","theme-transparent-header-meta":"","adv-header-id-meta":"","stick-header-meta":"","header-above-stick-meta":"","header-main-stick-meta":"","header-below-stick-meta":"","astra-migrate-meta-layouts":"default","ast-page-background-enabled":"default","ast-page-background-meta":{"desktop":{"background-color":"","background-image":"","background-repeat":"repeat","background-position":"center center","background-size":"auto","background-attachment":"scroll","background-type":"","background-media":"","overlay-type":"","overlay-color":"","overlay-opacity":"","overlay-gradient":""},"tablet":{"background-color":"","background-image":"","background-repeat":"repeat","background-position":"center center","background-size":"auto","background-attachment":"scroll","background-type":"","background-media":"","overlay-type":"","overlay-color":"","overlay-opacity":"","overlay-gradient":""},"mobile":{"background-color":"","background-image":"","background-repeat":"repeat","background-position":"center center","background-size":"auto","background-attachment":"scroll","background-type":"","background-media":"","overlay-type":"","overlay-color":"","overlay-opacity":"","overlay-gradient":""}},"ast-content-background-meta":{"desktop":{"background-color":"var(--ast-global-color-5)","background-image":"","background-repeat":"repeat","background-position":"center center","background-size":"auto","background-attachment":"scroll","background-type":"","background-media":"","overlay-type":"","overlay-color":"","overlay-opacity":"","overlay-gradient":""},"tablet":{"background-color":"var(--ast-global-color-5)","background-image":"","background-repeat":"repeat","background-position":"center center","background-size":"auto","background-attachment":"scroll","background-type":"","background-media":"","overlay-type":"","overlay-color":"","overlay-opacity":"","overlay-gradient":""},"mobile":{"background-color":"var(--ast-global-color-5)","background-image":"","background-repeat":"repeat","background-position":"center center","background-size":"auto","background-attachment":"scroll","background-type":"","background-media":"","overlay-type":"","overlay-color":"","overlay-opacity":"","overlay-gradient":""}}},"product_brand":[],"product_cat":[29],"product_tag":[],"class_list":{"0":"post-5784","1":"product","2":"type-product","3":"status-publish","4":"has-post-thumbnail","6":"product_cat-unisex","7":"desktop-align-left","8":"tablet-align-left","9":"mobile-align-left","11":"first","12":"instock","13":"taxable","14":"shipping-taxable","15":"purchasable","16":"product-type-simple"},"uagb_featured_image_src":{"full":["https:\/\/sensacionarabe.com\/Mayoristas\/wp-content\/uploads\/2024\/05\/1000066716.jpg",1004,952,false],"thumbnail":["https:\/\/sensacionarabe.com\/Mayoristas\/wp-content\/uploads\/2024\/05\/1000066716-150x150.jpg",150,150,true],"medium":["https:\/\/sensacionarabe.com\/Mayoristas\/wp-content\/uploads\/2024\/05\/1000066716-300x284.jpg",300,284,true],"medium_large":["https:\/\/sensacionarabe.com\/Mayoristas\/wp-content\/uploads\/2024\/05\/1000066716-768x728.jpg",768,728,true],"large":["https:\/\/sensacionarabe.com\/Mayoristas\/wp-content\/uploads\/2024\/05\/1000066716.jpg",1004,952,false],"1536x1536":["https:\/\/sensacionarabe.com\/Mayoristas\/wp-content\/uploads\/2024\/05\/1000066716.jpg",1004,952,false],"2048x2048":["https:\/\/sensacionarabe.com\/Mayoristas\/wp-content\/uploads\/2024\/05\/1000066716.jpg",1004,952,false],"woocommerce_thumbnail":["https:\/\/sensacionarabe.com\/Mayoristas\/wp-content\/uploads\/2024\/05\/1000066716-300x300.jpg",300,300,true],"woocommerce_single":["https:\/\/sensacionarabe.com\/Mayoristas\/wp-content\/uploads\/2024\/05\/1000066716-600x569.jpg",600,569,true],"woocommerce_gallery_thumbnail":["https:\/\/sensacionarabe.com\/Mayoristas\/wp-content\/uploads\/2024\/05\/1000066716-100x100.jpg",100,100,true],"variation_swatches_image_size":["https:\/\/sensacionarabe.com\/Mayoristas\/wp-content\/uploads\/2024\/05\/1000066716.jpg",50,47,false],"variation_swatches_tooltip_size":["https:\/\/sensacionarabe.com\/Mayoristas\/wp-content\/uploads\/2024\/05\/1000066716.jpg",100,95,false]},"uagb_author_info":{"display_name":"admin","author_link":"https:\/\/sensacionarabe.com\/Mayoristas\/author\/"},"uagb_comment_info":0,"uagb_excerpt":"Marca Lattafa Forma del producto L\u00edquido Volumen del art\u00edculo 100 Mililitros Concentraci\u00f3n de fragancia Eau de parfum SOBRE ESTE ART\u00cdCULO Khamrah de Lattafa perfumes es una fragancia de la familia olfativa arom\u00e1tica especiada para hombres y mujeres . Esta fragancia es nueva. Khamrah se lanz\u00f3 en 2022. Las notas de salida son canela, nuez moscada&hellip;","_links":{"self":[{"href":"https:\/\/sensacionarabe.com\/Mayoristas\/wp-json\/wp\/v2\/product\/5784","targetHints":{"allow":["GET"]}}],"collection":[{"href":"https:\/\/sensacionarabe.com\/Mayoristas\/wp-json\/wp\/v2\/product"}],"about":[{"href":"https:\/\/sensacionarabe.com\/Mayoristas\/wp-json\/wp\/v2\/types\/product"}],"replies":[{"embeddable":true,"href":"https:\/\/sensacionarabe.com\/Mayoristas\/wp-json\/wp\/v2\/comments?post=5784"}],"version-history":[{"count":1,"href":"https:\/\/sensacionarabe.com\/Mayoristas\/wp-json\/wp\/v2\/product\/5784\/revisions"}],"predecessor-version":[{"id":7085,"href":"https:\/\/sensacionarabe.com\/Mayoristas\/wp-json\/wp\/v2\/product\/5784\/revisions\/7085"}],"wp:featuredmedia":[{"embeddable":true,"href":"https:\/\/sensacionarabe.com\/Mayoristas\/wp-json\/wp\/v2\/media\/6794"}],"wp:attachment":[{"href":"https:\/\/sensacionarabe.com\/Mayoristas\/wp-json\/wp\/v2\/media?parent=5784"}],"wp:term":[{"taxonomy":"product_brand","embeddable":true,"href":"https:\/\/sensacionarabe.com\/Mayoristas\/wp-json\/wp\/v2\/product_brand?post=5784"},{"taxonomy":"product_cat","embeddable":true,"href":"https:\/\/sensacionarabe.com\/Mayoristas\/wp-json\/wp\/v2\/product_cat?post=5784"},{"taxonomy":"product_tag","embeddable":true,"href":"https:\/\/sensacionarabe.com\/Mayoristas\/wp-json\/wp\/v2\/product_tag?post=5784"}],"curies":[{"name":"wp","href":"https:\/\/api.w.org\/{rel}","templated":true}]}}