{"id":5788,"date":"2024-05-27T15:24:55","date_gmt":"2024-05-27T13:24:55","guid":{"rendered":"https:\/\/sensacionarabe.com\/producto\/club-de-nuit-woman-eau-de-perfum-105\/"},"modified":"2025-11-26T20:58:59","modified_gmt":"2025-11-26T19:58:59","slug":"club-de-nuit-woman-eau-de-perfum-105","status":"publish","type":"product","link":"https:\/\/sensacionarabe.com\/Mayoristas\/producto\/club-de-nuit-woman-eau-de-perfum-105\/","title":{"rendered":"Armaf Club de nuit woman Eau de perfum 105"},"content":{"rendered":"<p>DESCRIPCI\u00d3N DEL ART\u00cdCULO<\/p>\n<h2 style=\"margin-top: 0px;margin-bottom: 20px;font-family: FuturaNewBook;font-weight: 400;line-height: 1.1;letter-spacing: 1px;font-size: 1.25rem;font-style: normal;text-align: start;text-indent: 0px;text-transform: none;text-decoration: none\">El perfume<span class=\"Apple-converted-space\">&nbsp;<\/span><strong style=\"font-weight: bolder\">Club de Nuit Woman<\/strong><span class=\"Apple-converted-space\">&nbsp;<\/span>es una fragancia que despierta los sentidos con un estallido \u00e1cido, vibrante y luminoso al ser atomizado, revelando una combinaci\u00f3n de lichi y c\u00edtricos como bergamota, mandarina, toronja y naranja. Posteriormente, se sumerge en la intensidad y juventud de las rosas, con p\u00e9talos suaves y aterciopelados, acompa\u00f1ados sutilmente por el jazm\u00edn. En su fondo, se percibe un vetiver amaderado y cremoso, almizcle blanco, trazas de vainilla y un pachul\u00ed herb\u00e1ceo y crujiente, que no resulta abrumador. En resumen, esta encantadora fragancia destaca en la piel por su combinaci\u00f3n de rosa, c\u00edtricos, vetiver y pachul\u00ed, proyectando una sensaci\u00f3n de refinamiento y equilibrio sorprendente, especialmente considerando su accesible precio.<\/h2>\n<h2 style=\"margin-top: 0px;margin-bottom: 20px;font-family: FuturaNewBook;font-weight: 400;line-height: 1.1;letter-spacing: 1px;font-size: 1.25rem;font-style: normal;text-align: start;text-indent: 0px;text-transform: none;text-decoration: none\"><\/h2>\n<h2 style=\"margin-top: 0px;margin-bottom: 20px;font-family: FuturaNewBook;font-weight: 400;line-height: 1.1;letter-spacing: 1px;font-size: 1.25rem;font-style: normal;text-align: start;text-indent: 0px;text-transform: none;text-decoration: none\">Su versatilidad lo convierte en un perfume ideal para cualquier ocasi\u00f3n, ya que emana formalidad y elegancia. Con una duraci\u00f3n de m\u00e1s de 10 horas y una estela inicial fuerte que se modera con el tiempo, esta fragancia se convierte en una compa\u00f1era constante a lo largo del d\u00eda<\/h2>\n","protected":false},"excerpt":{"rendered":"<p>DESCRIPCI\u00d3N DEL ART\u00cdCULO El perfume&nbsp;Club de Nuit Woman&nbsp;es una fragancia que despierta los sentidos con un estallido \u00e1cido, vibrante y luminoso al ser atomizado, revelando una combinaci\u00f3n de lichi y c\u00edtricos como bergamota, mandarina, toronja y naranja. Posteriormente, se sumerge en la intensidad y juventud de las rosas, con p\u00e9talos suaves y aterciopelados, acompa\u00f1ados sutilmente [&hellip;]<\/p>\n","protected":false},"featured_media":5787,"comment_status":"open","ping_status":"closed","template":"","meta":{"nf_dc_page":"","_uag_custom_page_level_css":"","site-sidebar-layout":"default","site-content-layout":"","ast-site-content-layout":"default","site-content-style":"default","site-sidebar-style":"default","ast-global-header-display":"","ast-banner-title-visibility":"","ast-main-header-display":"","ast-hfb-above-header-display":"","ast-hfb-below-header-display":"","ast-hfb-mobile-header-display":"","site-post-title":"","ast-breadcrumbs-content":"","ast-featured-img":"","footer-sml-layout":"","ast-disable-related-posts":"","theme-transparent-header-meta":"","adv-header-id-meta":"","stick-header-meta":"","header-above-stick-meta":"","header-main-stick-meta":"","header-below-stick-meta":"","astra-migrate-meta-layouts":"default","ast-page-background-enabled":"default","ast-page-background-meta":{"desktop":{"background-color":"","background-image":"","background-repeat":"repeat","background-position":"center center","background-size":"auto","background-attachment":"scroll","background-type":"","background-media":"","overlay-type":"","overlay-color":"","overlay-opacity":"","overlay-gradient":""},"tablet":{"background-color":"","background-image":"","background-repeat":"repeat","background-position":"center center","background-size":"auto","background-attachment":"scroll","background-type":"","background-media":"","overlay-type":"","overlay-color":"","overlay-opacity":"","overlay-gradient":""},"mobile":{"background-color":"","background-image":"","background-repeat":"repeat","background-position":"center center","background-size":"auto","background-attachment":"scroll","background-type":"","background-media":"","overlay-type":"","overlay-color":"","overlay-opacity":"","overlay-gradient":""}},"ast-content-background-meta":{"desktop":{"background-color":"var(--ast-global-color-5)","background-image":"","background-repeat":"repeat","background-position":"center center","background-size":"auto","background-attachment":"scroll","background-type":"","background-media":"","overlay-type":"","overlay-color":"","overlay-opacity":"","overlay-gradient":""},"tablet":{"background-color":"var(--ast-global-color-5)","background-image":"","background-repeat":"repeat","background-position":"center center","background-size":"auto","background-attachment":"scroll","background-type":"","background-media":"","overlay-type":"","overlay-color":"","overlay-opacity":"","overlay-gradient":""},"mobile":{"background-color":"var(--ast-global-color-5)","background-image":"","background-repeat":"repeat","background-position":"center center","background-size":"auto","background-attachment":"scroll","background-type":"","background-media":"","overlay-type":"","overlay-color":"","overlay-opacity":"","overlay-gradient":""}}},"product_brand":[],"product_cat":[49],"product_tag":[],"class_list":{"0":"post-5788","1":"product","2":"type-product","3":"status-publish","4":"has-post-thumbnail","6":"product_cat-mujer","7":"desktop-align-left","8":"tablet-align-left","9":"mobile-align-left","11":"first","12":"instock","13":"sale","14":"taxable","15":"shipping-taxable","16":"purchasable","17":"product-type-simple"},"uagb_featured_image_src":{"full":["https:\/\/sensacionarabe.com\/Mayoristas\/wp-content\/uploads\/2024\/05\/photoroom_20240527_152245.jpeg",1080,1080,false],"thumbnail":["https:\/\/sensacionarabe.com\/Mayoristas\/wp-content\/uploads\/2024\/05\/photoroom_20240527_152245-150x150.jpeg",150,150,true],"medium":["https:\/\/sensacionarabe.com\/Mayoristas\/wp-content\/uploads\/2024\/05\/photoroom_20240527_152245-300x300.jpeg",300,300,true],"medium_large":["https:\/\/sensacionarabe.com\/Mayoristas\/wp-content\/uploads\/2024\/05\/photoroom_20240527_152245-768x768.jpeg",768,768,true],"large":["https:\/\/sensacionarabe.com\/Mayoristas\/wp-content\/uploads\/2024\/05\/photoroom_20240527_152245-1024x1024.jpeg",1024,1024,true],"1536x1536":["https:\/\/sensacionarabe.com\/Mayoristas\/wp-content\/uploads\/2024\/05\/photoroom_20240527_152245.jpeg",1080,1080,false],"2048x2048":["https:\/\/sensacionarabe.com\/Mayoristas\/wp-content\/uploads\/2024\/05\/photoroom_20240527_152245.jpeg",1080,1080,false],"woocommerce_thumbnail":["https:\/\/sensacionarabe.com\/Mayoristas\/wp-content\/uploads\/2024\/05\/photoroom_20240527_152245-300x300.jpeg",300,300,true],"woocommerce_single":["https:\/\/sensacionarabe.com\/Mayoristas\/wp-content\/uploads\/2024\/05\/photoroom_20240527_152245-600x600.jpeg",600,600,true],"woocommerce_gallery_thumbnail":["https:\/\/sensacionarabe.com\/Mayoristas\/wp-content\/uploads\/2024\/05\/photoroom_20240527_152245-100x100.jpeg",100,100,true],"variation_swatches_image_size":["https:\/\/sensacionarabe.com\/Mayoristas\/wp-content\/uploads\/2024\/05\/photoroom_20240527_152245.jpeg",50,50,false],"variation_swatches_tooltip_size":["https:\/\/sensacionarabe.com\/Mayoristas\/wp-content\/uploads\/2024\/05\/photoroom_20240527_152245.jpeg",100,100,false]},"uagb_author_info":{"display_name":"admin","author_link":"https:\/\/sensacionarabe.com\/Mayoristas\/author\/"},"uagb_comment_info":0,"uagb_excerpt":"DESCRIPCI\u00d3N DEL ART\u00cdCULO El perfume&nbsp;Club de Nuit Woman&nbsp;es una fragancia que despierta los sentidos con un estallido \u00e1cido, vibrante y luminoso al ser atomizado, revelando una combinaci\u00f3n de lichi y c\u00edtricos como bergamota, mandarina, toronja y naranja. Posteriormente, se sumerge en la intensidad y juventud de las rosas, con p\u00e9talos suaves y aterciopelados, acompa\u00f1ados sutilmente&hellip;","_links":{"self":[{"href":"https:\/\/sensacionarabe.com\/Mayoristas\/wp-json\/wp\/v2\/product\/5788","targetHints":{"allow":["GET"]}}],"collection":[{"href":"https:\/\/sensacionarabe.com\/Mayoristas\/wp-json\/wp\/v2\/product"}],"about":[{"href":"https:\/\/sensacionarabe.com\/Mayoristas\/wp-json\/wp\/v2\/types\/product"}],"replies":[{"embeddable":true,"href":"https:\/\/sensacionarabe.com\/Mayoristas\/wp-json\/wp\/v2\/comments?post=5788"}],"version-history":[{"count":2,"href":"https:\/\/sensacionarabe.com\/Mayoristas\/wp-json\/wp\/v2\/product\/5788\/revisions"}],"predecessor-version":[{"id":6209,"href":"https:\/\/sensacionarabe.com\/Mayoristas\/wp-json\/wp\/v2\/product\/5788\/revisions\/6209"}],"wp:featuredmedia":[{"embeddable":true,"href":"https:\/\/sensacionarabe.com\/Mayoristas\/wp-json\/wp\/v2\/media\/5787"}],"wp:attachment":[{"href":"https:\/\/sensacionarabe.com\/Mayoristas\/wp-json\/wp\/v2\/media?parent=5788"}],"wp:term":[{"taxonomy":"product_brand","embeddable":true,"href":"https:\/\/sensacionarabe.com\/Mayoristas\/wp-json\/wp\/v2\/product_brand?post=5788"},{"taxonomy":"product_cat","embeddable":true,"href":"https:\/\/sensacionarabe.com\/Mayoristas\/wp-json\/wp\/v2\/product_cat?post=5788"},{"taxonomy":"product_tag","embeddable":true,"href":"https:\/\/sensacionarabe.com\/Mayoristas\/wp-json\/wp\/v2\/product_tag?post=5788"}],"curies":[{"name":"wp","href":"https:\/\/api.w.org\/{rel}","templated":true}]}}