{"id":5807,"date":"2024-05-31T00:11:22","date_gmt":"2024-05-30T22:11:22","guid":{"rendered":"https:\/\/sensacionarabe.com\/producto\/sehr-eau-de-perfume-100ml-lattafa\/"},"modified":"2025-09-25T10:50:18","modified_gmt":"2025-09-25T08:50:18","slug":"sehr-eau-de-perfume-100ml-lattafa","status":"publish","type":"product","link":"https:\/\/sensacionarabe.com\/Mayoristas\/producto\/sehr-eau-de-perfume-100ml-lattafa\/","title":{"rendered":"Lattafa Sehr Eau de perfume 100ml"},"content":{"rendered":"<p>Notas. Canela . Almendra amarga<\/p>\n<p>Coraz\u00f3n &#8211; Jazm\u00edn, Pomarosa, Akigalawood<\/p>\n<p>Base: absoluto de vainilla, \u00e1mbar, haba tonka<\/p>\n<p>DESCRIPCI\u00d3N DEL ART\u00cdCULO<\/p>\n<p>Eau de perfum 100ml | por Lattafa<\/p>\n<p>Sum\u00e9rgete en el delicioso encanto de Sehr de Lattafa, una exquisita fragancia que combina armoniosamente una rica vainilla y un suntuoso caramelo para envolver tus sentidos en un capullo de dulzura.<\/p>\n<p>Una apertura aterciopelada:<\/p>\n<p>Sehr abre con una ola aterciopelada de vainilla que es a la vez reconfortante y encantadora. Esta explosi\u00f3n inicial evoca la calidez y la comodidad de un postre reci\u00e9n horneado, transport\u00e1ndote instant\u00e1neamente a un lugar de placentera comodidad.<\/p>\n","protected":false},"excerpt":{"rendered":"<p>Notas. Canela . Almendra amarga Coraz\u00f3n &#8211; Jazm\u00edn, Pomarosa, Akigalawood Base: absoluto de vainilla, \u00e1mbar, haba tonka DESCRIPCI\u00d3N DEL ART\u00cdCULO Eau de perfum 100ml | por Lattafa Sum\u00e9rgete en el delicioso encanto de Sehr de Lattafa, una exquisita fragancia que combina armoniosamente una rica vainilla y un suntuoso caramelo para envolver tus sentidos en un [&hellip;]<\/p>\n","protected":false},"featured_media":5805,"comment_status":"open","ping_status":"closed","template":"","meta":{"nf_dc_page":"","_uag_custom_page_level_css":"","site-sidebar-layout":"default","site-content-layout":"","ast-site-content-layout":"default","site-content-style":"default","site-sidebar-style":"default","ast-global-header-display":"","ast-banner-title-visibility":"","ast-main-header-display":"","ast-hfb-above-header-display":"","ast-hfb-below-header-display":"","ast-hfb-mobile-header-display":"","site-post-title":"","ast-breadcrumbs-content":"","ast-featured-img":"","footer-sml-layout":"","ast-disable-related-posts":"","theme-transparent-header-meta":"","adv-header-id-meta":"","stick-header-meta":"","header-above-stick-meta":"","header-main-stick-meta":"","header-below-stick-meta":"","astra-migrate-meta-layouts":"default","ast-page-background-enabled":"default","ast-page-background-meta":{"desktop":{"background-color":"","background-image":"","background-repeat":"repeat","background-position":"center center","background-size":"auto","background-attachment":"scroll","background-type":"","background-media":"","overlay-type":"","overlay-color":"","overlay-opacity":"","overlay-gradient":""},"tablet":{"background-color":"","background-image":"","background-repeat":"repeat","background-position":"center center","background-size":"auto","background-attachment":"scroll","background-type":"","background-media":"","overlay-type":"","overlay-color":"","overlay-opacity":"","overlay-gradient":""},"mobile":{"background-color":"","background-image":"","background-repeat":"repeat","background-position":"center center","background-size":"auto","background-attachment":"scroll","background-type":"","background-media":"","overlay-type":"","overlay-color":"","overlay-opacity":"","overlay-gradient":""}},"ast-content-background-meta":{"desktop":{"background-color":"var(--ast-global-color-5)","background-image":"","background-repeat":"repeat","background-position":"center center","background-size":"auto","background-attachment":"scroll","background-type":"","background-media":"","overlay-type":"","overlay-color":"","overlay-opacity":"","overlay-gradient":""},"tablet":{"background-color":"var(--ast-global-color-5)","background-image":"","background-repeat":"repeat","background-position":"center center","background-size":"auto","background-attachment":"scroll","background-type":"","background-media":"","overlay-type":"","overlay-color":"","overlay-opacity":"","overlay-gradient":""},"mobile":{"background-color":"var(--ast-global-color-5)","background-image":"","background-repeat":"repeat","background-position":"center center","background-size":"auto","background-attachment":"scroll","background-type":"","background-media":"","overlay-type":"","overlay-color":"","overlay-opacity":"","overlay-gradient":""}}},"product_brand":[],"product_cat":[29],"product_tag":[58],"class_list":{"0":"post-5807","1":"product","2":"type-product","3":"status-publish","4":"has-post-thumbnail","6":"product_cat-unisex","7":"product_tag-lattafa","8":"desktop-align-left","9":"tablet-align-left","10":"mobile-align-left","12":"first","13":"instock","14":"featured","15":"taxable","16":"shipping-taxable","17":"purchasable","18":"product-type-simple"},"uagb_featured_image_src":{"full":["https:\/\/sensacionarabe.com\/Mayoristas\/wp-content\/uploads\/2024\/05\/img_7726-1.jpeg",647,1004,false],"thumbnail":["https:\/\/sensacionarabe.com\/Mayoristas\/wp-content\/uploads\/2024\/05\/img_7726-1-150x150.jpeg",150,150,true],"medium":["https:\/\/sensacionarabe.com\/Mayoristas\/wp-content\/uploads\/2024\/05\/img_7726-1-193x300.jpeg",193,300,true],"medium_large":["https:\/\/sensacionarabe.com\/Mayoristas\/wp-content\/uploads\/2024\/05\/img_7726-1.jpeg",647,1004,false],"large":["https:\/\/sensacionarabe.com\/Mayoristas\/wp-content\/uploads\/2024\/05\/img_7726-1.jpeg",647,1004,false],"1536x1536":["https:\/\/sensacionarabe.com\/Mayoristas\/wp-content\/uploads\/2024\/05\/img_7726-1.jpeg",647,1004,false],"2048x2048":["https:\/\/sensacionarabe.com\/Mayoristas\/wp-content\/uploads\/2024\/05\/img_7726-1.jpeg",647,1004,false],"woocommerce_thumbnail":["https:\/\/sensacionarabe.com\/Mayoristas\/wp-content\/uploads\/2024\/05\/img_7726-1-300x300.jpeg",300,300,true],"woocommerce_single":["https:\/\/sensacionarabe.com\/Mayoristas\/wp-content\/uploads\/2024\/05\/img_7726-1-600x931.jpeg",600,931,true],"woocommerce_gallery_thumbnail":["https:\/\/sensacionarabe.com\/Mayoristas\/wp-content\/uploads\/2024\/05\/img_7726-1-100x100.jpeg",100,100,true],"variation_swatches_image_size":["https:\/\/sensacionarabe.com\/Mayoristas\/wp-content\/uploads\/2024\/05\/img_7726-1.jpeg",32,50,false],"variation_swatches_tooltip_size":["https:\/\/sensacionarabe.com\/Mayoristas\/wp-content\/uploads\/2024\/05\/img_7726-1.jpeg",64,100,false]},"uagb_author_info":{"display_name":"admin","author_link":"https:\/\/sensacionarabe.com\/Mayoristas\/author\/"},"uagb_comment_info":0,"uagb_excerpt":"Notas. Canela . Almendra amarga Coraz\u00f3n &#8211; Jazm\u00edn, Pomarosa, Akigalawood Base: absoluto de vainilla, \u00e1mbar, haba tonka DESCRIPCI\u00d3N DEL ART\u00cdCULO Eau de perfum 100ml | por Lattafa Sum\u00e9rgete en el delicioso encanto de Sehr de Lattafa, una exquisita fragancia que combina armoniosamente una rica vainilla y un suntuoso caramelo para envolver tus sentidos en un&hellip;","_links":{"self":[{"href":"https:\/\/sensacionarabe.com\/Mayoristas\/wp-json\/wp\/v2\/product\/5807","targetHints":{"allow":["GET"]}}],"collection":[{"href":"https:\/\/sensacionarabe.com\/Mayoristas\/wp-json\/wp\/v2\/product"}],"about":[{"href":"https:\/\/sensacionarabe.com\/Mayoristas\/wp-json\/wp\/v2\/types\/product"}],"replies":[{"embeddable":true,"href":"https:\/\/sensacionarabe.com\/Mayoristas\/wp-json\/wp\/v2\/comments?post=5807"}],"version-history":[{"count":1,"href":"https:\/\/sensacionarabe.com\/Mayoristas\/wp-json\/wp\/v2\/product\/5807\/revisions"}],"predecessor-version":[{"id":7104,"href":"https:\/\/sensacionarabe.com\/Mayoristas\/wp-json\/wp\/v2\/product\/5807\/revisions\/7104"}],"wp:featuredmedia":[{"embeddable":true,"href":"https:\/\/sensacionarabe.com\/Mayoristas\/wp-json\/wp\/v2\/media\/5805"}],"wp:attachment":[{"href":"https:\/\/sensacionarabe.com\/Mayoristas\/wp-json\/wp\/v2\/media?parent=5807"}],"wp:term":[{"taxonomy":"product_brand","embeddable":true,"href":"https:\/\/sensacionarabe.com\/Mayoristas\/wp-json\/wp\/v2\/product_brand?post=5807"},{"taxonomy":"product_cat","embeddable":true,"href":"https:\/\/sensacionarabe.com\/Mayoristas\/wp-json\/wp\/v2\/product_cat?post=5807"},{"taxonomy":"product_tag","embeddable":true,"href":"https:\/\/sensacionarabe.com\/Mayoristas\/wp-json\/wp\/v2\/product_tag?post=5807"}],"curies":[{"name":"wp","href":"https:\/\/api.w.org\/{rel}","templated":true}]}}