{"id":5847,"date":"2024-06-01T15:17:32","date_gmt":"2024-06-01T13:17:32","guid":{"rendered":"https:\/\/sensacionarabe.com\/producto\/amber-leather-100ml-maison-alhambra\/"},"modified":"2025-12-21T17:30:52","modified_gmt":"2025-12-21T16:30:52","slug":"amber-leather-100ml-maison-alhambra","status":"publish","type":"product","link":"https:\/\/sensacionarabe.com\/Mayoristas\/producto\/amber-leather-100ml-maison-alhambra\/","title":{"rendered":"maison Alhambra opulence leather Eau de perfum 100ml"},"content":{"rendered":"<p>Las notas olfativas de Alhambra Opulent &amp; Leather se abren con el vibrante cardamomo, que aporta una entrada especiada y energizante, capturando la atenci\u00f3n de inmediato. A medida que la fragancia se desarrolla, su coraz\u00f3n late con la intensidad del cuero y la suavidad del jazm\u00edn, creando un contraste cautivador entre la fuerza robusta y la delicadeza floral. En la base de esta exquisita mezcla, el \u00e1mbar, el almizcle y el pachul\u00ed se entrelazan para a\u00f1adir una profundidad terrosa, cerrando la composici\u00f3n de manera memorable y duradera.<\/p>\n<p>Alhambra Opulent &amp; Leather es la elecci\u00f3n ideal para el hombre que valora las fragancias audaces y distintivas. Perfecto para esas veladas en las que deseas destacar y dejar una impresi\u00f3n imborrable, este perfume se convierte en tu aliado para brillar en cualquier ocasi\u00f3n.<\/p>\n<p>Recomendaciones de uso: Esta fragancia es especialmente adecuada para eventos nocturnos o reuniones en entornos formales, donde la elegancia y la singularidad son imprescindibles. Adem\u00e1s, se adapta maravillosamente a las estaciones m\u00e1s fr\u00edas, ya que sus notas ricas y c\u00e1lidas ofrecen una sensaci\u00f3n acogedora y atractiva.<\/p>\n<p>Descubre Alhambra Opulent &amp; Leather, una fragancia que fusiona el arte de la perfumer\u00eda con la esencia del estilo personal, transformando cada ocasi\u00f3n en un momento inolvidable. D\u00e9jate seducir por este excepcional elixir olfativo y deja tu huella en cada instante con tu imponente presencia.<\/p>\n","protected":false},"excerpt":{"rendered":"<p>Las notas olfativas de Alhambra Opulent &amp; Leather se abren con el vibrante cardamomo, que aporta una entrada especiada y energizante, capturando la atenci\u00f3n de inmediato. A medida que la fragancia se desarrolla, su coraz\u00f3n late con la intensidad del cuero y la suavidad del jazm\u00edn, creando un contraste cautivador entre la fuerza robusta y [&hellip;]<\/p>\n","protected":false},"featured_media":7000,"comment_status":"open","ping_status":"closed","template":"","meta":{"nf_dc_page":"","_uag_custom_page_level_css":"","site-sidebar-layout":"default","site-content-layout":"","ast-site-content-layout":"default","site-content-style":"default","site-sidebar-style":"default","ast-global-header-display":"","ast-banner-title-visibility":"","ast-main-header-display":"","ast-hfb-above-header-display":"","ast-hfb-below-header-display":"","ast-hfb-mobile-header-display":"","site-post-title":"","ast-breadcrumbs-content":"","ast-featured-img":"","footer-sml-layout":"","ast-disable-related-posts":"","theme-transparent-header-meta":"","adv-header-id-meta":"","stick-header-meta":"","header-above-stick-meta":"","header-main-stick-meta":"","header-below-stick-meta":"","astra-migrate-meta-layouts":"default","ast-page-background-enabled":"default","ast-page-background-meta":{"desktop":{"background-color":"","background-image":"","background-repeat":"repeat","background-position":"center center","background-size":"auto","background-attachment":"scroll","background-type":"","background-media":"","overlay-type":"","overlay-color":"","overlay-opacity":"","overlay-gradient":""},"tablet":{"background-color":"","background-image":"","background-repeat":"repeat","background-position":"center center","background-size":"auto","background-attachment":"scroll","background-type":"","background-media":"","overlay-type":"","overlay-color":"","overlay-opacity":"","overlay-gradient":""},"mobile":{"background-color":"","background-image":"","background-repeat":"repeat","background-position":"center center","background-size":"auto","background-attachment":"scroll","background-type":"","background-media":"","overlay-type":"","overlay-color":"","overlay-opacity":"","overlay-gradient":""}},"ast-content-background-meta":{"desktop":{"background-color":"var(--ast-global-color-5)","background-image":"","background-repeat":"repeat","background-position":"center center","background-size":"auto","background-attachment":"scroll","background-type":"","background-media":"","overlay-type":"","overlay-color":"","overlay-opacity":"","overlay-gradient":""},"tablet":{"background-color":"var(--ast-global-color-5)","background-image":"","background-repeat":"repeat","background-position":"center center","background-size":"auto","background-attachment":"scroll","background-type":"","background-media":"","overlay-type":"","overlay-color":"","overlay-opacity":"","overlay-gradient":""},"mobile":{"background-color":"var(--ast-global-color-5)","background-image":"","background-repeat":"repeat","background-position":"center center","background-size":"auto","background-attachment":"scroll","background-type":"","background-media":"","overlay-type":"","overlay-color":"","overlay-opacity":"","overlay-gradient":""}}},"product_brand":[],"product_cat":[40],"product_tag":[59],"class_list":{"0":"post-5847","1":"product","2":"type-product","3":"status-publish","4":"has-post-thumbnail","6":"product_cat-hombre","7":"product_tag-maison-alhambra","8":"desktop-align-left","9":"tablet-align-left","10":"mobile-align-left","12":"first","13":"outofstock","14":"taxable","15":"shipping-taxable","16":"purchasable","17":"product-type-simple"},"uagb_featured_image_src":{"full":["https:\/\/sensacionarabe.com\/Mayoristas\/wp-content\/uploads\/2024\/06\/1000083259.jpg",968,1253,false],"thumbnail":["https:\/\/sensacionarabe.com\/Mayoristas\/wp-content\/uploads\/2024\/06\/1000083259-150x150.jpg",150,150,true],"medium":["https:\/\/sensacionarabe.com\/Mayoristas\/wp-content\/uploads\/2024\/06\/1000083259-232x300.jpg",232,300,true],"medium_large":["https:\/\/sensacionarabe.com\/Mayoristas\/wp-content\/uploads\/2024\/06\/1000083259-768x994.jpg",768,994,true],"large":["https:\/\/sensacionarabe.com\/Mayoristas\/wp-content\/uploads\/2024\/06\/1000083259-791x1024.jpg",791,1024,true],"1536x1536":["https:\/\/sensacionarabe.com\/Mayoristas\/wp-content\/uploads\/2024\/06\/1000083259.jpg",968,1253,false],"2048x2048":["https:\/\/sensacionarabe.com\/Mayoristas\/wp-content\/uploads\/2024\/06\/1000083259.jpg",968,1253,false],"woocommerce_thumbnail":["https:\/\/sensacionarabe.com\/Mayoristas\/wp-content\/uploads\/2024\/06\/1000083259-300x300.jpg",300,300,true],"woocommerce_single":["https:\/\/sensacionarabe.com\/Mayoristas\/wp-content\/uploads\/2024\/06\/1000083259-600x777.jpg",600,777,true],"woocommerce_gallery_thumbnail":["https:\/\/sensacionarabe.com\/Mayoristas\/wp-content\/uploads\/2024\/06\/1000083259-100x100.jpg",100,100,true],"variation_swatches_image_size":["https:\/\/sensacionarabe.com\/Mayoristas\/wp-content\/uploads\/2024\/06\/1000083259.jpg",39,50,false],"variation_swatches_tooltip_size":["https:\/\/sensacionarabe.com\/Mayoristas\/wp-content\/uploads\/2024\/06\/1000083259.jpg",77,100,false]},"uagb_author_info":{"display_name":"admin","author_link":"https:\/\/sensacionarabe.com\/Mayoristas\/author\/"},"uagb_comment_info":0,"uagb_excerpt":"Las notas olfativas de Alhambra Opulent &amp; Leather se abren con el vibrante cardamomo, que aporta una entrada especiada y energizante, capturando la atenci\u00f3n de inmediato. A medida que la fragancia se desarrolla, su coraz\u00f3n late con la intensidad del cuero y la suavidad del jazm\u00edn, creando un contraste cautivador entre la fuerza robusta y&hellip;","_links":{"self":[{"href":"https:\/\/sensacionarabe.com\/Mayoristas\/wp-json\/wp\/v2\/product\/5847","targetHints":{"allow":["GET"]}}],"collection":[{"href":"https:\/\/sensacionarabe.com\/Mayoristas\/wp-json\/wp\/v2\/product"}],"about":[{"href":"https:\/\/sensacionarabe.com\/Mayoristas\/wp-json\/wp\/v2\/types\/product"}],"replies":[{"embeddable":true,"href":"https:\/\/sensacionarabe.com\/Mayoristas\/wp-json\/wp\/v2\/comments?post=5847"}],"version-history":[{"count":2,"href":"https:\/\/sensacionarabe.com\/Mayoristas\/wp-json\/wp\/v2\/product\/5847\/revisions"}],"predecessor-version":[{"id":7002,"href":"https:\/\/sensacionarabe.com\/Mayoristas\/wp-json\/wp\/v2\/product\/5847\/revisions\/7002"}],"wp:featuredmedia":[{"embeddable":true,"href":"https:\/\/sensacionarabe.com\/Mayoristas\/wp-json\/wp\/v2\/media\/7000"}],"wp:attachment":[{"href":"https:\/\/sensacionarabe.com\/Mayoristas\/wp-json\/wp\/v2\/media?parent=5847"}],"wp:term":[{"taxonomy":"product_brand","embeddable":true,"href":"https:\/\/sensacionarabe.com\/Mayoristas\/wp-json\/wp\/v2\/product_brand?post=5847"},{"taxonomy":"product_cat","embeddable":true,"href":"https:\/\/sensacionarabe.com\/Mayoristas\/wp-json\/wp\/v2\/product_cat?post=5847"},{"taxonomy":"product_tag","embeddable":true,"href":"https:\/\/sensacionarabe.com\/Mayoristas\/wp-json\/wp\/v2\/product_tag?post=5847"}],"curies":[{"name":"wp","href":"https:\/\/api.w.org\/{rel}","templated":true}]}}