{"id":5927,"date":"2024-06-19T12:16:28","date_gmt":"2024-06-19T10:16:28","guid":{"rendered":"https:\/\/sensacionarabe.com\/producto\/pink-shimmer-secret-intense-maison-alhambra-perfume-mujer-100ml\/"},"modified":"2026-02-01T18:36:06","modified_gmt":"2026-02-01T17:36:06","slug":"pink-shimmer-secret-intense-maison-alhambra-perfume-mujer-100ml","status":"publish","type":"product","link":"https:\/\/sensacionarabe.com\/Mayoristas\/producto\/pink-shimmer-secret-intense-maison-alhambra-perfume-mujer-100ml\/","title":{"rendered":"Maison Alhambra pink shimeer secret  intense Eau de perfum 100ml"},"content":{"rendered":"<p data-mce-fragment=\"1\" style=\"margin-top: 0px;font-family: Assistant, sans-serif;font-size: 15px;font-style: normal;font-weight: 400;letter-spacing: 0.6px;text-align: start;text-indent: 0px;text-transform: none;text-decoration: none\"><strong data-mce-fragment=\"1\">Pink Shimmer Secret de Alhambra<\/strong><span class=\"Apple-converted-space\">&nbsp;<\/span>\u2728\ud83c\udf38<\/p>\n<p data-mce-fragment=\"1\" style=\"font-family: Assistant, sans-serif;font-size: 15px;font-style: normal;font-weight: 400;letter-spacing: 0.6px;text-align: start;text-indent: 0px;text-transform: none;text-decoration: none\"><strong data-mce-fragment=\"1\">Origen:<\/strong><span class=\"Apple-converted-space\">&nbsp;<\/span>Perfume Medio Oriente, Emiratos \u00c1rabes Unidos, Dub\u00e1i.<\/p>\n<p data-mce-fragment=\"1\" style=\"font-family: Assistant, sans-serif;font-size: 15px;font-style: normal;font-weight: 400;letter-spacing: 0.6px;text-align: start;text-indent: 0px;text-transform: none;text-decoration: none\"><span data-mce-fragment=\"1\">\ud83c\udf39\ud83c\udf43\u2728<\/span>Descubre el encanto de Pink Shimmer Secret, una fragancia floral afrutada que captura la esencia de la sensualidad y la alegr\u00eda en las mujeres contempor\u00e1neas. Este Eau de Parfum, con sus 100 ml, es una creaci\u00f3n exquisita que rinde homenaje a la elegancia y la frescura.<\/p>\n<p data-mce-fragment=\"1\" style=\"font-family: Assistant, sans-serif;font-size: 15px;font-style: normal;font-weight: 400;letter-spacing: 0.6px;text-align: start;text-indent: 0px;text-transform: none;text-decoration: none\"><strong data-mce-fragment=\"1\">Inspirado por:<\/strong><span class=\"Apple-converted-space\">&nbsp;<\/span>DUPE del famoso perfume Victoria&#8217;s Secret &#8211; Bombshell. \ud83d\udc96\ud83c\udf1f<\/p>\n<p data-mce-fragment=\"1\" style=\"font-family: Assistant, sans-serif;font-size: 15px;font-style: normal;font-weight: 400;letter-spacing: 0.6px;text-align: start;text-indent: 0px;text-transform: none;text-decoration: none\"><strong data-mce-fragment=\"1\">Notas:<\/strong><span class=\"Apple-converted-space\">&nbsp;<\/span><strong data-mce-fragment=\"1\">Salida:<\/strong><span class=\"Apple-converted-space\">&nbsp;<\/span>\ud83c\udf4d Maracuy\u00e1, \ud83c\udf4a Pomelo.<\/p>\n<p data-mce-fragment=\"1\" style=\"font-family: Assistant, sans-serif;font-size: 15px;font-style: normal;font-weight: 400;letter-spacing: 0.6px;text-align: start;text-indent: 0px;text-transform: none;text-decoration: none\"><strong data-mce-fragment=\"1\">Coraz\u00f3n:<\/strong><span class=\"Apple-converted-space\">&nbsp;<\/span>\ud83c\udf38 Peon\u00eda, Orqu\u00eddea de Vainilla.<\/p>\n<p data-mce-fragment=\"1\" style=\"font-family: Assistant, sans-serif;font-size: 15px;font-style: normal;font-weight: 400;letter-spacing: 0.6px;text-align: start;text-indent: 0px;text-transform: none;text-decoration: none\"><strong data-mce-fragment=\"1\">Base:<\/strong><span class=\"Apple-converted-space\">&nbsp;<\/span>\ud83c\udf30 Almizcle.<\/p>\n<p data-mce-fragment=\"1\" style=\"font-family: Assistant, sans-serif;font-size: 15px;font-style: normal;font-weight: 400;letter-spacing: 0.6px;text-align: start;text-indent: 0px;text-transform: none;text-decoration: none\">Desde las notas altas vibrantes de maracuy\u00e1 y pomelo hasta las dulces notas de peon\u00eda y orqu\u00eddea de vainilla en el coraz\u00f3n, Pink Shimmer Secret cautiva tus sentidos con una sinfon\u00eda floral y afrutada. \ud83c\udfb6\ud83d\udc95<\/p>\n<p data-mce-fragment=\"1\" style=\"font-family: Assistant, sans-serif;font-size: 15px;font-style: normal;font-weight: 400;letter-spacing: 0.6px;text-align: start;text-indent: 0px;text-transform: none;text-decoration: none\">Las notas base de almizcle crean una estela embriagadora de sofisticaci\u00f3n que se asienta suavemente en tu piel, dejando una impresi\u00f3n duradera. Experimenta la magia de Pink Shimmer Secret, un toque de glamour y frescura en cada aplicaci\u00f3n. \ud83d\udc96\ud83c\udf3a\u2728<\/p>\n<p data-mce-fragment=\"1\" style=\"font-family: Assistant, sans-serif;font-size: 15px;font-style: normal;font-weight: 400;letter-spacing: 0.6px;text-align: start;text-indent: 0px;text-transform: none;text-decoration: none\">Perfume Mujer<\/p>\n<p data-mce-fragment=\"1\" style=\"margin-bottom: 0px;font-family: Assistant, sans-serif;font-size: 15px;font-style: normal;font-weight: 400;letter-spacing: 0.6px;text-align: start;text-indent: 0px;text-transform: none;text-decoration: none\">100ml<\/p>\n","protected":false},"excerpt":{"rendered":"<p>Pink Shimmer Secret de Alhambra&nbsp;\u2728\ud83c\udf38 Origen:&nbsp;Perfume Medio Oriente, Emiratos \u00c1rabes Unidos, Dub\u00e1i. \ud83c\udf39\ud83c\udf43\u2728Descubre el encanto de Pink Shimmer Secret, una fragancia floral afrutada que captura la esencia de la sensualidad y la alegr\u00eda en las mujeres contempor\u00e1neas. Este Eau de Parfum, con sus 100 ml, es una creaci\u00f3n exquisita que rinde homenaje a la elegancia [&hellip;]<\/p>\n","protected":false},"featured_media":5925,"comment_status":"open","ping_status":"closed","template":"","meta":{"nf_dc_page":"","_uag_custom_page_level_css":"","site-sidebar-layout":"default","site-content-layout":"","ast-site-content-layout":"default","site-content-style":"default","site-sidebar-style":"default","ast-global-header-display":"","ast-banner-title-visibility":"","ast-main-header-display":"","ast-hfb-above-header-display":"","ast-hfb-below-header-display":"","ast-hfb-mobile-header-display":"","site-post-title":"","ast-breadcrumbs-content":"","ast-featured-img":"","footer-sml-layout":"","ast-disable-related-posts":"","theme-transparent-header-meta":"","adv-header-id-meta":"","stick-header-meta":"","header-above-stick-meta":"","header-main-stick-meta":"","header-below-stick-meta":"","astra-migrate-meta-layouts":"default","ast-page-background-enabled":"default","ast-page-background-meta":{"desktop":{"background-color":"","background-image":"","background-repeat":"repeat","background-position":"center center","background-size":"auto","background-attachment":"scroll","background-type":"","background-media":"","overlay-type":"","overlay-color":"","overlay-opacity":"","overlay-gradient":""},"tablet":{"background-color":"","background-image":"","background-repeat":"repeat","background-position":"center center","background-size":"auto","background-attachment":"scroll","background-type":"","background-media":"","overlay-type":"","overlay-color":"","overlay-opacity":"","overlay-gradient":""},"mobile":{"background-color":"","background-image":"","background-repeat":"repeat","background-position":"center center","background-size":"auto","background-attachment":"scroll","background-type":"","background-media":"","overlay-type":"","overlay-color":"","overlay-opacity":"","overlay-gradient":""}},"ast-content-background-meta":{"desktop":{"background-color":"var(--ast-global-color-5)","background-image":"","background-repeat":"repeat","background-position":"center center","background-size":"auto","background-attachment":"scroll","background-type":"","background-media":"","overlay-type":"","overlay-color":"","overlay-opacity":"","overlay-gradient":""},"tablet":{"background-color":"var(--ast-global-color-5)","background-image":"","background-repeat":"repeat","background-position":"center center","background-size":"auto","background-attachment":"scroll","background-type":"","background-media":"","overlay-type":"","overlay-color":"","overlay-opacity":"","overlay-gradient":""},"mobile":{"background-color":"var(--ast-global-color-5)","background-image":"","background-repeat":"repeat","background-position":"center center","background-size":"auto","background-attachment":"scroll","background-type":"","background-media":"","overlay-type":"","overlay-color":"","overlay-opacity":"","overlay-gradient":""}}},"product_brand":[],"product_cat":[49],"product_tag":[59],"class_list":{"0":"post-5927","1":"product","2":"type-product","3":"status-publish","4":"has-post-thumbnail","6":"product_cat-mujer","7":"product_tag-maison-alhambra","8":"desktop-align-left","9":"tablet-align-left","10":"mobile-align-left","12":"first","13":"instock","14":"taxable","15":"shipping-taxable","16":"purchasable","17":"product-type-simple"},"uagb_featured_image_src":{"full":["https:\/\/sensacionarabe.com\/Mayoristas\/wp-content\/uploads\/2024\/06\/photoroom_20240619_121413.jpeg",1080,1080,false],"thumbnail":["https:\/\/sensacionarabe.com\/Mayoristas\/wp-content\/uploads\/2024\/06\/photoroom_20240619_121413-150x150.jpeg",150,150,true],"medium":["https:\/\/sensacionarabe.com\/Mayoristas\/wp-content\/uploads\/2024\/06\/photoroom_20240619_121413-300x300.jpeg",300,300,true],"medium_large":["https:\/\/sensacionarabe.com\/Mayoristas\/wp-content\/uploads\/2024\/06\/photoroom_20240619_121413-768x768.jpeg",768,768,true],"large":["https:\/\/sensacionarabe.com\/Mayoristas\/wp-content\/uploads\/2024\/06\/photoroom_20240619_121413-1024x1024.jpeg",1024,1024,true],"1536x1536":["https:\/\/sensacionarabe.com\/Mayoristas\/wp-content\/uploads\/2024\/06\/photoroom_20240619_121413.jpeg",1080,1080,false],"2048x2048":["https:\/\/sensacionarabe.com\/Mayoristas\/wp-content\/uploads\/2024\/06\/photoroom_20240619_121413.jpeg",1080,1080,false],"woocommerce_thumbnail":["https:\/\/sensacionarabe.com\/Mayoristas\/wp-content\/uploads\/2024\/06\/photoroom_20240619_121413-300x300.jpeg",300,300,true],"woocommerce_single":["https:\/\/sensacionarabe.com\/Mayoristas\/wp-content\/uploads\/2024\/06\/photoroom_20240619_121413-600x600.jpeg",600,600,true],"woocommerce_gallery_thumbnail":["https:\/\/sensacionarabe.com\/Mayoristas\/wp-content\/uploads\/2024\/06\/photoroom_20240619_121413-100x100.jpeg",100,100,true],"variation_swatches_image_size":["https:\/\/sensacionarabe.com\/Mayoristas\/wp-content\/uploads\/2024\/06\/photoroom_20240619_121413.jpeg",50,50,false],"variation_swatches_tooltip_size":["https:\/\/sensacionarabe.com\/Mayoristas\/wp-content\/uploads\/2024\/06\/photoroom_20240619_121413.jpeg",100,100,false]},"uagb_author_info":{"display_name":"admin","author_link":"https:\/\/sensacionarabe.com\/Mayoristas\/author\/"},"uagb_comment_info":0,"uagb_excerpt":"Pink Shimmer Secret de Alhambra&nbsp;\u2728\ud83c\udf38 Origen:&nbsp;Perfume Medio Oriente, Emiratos \u00c1rabes Unidos, Dub\u00e1i. \ud83c\udf39\ud83c\udf43\u2728Descubre el encanto de Pink Shimmer Secret, una fragancia floral afrutada que captura la esencia de la sensualidad y la alegr\u00eda en las mujeres contempor\u00e1neas. Este Eau de Parfum, con sus 100 ml, es una creaci\u00f3n exquisita que rinde homenaje a la elegancia&hellip;","_links":{"self":[{"href":"https:\/\/sensacionarabe.com\/Mayoristas\/wp-json\/wp\/v2\/product\/5927","targetHints":{"allow":["GET"]}}],"collection":[{"href":"https:\/\/sensacionarabe.com\/Mayoristas\/wp-json\/wp\/v2\/product"}],"about":[{"href":"https:\/\/sensacionarabe.com\/Mayoristas\/wp-json\/wp\/v2\/types\/product"}],"replies":[{"embeddable":true,"href":"https:\/\/sensacionarabe.com\/Mayoristas\/wp-json\/wp\/v2\/comments?post=5927"}],"version-history":[{"count":3,"href":"https:\/\/sensacionarabe.com\/Mayoristas\/wp-json\/wp\/v2\/product\/5927\/revisions"}],"predecessor-version":[{"id":7038,"href":"https:\/\/sensacionarabe.com\/Mayoristas\/wp-json\/wp\/v2\/product\/5927\/revisions\/7038"}],"wp:featuredmedia":[{"embeddable":true,"href":"https:\/\/sensacionarabe.com\/Mayoristas\/wp-json\/wp\/v2\/media\/5925"}],"wp:attachment":[{"href":"https:\/\/sensacionarabe.com\/Mayoristas\/wp-json\/wp\/v2\/media?parent=5927"}],"wp:term":[{"taxonomy":"product_brand","embeddable":true,"href":"https:\/\/sensacionarabe.com\/Mayoristas\/wp-json\/wp\/v2\/product_brand?post=5927"},{"taxonomy":"product_cat","embeddable":true,"href":"https:\/\/sensacionarabe.com\/Mayoristas\/wp-json\/wp\/v2\/product_cat?post=5927"},{"taxonomy":"product_tag","embeddable":true,"href":"https:\/\/sensacionarabe.com\/Mayoristas\/wp-json\/wp\/v2\/product_tag?post=5927"}],"curies":[{"name":"wp","href":"https:\/\/api.w.org\/{rel}","templated":true}]}}