{"id":5934,"date":"2024-06-19T12:40:48","date_gmt":"2024-06-19T10:40:48","guid":{"rendered":"https:\/\/sensacionarabe.com\/producto\/9-pm-eau-de-parfum-100-ml\/"},"modified":"2026-03-16T08:41:33","modified_gmt":"2026-03-16T07:41:33","slug":"9-pm-eau-de-parfum-100-ml","status":"publish","type":"product","link":"https:\/\/sensacionarabe.com\/Mayoristas\/producto\/9-pm-eau-de-parfum-100-ml\/","title":{"rendered":"Afnan 9 Pm Eau De Parfum 100 ml"},"content":{"rendered":"<div id=\"productOverview_feature_div\" class=\"celwidget\" data-feature-name=\"productOverview_with_hoc\" data-csa-c-type=\"widget\" data-csa-c-content-id=\"productOverview_with_hoc\" data-csa-c-slot-id=\"productOverview_feature_div\" data-csa-c-asin=\"\" data-csa-c-is-in-initial-active-row=\"false\" data-csa-c-id=\"qh9o98-cx89dw-12el31-wnjbf6\" data-cel-widget=\"productOverview_feature_div\" style=\"font-family\">\n<div id=\"productOverview_hoc_view_div\" class=\"a-section a-spacing-small\" style=\"margin-bottom: 0px\">\n<div class=\"a-row a-spacing-top-base po-fragrance_concentration\" style=\"width: 400px;margin-top: 1.2rem !important\">\n<div class=\"a-column a-span7 a-span-last\" style=\"margin-right: 0px;float: right;min-height: 0.1rem;overflow: visible;width: 225px\"><span class=\"a-size-base a-color-base\" style=\"font-size: 1.5rem !important;line-height: 1.35 !important\"><\/span><\/div>\n<\/div>\n<\/div>\n<\/div>\n<div id=\"featureBulletsAndDescription_with_hoc_feature_div\" class=\"celwidget\" data-feature-name=\"featureBulletsAndDescription_with_hoc\" data-csa-c-type=\"widget\" data-csa-c-content-id=\"featureBulletsAndDescription_with_hoc\" data-csa-c-slot-id=\"featureBulletsAndDescription_with_hoc_feature_div\" data-csa-c-asin=\"\" data-csa-c-is-in-initial-active-row=\"false\" data-csa-c-id=\"ruwm16-dnj389-dz2h6f-3yg5r0\" data-cel-widget=\"featureBulletsAndDescription_with_hoc_feature_div\" style=\"font-family\">\n<div id=\"featurebullets_secondary_view_div\" class=\"a-section a-spacing-small a-spacing-top-medium\" style=\"margin-bottom: 0px;margin-top: 1.6rem !important\">\n<div id=\"feature-bullets\" class=\"a-section a-spacing-small\" style=\"margin-bottom: 0px\">\n<ul class=\"a-unordered-list a-vertical a-spacing-none\" style=\"margin: 0px 0px 0px 1.8rem;padding: 0px\">\n<li class=\"a-spacing-mini\" style=\"margin: 0px\"><span class=\"a-list-item\">Aroma de larga duraci\u00f3n: mientras que las notas superiores son la explosi\u00f3n inicial de aroma, Afnan 9PM est\u00e1 dise\u00f1ado para evolucionar con elegancia con el tiempo, asegurando un aroma duradero e intrigante.<\/span><\/li>\n<li class=\"a-spacing-mini\" style=\"margin: 0px\"><span class=\"a-list-item\">Botella de dise\u00f1o elegante: el perfume se presenta en una botella de dise\u00f1o elegante que refleja la sofisticaci\u00f3n del aroma interior.<\/span><\/li>\n<li class=\"a-spacing-mini\" style=\"margin: 0px\"><span class=\"a-list-item\">Eleva cualquier ocasi\u00f3n: una opci\u00f3n vers\u00e1til, Afnan 9PM eleva sin esfuerzo tu estilo y a\u00f1ade un toque de sofisticaci\u00f3n a una amplia gama de ocasiones y un complemento perfecto para tu colecci\u00f3n de perfumes.<\/span><\/li>\n<li class=\"a-spacing-mini\" style=\"margin: 0px\"><span class=\"a-list-item\">Composici\u00f3n de la fragancia: las notas superiores consisten en bergamota, lavanda, canela, manzana; las notas de coraz\u00f3n consisten en muguet y flor de naranjo; las notas de base consisten en \u00e1mbar, pachul\u00ed, vainilla y haba tonka.<\/span><\/li>\n<li class=\"a-spacing-mini\" style=\"margin: 0px\"><span class=\"a-list-item\">Regalo perfecto: pon una sonrisa en la cara de alguien insustituible para ti. Nuestro perfume \u00e1rabe es un bonito regalo en muchas ocasiones. Estamos orgullosos de la calidad de nuestros productos y queremos que est\u00e9s completamente satisfecho.<\/span><\/li>\n<\/ul>\n<\/div>\n<\/div>\n<\/div>\n","protected":false},"excerpt":{"rendered":"<p>Aroma de larga duraci\u00f3n: mientras que las notas superiores son la explosi\u00f3n inicial de aroma, Afnan 9PM est\u00e1 dise\u00f1ado para evolucionar con elegancia con el tiempo, asegurando un aroma duradero e intrigante. Botella de dise\u00f1o elegante: el perfume se presenta en una botella de dise\u00f1o elegante que refleja la sofisticaci\u00f3n del aroma interior. Eleva cualquier [&hellip;]<\/p>\n","protected":false},"featured_media":5933,"comment_status":"open","ping_status":"closed","template":"","meta":{"nf_dc_page":"","_uag_custom_page_level_css":"","site-sidebar-layout":"default","site-content-layout":"","ast-site-content-layout":"default","site-content-style":"default","site-sidebar-style":"default","ast-global-header-display":"","ast-banner-title-visibility":"","ast-main-header-display":"","ast-hfb-above-header-display":"","ast-hfb-below-header-display":"","ast-hfb-mobile-header-display":"","site-post-title":"","ast-breadcrumbs-content":"","ast-featured-img":"","footer-sml-layout":"","ast-disable-related-posts":"","theme-transparent-header-meta":"","adv-header-id-meta":"","stick-header-meta":"","header-above-stick-meta":"","header-main-stick-meta":"","header-below-stick-meta":"","astra-migrate-meta-layouts":"default","ast-page-background-enabled":"default","ast-page-background-meta":{"desktop":{"background-color":"","background-image":"","background-repeat":"repeat","background-position":"center center","background-size":"auto","background-attachment":"scroll","background-type":"","background-media":"","overlay-type":"","overlay-color":"","overlay-opacity":"","overlay-gradient":""},"tablet":{"background-color":"","background-image":"","background-repeat":"repeat","background-position":"center center","background-size":"auto","background-attachment":"scroll","background-type":"","background-media":"","overlay-type":"","overlay-color":"","overlay-opacity":"","overlay-gradient":""},"mobile":{"background-color":"","background-image":"","background-repeat":"repeat","background-position":"center center","background-size":"auto","background-attachment":"scroll","background-type":"","background-media":"","overlay-type":"","overlay-color":"","overlay-opacity":"","overlay-gradient":""}},"ast-content-background-meta":{"desktop":{"background-color":"var(--ast-global-color-5)","background-image":"","background-repeat":"repeat","background-position":"center center","background-size":"auto","background-attachment":"scroll","background-type":"","background-media":"","overlay-type":"","overlay-color":"","overlay-opacity":"","overlay-gradient":""},"tablet":{"background-color":"var(--ast-global-color-5)","background-image":"","background-repeat":"repeat","background-position":"center center","background-size":"auto","background-attachment":"scroll","background-type":"","background-media":"","overlay-type":"","overlay-color":"","overlay-opacity":"","overlay-gradient":""},"mobile":{"background-color":"var(--ast-global-color-5)","background-image":"","background-repeat":"repeat","background-position":"center center","background-size":"auto","background-attachment":"scroll","background-type":"","background-media":"","overlay-type":"","overlay-color":"","overlay-opacity":"","overlay-gradient":""}}},"product_brand":[],"product_cat":[40],"product_tag":[68],"class_list":{"0":"post-5934","1":"product","2":"type-product","3":"status-publish","4":"has-post-thumbnail","6":"product_cat-hombre","7":"product_tag-afnan","8":"desktop-align-left","9":"tablet-align-left","10":"mobile-align-left","12":"first","13":"outofstock","14":"taxable","15":"shipping-taxable","16":"purchasable","17":"product-type-simple"},"uagb_featured_image_src":{"full":["https:\/\/sensacionarabe.com\/Mayoristas\/wp-content\/uploads\/2024\/06\/photoroom_20240619_123925.jpeg",1080,1920,false],"thumbnail":["https:\/\/sensacionarabe.com\/Mayoristas\/wp-content\/uploads\/2024\/06\/photoroom_20240619_123925-150x150.jpeg",150,150,true],"medium":["https:\/\/sensacionarabe.com\/Mayoristas\/wp-content\/uploads\/2024\/06\/photoroom_20240619_123925-169x300.jpeg",169,300,true],"medium_large":["https:\/\/sensacionarabe.com\/Mayoristas\/wp-content\/uploads\/2024\/06\/photoroom_20240619_123925-768x1365.jpeg",768,1365,true],"large":["https:\/\/sensacionarabe.com\/Mayoristas\/wp-content\/uploads\/2024\/06\/photoroom_20240619_123925-576x1024.jpeg",576,1024,true],"1536x1536":["https:\/\/sensacionarabe.com\/Mayoristas\/wp-content\/uploads\/2024\/06\/photoroom_20240619_123925-864x1536.jpeg",864,1536,true],"2048x2048":["https:\/\/sensacionarabe.com\/Mayoristas\/wp-content\/uploads\/2024\/06\/photoroom_20240619_123925.jpeg",1080,1920,false],"woocommerce_thumbnail":["https:\/\/sensacionarabe.com\/Mayoristas\/wp-content\/uploads\/2024\/06\/photoroom_20240619_123925-300x300.jpeg",300,300,true],"woocommerce_single":["https:\/\/sensacionarabe.com\/Mayoristas\/wp-content\/uploads\/2024\/06\/photoroom_20240619_123925-600x1067.jpeg",600,1067,true],"woocommerce_gallery_thumbnail":["https:\/\/sensacionarabe.com\/Mayoristas\/wp-content\/uploads\/2024\/06\/photoroom_20240619_123925-100x100.jpeg",100,100,true],"variation_swatches_image_size":["https:\/\/sensacionarabe.com\/Mayoristas\/wp-content\/uploads\/2024\/06\/photoroom_20240619_123925.jpeg",28,50,false],"variation_swatches_tooltip_size":["https:\/\/sensacionarabe.com\/Mayoristas\/wp-content\/uploads\/2024\/06\/photoroom_20240619_123925.jpeg",56,100,false]},"uagb_author_info":{"display_name":"admin","author_link":"https:\/\/sensacionarabe.com\/Mayoristas\/author\/"},"uagb_comment_info":0,"uagb_excerpt":"Aroma de larga duraci\u00f3n: mientras que las notas superiores son la explosi\u00f3n inicial de aroma, Afnan 9PM est\u00e1 dise\u00f1ado para evolucionar con elegancia con el tiempo, asegurando un aroma duradero e intrigante. Botella de dise\u00f1o elegante: el perfume se presenta en una botella de dise\u00f1o elegante que refleja la sofisticaci\u00f3n del aroma interior. Eleva cualquier&hellip;","_links":{"self":[{"href":"https:\/\/sensacionarabe.com\/Mayoristas\/wp-json\/wp\/v2\/product\/5934","targetHints":{"allow":["GET"]}}],"collection":[{"href":"https:\/\/sensacionarabe.com\/Mayoristas\/wp-json\/wp\/v2\/product"}],"about":[{"href":"https:\/\/sensacionarabe.com\/Mayoristas\/wp-json\/wp\/v2\/types\/product"}],"replies":[{"embeddable":true,"href":"https:\/\/sensacionarabe.com\/Mayoristas\/wp-json\/wp\/v2\/comments?post=5934"}],"version-history":[{"count":5,"href":"https:\/\/sensacionarabe.com\/Mayoristas\/wp-json\/wp\/v2\/product\/5934\/revisions"}],"predecessor-version":[{"id":5940,"href":"https:\/\/sensacionarabe.com\/Mayoristas\/wp-json\/wp\/v2\/product\/5934\/revisions\/5940"}],"wp:featuredmedia":[{"embeddable":true,"href":"https:\/\/sensacionarabe.com\/Mayoristas\/wp-json\/wp\/v2\/media\/5933"}],"wp:attachment":[{"href":"https:\/\/sensacionarabe.com\/Mayoristas\/wp-json\/wp\/v2\/media?parent=5934"}],"wp:term":[{"taxonomy":"product_brand","embeddable":true,"href":"https:\/\/sensacionarabe.com\/Mayoristas\/wp-json\/wp\/v2\/product_brand?post=5934"},{"taxonomy":"product_cat","embeddable":true,"href":"https:\/\/sensacionarabe.com\/Mayoristas\/wp-json\/wp\/v2\/product_cat?post=5934"},{"taxonomy":"product_tag","embeddable":true,"href":"https:\/\/sensacionarabe.com\/Mayoristas\/wp-json\/wp\/v2\/product_tag?post=5934"}],"curies":[{"name":"wp","href":"https:\/\/api.w.org\/{rel}","templated":true}]}}