{"id":5943,"date":"2024-06-19T18:11:10","date_gmt":"2024-06-19T16:11:10","guid":{"rendered":"https:\/\/sensacionarabe.com\/?post_type=product&#038;p=5943"},"modified":"2026-01-31T10:28:51","modified_gmt":"2026-01-31T09:28:51","slug":"afnan-9am-pour-femme-eau-de-parfum-100ml","status":"publish","type":"product","link":"https:\/\/sensacionarabe.com\/Mayoristas\/producto\/afnan-9am-pour-femme-eau-de-parfum-100ml\/","title":{"rendered":"Afnan 9am pour Femme Eau de Parfum 100ml"},"content":{"rendered":"<h3 data-spm-anchor-id=\"euspain.pdp.description.i2.231943ddQPtzma\"><span data-spm-anchor-id=\"euspain.pdp.description.i3.231943ddQPtzma\" style=\"margin: 0px;padding: 0px;font-size: 11pt\">Notas de salida<\/span><\/h3>\n<p><span style=\"margin: 0px;padding: 0px;font-size: 10.5pt\">Bergamota, Pomelo rosado, Mandarina<\/span><\/p>\n<h3><span style=\"margin: 0px;padding: 0px;font-size: 11pt\">Coraz\u00f3n<\/span><\/h3>\n<p><span style=\"margin: 0px;padding: 0px;font-size: 10.5pt\">Frambuesa, Grosella negra<\/span><\/p>\n<h3><span style=\"margin: 0px;padding: 0px;font-size: 11pt\">Base<\/span><\/h3>\n<p><span style=\"margin: 0px;padding: 0px;font-size: 10.5pt\">\u00c1mbar, Almizcle, Naranja<\/span><\/p>\n<p><span data-spm-anchor-id=\"euspain.pdp.description.i1.231943ddQPtzma\" style=\"margin: 0px;padding: 0px;font-size: 10.5pt\">El Eau de parfum Afnan 9am pour Femme te permite disfrutar de su aroma durante mucho tiempo. Es una de las f\u00f3rmulas de perfume m\u00e1s concentradas ya que contiene entre un 10 % y un 20 % de aceites arom\u00e1ticos. Para una experiencia arom\u00e1tica a\u00fan m\u00e1s prolongada, combina tu Eau de parfum con los productos de cuidado de la piel Afnan 9am pour Femme.<\/span><\/p>\n","protected":false},"excerpt":{"rendered":"<p>Notas de salida Bergamota, Pomelo rosado, Mandarina Coraz\u00f3n Frambuesa, Grosella negra Base \u00c1mbar, Almizcle, Naranja El Eau de parfum Afnan 9am pour Femme te permite disfrutar de su aroma durante mucho tiempo. Es una de las f\u00f3rmulas de perfume m\u00e1s concentradas ya que contiene entre un 10 % y un 20 % de aceites arom\u00e1ticos. [&hellip;]<\/p>\n","protected":false},"featured_media":5942,"comment_status":"open","ping_status":"closed","template":"","meta":{"nf_dc_page":"","_uag_custom_page_level_css":"","site-sidebar-layout":"default","site-content-layout":"","ast-site-content-layout":"default","site-content-style":"default","site-sidebar-style":"default","ast-global-header-display":"","ast-banner-title-visibility":"","ast-main-header-display":"","ast-hfb-above-header-display":"","ast-hfb-below-header-display":"","ast-hfb-mobile-header-display":"","site-post-title":"","ast-breadcrumbs-content":"","ast-featured-img":"","footer-sml-layout":"","ast-disable-related-posts":"","theme-transparent-header-meta":"","adv-header-id-meta":"","stick-header-meta":"","header-above-stick-meta":"","header-main-stick-meta":"","header-below-stick-meta":"","astra-migrate-meta-layouts":"default","ast-page-background-enabled":"default","ast-page-background-meta":{"desktop":{"background-color":"","background-image":"","background-repeat":"repeat","background-position":"center center","background-size":"auto","background-attachment":"scroll","background-type":"","background-media":"","overlay-type":"","overlay-color":"","overlay-opacity":"","overlay-gradient":""},"tablet":{"background-color":"","background-image":"","background-repeat":"repeat","background-position":"center center","background-size":"auto","background-attachment":"scroll","background-type":"","background-media":"","overlay-type":"","overlay-color":"","overlay-opacity":"","overlay-gradient":""},"mobile":{"background-color":"","background-image":"","background-repeat":"repeat","background-position":"center center","background-size":"auto","background-attachment":"scroll","background-type":"","background-media":"","overlay-type":"","overlay-color":"","overlay-opacity":"","overlay-gradient":""}},"ast-content-background-meta":{"desktop":{"background-color":"var(--ast-global-color-5)","background-image":"","background-repeat":"repeat","background-position":"center center","background-size":"auto","background-attachment":"scroll","background-type":"","background-media":"","overlay-type":"","overlay-color":"","overlay-opacity":"","overlay-gradient":""},"tablet":{"background-color":"var(--ast-global-color-5)","background-image":"","background-repeat":"repeat","background-position":"center center","background-size":"auto","background-attachment":"scroll","background-type":"","background-media":"","overlay-type":"","overlay-color":"","overlay-opacity":"","overlay-gradient":""},"mobile":{"background-color":"var(--ast-global-color-5)","background-image":"","background-repeat":"repeat","background-position":"center center","background-size":"auto","background-attachment":"scroll","background-type":"","background-media":"","overlay-type":"","overlay-color":"","overlay-opacity":"","overlay-gradient":""}}},"product_brand":[],"product_cat":[49],"product_tag":[68],"class_list":{"0":"post-5943","1":"product","2":"type-product","3":"status-publish","4":"has-post-thumbnail","6":"product_cat-mujer","7":"product_tag-afnan","8":"desktop-align-left","9":"tablet-align-left","10":"mobile-align-left","12":"first","13":"outofstock","14":"sale","15":"taxable","16":"shipping-taxable","17":"purchasable","18":"product-type-simple"},"uagb_featured_image_src":{"full":["https:\/\/sensacionarabe.com\/Mayoristas\/wp-content\/uploads\/2024\/06\/photoroom_20240619_180740.jpeg",1413,1413,false],"thumbnail":["https:\/\/sensacionarabe.com\/Mayoristas\/wp-content\/uploads\/2024\/06\/photoroom_20240619_180740-150x150.jpeg",150,150,true],"medium":["https:\/\/sensacionarabe.com\/Mayoristas\/wp-content\/uploads\/2024\/06\/photoroom_20240619_180740-300x300.jpeg",300,300,true],"medium_large":["https:\/\/sensacionarabe.com\/Mayoristas\/wp-content\/uploads\/2024\/06\/photoroom_20240619_180740-768x768.jpeg",768,768,true],"large":["https:\/\/sensacionarabe.com\/Mayoristas\/wp-content\/uploads\/2024\/06\/photoroom_20240619_180740-1024x1024.jpeg",1024,1024,true],"1536x1536":["https:\/\/sensacionarabe.com\/Mayoristas\/wp-content\/uploads\/2024\/06\/photoroom_20240619_180740.jpeg",1413,1413,false],"2048x2048":["https:\/\/sensacionarabe.com\/Mayoristas\/wp-content\/uploads\/2024\/06\/photoroom_20240619_180740.jpeg",1413,1413,false],"woocommerce_thumbnail":["https:\/\/sensacionarabe.com\/Mayoristas\/wp-content\/uploads\/2024\/06\/photoroom_20240619_180740-300x300.jpeg",300,300,true],"woocommerce_single":["https:\/\/sensacionarabe.com\/Mayoristas\/wp-content\/uploads\/2024\/06\/photoroom_20240619_180740-600x600.jpeg",600,600,true],"woocommerce_gallery_thumbnail":["https:\/\/sensacionarabe.com\/Mayoristas\/wp-content\/uploads\/2024\/06\/photoroom_20240619_180740-100x100.jpeg",100,100,true],"variation_swatches_image_size":["https:\/\/sensacionarabe.com\/Mayoristas\/wp-content\/uploads\/2024\/06\/photoroom_20240619_180740.jpeg",50,50,false],"variation_swatches_tooltip_size":["https:\/\/sensacionarabe.com\/Mayoristas\/wp-content\/uploads\/2024\/06\/photoroom_20240619_180740.jpeg",100,100,false]},"uagb_author_info":{"display_name":"admin","author_link":"https:\/\/sensacionarabe.com\/Mayoristas\/author\/"},"uagb_comment_info":0,"uagb_excerpt":"Notas de salida Bergamota, Pomelo rosado, Mandarina Coraz\u00f3n Frambuesa, Grosella negra Base \u00c1mbar, Almizcle, Naranja El Eau de parfum Afnan 9am pour Femme te permite disfrutar de su aroma durante mucho tiempo. Es una de las f\u00f3rmulas de perfume m\u00e1s concentradas ya que contiene entre un 10 % y un 20 % de aceites arom\u00e1ticos.&hellip;","_links":{"self":[{"href":"https:\/\/sensacionarabe.com\/Mayoristas\/wp-json\/wp\/v2\/product\/5943","targetHints":{"allow":["GET"]}}],"collection":[{"href":"https:\/\/sensacionarabe.com\/Mayoristas\/wp-json\/wp\/v2\/product"}],"about":[{"href":"https:\/\/sensacionarabe.com\/Mayoristas\/wp-json\/wp\/v2\/types\/product"}],"replies":[{"embeddable":true,"href":"https:\/\/sensacionarabe.com\/Mayoristas\/wp-json\/wp\/v2\/comments?post=5943"}],"version-history":[{"count":3,"href":"https:\/\/sensacionarabe.com\/Mayoristas\/wp-json\/wp\/v2\/product\/5943\/revisions"}],"predecessor-version":[{"id":5946,"href":"https:\/\/sensacionarabe.com\/Mayoristas\/wp-json\/wp\/v2\/product\/5943\/revisions\/5946"}],"wp:featuredmedia":[{"embeddable":true,"href":"https:\/\/sensacionarabe.com\/Mayoristas\/wp-json\/wp\/v2\/media\/5942"}],"wp:attachment":[{"href":"https:\/\/sensacionarabe.com\/Mayoristas\/wp-json\/wp\/v2\/media?parent=5943"}],"wp:term":[{"taxonomy":"product_brand","embeddable":true,"href":"https:\/\/sensacionarabe.com\/Mayoristas\/wp-json\/wp\/v2\/product_brand?post=5943"},{"taxonomy":"product_cat","embeddable":true,"href":"https:\/\/sensacionarabe.com\/Mayoristas\/wp-json\/wp\/v2\/product_cat?post=5943"},{"taxonomy":"product_tag","embeddable":true,"href":"https:\/\/sensacionarabe.com\/Mayoristas\/wp-json\/wp\/v2\/product_tag?post=5943"}],"curies":[{"name":"wp","href":"https:\/\/api.w.org\/{rel}","templated":true}]}}