{"id":5974,"date":"2024-06-26T12:59:20","date_gmt":"2024-06-26T10:59:20","guid":{"rendered":"https:\/\/sensacionarabe.com\/producto\/delilah-maison-alhambra-100ml\/"},"modified":"2025-12-18T11:11:36","modified_gmt":"2025-12-18T10:11:36","slug":"delilah-maison-alhambra-100ml","status":"publish","type":"product","link":"https:\/\/sensacionarabe.com\/Mayoristas\/producto\/delilah-maison-alhambra-100ml\/","title":{"rendered":"Maison Alhambra delilah Eau de perfum 100ml"},"content":{"rendered":"<p>Delilah Maison Alhambra<\/p>\n<p>Notas altas: Bergamota, Lichi, Ruibarbo.<br \/>\nNotas de coraz\u00f3n: Peon\u00eda, Lirio Silvestre, Rosa.<br \/>\nNotas de fondo: Vainilla, Almizcle Blanco, Cachemira.<\/p>\n<h1 style=\"border: 0px;font-size: 32px;font-style: normal;font-weight: 600;margin: 1.5em 0px calc(0.3em + 10px);padding: 0px;vertical-align: baseline;clear: both;color: var(--ast-global-color-1);line-height: 1.4em;font-family: Montserrat, sans-serif;letter-spacing: normal;text-align: start;text-indent: 0px;text-transform: none;text-decoration: none\">Delilah Maison Alhambra<\/h1>\n<p>Maison Alhambra Delilah Pour Femme es una fragancia floral para mujer. Es a la vez fresco y cremoso, ligeramente polvoriento e impresionante. La dulce fruta del lichi, equilibrada con el ruibarbo \u00e1cido y la bergamota crujiente, da un comienzo ligero. En el coraz\u00f3n de la fragancia se encuentra el personaje principal: una rosa turca envuelta en peon\u00eda y p\u00e9talos y suavemente endulzada con una esponjosa vainilla. Una base de cachemira con mezclas de madera de cedro, almizcle y vetiver subraya el car\u00e1cter verdaderamente femenino de la composici\u00f3n. La introducci\u00f3n de notas de incienso, sutiles pero ciertamente presentes, aporta idealmente al perfume sensualidad y un poco de misterio. El aroma es ideal para primavera y verano.<\/p>\n","protected":false},"excerpt":{"rendered":"<p>Delilah Maison Alhambra Notas altas: Bergamota, Lichi, Ruibarbo. Notas de coraz\u00f3n: Peon\u00eda, Lirio Silvestre, Rosa. Notas de fondo: Vainilla, Almizcle Blanco, Cachemira. Delilah Maison Alhambra Maison Alhambra Delilah Pour Femme es una fragancia floral para mujer. Es a la vez fresco y cremoso, ligeramente polvoriento e impresionante. La dulce fruta del lichi, equilibrada con el [&hellip;]<\/p>\n","protected":false},"featured_media":5977,"comment_status":"open","ping_status":"closed","template":"","meta":{"nf_dc_page":"","_uag_custom_page_level_css":"","site-sidebar-layout":"default","site-content-layout":"","ast-site-content-layout":"default","site-content-style":"default","site-sidebar-style":"default","ast-global-header-display":"","ast-banner-title-visibility":"","ast-main-header-display":"","ast-hfb-above-header-display":"","ast-hfb-below-header-display":"","ast-hfb-mobile-header-display":"","site-post-title":"","ast-breadcrumbs-content":"","ast-featured-img":"","footer-sml-layout":"","ast-disable-related-posts":"","theme-transparent-header-meta":"","adv-header-id-meta":"","stick-header-meta":"","header-above-stick-meta":"","header-main-stick-meta":"","header-below-stick-meta":"","astra-migrate-meta-layouts":"default","ast-page-background-enabled":"default","ast-page-background-meta":{"desktop":{"background-color":"","background-image":"","background-repeat":"repeat","background-position":"center center","background-size":"auto","background-attachment":"scroll","background-type":"","background-media":"","overlay-type":"","overlay-color":"","overlay-opacity":"","overlay-gradient":""},"tablet":{"background-color":"","background-image":"","background-repeat":"repeat","background-position":"center center","background-size":"auto","background-attachment":"scroll","background-type":"","background-media":"","overlay-type":"","overlay-color":"","overlay-opacity":"","overlay-gradient":""},"mobile":{"background-color":"","background-image":"","background-repeat":"repeat","background-position":"center center","background-size":"auto","background-attachment":"scroll","background-type":"","background-media":"","overlay-type":"","overlay-color":"","overlay-opacity":"","overlay-gradient":""}},"ast-content-background-meta":{"desktop":{"background-color":"var(--ast-global-color-5)","background-image":"","background-repeat":"repeat","background-position":"center center","background-size":"auto","background-attachment":"scroll","background-type":"","background-media":"","overlay-type":"","overlay-color":"","overlay-opacity":"","overlay-gradient":""},"tablet":{"background-color":"var(--ast-global-color-5)","background-image":"","background-repeat":"repeat","background-position":"center center","background-size":"auto","background-attachment":"scroll","background-type":"","background-media":"","overlay-type":"","overlay-color":"","overlay-opacity":"","overlay-gradient":""},"mobile":{"background-color":"var(--ast-global-color-5)","background-image":"","background-repeat":"repeat","background-position":"center center","background-size":"auto","background-attachment":"scroll","background-type":"","background-media":"","overlay-type":"","overlay-color":"","overlay-opacity":"","overlay-gradient":""}}},"product_brand":[],"product_cat":[49],"product_tag":[59],"class_list":{"0":"post-5974","1":"product","2":"type-product","3":"status-publish","4":"has-post-thumbnail","6":"product_cat-mujer","7":"product_tag-maison-alhambra","8":"desktop-align-left","9":"tablet-align-left","10":"mobile-align-left","12":"first","13":"outofstock","14":"taxable","15":"shipping-taxable","16":"purchasable","17":"product-type-simple"},"uagb_featured_image_src":{"full":["https:\/\/sensacionarabe.com\/Mayoristas\/wp-content\/uploads\/2024\/06\/photoroom_20240626_091139-2.jpeg",1512,2016,false],"thumbnail":["https:\/\/sensacionarabe.com\/Mayoristas\/wp-content\/uploads\/2024\/06\/photoroom_20240626_091139-2-150x150.jpeg",150,150,true],"medium":["https:\/\/sensacionarabe.com\/Mayoristas\/wp-content\/uploads\/2024\/06\/photoroom_20240626_091139-2-225x300.jpeg",225,300,true],"medium_large":["https:\/\/sensacionarabe.com\/Mayoristas\/wp-content\/uploads\/2024\/06\/photoroom_20240626_091139-2-768x1024.jpeg",768,1024,true],"large":["https:\/\/sensacionarabe.com\/Mayoristas\/wp-content\/uploads\/2024\/06\/photoroom_20240626_091139-2-768x1024.jpeg",768,1024,true],"1536x1536":["https:\/\/sensacionarabe.com\/Mayoristas\/wp-content\/uploads\/2024\/06\/photoroom_20240626_091139-2-1152x1536.jpeg",1152,1536,true],"2048x2048":["https:\/\/sensacionarabe.com\/Mayoristas\/wp-content\/uploads\/2024\/06\/photoroom_20240626_091139-2.jpeg",1512,2016,false],"woocommerce_thumbnail":["https:\/\/sensacionarabe.com\/Mayoristas\/wp-content\/uploads\/2024\/06\/photoroom_20240626_091139-2-300x300.jpeg",300,300,true],"woocommerce_single":["https:\/\/sensacionarabe.com\/Mayoristas\/wp-content\/uploads\/2024\/06\/photoroom_20240626_091139-2-600x800.jpeg",600,800,true],"woocommerce_gallery_thumbnail":["https:\/\/sensacionarabe.com\/Mayoristas\/wp-content\/uploads\/2024\/06\/photoroom_20240626_091139-2-100x100.jpeg",100,100,true],"variation_swatches_image_size":["https:\/\/sensacionarabe.com\/Mayoristas\/wp-content\/uploads\/2024\/06\/photoroom_20240626_091139-2.jpeg",38,50,false],"variation_swatches_tooltip_size":["https:\/\/sensacionarabe.com\/Mayoristas\/wp-content\/uploads\/2024\/06\/photoroom_20240626_091139-2.jpeg",75,100,false]},"uagb_author_info":{"display_name":"admin","author_link":"https:\/\/sensacionarabe.com\/Mayoristas\/author\/"},"uagb_comment_info":0,"uagb_excerpt":"Delilah Maison Alhambra Notas altas: Bergamota, Lichi, Ruibarbo. Notas de coraz\u00f3n: Peon\u00eda, Lirio Silvestre, Rosa. Notas de fondo: Vainilla, Almizcle Blanco, Cachemira. Delilah Maison Alhambra Maison Alhambra Delilah Pour Femme es una fragancia floral para mujer. Es a la vez fresco y cremoso, ligeramente polvoriento e impresionante. La dulce fruta del lichi, equilibrada con el&hellip;","_links":{"self":[{"href":"https:\/\/sensacionarabe.com\/Mayoristas\/wp-json\/wp\/v2\/product\/5974","targetHints":{"allow":["GET"]}}],"collection":[{"href":"https:\/\/sensacionarabe.com\/Mayoristas\/wp-json\/wp\/v2\/product"}],"about":[{"href":"https:\/\/sensacionarabe.com\/Mayoristas\/wp-json\/wp\/v2\/types\/product"}],"replies":[{"embeddable":true,"href":"https:\/\/sensacionarabe.com\/Mayoristas\/wp-json\/wp\/v2\/comments?post=5974"}],"version-history":[{"count":2,"href":"https:\/\/sensacionarabe.com\/Mayoristas\/wp-json\/wp\/v2\/product\/5974\/revisions"}],"predecessor-version":[{"id":6930,"href":"https:\/\/sensacionarabe.com\/Mayoristas\/wp-json\/wp\/v2\/product\/5974\/revisions\/6930"}],"wp:featuredmedia":[{"embeddable":true,"href":"https:\/\/sensacionarabe.com\/Mayoristas\/wp-json\/wp\/v2\/media\/5977"}],"wp:attachment":[{"href":"https:\/\/sensacionarabe.com\/Mayoristas\/wp-json\/wp\/v2\/media?parent=5974"}],"wp:term":[{"taxonomy":"product_brand","embeddable":true,"href":"https:\/\/sensacionarabe.com\/Mayoristas\/wp-json\/wp\/v2\/product_brand?post=5974"},{"taxonomy":"product_cat","embeddable":true,"href":"https:\/\/sensacionarabe.com\/Mayoristas\/wp-json\/wp\/v2\/product_cat?post=5974"},{"taxonomy":"product_tag","embeddable":true,"href":"https:\/\/sensacionarabe.com\/Mayoristas\/wp-json\/wp\/v2\/product_tag?post=5974"}],"curies":[{"name":"wp","href":"https:\/\/api.w.org\/{rel}","templated":true}]}}