{"id":6076,"date":"2024-07-24T20:54:52","date_gmt":"2024-07-24T18:54:52","guid":{"rendered":"https:\/\/sensacionarabe.com\/producto\/lattafa-maahir-legacy-eau-de-parfum-100ml\/"},"modified":"2026-01-05T18:22:29","modified_gmt":"2026-01-05T17:22:29","slug":"lattafa-maahir-legacy-eau-de-parfum-100ml","status":"publish","type":"product","link":"https:\/\/sensacionarabe.com\/Mayoristas\/producto\/lattafa-maahir-legacy-eau-de-parfum-100ml\/","title":{"rendered":"Lattafa Maahir Legacy Eau de Parfum 100ml"},"content":{"rendered":"<div class=\"dx-product-description\">\n<p style=\"margin: 0px 0px 10px;line-height: 1.7em;color: var(--color-black)\">El Eau de parfum Lattafa Maahir Legacy te permite disfrutar de su aroma durante mucho tiempo. Es una de las f\u00f3rmulas de perfume m\u00e1s concentradas ya que contiene entre un 10 % y un 20 % de aceites arom\u00e1ticos. Para una experiencia arom\u00e1tica a\u00fan m\u00e1s prolongada, combina tu Eau de parfum con los productos de cuidado de la piel Lattafa Maahir Legacy.<\/p>\n<\/div>\n<div class=\"dx-fragrance-notes\">\n<h3 style=\"font-family: var(--font-body);font-weight: var(--font-weight-heading);line-height: normal;color: var(--font-heading-color);margin-top: 20px;margin-bottom: 10px;letter-spacing: var(--font-heading-letter-spacing);text-transform: var(--font-heading-text-decoration);font-size: var(--font-size-md)\">Notas de salida<\/h3>\n<p style=\"margin: 0px 0px 10px;line-height: 1.7em;color: var(--color-black)\">Pomelo rosado, Lima, Pi\u00f1a, Lavanda, Menta<\/p>\n<h3 style=\"font-family: var(--font-body);font-weight: var(--font-weight-heading);line-height: normal;color: var(--font-heading-color);margin-top: 20px;margin-bottom: 10px;letter-spacing: var(--font-heading-letter-spacing);text-transform: var(--font-heading-text-decoration);font-size: var(--font-size-md)\">Coraz\u00f3n<\/h3>\n<p style=\"margin: 0px 0px 10px;line-height: 1.7em;color: var(--color-black)\">Geranio, Bayas de enebro, Romero, Incienso, Pimienta negra<\/p>\n<h3 style=\"font-family: var(--font-body);font-weight: var(--font-weight-heading);line-height: normal;color: var(--font-heading-color);margin-top: 20px;margin-bottom: 10px;letter-spacing: var(--font-heading-letter-spacing);text-transform: var(--font-heading-text-decoration);font-size: var(--font-size-md)\">Base<\/h3>\n<p style=\"margin: 0px 0px 10px;line-height: 1.7em;color: var(--color-black)\">Haba tonka, Roble, Vetiver, Ambroxan, Cachemira<\/p>\n<\/div>\n","protected":false},"excerpt":{"rendered":"<p>El Eau de parfum Lattafa Maahir Legacy te permite disfrutar de su aroma durante mucho tiempo. Es una de las f\u00f3rmulas de perfume m\u00e1s concentradas ya que contiene entre un 10 % y un 20 % de aceites arom\u00e1ticos. Para una experiencia arom\u00e1tica a\u00fan m\u00e1s prolongada, combina tu Eau de parfum con los productos de [&hellip;]<\/p>\n","protected":false},"featured_media":6075,"comment_status":"open","ping_status":"closed","template":"","meta":{"nf_dc_page":"","_uag_custom_page_level_css":"","site-sidebar-layout":"default","site-content-layout":"","ast-site-content-layout":"default","site-content-style":"default","site-sidebar-style":"default","ast-global-header-display":"","ast-banner-title-visibility":"","ast-main-header-display":"","ast-hfb-above-header-display":"","ast-hfb-below-header-display":"","ast-hfb-mobile-header-display":"","site-post-title":"","ast-breadcrumbs-content":"","ast-featured-img":"","footer-sml-layout":"","ast-disable-related-posts":"","theme-transparent-header-meta":"","adv-header-id-meta":"","stick-header-meta":"","header-above-stick-meta":"","header-main-stick-meta":"","header-below-stick-meta":"","astra-migrate-meta-layouts":"default","ast-page-background-enabled":"default","ast-page-background-meta":{"desktop":{"background-color":"","background-image":"","background-repeat":"repeat","background-position":"center center","background-size":"auto","background-attachment":"scroll","background-type":"","background-media":"","overlay-type":"","overlay-color":"","overlay-opacity":"","overlay-gradient":""},"tablet":{"background-color":"","background-image":"","background-repeat":"repeat","background-position":"center center","background-size":"auto","background-attachment":"scroll","background-type":"","background-media":"","overlay-type":"","overlay-color":"","overlay-opacity":"","overlay-gradient":""},"mobile":{"background-color":"","background-image":"","background-repeat":"repeat","background-position":"center center","background-size":"auto","background-attachment":"scroll","background-type":"","background-media":"","overlay-type":"","overlay-color":"","overlay-opacity":"","overlay-gradient":""}},"ast-content-background-meta":{"desktop":{"background-color":"var(--ast-global-color-5)","background-image":"","background-repeat":"repeat","background-position":"center center","background-size":"auto","background-attachment":"scroll","background-type":"","background-media":"","overlay-type":"","overlay-color":"","overlay-opacity":"","overlay-gradient":""},"tablet":{"background-color":"var(--ast-global-color-5)","background-image":"","background-repeat":"repeat","background-position":"center center","background-size":"auto","background-attachment":"scroll","background-type":"","background-media":"","overlay-type":"","overlay-color":"","overlay-opacity":"","overlay-gradient":""},"mobile":{"background-color":"var(--ast-global-color-5)","background-image":"","background-repeat":"repeat","background-position":"center center","background-size":"auto","background-attachment":"scroll","background-type":"","background-media":"","overlay-type":"","overlay-color":"","overlay-opacity":"","overlay-gradient":""}}},"product_brand":[],"product_cat":[40],"product_tag":[58],"class_list":{"0":"post-6076","1":"product","2":"type-product","3":"status-publish","4":"has-post-thumbnail","6":"product_cat-hombre","7":"product_tag-lattafa","8":"desktop-align-left","9":"tablet-align-left","10":"mobile-align-left","12":"first","13":"instock","14":"taxable","15":"shipping-taxable","16":"purchasable","17":"product-type-simple"},"uagb_featured_image_src":{"full":["https:\/\/sensacionarabe.com\/Mayoristas\/wp-content\/uploads\/2024\/07\/8041a7d7-8e4f-4d44-9974-c4a5b7791d66-1.jpeg",945,934,false],"thumbnail":["https:\/\/sensacionarabe.com\/Mayoristas\/wp-content\/uploads\/2024\/07\/8041a7d7-8e4f-4d44-9974-c4a5b7791d66-1-150x150.jpeg",150,150,true],"medium":["https:\/\/sensacionarabe.com\/Mayoristas\/wp-content\/uploads\/2024\/07\/8041a7d7-8e4f-4d44-9974-c4a5b7791d66-1-300x297.jpeg",300,297,true],"medium_large":["https:\/\/sensacionarabe.com\/Mayoristas\/wp-content\/uploads\/2024\/07\/8041a7d7-8e4f-4d44-9974-c4a5b7791d66-1-768x759.jpeg",768,759,true],"large":["https:\/\/sensacionarabe.com\/Mayoristas\/wp-content\/uploads\/2024\/07\/8041a7d7-8e4f-4d44-9974-c4a5b7791d66-1.jpeg",945,934,false],"1536x1536":["https:\/\/sensacionarabe.com\/Mayoristas\/wp-content\/uploads\/2024\/07\/8041a7d7-8e4f-4d44-9974-c4a5b7791d66-1.jpeg",945,934,false],"2048x2048":["https:\/\/sensacionarabe.com\/Mayoristas\/wp-content\/uploads\/2024\/07\/8041a7d7-8e4f-4d44-9974-c4a5b7791d66-1.jpeg",945,934,false],"woocommerce_thumbnail":["https:\/\/sensacionarabe.com\/Mayoristas\/wp-content\/uploads\/2024\/07\/8041a7d7-8e4f-4d44-9974-c4a5b7791d66-1-300x300.jpeg",300,300,true],"woocommerce_single":["https:\/\/sensacionarabe.com\/Mayoristas\/wp-content\/uploads\/2024\/07\/8041a7d7-8e4f-4d44-9974-c4a5b7791d66-1-600x593.jpeg",600,593,true],"woocommerce_gallery_thumbnail":["https:\/\/sensacionarabe.com\/Mayoristas\/wp-content\/uploads\/2024\/07\/8041a7d7-8e4f-4d44-9974-c4a5b7791d66-1-100x100.jpeg",100,100,true],"variation_swatches_image_size":["https:\/\/sensacionarabe.com\/Mayoristas\/wp-content\/uploads\/2024\/07\/8041a7d7-8e4f-4d44-9974-c4a5b7791d66-1.jpeg",50,50,false],"variation_swatches_tooltip_size":["https:\/\/sensacionarabe.com\/Mayoristas\/wp-content\/uploads\/2024\/07\/8041a7d7-8e4f-4d44-9974-c4a5b7791d66-1.jpeg",100,100,false]},"uagb_author_info":{"display_name":"admin","author_link":"https:\/\/sensacionarabe.com\/Mayoristas\/author\/"},"uagb_comment_info":0,"uagb_excerpt":"El Eau de parfum Lattafa Maahir Legacy te permite disfrutar de su aroma durante mucho tiempo. Es una de las f\u00f3rmulas de perfume m\u00e1s concentradas ya que contiene entre un 10 % y un 20 % de aceites arom\u00e1ticos. Para una experiencia arom\u00e1tica a\u00fan m\u00e1s prolongada, combina tu Eau de parfum con los productos de&hellip;","_links":{"self":[{"href":"https:\/\/sensacionarabe.com\/Mayoristas\/wp-json\/wp\/v2\/product\/6076","targetHints":{"allow":["GET"]}}],"collection":[{"href":"https:\/\/sensacionarabe.com\/Mayoristas\/wp-json\/wp\/v2\/product"}],"about":[{"href":"https:\/\/sensacionarabe.com\/Mayoristas\/wp-json\/wp\/v2\/types\/product"}],"replies":[{"embeddable":true,"href":"https:\/\/sensacionarabe.com\/Mayoristas\/wp-json\/wp\/v2\/comments?post=6076"}],"version-history":[{"count":1,"href":"https:\/\/sensacionarabe.com\/Mayoristas\/wp-json\/wp\/v2\/product\/6076\/revisions"}],"predecessor-version":[{"id":6194,"href":"https:\/\/sensacionarabe.com\/Mayoristas\/wp-json\/wp\/v2\/product\/6076\/revisions\/6194"}],"wp:featuredmedia":[{"embeddable":true,"href":"https:\/\/sensacionarabe.com\/Mayoristas\/wp-json\/wp\/v2\/media\/6075"}],"wp:attachment":[{"href":"https:\/\/sensacionarabe.com\/Mayoristas\/wp-json\/wp\/v2\/media?parent=6076"}],"wp:term":[{"taxonomy":"product_brand","embeddable":true,"href":"https:\/\/sensacionarabe.com\/Mayoristas\/wp-json\/wp\/v2\/product_brand?post=6076"},{"taxonomy":"product_cat","embeddable":true,"href":"https:\/\/sensacionarabe.com\/Mayoristas\/wp-json\/wp\/v2\/product_cat?post=6076"},{"taxonomy":"product_tag","embeddable":true,"href":"https:\/\/sensacionarabe.com\/Mayoristas\/wp-json\/wp\/v2\/product_tag?post=6076"}],"curies":[{"name":"wp","href":"https:\/\/api.w.org\/{rel}","templated":true}]}}