{"id":6078,"date":"2024-07-24T21:02:39","date_gmt":"2024-07-24T19:02:39","guid":{"rendered":"https:\/\/sensacionarabe.com\/producto\/armaf-club-de-nuit-blue-iconic-eau-de-parfum\/"},"modified":"2026-02-10T21:18:53","modified_gmt":"2026-02-10T20:18:53","slug":"armaf-club-de-nuit-blue-iconic-eau-de-parfum","status":"publish","type":"product","link":"https:\/\/sensacionarabe.com\/Mayoristas\/producto\/armaf-club-de-nuit-blue-iconic-eau-de-parfum\/","title":{"rendered":"Armaf Club de Nuit Blue Iconic Eau de Parfum 105 ml"},"content":{"rendered":"<div class=\"dx-product-description\">\n<p style=\"margin: 0px 0px 10px;line-height: 1.7em;color: var(--color-black)\">El Eau de parfum Armaf Club de Nuit Blue Iconic te permite disfrutar de su aroma durante mucho tiempo. Es una de las f\u00f3rmulas de perfume m\u00e1s concentradas ya que contiene entre un 10 % y un 20 % de aceites arom\u00e1ticos. Para una experiencia arom\u00e1tica a\u00fan m\u00e1s prolongada, combina tu Eau de parfum con los productos de cuidado de la piel Armaf Club de Nuit Blue Iconic.<\/p>\n<\/div>\n<div class=\"dx-fragrance-notes\">\n<h3 style=\"font-family: var(--font-body);font-weight: var(--font-weight-heading);line-height: normal;color: var(--font-heading-color);margin-top: 20px;margin-bottom: 10px;letter-spacing: var(--font-heading-letter-spacing);text-transform: var(--font-heading-text-decoration);font-size: var(--font-size-md)\">Notas de salida<\/h3>\n<p style=\"margin: 0px 0px 10px;line-height: 1.7em;color: var(--color-black)\">Lim\u00f3n, Pomelo rosado, Cilantro, Menta, Pimienta rosa<\/p>\n<h3 style=\"font-family: var(--font-body);font-weight: var(--font-weight-heading);line-height: normal;color: var(--font-heading-color);margin-top: 20px;margin-bottom: 10px;letter-spacing: var(--font-heading-letter-spacing);text-transform: var(--font-heading-text-decoration);font-size: var(--font-size-md)\">Coraz\u00f3n<\/h3>\n<p style=\"margin: 0px 0px 10px;line-height: 1.7em;color: var(--color-black)\">Mel\u00f3n, Jazm\u00edn, Flor de jengibre, Nuez moscada<\/p>\n<h3 style=\"font-family: var(--font-body);font-weight: var(--font-weight-heading);line-height: normal;color: var(--font-heading-color);margin-top: 20px;margin-bottom: 10px;letter-spacing: var(--font-heading-letter-spacing);text-transform: var(--font-heading-text-decoration);font-size: var(--font-size-md)\">Base<\/h3>\n<p style=\"margin: 0px 0px 10px;line-height: 1.7em;color: var(--color-black)\">Cedro, Pachul\u00ed, S\u00e1ndalo, Incienso, \u00c1mbar, Tuercas de madera, L\u00e1bano<\/p>\n<\/div>\n","protected":false},"excerpt":{"rendered":"<p>El Eau de parfum Armaf Club de Nuit Blue Iconic te permite disfrutar de su aroma durante mucho tiempo. Es una de las f\u00f3rmulas de perfume m\u00e1s concentradas ya que contiene entre un 10 % y un 20 % de aceites arom\u00e1ticos. Para una experiencia arom\u00e1tica a\u00fan m\u00e1s prolongada, combina tu Eau de parfum con [&hellip;]<\/p>\n","protected":false},"featured_media":6077,"comment_status":"open","ping_status":"closed","template":"","meta":{"nf_dc_page":"","_uag_custom_page_level_css":"","site-sidebar-layout":"default","site-content-layout":"","ast-site-content-layout":"default","site-content-style":"default","site-sidebar-style":"default","ast-global-header-display":"","ast-banner-title-visibility":"","ast-main-header-display":"","ast-hfb-above-header-display":"","ast-hfb-below-header-display":"","ast-hfb-mobile-header-display":"","site-post-title":"","ast-breadcrumbs-content":"","ast-featured-img":"","footer-sml-layout":"","ast-disable-related-posts":"","theme-transparent-header-meta":"","adv-header-id-meta":"","stick-header-meta":"","header-above-stick-meta":"","header-main-stick-meta":"","header-below-stick-meta":"","astra-migrate-meta-layouts":"default","ast-page-background-enabled":"default","ast-page-background-meta":{"desktop":{"background-color":"","background-image":"","background-repeat":"repeat","background-position":"center center","background-size":"auto","background-attachment":"scroll","background-type":"","background-media":"","overlay-type":"","overlay-color":"","overlay-opacity":"","overlay-gradient":""},"tablet":{"background-color":"","background-image":"","background-repeat":"repeat","background-position":"center center","background-size":"auto","background-attachment":"scroll","background-type":"","background-media":"","overlay-type":"","overlay-color":"","overlay-opacity":"","overlay-gradient":""},"mobile":{"background-color":"","background-image":"","background-repeat":"repeat","background-position":"center center","background-size":"auto","background-attachment":"scroll","background-type":"","background-media":"","overlay-type":"","overlay-color":"","overlay-opacity":"","overlay-gradient":""}},"ast-content-background-meta":{"desktop":{"background-color":"var(--ast-global-color-5)","background-image":"","background-repeat":"repeat","background-position":"center center","background-size":"auto","background-attachment":"scroll","background-type":"","background-media":"","overlay-type":"","overlay-color":"","overlay-opacity":"","overlay-gradient":""},"tablet":{"background-color":"var(--ast-global-color-5)","background-image":"","background-repeat":"repeat","background-position":"center center","background-size":"auto","background-attachment":"scroll","background-type":"","background-media":"","overlay-type":"","overlay-color":"","overlay-opacity":"","overlay-gradient":""},"mobile":{"background-color":"var(--ast-global-color-5)","background-image":"","background-repeat":"repeat","background-position":"center center","background-size":"auto","background-attachment":"scroll","background-type":"","background-media":"","overlay-type":"","overlay-color":"","overlay-opacity":"","overlay-gradient":""}}},"product_brand":[],"product_cat":[40],"product_tag":[64],"class_list":{"0":"post-6078","1":"product","2":"type-product","3":"status-publish","4":"has-post-thumbnail","6":"product_cat-hombre","7":"product_tag-armaf","8":"desktop-align-left","9":"tablet-align-left","10":"mobile-align-left","12":"first","13":"instock","14":"taxable","15":"shipping-taxable","16":"purchasable","17":"product-type-simple"},"uagb_featured_image_src":{"full":["https:\/\/sensacionarabe.com\/Mayoristas\/wp-content\/uploads\/2024\/07\/photoroom_20240714_215953.jpeg",1080,1920,false],"thumbnail":["https:\/\/sensacionarabe.com\/Mayoristas\/wp-content\/uploads\/2024\/07\/photoroom_20240714_215953-150x150.jpeg",150,150,true],"medium":["https:\/\/sensacionarabe.com\/Mayoristas\/wp-content\/uploads\/2024\/07\/photoroom_20240714_215953-169x300.jpeg",169,300,true],"medium_large":["https:\/\/sensacionarabe.com\/Mayoristas\/wp-content\/uploads\/2024\/07\/photoroom_20240714_215953-768x1365.jpeg",768,1365,true],"large":["https:\/\/sensacionarabe.com\/Mayoristas\/wp-content\/uploads\/2024\/07\/photoroom_20240714_215953-576x1024.jpeg",576,1024,true],"1536x1536":["https:\/\/sensacionarabe.com\/Mayoristas\/wp-content\/uploads\/2024\/07\/photoroom_20240714_215953-864x1536.jpeg",864,1536,true],"2048x2048":["https:\/\/sensacionarabe.com\/Mayoristas\/wp-content\/uploads\/2024\/07\/photoroom_20240714_215953.jpeg",1080,1920,false],"woocommerce_thumbnail":["https:\/\/sensacionarabe.com\/Mayoristas\/wp-content\/uploads\/2024\/07\/photoroom_20240714_215953-300x300.jpeg",300,300,true],"woocommerce_single":["https:\/\/sensacionarabe.com\/Mayoristas\/wp-content\/uploads\/2024\/07\/photoroom_20240714_215953-600x1067.jpeg",600,1067,true],"woocommerce_gallery_thumbnail":["https:\/\/sensacionarabe.com\/Mayoristas\/wp-content\/uploads\/2024\/07\/photoroom_20240714_215953-100x100.jpeg",100,100,true],"variation_swatches_image_size":["https:\/\/sensacionarabe.com\/Mayoristas\/wp-content\/uploads\/2024\/07\/photoroom_20240714_215953.jpeg",28,50,false],"variation_swatches_tooltip_size":["https:\/\/sensacionarabe.com\/Mayoristas\/wp-content\/uploads\/2024\/07\/photoroom_20240714_215953.jpeg",56,100,false]},"uagb_author_info":{"display_name":"admin","author_link":"https:\/\/sensacionarabe.com\/Mayoristas\/author\/"},"uagb_comment_info":0,"uagb_excerpt":"El Eau de parfum Armaf Club de Nuit Blue Iconic te permite disfrutar de su aroma durante mucho tiempo. Es una de las f\u00f3rmulas de perfume m\u00e1s concentradas ya que contiene entre un 10 % y un 20 % de aceites arom\u00e1ticos. Para una experiencia arom\u00e1tica a\u00fan m\u00e1s prolongada, combina tu Eau de parfum con&hellip;","_links":{"self":[{"href":"https:\/\/sensacionarabe.com\/Mayoristas\/wp-json\/wp\/v2\/product\/6078","targetHints":{"allow":["GET"]}}],"collection":[{"href":"https:\/\/sensacionarabe.com\/Mayoristas\/wp-json\/wp\/v2\/product"}],"about":[{"href":"https:\/\/sensacionarabe.com\/Mayoristas\/wp-json\/wp\/v2\/types\/product"}],"replies":[{"embeddable":true,"href":"https:\/\/sensacionarabe.com\/Mayoristas\/wp-json\/wp\/v2\/comments?post=6078"}],"version-history":[{"count":1,"href":"https:\/\/sensacionarabe.com\/Mayoristas\/wp-json\/wp\/v2\/product\/6078\/revisions"}],"predecessor-version":[{"id":6082,"href":"https:\/\/sensacionarabe.com\/Mayoristas\/wp-json\/wp\/v2\/product\/6078\/revisions\/6082"}],"wp:featuredmedia":[{"embeddable":true,"href":"https:\/\/sensacionarabe.com\/Mayoristas\/wp-json\/wp\/v2\/media\/6077"}],"wp:attachment":[{"href":"https:\/\/sensacionarabe.com\/Mayoristas\/wp-json\/wp\/v2\/media?parent=6078"}],"wp:term":[{"taxonomy":"product_brand","embeddable":true,"href":"https:\/\/sensacionarabe.com\/Mayoristas\/wp-json\/wp\/v2\/product_brand?post=6078"},{"taxonomy":"product_cat","embeddable":true,"href":"https:\/\/sensacionarabe.com\/Mayoristas\/wp-json\/wp\/v2\/product_cat?post=6078"},{"taxonomy":"product_tag","embeddable":true,"href":"https:\/\/sensacionarabe.com\/Mayoristas\/wp-json\/wp\/v2\/product_tag?post=6078"}],"curies":[{"name":"wp","href":"https:\/\/api.w.org\/{rel}","templated":true}]}}