{"id":6092,"date":"2024-07-24T21:41:09","date_gmt":"2024-07-24T19:41:09","guid":{"rendered":"https:\/\/sensacionarabe.com\/producto\/jean-lowe-noir-100ml-maison-alhambra\/"},"modified":"2026-04-07T18:46:47","modified_gmt":"2026-04-07T16:46:47","slug":"jean-lowe-noir-100ml-maison-alhambra","status":"publish","type":"product","link":"https:\/\/sensacionarabe.com\/Mayoristas\/producto\/jean-lowe-noir-100ml-maison-alhambra\/","title":{"rendered":"Maison Alhambra Jean lowe noir Eau de perfum  100ml"},"content":{"rendered":"<p><span style=\"margin: 0px;padding: 0px;font-weight: bold\" data-spm-anchor-id=\"euspain.pdp.description.i1.3c72780dh0KPcB\"><strong>Jean Lowe Noir (Antes Ombre) 100ml &#8211; Eau de Parfum<\/strong><\/span><span style=\"margin: 0px;padding: 0px\"><span class=\"Apple-converted-space\">\u00a0<\/span><\/span><span style=\"margin: 0px;padding: 0px\">de<\/span><span style=\"margin: 0px;padding: 0px\"><span class=\"Apple-converted-space\">\u00a0<\/span><\/span><span style=\"margin: 0px;padding: 0px;font-weight: bold\">Maison Alhambra<\/span><span style=\"margin: 0px;padding: 0px\">, exclusivamente en<\/span><span style=\"margin: 0px;padding: 0px\"><span class=\"Apple-converted-space\">\u00a0<\/span><\/span><span style=\"margin: 0px;padding: 0px;font-weight: bold\">Arabic Brands<\/span><span style=\"margin: 0px;padding: 0px\">, es una expresi\u00f3n de lujo y misterio, dise\u00f1ada para captar la esencia de la sofisticaci\u00f3n moderna. Inspirado en<\/span><span style=\"margin: 0px;padding: 0px\"><span class=\"Apple-converted-space\">\u00a0<\/span><\/span><span style=\"margin: 0px;padding: 0px;font-weight: bold\">LOUIS VUITTON OMBRE NOMADE<\/span><span style=\"margin: 0px;padding: 0px\">, este perfume importado de Dubai, Emiratos \u00c1rabes Unidos, es un regalo elegante que te invita a revivir tus sentidos y a envolverte en un aroma exclusivo. <\/span><span style=\"margin: 0px;padding: 0px\">\ud83c\udf0c\ud83d\udda4<\/span><span style=\"margin: 0px;padding: 0px\"><span class=\"Apple-converted-space\">\u00a0<\/span><\/span><\/p>\n<p>&nbsp;<\/p>\n<p><span style=\"margin: 0px;padding: 0px\">\ud83e\udeb5<\/span><span style=\"margin: 0px;padding: 0px\"><span class=\"Apple-converted-space\">\u00a0<\/span><\/span><span style=\"margin: 0px;padding: 0px;font-weight: bold\">Notas de Salida: Madera de Oud y L\u00e1grimas de Benju\u00ed<\/span><span style=\"margin: 0px;padding: 0px\"><span class=\"Apple-converted-space\">\u00a0<\/span><\/span><span style=\"margin: 0px;padding: 0px\">&#8211; La apertura intensa y envolvente de madera de oud y l\u00e1grimas de benju\u00ed establece un comienzo poderoso y carism\u00e1tico, invocando un aire de nobleza y lujo. La combinaci\u00f3n rica y ligeramente dulce y resinoso da paso a una entrada majestuosa. <\/span><span style=\"margin: 0px;padding: 0px\">\ud83e\udeb5\ud83c\udf1f<\/span><\/p>\n<p>&nbsp;<\/p>\n<p><span style=\"margin: 0px;padding: 0px\">\ud83d\udd25\ud83c\udf47<\/span><span style=\"margin: 0px;padding: 0px\"><span class=\"Apple-converted-space\">\u00a0<\/span><\/span><span style=\"margin: 0px;padding: 0px;font-weight: bold\">Notas de Coraz\u00f3n: Incienso y Frambuesa<\/span><span style=\"margin: 0px;padding: 0px\"><span class=\"Apple-converted-space\">\u00a0<\/span><\/span><span style=\"margin: 0px;padding: 0px\">&#8211; El coraz\u00f3n de Jean Lowe Noir es una fusi\u00f3n de dulzura ahumada y sofisticada, donde el incienso meditativo se une al vibrante toque jugoso de la frambuesa. Esta mezcla eleva la experiencia olfativa, aportando un car\u00e1cter refinado y sorprendentemente opulento. <\/span><span style=\"margin: 0px;padding: 0px\">\ud83d\udd25\ud83c\udf47<\/span><\/p>\n<p>&nbsp;<\/p>\n<p><span style=\"margin: 0px;padding: 0px\">\ud83c\udf32\ud83c\udf1f<\/span><span style=\"margin: 0px;padding: 0px\"><span class=\"Apple-converted-space\">\u00a0<\/span><\/span><span style=\"margin: 0px;padding: 0px;font-weight: bold\">Notas de Fondo: Oud y Benju\u00ed<\/span><span style=\"margin: 0px;padding: 0px\"><span class=\"Apple-converted-space\">\u00a0<\/span><\/span><span style=\"margin: 0px;padding: 0px\">&#8211; La fragancia se completa con las notas de fondo de oud y benju\u00ed, que proporcionan una profundidad rica y persistente. Este final robusto deja un rastro elegante y distintivo, con un toque c\u00e1lido y resinoso que perdura en la piel. <\/span><span style=\"margin: 0px;padding: 0px\">\ud83c\udf32\ud83c\udf1f<\/span><\/p>\n<p>&nbsp;<\/p>\n<p><span style=\"margin: 0px;padding: 0px;font-weight: bold\">Jean Lowe Noir<\/span><span style=\"margin: 0px;padding: 0px\"><span class=\"Apple-converted-space\">\u00a0<\/span><\/span><span style=\"margin: 0px;padding: 0px\">es m\u00e1s que un perfume; es una declaraci\u00f3n de identidad para aquellos que se atreven a ser \u00fanicos. Presentado en un elegante frasco de 100ml, es el accesorio perfecto para las ocasiones m\u00e1s distinguidas o cualquier momento en el que se desee dejar una impresi\u00f3n memorable.<\/span><\/p>\n<p>&nbsp;<\/p>\n<p><span style=\"margin: 0px;padding: 0px\">Descubre<\/span><span style=\"margin: 0px;padding: 0px\"><span class=\"Apple-converted-space\">\u00a0<\/span><\/span><span style=\"margin: 0px;padding: 0px;font-weight: bold\">Jean Lowe Noir<\/span><span style=\"margin: 0px;padding: 0px\"><span class=\"Apple-converted-space\">\u00a0<\/span><\/span><span style=\"margin: 0px;padding: 0px\">de<\/span><span style=\"margin: 0px;padding: 0px\"><span class=\"Apple-converted-space\">\u00a0<\/span><\/span><span style=\"margin: 0px;padding: 0px;font-weight: bold\">Maison Alhambra<\/span><span style=\"margin: 0px;padding: 0px\">en<\/span><span style=\"margin: 0px;padding: 0px\"><span class=\"Apple-converted-space\">\u00a0<\/span><\/span><span style=\"margin: 0px;padding: 0px;font-weight: bold\">Arabic Brands<\/span><span style=\"margin: 0px;padding: 0px\"><span class=\"Apple-converted-space\">\u00a0<\/span><\/span><span style=\"margin: 0px;padding: 0px\">y permite que cada aplicaci\u00f3n sea una experiencia sublime de perfumer\u00eda que transforma lo ordinario en extraordinario. <\/span><span style=\"margin: 0px;padding: 0px\">\ud83c\udf1f\u2728<\/span><\/p>\n","protected":false},"excerpt":{"rendered":"<p>Jean Lowe Noir (Antes Ombre) 100ml &#8211; Eau de Parfum\u00a0de\u00a0Maison Alhambra, exclusivamente en\u00a0Arabic Brands, es una expresi\u00f3n de lujo y misterio, dise\u00f1ada para captar la esencia de la sofisticaci\u00f3n moderna. Inspirado en\u00a0LOUIS VUITTON OMBRE NOMADE, este perfume importado de Dubai, Emiratos \u00c1rabes Unidos, es un regalo elegante que te invita a revivir tus sentidos y [&hellip;]<\/p>\n","protected":false},"featured_media":6091,"comment_status":"open","ping_status":"closed","template":"","meta":{"nf_dc_page":"","_uag_custom_page_level_css":"","site-sidebar-layout":"default","site-content-layout":"","ast-site-content-layout":"default","site-content-style":"default","site-sidebar-style":"default","ast-global-header-display":"","ast-banner-title-visibility":"","ast-main-header-display":"","ast-hfb-above-header-display":"","ast-hfb-below-header-display":"","ast-hfb-mobile-header-display":"","site-post-title":"","ast-breadcrumbs-content":"","ast-featured-img":"","footer-sml-layout":"","ast-disable-related-posts":"","theme-transparent-header-meta":"default","adv-header-id-meta":"","stick-header-meta":"","header-above-stick-meta":"","header-main-stick-meta":"","header-below-stick-meta":"","astra-migrate-meta-layouts":"set","ast-page-background-enabled":"default","ast-page-background-meta":{"desktop":{"background-color":"","background-image":"","background-repeat":"repeat","background-position":"center center","background-size":"auto","background-attachment":"scroll","background-type":"","background-media":"","overlay-type":"","overlay-color":"","overlay-opacity":"","overlay-gradient":""},"tablet":{"background-color":"","background-image":"","background-repeat":"repeat","background-position":"center center","background-size":"auto","background-attachment":"scroll","background-type":"","background-media":"","overlay-type":"","overlay-color":"","overlay-opacity":"","overlay-gradient":""},"mobile":{"background-color":"","background-image":"","background-repeat":"repeat","background-position":"center center","background-size":"auto","background-attachment":"scroll","background-type":"","background-media":"","overlay-type":"","overlay-color":"","overlay-opacity":"","overlay-gradient":""}},"ast-content-background-meta":{"desktop":{"background-color":"var(--ast-global-color-5)","background-image":"","background-repeat":"repeat","background-position":"center center","background-size":"auto","background-attachment":"scroll","background-type":"","background-media":"","overlay-type":"","overlay-color":"","overlay-opacity":"","overlay-gradient":""},"tablet":{"background-color":"var(--ast-global-color-5)","background-image":"","background-repeat":"repeat","background-position":"center center","background-size":"auto","background-attachment":"scroll","background-type":"","background-media":"","overlay-type":"","overlay-color":"","overlay-opacity":"","overlay-gradient":""},"mobile":{"background-color":"var(--ast-global-color-5)","background-image":"","background-repeat":"repeat","background-position":"center center","background-size":"auto","background-attachment":"scroll","background-type":"","background-media":"","overlay-type":"","overlay-color":"","overlay-opacity":"","overlay-gradient":""}}},"product_brand":[],"product_cat":[40],"product_tag":[59],"class_list":{"0":"post-6092","1":"product","2":"type-product","3":"status-publish","4":"has-post-thumbnail","6":"product_cat-hombre","7":"product_tag-maison-alhambra","8":"desktop-align-left","9":"tablet-align-left","10":"mobile-align-left","12":"first","13":"outofstock","14":"taxable","15":"shipping-taxable","16":"purchasable","17":"product-type-simple"},"uagb_featured_image_src":{"full":["https:\/\/sensacionarabe.com\/Mayoristas\/wp-content\/uploads\/2024\/07\/photoroom_20240724_213435-1.jpeg",1080,1920,false],"thumbnail":["https:\/\/sensacionarabe.com\/Mayoristas\/wp-content\/uploads\/2024\/07\/photoroom_20240724_213435-1-150x150.jpeg",150,150,true],"medium":["https:\/\/sensacionarabe.com\/Mayoristas\/wp-content\/uploads\/2024\/07\/photoroom_20240724_213435-1-169x300.jpeg",169,300,true],"medium_large":["https:\/\/sensacionarabe.com\/Mayoristas\/wp-content\/uploads\/2024\/07\/photoroom_20240724_213435-1-768x1365.jpeg",768,1365,true],"large":["https:\/\/sensacionarabe.com\/Mayoristas\/wp-content\/uploads\/2024\/07\/photoroom_20240724_213435-1-576x1024.jpeg",576,1024,true],"1536x1536":["https:\/\/sensacionarabe.com\/Mayoristas\/wp-content\/uploads\/2024\/07\/photoroom_20240724_213435-1-864x1536.jpeg",864,1536,true],"2048x2048":["https:\/\/sensacionarabe.com\/Mayoristas\/wp-content\/uploads\/2024\/07\/photoroom_20240724_213435-1.jpeg",1080,1920,false],"woocommerce_thumbnail":["https:\/\/sensacionarabe.com\/Mayoristas\/wp-content\/uploads\/2024\/07\/photoroom_20240724_213435-1-300x300.jpeg",300,300,true],"woocommerce_single":["https:\/\/sensacionarabe.com\/Mayoristas\/wp-content\/uploads\/2024\/07\/photoroom_20240724_213435-1-600x1067.jpeg",600,1067,true],"woocommerce_gallery_thumbnail":["https:\/\/sensacionarabe.com\/Mayoristas\/wp-content\/uploads\/2024\/07\/photoroom_20240724_213435-1-100x100.jpeg",100,100,true],"variation_swatches_image_size":["https:\/\/sensacionarabe.com\/Mayoristas\/wp-content\/uploads\/2024\/07\/photoroom_20240724_213435-1.jpeg",28,50,false],"variation_swatches_tooltip_size":["https:\/\/sensacionarabe.com\/Mayoristas\/wp-content\/uploads\/2024\/07\/photoroom_20240724_213435-1.jpeg",56,100,false]},"uagb_author_info":{"display_name":"admin","author_link":"https:\/\/sensacionarabe.com\/Mayoristas\/author\/"},"uagb_comment_info":0,"uagb_excerpt":"Jean Lowe Noir (Antes Ombre) 100ml &#8211; Eau de Parfum\u00a0de\u00a0Maison Alhambra, exclusivamente en\u00a0Arabic Brands, es una expresi\u00f3n de lujo y misterio, dise\u00f1ada para captar la esencia de la sofisticaci\u00f3n moderna. Inspirado en\u00a0LOUIS VUITTON OMBRE NOMADE, este perfume importado de Dubai, Emiratos \u00c1rabes Unidos, es un regalo elegante que te invita a revivir tus sentidos y&hellip;","_links":{"self":[{"href":"https:\/\/sensacionarabe.com\/Mayoristas\/wp-json\/wp\/v2\/product\/6092","targetHints":{"allow":["GET"]}}],"collection":[{"href":"https:\/\/sensacionarabe.com\/Mayoristas\/wp-json\/wp\/v2\/product"}],"about":[{"href":"https:\/\/sensacionarabe.com\/Mayoristas\/wp-json\/wp\/v2\/types\/product"}],"replies":[{"embeddable":true,"href":"https:\/\/sensacionarabe.com\/Mayoristas\/wp-json\/wp\/v2\/comments?post=6092"}],"version-history":[{"count":4,"href":"https:\/\/sensacionarabe.com\/Mayoristas\/wp-json\/wp\/v2\/product\/6092\/revisions"}],"predecessor-version":[{"id":7026,"href":"https:\/\/sensacionarabe.com\/Mayoristas\/wp-json\/wp\/v2\/product\/6092\/revisions\/7026"}],"wp:featuredmedia":[{"embeddable":true,"href":"https:\/\/sensacionarabe.com\/Mayoristas\/wp-json\/wp\/v2\/media\/6091"}],"wp:attachment":[{"href":"https:\/\/sensacionarabe.com\/Mayoristas\/wp-json\/wp\/v2\/media?parent=6092"}],"wp:term":[{"taxonomy":"product_brand","embeddable":true,"href":"https:\/\/sensacionarabe.com\/Mayoristas\/wp-json\/wp\/v2\/product_brand?post=6092"},{"taxonomy":"product_cat","embeddable":true,"href":"https:\/\/sensacionarabe.com\/Mayoristas\/wp-json\/wp\/v2\/product_cat?post=6092"},{"taxonomy":"product_tag","embeddable":true,"href":"https:\/\/sensacionarabe.com\/Mayoristas\/wp-json\/wp\/v2\/product_tag?post=6092"}],"curies":[{"name":"wp","href":"https:\/\/api.w.org\/{rel}","templated":true}]}}