{"id":6207,"date":"2024-08-21T15:58:20","date_gmt":"2024-08-21T13:58:20","guid":{"rendered":"https:\/\/sensacionarabe.com\/Mayoristas\/producto\/jean-lowe-immortal-100-ml-eau-de-parfum-maison-alhambra\/"},"modified":"2026-02-01T18:34:49","modified_gmt":"2026-02-01T17:34:49","slug":"jean-lowe-immortal-100-ml-eau-de-parfum-maison-alhambra","status":"publish","type":"product","link":"https:\/\/sensacionarabe.com\/Mayoristas\/producto\/jean-lowe-immortal-100-ml-eau-de-parfum-maison-alhambra\/","title":{"rendered":"Maison Alhambra Jean Lowe Inmortal 100 ml Eau  de parfum"},"content":{"rendered":"<p style=\"margin-top: 0px;margin-right: 0px;margin-bottom: var(--wd-tags-mb);margin-left: 0px;padding: 0px;border: 0px;vertical-align: baseline;font-style: normal;font-weight: 400;line-height: inherit;font-family: Jost, Arial, Helvetica, sans-serif;font-size: 14px;letter-spacing: normal;text-align: start;text-indent: 0px;text-transform: none;text-decoration: none\">Jean Lowe Immortal de Maison Alhambra ahora se llama Jean Lowe Immortel es una fragancia de la familia olfativa \u00c1mbar para Hombres.<\/p>\n<p style=\"margin-top: 0px;margin-right: 0px;margin-bottom: var(--wd-tags-mb);margin-left: 0px;padding: 0px;border: 0px;vertical-align: baseline;font-style: normal;font-weight: 400;line-height: inherit;font-family: Jost, Arial, Helvetica, sans-serif;font-size: 14px;letter-spacing: normal;text-align: start;text-indent: 0px;text-transform: none;text-decoration: none\">Esta fragrancia es nueva. Jean Lowe Immortal se lanz\u00f3 en 2023.<\/p>\n<p style=\"margin-top: 0px;margin-right: 0px;margin-bottom: var(--wd-tags-mb);margin-left: 0px;padding: 0px;border: 0px;vertical-align: baseline;font-style: normal;font-weight: 400;line-height: inherit;font-family: Jost, Arial, Helvetica, sans-serif;font-size: 14px;letter-spacing: normal;text-align: start;text-indent: 0px;text-transform: none;text-decoration: none\">Las Notas de Salida son toronja (pomelo), jengibre y bergamota;<\/p>\n<p style=\"margin-top: 0px;margin-right: 0px;margin-bottom: var(--wd-tags-mb);margin-left: 0px;padding: 0px;border: 0px;vertical-align: baseline;font-style: normal;font-weight: 400;line-height: inherit;font-family: Jost, Arial, Helvetica, sans-serif;font-size: 14px;letter-spacing: normal;text-align: start;text-indent: 0px;text-transform: none;text-decoration: none\">las Notas de Coraz\u00f3n son notas acu\u00e1ticas, romero, salvia y geranio; las Notas de Fondo son ambroxan, l\u00e1dano y \u00e1mbar.<\/p>\n<p style=\"margin-top: 0px;margin-right: 0px;margin-bottom: var(--wd-tags-mb);margin-left: 0px;padding: 0px;border: 0px;vertical-align: baseline;font-style: normal;font-weight: 400;line-height: inherit;font-family: Jost, Arial, Helvetica, sans-serif;font-size: 14px;letter-spacing: normal;text-align: start;text-indent: 0px;text-transform: none;text-decoration: none\">Tama\u00f1o 100 ml<\/p>\n","protected":false},"excerpt":{"rendered":"<p>Jean Lowe Immortal de Maison Alhambra ahora se llama Jean Lowe Immortel es una fragancia de la familia olfativa \u00c1mbar para Hombres. Esta fragrancia es nueva. Jean Lowe Immortal se lanz\u00f3 en 2023. Las Notas de Salida son toronja (pomelo), jengibre y bergamota; las Notas de Coraz\u00f3n son notas acu\u00e1ticas, romero, salvia y geranio; las [&hellip;]<\/p>\n","protected":false},"featured_media":6206,"comment_status":"open","ping_status":"closed","template":"","meta":{"nf_dc_page":"","_uag_custom_page_level_css":"","site-sidebar-layout":"default","site-content-layout":"","ast-site-content-layout":"default","site-content-style":"default","site-sidebar-style":"default","ast-global-header-display":"","ast-banner-title-visibility":"","ast-main-header-display":"","ast-hfb-above-header-display":"","ast-hfb-below-header-display":"","ast-hfb-mobile-header-display":"","site-post-title":"","ast-breadcrumbs-content":"","ast-featured-img":"","footer-sml-layout":"","ast-disable-related-posts":"","theme-transparent-header-meta":"","adv-header-id-meta":"","stick-header-meta":"","header-above-stick-meta":"","header-main-stick-meta":"","header-below-stick-meta":"","astra-migrate-meta-layouts":"default","ast-page-background-enabled":"default","ast-page-background-meta":{"desktop":{"background-color":"","background-image":"","background-repeat":"repeat","background-position":"center center","background-size":"auto","background-attachment":"scroll","background-type":"","background-media":"","overlay-type":"","overlay-color":"","overlay-opacity":"","overlay-gradient":""},"tablet":{"background-color":"","background-image":"","background-repeat":"repeat","background-position":"center center","background-size":"auto","background-attachment":"scroll","background-type":"","background-media":"","overlay-type":"","overlay-color":"","overlay-opacity":"","overlay-gradient":""},"mobile":{"background-color":"","background-image":"","background-repeat":"repeat","background-position":"center center","background-size":"auto","background-attachment":"scroll","background-type":"","background-media":"","overlay-type":"","overlay-color":"","overlay-opacity":"","overlay-gradient":""}},"ast-content-background-meta":{"desktop":{"background-color":"var(--ast-global-color-5)","background-image":"","background-repeat":"repeat","background-position":"center center","background-size":"auto","background-attachment":"scroll","background-type":"","background-media":"","overlay-type":"","overlay-color":"","overlay-opacity":"","overlay-gradient":""},"tablet":{"background-color":"var(--ast-global-color-5)","background-image":"","background-repeat":"repeat","background-position":"center center","background-size":"auto","background-attachment":"scroll","background-type":"","background-media":"","overlay-type":"","overlay-color":"","overlay-opacity":"","overlay-gradient":""},"mobile":{"background-color":"var(--ast-global-color-5)","background-image":"","background-repeat":"repeat","background-position":"center center","background-size":"auto","background-attachment":"scroll","background-type":"","background-media":"","overlay-type":"","overlay-color":"","overlay-opacity":"","overlay-gradient":""}}},"product_brand":[],"product_cat":[40],"product_tag":[59],"class_list":{"0":"post-6207","1":"product","2":"type-product","3":"status-publish","4":"has-post-thumbnail","6":"product_cat-hombre","7":"product_tag-maison-alhambra","8":"desktop-align-left","9":"tablet-align-left","10":"mobile-align-left","12":"first","13":"outofstock","14":"taxable","15":"shipping-taxable","16":"purchasable","17":"product-type-simple"},"uagb_featured_image_src":{"full":["https:\/\/sensacionarabe.com\/Mayoristas\/wp-content\/uploads\/2024\/08\/photoroom_20240821_155309.jpeg",1080,1920,false],"thumbnail":["https:\/\/sensacionarabe.com\/Mayoristas\/wp-content\/uploads\/2024\/08\/photoroom_20240821_155309-150x150.jpeg",150,150,true],"medium":["https:\/\/sensacionarabe.com\/Mayoristas\/wp-content\/uploads\/2024\/08\/photoroom_20240821_155309-169x300.jpeg",169,300,true],"medium_large":["https:\/\/sensacionarabe.com\/Mayoristas\/wp-content\/uploads\/2024\/08\/photoroom_20240821_155309-768x1365.jpeg",768,1365,true],"large":["https:\/\/sensacionarabe.com\/Mayoristas\/wp-content\/uploads\/2024\/08\/photoroom_20240821_155309-576x1024.jpeg",576,1024,true],"1536x1536":["https:\/\/sensacionarabe.com\/Mayoristas\/wp-content\/uploads\/2024\/08\/photoroom_20240821_155309-864x1536.jpeg",864,1536,true],"2048x2048":["https:\/\/sensacionarabe.com\/Mayoristas\/wp-content\/uploads\/2024\/08\/photoroom_20240821_155309.jpeg",1080,1920,false],"woocommerce_thumbnail":["https:\/\/sensacionarabe.com\/Mayoristas\/wp-content\/uploads\/2024\/08\/photoroom_20240821_155309-300x300.jpeg",300,300,true],"woocommerce_single":["https:\/\/sensacionarabe.com\/Mayoristas\/wp-content\/uploads\/2024\/08\/photoroom_20240821_155309-600x1067.jpeg",600,1067,true],"woocommerce_gallery_thumbnail":["https:\/\/sensacionarabe.com\/Mayoristas\/wp-content\/uploads\/2024\/08\/photoroom_20240821_155309-100x100.jpeg",100,100,true],"variation_swatches_image_size":["https:\/\/sensacionarabe.com\/Mayoristas\/wp-content\/uploads\/2024\/08\/photoroom_20240821_155309.jpeg",28,50,false],"variation_swatches_tooltip_size":["https:\/\/sensacionarabe.com\/Mayoristas\/wp-content\/uploads\/2024\/08\/photoroom_20240821_155309.jpeg",56,100,false]},"uagb_author_info":{"display_name":"admin","author_link":"https:\/\/sensacionarabe.com\/Mayoristas\/author\/"},"uagb_comment_info":0,"uagb_excerpt":"Jean Lowe Immortal de Maison Alhambra ahora se llama Jean Lowe Immortel es una fragancia de la familia olfativa \u00c1mbar para Hombres. Esta fragrancia es nueva. Jean Lowe Immortal se lanz\u00f3 en 2023. Las Notas de Salida son toronja (pomelo), jengibre y bergamota; las Notas de Coraz\u00f3n son notas acu\u00e1ticas, romero, salvia y geranio; las&hellip;","_links":{"self":[{"href":"https:\/\/sensacionarabe.com\/Mayoristas\/wp-json\/wp\/v2\/product\/6207","targetHints":{"allow":["GET"]}}],"collection":[{"href":"https:\/\/sensacionarabe.com\/Mayoristas\/wp-json\/wp\/v2\/product"}],"about":[{"href":"https:\/\/sensacionarabe.com\/Mayoristas\/wp-json\/wp\/v2\/types\/product"}],"replies":[{"embeddable":true,"href":"https:\/\/sensacionarabe.com\/Mayoristas\/wp-json\/wp\/v2\/comments?post=6207"}],"version-history":[{"count":2,"href":"https:\/\/sensacionarabe.com\/Mayoristas\/wp-json\/wp\/v2\/product\/6207\/revisions"}],"predecessor-version":[{"id":7158,"href":"https:\/\/sensacionarabe.com\/Mayoristas\/wp-json\/wp\/v2\/product\/6207\/revisions\/7158"}],"wp:featuredmedia":[{"embeddable":true,"href":"https:\/\/sensacionarabe.com\/Mayoristas\/wp-json\/wp\/v2\/media\/6206"}],"wp:attachment":[{"href":"https:\/\/sensacionarabe.com\/Mayoristas\/wp-json\/wp\/v2\/media?parent=6207"}],"wp:term":[{"taxonomy":"product_brand","embeddable":true,"href":"https:\/\/sensacionarabe.com\/Mayoristas\/wp-json\/wp\/v2\/product_brand?post=6207"},{"taxonomy":"product_cat","embeddable":true,"href":"https:\/\/sensacionarabe.com\/Mayoristas\/wp-json\/wp\/v2\/product_cat?post=6207"},{"taxonomy":"product_tag","embeddable":true,"href":"https:\/\/sensacionarabe.com\/Mayoristas\/wp-json\/wp\/v2\/product_tag?post=6207"}],"curies":[{"name":"wp","href":"https:\/\/api.w.org\/{rel}","templated":true}]}}