{"id":6227,"date":"2024-09-03T19:49:40","date_gmt":"2024-09-03T17:49:40","guid":{"rendered":"https:\/\/sensacionarabe.com\/Mayoristas\/producto\/ameer-al-arab-imperium-asdaaf-perfume-para-hombre-100ml\/"},"modified":"2026-03-19T21:41:13","modified_gmt":"2026-03-19T20:41:13","slug":"ameer-al-arab-imperium-asdaaf-perfume-para-hombre-100ml","status":"publish","type":"product","link":"https:\/\/sensacionarabe.com\/Mayoristas\/producto\/ameer-al-arab-imperium-asdaaf-perfume-para-hombre-100ml\/","title":{"rendered":"Asdaaf ameerat al arab  imperium Eau de perfum 100ml"},"content":{"rendered":"<p style=\"margin-top: 0px;font-family: Assistant, sans-serif;font-size: 15px;font-style: normal;font-weight: 400;letter-spacing: 0.6px;text-align: start;text-indent: 0px;text-transform: none;text-decoration: none\">\ud83c\udf1f<span class=\"Apple-converted-space\">&nbsp;<\/span><strong>Ameer Al Arab Imperium de Asdaaf<\/strong><span class=\"Apple-converted-space\">&nbsp;<\/span>\ud83c\udf1f<\/p>\n<p style=\"font-family: Assistant, sans-serif;font-size: 15px;font-style: normal;font-weight: 400;letter-spacing: 0.6px;text-align: start;text-indent: 0px;text-transform: none;text-decoration: none\"><strong>Familia olfativa<\/strong>: Afrutada y Fresca \ud83c\udf4f\ud83c\udf4b<\/p>\n<p style=\"font-family: Assistant, sans-serif;font-size: 15px;font-style: normal;font-weight: 400;letter-spacing: 0.6px;text-align: start;text-indent: 0px;text-transform: none;text-decoration: none\"><strong>Para<\/strong>: Hombres \ud83d\udc68<\/p>\n<p style=\"font-family: Assistant, sans-serif;font-size: 15px;font-style: normal;font-weight: 400;letter-spacing: 0.6px;text-align: start;text-indent: 0px;text-transform: none;text-decoration: none\"><strong>Notas Arom\u00e1ticas<\/strong>:<\/p>\n<p style=\"font-family: Assistant, sans-serif;font-size: 15px;font-style: normal;font-weight: 400;letter-spacing: 0.6px;text-align: start;text-indent: 0px;text-transform: none;text-decoration: none\">\ud83c\udf3f<span class=\"Apple-converted-space\">&nbsp;<\/span><strong>Notas de Salida<\/strong>: Notas Amaderadas, Almizcle Blanco<br \/>\n\ud83c\udf4b<span class=\"Apple-converted-space\">&nbsp;<\/span><strong>Notas de Coraz\u00f3n<\/strong>: Pachul\u00ed, Lim\u00f3n, \u00c1mbar<br \/>\n\ud83c\udf4e<span class=\"Apple-converted-space\">&nbsp;<\/span><strong>Notas de Fondo<\/strong>: Manzana, Grosella Negra, Jazm\u00edn<\/p>\n<p style=\"font-family: Assistant, sans-serif;font-size: 15px;font-style: normal;font-weight: 400;letter-spacing: 0.6px;text-align: start;text-indent: 0px;text-transform: none;text-decoration: none\"><strong>Ameer Al Arab Imperium<\/strong><span class=\"Apple-converted-space\">&nbsp;<\/span>es una fragancia que combina frescura y sofisticaci\u00f3n, ideal para el hombre moderno que busca un aroma vers\u00e1til y cautivador.<\/p>\n<p style=\"font-family: Assistant, sans-serif;font-size: 15px;font-style: normal;font-weight: 400;letter-spacing: 0.6px;text-align: start;text-indent: 0px;text-transform: none;text-decoration: none\">Desde el primer momento, las<span class=\"Apple-converted-space\">&nbsp;<\/span><strong>notas amaderadas<\/strong><span class=\"Apple-converted-space\">&nbsp;<\/span>\ud83c\udf32 y el<span class=\"Apple-converted-space\">&nbsp;<\/span><strong>almizcle blanco<\/strong><span class=\"Apple-converted-space\">&nbsp;<\/span>\ud83d\udd4a\ufe0f crean una apertura suave y masculina que evoca confianza y elegancia.<\/p>\n<p style=\"font-family: Assistant, sans-serif;font-size: 15px;font-style: normal;font-weight: 400;letter-spacing: 0.6px;text-align: start;text-indent: 0px;text-transform: none;text-decoration: none\">En el coraz\u00f3n de la fragancia, la frescura vibrante del<span class=\"Apple-converted-space\">&nbsp;<\/span><strong>lim\u00f3n<\/strong><span class=\"Apple-converted-space\">&nbsp;<\/span>\ud83c\udf4b se mezcla con el car\u00e1cter terroso del<span class=\"Apple-converted-space\">&nbsp;<\/span><strong>pachul\u00ed<\/strong><span class=\"Apple-converted-space\">&nbsp;<\/span>\ud83c\udf3f y la calidez del<span class=\"Apple-converted-space\">&nbsp;<\/span><strong>\u00e1mbar<\/strong><span class=\"Apple-converted-space\">&nbsp;<\/span>\ud83c\udf1e, creando una sensaci\u00f3n equilibrada y envolvente.<\/p>\n<p style=\"font-family: Assistant, sans-serif;font-size: 15px;font-style: normal;font-weight: 400;letter-spacing: 0.6px;text-align: start;text-indent: 0px;text-transform: none;text-decoration: none\">Finalmente, la fragancia se despliega en una base de<span class=\"Apple-converted-space\">&nbsp;<\/span><strong>manzana<\/strong><span class=\"Apple-converted-space\">&nbsp;<\/span>\ud83c\udf4f jugosa,<span class=\"Apple-converted-space\">&nbsp;<\/span><strong>grosella negra<\/strong><span class=\"Apple-converted-space\">&nbsp;<\/span>\ud83c\udf47 y<span class=\"Apple-converted-space\">&nbsp;<\/span><strong>jazm\u00edn<\/strong><span class=\"Apple-converted-space\">&nbsp;<\/span>\ud83c\udf38, que a\u00f1aden un toque afrutado y floral, dejando una estela fresca y duradera.<\/p>\n<p style=\"margin-bottom: 0px;font-family: Assistant, sans-serif;font-size: 15px;font-style: normal;font-weight: 400;letter-spacing: 0.6px;text-align: start;text-indent: 0px;text-transform: none;text-decoration: none\">\u2728<span class=\"Apple-converted-space\">&nbsp;<\/span><strong>Ameer Al Arab Imperium<\/strong><span class=\"Apple-converted-space\">&nbsp;<\/span>es la elecci\u00f3n perfecta para hombres que buscan una fragancia que combine frescura, fuerza y elegancia. \ud83c\udf1f\ud83d\udc51<\/p>\n","protected":false},"excerpt":{"rendered":"<p>\ud83c\udf1f&nbsp;Ameer Al Arab Imperium de Asdaaf&nbsp;\ud83c\udf1f Familia olfativa: Afrutada y Fresca \ud83c\udf4f\ud83c\udf4b Para: Hombres \ud83d\udc68 Notas Arom\u00e1ticas: \ud83c\udf3f&nbsp;Notas de Salida: Notas Amaderadas, Almizcle Blanco \ud83c\udf4b&nbsp;Notas de Coraz\u00f3n: Pachul\u00ed, Lim\u00f3n, \u00c1mbar \ud83c\udf4e&nbsp;Notas de Fondo: Manzana, Grosella Negra, Jazm\u00edn Ameer Al Arab Imperium&nbsp;es una fragancia que combina frescura y sofisticaci\u00f3n, ideal para el hombre moderno que busca [&hellip;]<\/p>\n","protected":false},"featured_media":6226,"comment_status":"open","ping_status":"closed","template":"","meta":{"nf_dc_page":"","_uag_custom_page_level_css":"","site-sidebar-layout":"default","site-content-layout":"","ast-site-content-layout":"default","site-content-style":"default","site-sidebar-style":"default","ast-global-header-display":"","ast-banner-title-visibility":"","ast-main-header-display":"","ast-hfb-above-header-display":"","ast-hfb-below-header-display":"","ast-hfb-mobile-header-display":"","site-post-title":"","ast-breadcrumbs-content":"","ast-featured-img":"","footer-sml-layout":"","ast-disable-related-posts":"","theme-transparent-header-meta":"","adv-header-id-meta":"","stick-header-meta":"","header-above-stick-meta":"","header-main-stick-meta":"","header-below-stick-meta":"","astra-migrate-meta-layouts":"default","ast-page-background-enabled":"default","ast-page-background-meta":{"desktop":{"background-color":"","background-image":"","background-repeat":"repeat","background-position":"center center","background-size":"auto","background-attachment":"scroll","background-type":"","background-media":"","overlay-type":"","overlay-color":"","overlay-opacity":"","overlay-gradient":""},"tablet":{"background-color":"","background-image":"","background-repeat":"repeat","background-position":"center center","background-size":"auto","background-attachment":"scroll","background-type":"","background-media":"","overlay-type":"","overlay-color":"","overlay-opacity":"","overlay-gradient":""},"mobile":{"background-color":"","background-image":"","background-repeat":"repeat","background-position":"center center","background-size":"auto","background-attachment":"scroll","background-type":"","background-media":"","overlay-type":"","overlay-color":"","overlay-opacity":"","overlay-gradient":""}},"ast-content-background-meta":{"desktop":{"background-color":"var(--ast-global-color-5)","background-image":"","background-repeat":"repeat","background-position":"center center","background-size":"auto","background-attachment":"scroll","background-type":"","background-media":"","overlay-type":"","overlay-color":"","overlay-opacity":"","overlay-gradient":""},"tablet":{"background-color":"var(--ast-global-color-5)","background-image":"","background-repeat":"repeat","background-position":"center center","background-size":"auto","background-attachment":"scroll","background-type":"","background-media":"","overlay-type":"","overlay-color":"","overlay-opacity":"","overlay-gradient":""},"mobile":{"background-color":"var(--ast-global-color-5)","background-image":"","background-repeat":"repeat","background-position":"center center","background-size":"auto","background-attachment":"scroll","background-type":"","background-media":"","overlay-type":"","overlay-color":"","overlay-opacity":"","overlay-gradient":""}}},"product_brand":[],"product_cat":[40],"product_tag":[60],"class_list":{"0":"post-6227","1":"product","2":"type-product","3":"status-publish","4":"has-post-thumbnail","6":"product_cat-hombre","7":"product_tag-asdaaf","8":"desktop-align-left","9":"tablet-align-left","10":"mobile-align-left","12":"first","13":"instock","14":"taxable","15":"shipping-taxable","16":"purchasable","17":"product-type-simple"},"uagb_featured_image_src":{"full":["https:\/\/sensacionarabe.com\/Mayoristas\/wp-content\/uploads\/2024\/09\/img_1863-1.jpeg",1080,1080,false],"thumbnail":["https:\/\/sensacionarabe.com\/Mayoristas\/wp-content\/uploads\/2024\/09\/img_1863-1-150x150.jpeg",150,150,true],"medium":["https:\/\/sensacionarabe.com\/Mayoristas\/wp-content\/uploads\/2024\/09\/img_1863-1-300x300.jpeg",300,300,true],"medium_large":["https:\/\/sensacionarabe.com\/Mayoristas\/wp-content\/uploads\/2024\/09\/img_1863-1-768x768.jpeg",768,768,true],"large":["https:\/\/sensacionarabe.com\/Mayoristas\/wp-content\/uploads\/2024\/09\/img_1863-1-1024x1024.jpeg",1024,1024,true],"1536x1536":["https:\/\/sensacionarabe.com\/Mayoristas\/wp-content\/uploads\/2024\/09\/img_1863-1.jpeg",1080,1080,false],"2048x2048":["https:\/\/sensacionarabe.com\/Mayoristas\/wp-content\/uploads\/2024\/09\/img_1863-1.jpeg",1080,1080,false],"woocommerce_thumbnail":["https:\/\/sensacionarabe.com\/Mayoristas\/wp-content\/uploads\/2024\/09\/img_1863-1-300x300.jpeg",300,300,true],"woocommerce_single":["https:\/\/sensacionarabe.com\/Mayoristas\/wp-content\/uploads\/2024\/09\/img_1863-1-600x600.jpeg",600,600,true],"woocommerce_gallery_thumbnail":["https:\/\/sensacionarabe.com\/Mayoristas\/wp-content\/uploads\/2024\/09\/img_1863-1-100x100.jpeg",100,100,true],"variation_swatches_image_size":["https:\/\/sensacionarabe.com\/Mayoristas\/wp-content\/uploads\/2024\/09\/img_1863-1.jpeg",50,50,false],"variation_swatches_tooltip_size":["https:\/\/sensacionarabe.com\/Mayoristas\/wp-content\/uploads\/2024\/09\/img_1863-1.jpeg",100,100,false]},"uagb_author_info":{"display_name":"admin","author_link":"https:\/\/sensacionarabe.com\/Mayoristas\/author\/"},"uagb_comment_info":0,"uagb_excerpt":"\ud83c\udf1f&nbsp;Ameer Al Arab Imperium de Asdaaf&nbsp;\ud83c\udf1f Familia olfativa: Afrutada y Fresca \ud83c\udf4f\ud83c\udf4b Para: Hombres \ud83d\udc68 Notas Arom\u00e1ticas: \ud83c\udf3f&nbsp;Notas de Salida: Notas Amaderadas, Almizcle Blanco \ud83c\udf4b&nbsp;Notas de Coraz\u00f3n: Pachul\u00ed, Lim\u00f3n, \u00c1mbar \ud83c\udf4e&nbsp;Notas de Fondo: Manzana, Grosella Negra, Jazm\u00edn Ameer Al Arab Imperium&nbsp;es una fragancia que combina frescura y sofisticaci\u00f3n, ideal para el hombre moderno que busca&hellip;","_links":{"self":[{"href":"https:\/\/sensacionarabe.com\/Mayoristas\/wp-json\/wp\/v2\/product\/6227","targetHints":{"allow":["GET"]}}],"collection":[{"href":"https:\/\/sensacionarabe.com\/Mayoristas\/wp-json\/wp\/v2\/product"}],"about":[{"href":"https:\/\/sensacionarabe.com\/Mayoristas\/wp-json\/wp\/v2\/types\/product"}],"replies":[{"embeddable":true,"href":"https:\/\/sensacionarabe.com\/Mayoristas\/wp-json\/wp\/v2\/comments?post=6227"}],"version-history":[{"count":4,"href":"https:\/\/sensacionarabe.com\/Mayoristas\/wp-json\/wp\/v2\/product\/6227\/revisions"}],"predecessor-version":[{"id":9573,"href":"https:\/\/sensacionarabe.com\/Mayoristas\/wp-json\/wp\/v2\/product\/6227\/revisions\/9573"}],"wp:featuredmedia":[{"embeddable":true,"href":"https:\/\/sensacionarabe.com\/Mayoristas\/wp-json\/wp\/v2\/media\/6226"}],"wp:attachment":[{"href":"https:\/\/sensacionarabe.com\/Mayoristas\/wp-json\/wp\/v2\/media?parent=6227"}],"wp:term":[{"taxonomy":"product_brand","embeddable":true,"href":"https:\/\/sensacionarabe.com\/Mayoristas\/wp-json\/wp\/v2\/product_brand?post=6227"},{"taxonomy":"product_cat","embeddable":true,"href":"https:\/\/sensacionarabe.com\/Mayoristas\/wp-json\/wp\/v2\/product_cat?post=6227"},{"taxonomy":"product_tag","embeddable":true,"href":"https:\/\/sensacionarabe.com\/Mayoristas\/wp-json\/wp\/v2\/product_tag?post=6227"}],"curies":[{"name":"wp","href":"https:\/\/api.w.org\/{rel}","templated":true}]}}