{"id":6246,"date":"2024-09-23T22:47:06","date_gmt":"2024-09-23T20:47:06","guid":{"rendered":"https:\/\/sensacionarabe.com\/Mayoristas\/producto\/khadlaj-hareem-al-sultan-gold-aceite-de-perfume\/"},"modified":"2026-03-26T20:57:46","modified_gmt":"2026-03-26T19:57:46","slug":"khadlaj-hareem-al-sultan-gold-aceite-de-perfume","status":"publish","type":"product","link":"https:\/\/sensacionarabe.com\/Mayoristas\/producto\/khadlaj-hareem-al-sultan-gold-aceite-de-perfume\/","title":{"rendered":"Khadlaj Hareem Al Sultan Gold 35ml"},"content":{"rendered":"<div class=\"value\" style=\"--tw-border-spacing-x: 0;--tw-border-spacing-y: 0;--tw-translate-x: 0;--tw-translate-y: 0;--tw-rotate: 0;--tw-skew-x: 0;--tw-skew-y: 0;--tw-scale-x: 1;--tw-scale-y: 1;--tw-pan-x;--tw-pan-y;--tw-pinch-zoom;--tw-scroll-snap-strictness: proximity;--tw-gradient-from-position;--tw-gradient-via-position;--tw-gradient-to-position;--tw-ordinal;--tw-slashed-zero;--tw-numeric-figure;--tw-numeric-spacing;--tw-numeric-fraction;--tw-ring-inset;--tw-ring-offset-width: 0px;--tw-ring-offset-color: #fff;--tw-ring-offset-shadow: 0 0 #0000;--tw-ring-shadow: 0 0 #0000;--tw-shadow: 0 0 #0000;--tw-shadow-colored: 0 0 #0000;--tw-blur;--tw-brightness;--tw-contrast;--tw-grayscale;--tw-hue-rotate;--tw-invert;--tw-saturate;--tw-sepia;--tw-drop-shadow;--tw-backdrop-blur;--tw-backdrop-brightness;--tw-backdrop-contrast;--tw-backdrop-grayscale;--tw-backdrop-hue-rotate;--tw-backdrop-invert;--tw-backdrop-opacity;--tw-backdrop-saturate;--tw-backdrop-sepia;--tw-contain-size;--tw-contain-layout;--tw-contain-paint;--tw-contain-style;max-height: 100%;position: relative;font-family: Karla, Helvetica, Arial, sans-serif;font-size: 16px;font-style: normal;font-weight: 400;letter-spacing: normal;text-align: start;text-indent: 0px;text-transform: none;text-decoration: none\">\n<p style=\"--tw-border-spacing-x: 0;--tw-border-spacing-y: 0;--tw-translate-x: 0;--tw-translate-y: 0;--tw-rotate: 0;--tw-skew-x: 0;--tw-skew-y: 0;--tw-scale-x: 1;--tw-scale-y: 1;--tw-pan-x;--tw-pan-y;--tw-pinch-zoom;--tw-scroll-snap-strictness: proximity;--tw-gradient-from-position;--tw-gradient-via-position;--tw-gradient-to-position;--tw-ordinal;--tw-slashed-zero;--tw-numeric-figure;--tw-numeric-spacing;--tw-numeric-fraction;--tw-ring-inset;--tw-ring-offset-width: 0px;--tw-ring-offset-color: #fff;--tw-ring-offset-shadow: 0 0 #0000;--tw-ring-shadow: 0 0 #0000;--tw-shadow: 0 0 #0000;--tw-shadow-colored: 0 0 #0000;--tw-blur;--tw-brightness;--tw-contrast;--tw-grayscale;--tw-hue-rotate;--tw-invert;--tw-saturate;--tw-sepia;--tw-drop-shadow;--tw-backdrop-blur;--tw-backdrop-brightness;--tw-backdrop-contrast;--tw-backdrop-grayscale;--tw-backdrop-hue-rotate;--tw-backdrop-invert;--tw-backdrop-opacity;--tw-backdrop-saturate;--tw-backdrop-sepia;--tw-contain-size;--tw-contain-layout;--tw-contain-paint;--tw-contain-style;margin: 0px 0px 0.625rem\"><strong style=\"--tw-border-spacing-x: 0;--tw-border-spacing-y: 0;--tw-translate-x: 0;--tw-translate-y: 0;--tw-rotate: 0;--tw-skew-x: 0;--tw-skew-y: 0;--tw-scale-x: 1;--tw-scale-y: 1;--tw-pan-x;--tw-pan-y;--tw-pinch-zoom;--tw-scroll-snap-strictness: proximity;--tw-gradient-from-position;--tw-gradient-via-position;--tw-gradient-to-position;--tw-ordinal;--tw-slashed-zero;--tw-numeric-figure;--tw-numeric-spacing;--tw-numeric-fraction;--tw-ring-inset;--tw-ring-offset-width: 0px;--tw-ring-offset-color: #fff;--tw-ring-offset-shadow: 0 0 #0000;--tw-ring-shadow: 0 0 #0000;--tw-shadow: 0 0 #0000;--tw-shadow-colored: 0 0 #0000;--tw-blur;--tw-brightness;--tw-contrast;--tw-grayscale;--tw-hue-rotate;--tw-invert;--tw-saturate;--tw-sepia;--tw-drop-shadow;--tw-backdrop-blur;--tw-backdrop-brightness;--tw-backdrop-contrast;--tw-backdrop-grayscale;--tw-backdrop-hue-rotate;--tw-backdrop-invert;--tw-backdrop-opacity;--tw-backdrop-saturate;--tw-backdrop-sepia;--tw-contain-size;--tw-contain-layout;--tw-contain-paint;--tw-contain-style;font-weight: 700\">Hareem Al Sultan Gold<\/strong><span class=\"Apple-converted-space\">&nbsp;<\/span>es una fragancia cautivadora que transporta a quien la usa a un mundo de<span class=\"Apple-converted-space\">&nbsp;<\/span><strong style=\"--tw-border-spacing-x: 0;--tw-border-spacing-y: 0;--tw-translate-x: 0;--tw-translate-y: 0;--tw-rotate: 0;--tw-skew-x: 0;--tw-skew-y: 0;--tw-scale-x: 1;--tw-scale-y: 1;--tw-pan-x;--tw-pan-y;--tw-pinch-zoom;--tw-scroll-snap-strictness: proximity;--tw-gradient-from-position;--tw-gradient-via-position;--tw-gradient-to-position;--tw-ordinal;--tw-slashed-zero;--tw-numeric-figure;--tw-numeric-spacing;--tw-numeric-fraction;--tw-ring-inset;--tw-ring-offset-width: 0px;--tw-ring-offset-color: #fff;--tw-ring-offset-shadow: 0 0 #0000;--tw-ring-shadow: 0 0 #0000;--tw-shadow: 0 0 #0000;--tw-shadow-colored: 0 0 #0000;--tw-blur;--tw-brightness;--tw-contrast;--tw-grayscale;--tw-hue-rotate;--tw-invert;--tw-saturate;--tw-sepia;--tw-drop-shadow;--tw-backdrop-blur;--tw-backdrop-brightness;--tw-backdrop-contrast;--tw-backdrop-grayscale;--tw-backdrop-hue-rotate;--tw-backdrop-invert;--tw-backdrop-opacity;--tw-backdrop-saturate;--tw-backdrop-sepia;--tw-contain-size;--tw-contain-layout;--tw-contain-paint;--tw-contain-style;font-weight: 700\">misterio<span class=\"Apple-converted-space\">&nbsp;<\/span><\/strong>y<span class=\"Apple-converted-space\">&nbsp;<\/span><strong style=\"--tw-border-spacing-x: 0;--tw-border-spacing-y: 0;--tw-translate-x: 0;--tw-translate-y: 0;--tw-rotate: 0;--tw-skew-x: 0;--tw-skew-y: 0;--tw-scale-x: 1;--tw-scale-y: 1;--tw-pan-x;--tw-pan-y;--tw-pinch-zoom;--tw-scroll-snap-strictness: proximity;--tw-gradient-from-position;--tw-gradient-via-position;--tw-gradient-to-position;--tw-ordinal;--tw-slashed-zero;--tw-numeric-figure;--tw-numeric-spacing;--tw-numeric-fraction;--tw-ring-inset;--tw-ring-offset-width: 0px;--tw-ring-offset-color: #fff;--tw-ring-offset-shadow: 0 0 #0000;--tw-ring-shadow: 0 0 #0000;--tw-shadow: 0 0 #0000;--tw-shadow-colored: 0 0 #0000;--tw-blur;--tw-brightness;--tw-contrast;--tw-grayscale;--tw-hue-rotate;--tw-invert;--tw-saturate;--tw-sepia;--tw-drop-shadow;--tw-backdrop-blur;--tw-backdrop-brightness;--tw-backdrop-contrast;--tw-backdrop-grayscale;--tw-backdrop-hue-rotate;--tw-backdrop-invert;--tw-backdrop-opacity;--tw-backdrop-saturate;--tw-backdrop-sepia;--tw-contain-size;--tw-contain-layout;--tw-contain-paint;--tw-contain-style;font-weight: 700\">elegancia<\/strong>. Inspirada en la riqueza y el lujo de los palacios otomanos, esta esencia destila un aura de refinamiento y poder.<\/p>\n<p style=\"--tw-border-spacing-x: 0;--tw-border-spacing-y: 0;--tw-translate-x: 0;--tw-translate-y: 0;--tw-rotate: 0;--tw-skew-x: 0;--tw-skew-y: 0;--tw-scale-x: 1;--tw-scale-y: 1;--tw-pan-x;--tw-pan-y;--tw-pinch-zoom;--tw-scroll-snap-strictness: proximity;--tw-gradient-from-position;--tw-gradient-via-position;--tw-gradient-to-position;--tw-ordinal;--tw-slashed-zero;--tw-numeric-figure;--tw-numeric-spacing;--tw-numeric-fraction;--tw-ring-inset;--tw-ring-offset-width: 0px;--tw-ring-offset-color: #fff;--tw-ring-offset-shadow: 0 0 #0000;--tw-ring-shadow: 0 0 #0000;--tw-shadow: 0 0 #0000;--tw-shadow-colored: 0 0 #0000;--tw-blur;--tw-brightness;--tw-contrast;--tw-grayscale;--tw-hue-rotate;--tw-invert;--tw-saturate;--tw-sepia;--tw-drop-shadow;--tw-backdrop-blur;--tw-backdrop-brightness;--tw-backdrop-contrast;--tw-backdrop-grayscale;--tw-backdrop-hue-rotate;--tw-backdrop-invert;--tw-backdrop-opacity;--tw-backdrop-saturate;--tw-backdrop-sepia;--tw-contain-size;--tw-contain-layout;--tw-contain-paint;--tw-contain-style;margin: 0px 0px 0.625rem;text-align: start\">Desde la primera aspersi\u00f3n, las<span class=\"Apple-converted-space\">&nbsp;<\/span><strong style=\"--tw-border-spacing-x: 0;--tw-border-spacing-y: 0;--tw-translate-x: 0;--tw-translate-y: 0;--tw-rotate: 0;--tw-skew-x: 0;--tw-skew-y: 0;--tw-scale-x: 1;--tw-scale-y: 1;--tw-pan-x;--tw-pan-y;--tw-pinch-zoom;--tw-scroll-snap-strictness: proximity;--tw-gradient-from-position;--tw-gradient-via-position;--tw-gradient-to-position;--tw-ordinal;--tw-slashed-zero;--tw-numeric-figure;--tw-numeric-spacing;--tw-numeric-fraction;--tw-ring-inset;--tw-ring-offset-width: 0px;--tw-ring-offset-color: #fff;--tw-ring-offset-shadow: 0 0 #0000;--tw-ring-shadow: 0 0 #0000;--tw-shadow: 0 0 #0000;--tw-shadow-colored: 0 0 #0000;--tw-blur;--tw-brightness;--tw-contrast;--tw-grayscale;--tw-hue-rotate;--tw-invert;--tw-saturate;--tw-sepia;--tw-drop-shadow;--tw-backdrop-blur;--tw-backdrop-brightness;--tw-backdrop-contrast;--tw-backdrop-grayscale;--tw-backdrop-hue-rotate;--tw-backdrop-invert;--tw-backdrop-opacity;--tw-backdrop-saturate;--tw-backdrop-sepia;--tw-contain-size;--tw-contain-layout;--tw-contain-paint;--tw-contain-style;font-weight: 700\">notas amaderadas<\/strong><span class=\"Apple-converted-space\">&nbsp;<\/span>de s\u00e1ndalo y cedro envuelven al usuario en una atm\u00f3sfera c\u00e1lida y envolvente. Estas se combinan con los ricos acordes bals\u00e1micos del \u00e1mbar, creando una base s\u00f3lida y duradera.<\/p>\n<p style=\"--tw-border-spacing-x: 0;--tw-border-spacing-y: 0;--tw-translate-x: 0;--tw-translate-y: 0;--tw-rotate: 0;--tw-skew-x: 0;--tw-skew-y: 0;--tw-scale-x: 1;--tw-scale-y: 1;--tw-pan-x;--tw-pan-y;--tw-pinch-zoom;--tw-scroll-snap-strictness: proximity;--tw-gradient-from-position;--tw-gradient-via-position;--tw-gradient-to-position;--tw-ordinal;--tw-slashed-zero;--tw-numeric-figure;--tw-numeric-spacing;--tw-numeric-fraction;--tw-ring-inset;--tw-ring-offset-width: 0px;--tw-ring-offset-color: #fff;--tw-ring-offset-shadow: 0 0 #0000;--tw-ring-shadow: 0 0 #0000;--tw-shadow: 0 0 #0000;--tw-shadow-colored: 0 0 #0000;--tw-blur;--tw-brightness;--tw-contrast;--tw-grayscale;--tw-hue-rotate;--tw-invert;--tw-saturate;--tw-sepia;--tw-drop-shadow;--tw-backdrop-blur;--tw-backdrop-brightness;--tw-backdrop-contrast;--tw-backdrop-grayscale;--tw-backdrop-hue-rotate;--tw-backdrop-invert;--tw-backdrop-opacity;--tw-backdrop-saturate;--tw-backdrop-sepia;--tw-contain-size;--tw-contain-layout;--tw-contain-paint;--tw-contain-style;margin: 0px 0px 0.625rem;text-align: start\">Hareem Al Sultan Gold es una creaci\u00f3n atemporal que evoca el esplendor y la opulencia de las cortes orientales. Una<span class=\"Apple-converted-space\">&nbsp;<\/span><strong style=\"--tw-border-spacing-x: 0;--tw-border-spacing-y: 0;--tw-translate-x: 0;--tw-translate-y: 0;--tw-rotate: 0;--tw-skew-x: 0;--tw-skew-y: 0;--tw-scale-x: 1;--tw-scale-y: 1;--tw-pan-x;--tw-pan-y;--tw-pinch-zoom;--tw-scroll-snap-strictness: proximity;--tw-gradient-from-position;--tw-gradient-via-position;--tw-gradient-to-position;--tw-ordinal;--tw-slashed-zero;--tw-numeric-figure;--tw-numeric-spacing;--tw-numeric-fraction;--tw-ring-inset;--tw-ring-offset-width: 0px;--tw-ring-offset-color: #fff;--tw-ring-offset-shadow: 0 0 #0000;--tw-ring-shadow: 0 0 #0000;--tw-shadow: 0 0 #0000;--tw-shadow-colored: 0 0 #0000;--tw-blur;--tw-brightness;--tw-contrast;--tw-grayscale;--tw-hue-rotate;--tw-invert;--tw-saturate;--tw-sepia;--tw-drop-shadow;--tw-backdrop-blur;--tw-backdrop-brightness;--tw-backdrop-contrast;--tw-backdrop-grayscale;--tw-backdrop-hue-rotate;--tw-backdrop-invert;--tw-backdrop-opacity;--tw-backdrop-saturate;--tw-backdrop-sepia;--tw-contain-size;--tw-contain-layout;--tw-contain-paint;--tw-contain-style;font-weight: 700\">fragancia<span class=\"Apple-converted-space\">&nbsp;<\/span><\/strong>que<span class=\"Apple-converted-space\">&nbsp;<\/span><strong style=\"--tw-border-spacing-x: 0;--tw-border-spacing-y: 0;--tw-translate-x: 0;--tw-translate-y: 0;--tw-rotate: 0;--tw-skew-x: 0;--tw-skew-y: 0;--tw-scale-x: 1;--tw-scale-y: 1;--tw-pan-x;--tw-pan-y;--tw-pinch-zoom;--tw-scroll-snap-strictness: proximity;--tw-gradient-from-position;--tw-gradient-via-position;--tw-gradient-to-position;--tw-ordinal;--tw-slashed-zero;--tw-numeric-figure;--tw-numeric-spacing;--tw-numeric-fraction;--tw-ring-inset;--tw-ring-offset-width: 0px;--tw-ring-offset-color: #fff;--tw-ring-offset-shadow: 0 0 #0000;--tw-ring-shadow: 0 0 #0000;--tw-shadow: 0 0 #0000;--tw-shadow-colored: 0 0 #0000;--tw-blur;--tw-brightness;--tw-contrast;--tw-grayscale;--tw-hue-rotate;--tw-invert;--tw-saturate;--tw-sepia;--tw-drop-shadow;--tw-backdrop-blur;--tw-backdrop-brightness;--tw-backdrop-contrast;--tw-backdrop-grayscale;--tw-backdrop-hue-rotate;--tw-backdrop-invert;--tw-backdrop-opacity;--tw-backdrop-saturate;--tw-backdrop-sepia;--tw-contain-size;--tw-contain-layout;--tw-contain-paint;--tw-contain-style;font-weight: 700\">envuelve<\/strong><span class=\"Apple-converted-space\">&nbsp;<\/span>al usuario en un aura de distinci\u00f3n y magnetismo, convirti\u00e9ndolo en el centro de todas las miradas.<\/p>\n<\/div>\n","protected":false},"excerpt":{"rendered":"<p>Hareem Al Sultan Gold&nbsp;es una fragancia cautivadora que transporta a quien la usa a un mundo de&nbsp;misterio&nbsp;y&nbsp;elegancia. Inspirada en la riqueza y el lujo de los palacios otomanos, esta esencia destila un aura de refinamiento y poder. Desde la primera aspersi\u00f3n, las&nbsp;notas amaderadas&nbsp;de s\u00e1ndalo y cedro envuelven al usuario en una atm\u00f3sfera c\u00e1lida y envolvente. [&hellip;]<\/p>\n","protected":false},"featured_media":6245,"comment_status":"open","ping_status":"closed","template":"","meta":{"nf_dc_page":"","_uag_custom_page_level_css":"","site-sidebar-layout":"default","site-content-layout":"","ast-site-content-layout":"default","site-content-style":"default","site-sidebar-style":"default","ast-global-header-display":"","ast-banner-title-visibility":"","ast-main-header-display":"","ast-hfb-above-header-display":"","ast-hfb-below-header-display":"","ast-hfb-mobile-header-display":"","site-post-title":"","ast-breadcrumbs-content":"","ast-featured-img":"","footer-sml-layout":"","ast-disable-related-posts":"","theme-transparent-header-meta":"","adv-header-id-meta":"","stick-header-meta":"","header-above-stick-meta":"","header-main-stick-meta":"","header-below-stick-meta":"","astra-migrate-meta-layouts":"default","ast-page-background-enabled":"default","ast-page-background-meta":{"desktop":{"background-color":"","background-image":"","background-repeat":"repeat","background-position":"center center","background-size":"auto","background-attachment":"scroll","background-type":"","background-media":"","overlay-type":"","overlay-color":"","overlay-opacity":"","overlay-gradient":""},"tablet":{"background-color":"","background-image":"","background-repeat":"repeat","background-position":"center center","background-size":"auto","background-attachment":"scroll","background-type":"","background-media":"","overlay-type":"","overlay-color":"","overlay-opacity":"","overlay-gradient":""},"mobile":{"background-color":"","background-image":"","background-repeat":"repeat","background-position":"center center","background-size":"auto","background-attachment":"scroll","background-type":"","background-media":"","overlay-type":"","overlay-color":"","overlay-opacity":"","overlay-gradient":""}},"ast-content-background-meta":{"desktop":{"background-color":"var(--ast-global-color-5)","background-image":"","background-repeat":"repeat","background-position":"center center","background-size":"auto","background-attachment":"scroll","background-type":"","background-media":"","overlay-type":"","overlay-color":"","overlay-opacity":"","overlay-gradient":""},"tablet":{"background-color":"var(--ast-global-color-5)","background-image":"","background-repeat":"repeat","background-position":"center center","background-size":"auto","background-attachment":"scroll","background-type":"","background-media":"","overlay-type":"","overlay-color":"","overlay-opacity":"","overlay-gradient":""},"mobile":{"background-color":"var(--ast-global-color-5)","background-image":"","background-repeat":"repeat","background-position":"center center","background-size":"auto","background-attachment":"scroll","background-type":"","background-media":"","overlay-type":"","overlay-color":"","overlay-opacity":"","overlay-gradient":""}}},"product_brand":[],"product_cat":[49],"product_tag":[],"class_list":{"0":"post-6246","1":"product","2":"type-product","3":"status-publish","4":"has-post-thumbnail","6":"product_cat-mujer","7":"desktop-align-left","8":"tablet-align-left","9":"mobile-align-left","11":"first","12":"instock","13":"taxable","14":"shipping-taxable","15":"purchasable","16":"product-type-simple"},"uagb_featured_image_src":{"full":["https:\/\/sensacionarabe.com\/Mayoristas\/wp-content\/uploads\/2024\/09\/img_2839.jpeg",839,1087,false],"thumbnail":["https:\/\/sensacionarabe.com\/Mayoristas\/wp-content\/uploads\/2024\/09\/img_2839-150x150.jpeg",150,150,true],"medium":["https:\/\/sensacionarabe.com\/Mayoristas\/wp-content\/uploads\/2024\/09\/img_2839-232x300.jpeg",232,300,true],"medium_large":["https:\/\/sensacionarabe.com\/Mayoristas\/wp-content\/uploads\/2024\/09\/img_2839-768x995.jpeg",768,995,true],"large":["https:\/\/sensacionarabe.com\/Mayoristas\/wp-content\/uploads\/2024\/09\/img_2839-790x1024.jpeg",790,1024,true],"1536x1536":["https:\/\/sensacionarabe.com\/Mayoristas\/wp-content\/uploads\/2024\/09\/img_2839.jpeg",839,1087,false],"2048x2048":["https:\/\/sensacionarabe.com\/Mayoristas\/wp-content\/uploads\/2024\/09\/img_2839.jpeg",839,1087,false],"woocommerce_thumbnail":["https:\/\/sensacionarabe.com\/Mayoristas\/wp-content\/uploads\/2024\/09\/img_2839-300x300.jpeg",300,300,true],"woocommerce_single":["https:\/\/sensacionarabe.com\/Mayoristas\/wp-content\/uploads\/2024\/09\/img_2839-600x777.jpeg",600,777,true],"woocommerce_gallery_thumbnail":["https:\/\/sensacionarabe.com\/Mayoristas\/wp-content\/uploads\/2024\/09\/img_2839-100x100.jpeg",100,100,true],"variation_swatches_image_size":["https:\/\/sensacionarabe.com\/Mayoristas\/wp-content\/uploads\/2024\/09\/img_2839.jpeg",39,50,false],"variation_swatches_tooltip_size":["https:\/\/sensacionarabe.com\/Mayoristas\/wp-content\/uploads\/2024\/09\/img_2839.jpeg",77,100,false]},"uagb_author_info":{"display_name":"admin","author_link":"https:\/\/sensacionarabe.com\/Mayoristas\/author\/"},"uagb_comment_info":0,"uagb_excerpt":"Hareem Al Sultan Gold&nbsp;es una fragancia cautivadora que transporta a quien la usa a un mundo de&nbsp;misterio&nbsp;y&nbsp;elegancia. Inspirada en la riqueza y el lujo de los palacios otomanos, esta esencia destila un aura de refinamiento y poder. Desde la primera aspersi\u00f3n, las&nbsp;notas amaderadas&nbsp;de s\u00e1ndalo y cedro envuelven al usuario en una atm\u00f3sfera c\u00e1lida y envolvente.&hellip;","_links":{"self":[{"href":"https:\/\/sensacionarabe.com\/Mayoristas\/wp-json\/wp\/v2\/product\/6246","targetHints":{"allow":["GET"]}}],"collection":[{"href":"https:\/\/sensacionarabe.com\/Mayoristas\/wp-json\/wp\/v2\/product"}],"about":[{"href":"https:\/\/sensacionarabe.com\/Mayoristas\/wp-json\/wp\/v2\/types\/product"}],"replies":[{"embeddable":true,"href":"https:\/\/sensacionarabe.com\/Mayoristas\/wp-json\/wp\/v2\/comments?post=6246"}],"version-history":[{"count":2,"href":"https:\/\/sensacionarabe.com\/Mayoristas\/wp-json\/wp\/v2\/product\/6246\/revisions"}],"predecessor-version":[{"id":7083,"href":"https:\/\/sensacionarabe.com\/Mayoristas\/wp-json\/wp\/v2\/product\/6246\/revisions\/7083"}],"wp:featuredmedia":[{"embeddable":true,"href":"https:\/\/sensacionarabe.com\/Mayoristas\/wp-json\/wp\/v2\/media\/6245"}],"wp:attachment":[{"href":"https:\/\/sensacionarabe.com\/Mayoristas\/wp-json\/wp\/v2\/media?parent=6246"}],"wp:term":[{"taxonomy":"product_brand","embeddable":true,"href":"https:\/\/sensacionarabe.com\/Mayoristas\/wp-json\/wp\/v2\/product_brand?post=6246"},{"taxonomy":"product_cat","embeddable":true,"href":"https:\/\/sensacionarabe.com\/Mayoristas\/wp-json\/wp\/v2\/product_cat?post=6246"},{"taxonomy":"product_tag","embeddable":true,"href":"https:\/\/sensacionarabe.com\/Mayoristas\/wp-json\/wp\/v2\/product_tag?post=6246"}],"curies":[{"name":"wp","href":"https:\/\/api.w.org\/{rel}","templated":true}]}}