{"id":6248,"date":"2024-09-23T23:08:10","date_gmt":"2024-09-23T21:08:10","guid":{"rendered":"https:\/\/sensacionarabe.com\/Mayoristas\/producto\/armaf-club-de-nuit-sillage-eau-de-parfum-para-hombre-105-ml\/"},"modified":"2026-03-03T11:58:52","modified_gmt":"2026-03-03T10:58:52","slug":"armaf-club-de-nuit-sillage-eau-de-parfum-para-hombre-105-ml","status":"publish","type":"product","link":"https:\/\/sensacionarabe.com\/Mayoristas\/producto\/armaf-club-de-nuit-sillage-eau-de-parfum-para-hombre-105-ml\/","title":{"rendered":"Armaf Club de Nuit Sillage Eau de Parfum para hombre 105 ml"},"content":{"rendered":"<div class=\"sc-1eu1dd2-9 dFfSLk\">\n<table class=\"sc-1eu1dd2-4 kBrqUs\" style=\"margin: 0px;padding: 0px;width: 400px;border-spacing: 0px;border-radius: 0.25rem;font-family: Roboto\">\n<tbody style=\"margin: 0px;padding: 0px\">\n<tr class=\"sc-1eu1dd2-8 dEKhKi\" style=\"margin: 0px;padding: 0px;font-size: 0.875rem;font-family: Roboto;font-weight: 500;line-height: 1.25rem;letter-spacing: 0px\">\n<td class=\"sc-1eu1dd2-6 cKxTOy\" style=\"margin: 0px;padding: 0.75rem 0.5rem 0.75rem 1rem;text-decoration: none;width: 199px;border: medium;font-family: Roboto;font-size: 0.875rem;font-weight: 400;line-height: 1.25rem;letter-spacing: 0px;text-align: left\">\n<div class=\"sc-j2vy08-0 uqhkt\" style=\"margin: 0px;padding: 0px;cursor: help\">Notas de cabeza<\/div>\n<\/td>\n<td class=\"sc-1eu1dd2-7 fFgxCw\" style=\"margin: 0px;padding: 0.75rem 1rem 0.75rem 0.5rem;font-family: Roboto;font-size: 0.875rem;font-weight: 400;line-height: 1.25rem;letter-spacing: 0px;width: 199px;text-align: left\">rosa, geranio, azafr\u00e1n<\/td>\n<\/tr>\n<tr class=\"sc-1eu1dd2-8 dEKhKi\" style=\"margin: 0px;padding: 0px;font-size: 0.9rem\">\n<td class=\"sc-1eu1dd2-6 cKxTOy\" style=\"margin: 0px;padding: 0.75rem 0.5rem 0.75rem 1rem;text-decoration: none;width: 199px;border: medium;font-family: Roboto;font-size: 0.875rem;font-weight: 400;line-height: 1.25rem;letter-spacing: 0px;text-align: left\">\n<div class=\"sc-j2vy08-0 uqhkt\" style=\"margin: 0px;padding: 0px;cursor: help\">Notas de coraz\u00f3n<\/div>\n<\/td>\n<td class=\"sc-1eu1dd2-7 fFgxCw\" style=\"margin: 0px;padding: 0.75rem 1rem 0.75rem 0.5rem;font-family: Roboto;font-size: 0.875rem;font-weight: 400;line-height: 1.25rem;letter-spacing: 0px;width: 199px;text-align: left\">comino, nuez moscada, violeta, pimiento<\/td>\n<\/tr>\n<tr class=\"sc-1eu1dd2-8 dEKhKi\" style=\"margin: 0px;padding: 0px;font-size: 0.9rem\">\n<td class=\"sc-1eu1dd2-6 cKxTOy\" style=\"margin: 0px;padding: 0.75rem 0.5rem 0.75rem 1rem;text-decoration: none;width: 199px;border: medium;font-family: Roboto;font-size: 0.875rem;font-weight: 400;line-height: 1.25rem;letter-spacing: 0px;text-align: left\">\n<div class=\"sc-j2vy08-0 uqhkt\" style=\"margin: 0px;padding: 0px;cursor: help\">Notas de fondo<\/div>\n<\/td>\n<td class=\"sc-1eu1dd2-7 fFgxCw\" style=\"margin: 0px;padding: 0.75rem 1rem 0.75rem 0.5rem;font-family: Roboto;font-size: 0.875rem;font-weight: 400;line-height: 1.25rem;letter-spacing: 0px;width: 199px;text-align: left\">\u00e1mbar, oud, vainilla, pachuli<\/td>\n<\/tr>\n<tr class=\"sc-1eu1dd2-8 dEKhKi\" style=\"margin: 0px;padding: 0px;font-size: 0.9rem\">\n<td class=\"sc-1eu1dd2-6 irCXvk\" style=\"margin: 0px;padding: 0.75rem 0.5rem 0.75rem 1rem;text-decoration: none;width: 199px;border: medium;font-family: Roboto;font-size: 0.875rem;font-weight: 400;line-height: 1.25rem;letter-spacing: 0px;text-align: left\">Tipo de fragancia<\/td>\n<td class=\"sc-1eu1dd2-7 fFgxCw\" style=\"margin: 0px;padding: 0.75rem 1rem 0.75rem 0.5rem;font-family: Roboto;font-size: 0.875rem;font-weight: 400;line-height: 1.25rem;letter-spacing: 0px;width: 199px;text-align: left\">arom\u00e1ticas, florales, especiadas, amaderadas<\/td>\n<\/tr>\n<\/tbody>\n<\/table>\n<\/div>\n<div class=\"sc-1uodfit-0 kuyGQf\">\n<div id=\"pd-description-text\" data-testid=\"pd-description-text\" class=\"sc-1eu1dd2-2 gSzeI\" style=\"margin: 0px;padding: 0px\">\n<p style=\"margin: 0px 0px 0.75rem;padding: 0px;font-family: Roboto;font-size: 0.875rem;font-weight: 400;line-height: 1.5rem;letter-spacing: 0px\">Emprende un viaje espiritual por el desierto en busca del autoconocimiento. El eau de parfum para hombre Armaf Club de Nuit Sillage te ofrece un frescor duradero para lograrlo. Aunque es una fragancia fresca y jugosa, no carece de masculinidad ni de fuerza, que resaltar\u00e1n tu car\u00e1cter a la perfecci\u00f3n. Descubre a cada paso un poco m\u00e1s de tu propio temperamento.<\/p>\n<ul style=\"margin: 0px 0px 0.75rem;padding: 0px;font-family: Roboto;font-size: 0.875rem;font-weight: 400;line-height: 1.5rem;letter-spacing: 0px;list-style-type: none\">\n<li style=\"margin: 0px;padding: 0px 0px 0px 1.2rem;position: relative\">fragancia c\u00edtrica con notas amaderadas<\/li>\n<li style=\"margin: 0px;padding: 0px 0px 0px 1.2rem;position: relative\">resalta tu car\u00e1cter masculino \u00fanico<\/li>\n<li style=\"margin: 0px;padding: 0px 0px 0px 1.2rem;position: relative\">te refresca agradablemente en los calurosos d\u00edas de verano<\/li>\n<\/ul>\n<p style=\"margin: 0px 0px 0.75rem;padding: 0px;font-family: Roboto;font-size: 0.875rem;font-weight: 400;line-height: 1.5rem;letter-spacing: 0px\"><strong style=\"margin: 2.5rem 0px 0.25rem;padding: 0px;font-family: Roboto;font-size: 1rem;font-weight: 500;line-height: 1.25rem;letter-spacing: 0px\">Composici\u00f3n de la fragancia<\/strong><br \/>\nCon la primera gota te espera un frescor maravilloso gracias a la bergamota, el lim\u00f3n y la lima en combinaci\u00f3n con el intenso jengibre, la delicada hoja de violeta y la dulce grosella negra. Las notas de coraz\u00f3n florales ofrecen un aroma a rosa, iris y jazm\u00edn. En las de fondo, la fuerza de la masculinidad se ve reforzada por el peculiar almizcle con notas amaderadas de s\u00e1ndalo y cedro, as\u00ed como dulce ambroxan.<\/p>\n<p style=\"margin: 0px;padding: 0px;font-family: Roboto;font-size: 0.875rem;font-weight: 400;line-height: 1.5rem;letter-spacing: 0px\"><strong style=\"margin: 2.5rem 0px 0.25rem;padding: 0px;font-family: Roboto;font-size: 1rem;font-weight: 500;line-height: 1.25rem;letter-spacing: 0px\">Historia de la fragancia<\/strong><br \/>\nLa fragancia&nbsp;Armaf Club de Nuit Sillage vio la luz en el a\u00f1o 2020. Se basa sobre todo en un aroma c\u00edtrico que, por tanto, resulta ideal para refrescarte en los meses de verano, tanto si tienes una cita como si vas a la oficina o a tomar una copa. Su frasco plateado de dise\u00f1o tambi\u00e9n te enamorar\u00e1 desde el primer momento.<\/p>\n<\/div>\n<\/div>\n","protected":false},"excerpt":{"rendered":"<p>Notas de cabeza rosa, geranio, azafr\u00e1n Notas de coraz\u00f3n comino, nuez moscada, violeta, pimiento Notas de fondo \u00e1mbar, oud, vainilla, pachuli Tipo de fragancia arom\u00e1ticas, florales, especiadas, amaderadas Emprende un viaje espiritual por el desierto en busca del autoconocimiento. El eau de parfum para hombre Armaf Club de Nuit Sillage te ofrece un frescor duradero [&hellip;]<\/p>\n","protected":false},"featured_media":6247,"comment_status":"open","ping_status":"closed","template":"","meta":{"nf_dc_page":"","_uag_custom_page_level_css":"","site-sidebar-layout":"default","site-content-layout":"","ast-site-content-layout":"default","site-content-style":"default","site-sidebar-style":"default","ast-global-header-display":"","ast-banner-title-visibility":"","ast-main-header-display":"","ast-hfb-above-header-display":"","ast-hfb-below-header-display":"","ast-hfb-mobile-header-display":"","site-post-title":"","ast-breadcrumbs-content":"","ast-featured-img":"","footer-sml-layout":"","ast-disable-related-posts":"","theme-transparent-header-meta":"","adv-header-id-meta":"","stick-header-meta":"","header-above-stick-meta":"","header-main-stick-meta":"","header-below-stick-meta":"","astra-migrate-meta-layouts":"default","ast-page-background-enabled":"default","ast-page-background-meta":{"desktop":{"background-color":"","background-image":"","background-repeat":"repeat","background-position":"center center","background-size":"auto","background-attachment":"scroll","background-type":"","background-media":"","overlay-type":"","overlay-color":"","overlay-opacity":"","overlay-gradient":""},"tablet":{"background-color":"","background-image":"","background-repeat":"repeat","background-position":"center center","background-size":"auto","background-attachment":"scroll","background-type":"","background-media":"","overlay-type":"","overlay-color":"","overlay-opacity":"","overlay-gradient":""},"mobile":{"background-color":"","background-image":"","background-repeat":"repeat","background-position":"center center","background-size":"auto","background-attachment":"scroll","background-type":"","background-media":"","overlay-type":"","overlay-color":"","overlay-opacity":"","overlay-gradient":""}},"ast-content-background-meta":{"desktop":{"background-color":"var(--ast-global-color-5)","background-image":"","background-repeat":"repeat","background-position":"center center","background-size":"auto","background-attachment":"scroll","background-type":"","background-media":"","overlay-type":"","overlay-color":"","overlay-opacity":"","overlay-gradient":""},"tablet":{"background-color":"var(--ast-global-color-5)","background-image":"","background-repeat":"repeat","background-position":"center center","background-size":"auto","background-attachment":"scroll","background-type":"","background-media":"","overlay-type":"","overlay-color":"","overlay-opacity":"","overlay-gradient":""},"mobile":{"background-color":"var(--ast-global-color-5)","background-image":"","background-repeat":"repeat","background-position":"center center","background-size":"auto","background-attachment":"scroll","background-type":"","background-media":"","overlay-type":"","overlay-color":"","overlay-opacity":"","overlay-gradient":""}}},"product_brand":[],"product_cat":[29],"product_tag":[64],"class_list":{"0":"post-6248","1":"product","2":"type-product","3":"status-publish","4":"has-post-thumbnail","6":"product_cat-unisex","7":"product_tag-armaf","8":"desktop-align-left","9":"tablet-align-left","10":"mobile-align-left","12":"first","13":"instock","14":"taxable","15":"shipping-taxable","16":"purchasable","17":"product-type-simple"},"uagb_featured_image_src":{"full":["https:\/\/sensacionarabe.com\/Mayoristas\/wp-content\/uploads\/2024\/09\/img_2841.jpeg",1061,1880,false],"thumbnail":["https:\/\/sensacionarabe.com\/Mayoristas\/wp-content\/uploads\/2024\/09\/img_2841-150x150.jpeg",150,150,true],"medium":["https:\/\/sensacionarabe.com\/Mayoristas\/wp-content\/uploads\/2024\/09\/img_2841-169x300.jpeg",169,300,true],"medium_large":["https:\/\/sensacionarabe.com\/Mayoristas\/wp-content\/uploads\/2024\/09\/img_2841-768x1361.jpeg",768,1361,true],"large":["https:\/\/sensacionarabe.com\/Mayoristas\/wp-content\/uploads\/2024\/09\/img_2841-578x1024.jpeg",578,1024,true],"1536x1536":["https:\/\/sensacionarabe.com\/Mayoristas\/wp-content\/uploads\/2024\/09\/img_2841-867x1536.jpeg",867,1536,true],"2048x2048":["https:\/\/sensacionarabe.com\/Mayoristas\/wp-content\/uploads\/2024\/09\/img_2841.jpeg",1061,1880,false],"woocommerce_thumbnail":["https:\/\/sensacionarabe.com\/Mayoristas\/wp-content\/uploads\/2024\/09\/img_2841-300x300.jpeg",300,300,true],"woocommerce_single":["https:\/\/sensacionarabe.com\/Mayoristas\/wp-content\/uploads\/2024\/09\/img_2841-600x1063.jpeg",600,1063,true],"woocommerce_gallery_thumbnail":["https:\/\/sensacionarabe.com\/Mayoristas\/wp-content\/uploads\/2024\/09\/img_2841-100x100.jpeg",100,100,true],"variation_swatches_image_size":["https:\/\/sensacionarabe.com\/Mayoristas\/wp-content\/uploads\/2024\/09\/img_2841.jpeg",28,50,false],"variation_swatches_tooltip_size":["https:\/\/sensacionarabe.com\/Mayoristas\/wp-content\/uploads\/2024\/09\/img_2841.jpeg",56,100,false]},"uagb_author_info":{"display_name":"admin","author_link":"https:\/\/sensacionarabe.com\/Mayoristas\/author\/"},"uagb_comment_info":0,"uagb_excerpt":"Notas de cabeza rosa, geranio, azafr\u00e1n Notas de coraz\u00f3n comino, nuez moscada, violeta, pimiento Notas de fondo \u00e1mbar, oud, vainilla, pachuli Tipo de fragancia arom\u00e1ticas, florales, especiadas, amaderadas Emprende un viaje espiritual por el desierto en busca del autoconocimiento. El eau de parfum para hombre Armaf Club de Nuit Sillage te ofrece un frescor duradero&hellip;","_links":{"self":[{"href":"https:\/\/sensacionarabe.com\/Mayoristas\/wp-json\/wp\/v2\/product\/6248","targetHints":{"allow":["GET"]}}],"collection":[{"href":"https:\/\/sensacionarabe.com\/Mayoristas\/wp-json\/wp\/v2\/product"}],"about":[{"href":"https:\/\/sensacionarabe.com\/Mayoristas\/wp-json\/wp\/v2\/types\/product"}],"replies":[{"embeddable":true,"href":"https:\/\/sensacionarabe.com\/Mayoristas\/wp-json\/wp\/v2\/comments?post=6248"}],"version-history":[{"count":0,"href":"https:\/\/sensacionarabe.com\/Mayoristas\/wp-json\/wp\/v2\/product\/6248\/revisions"}],"wp:featuredmedia":[{"embeddable":true,"href":"https:\/\/sensacionarabe.com\/Mayoristas\/wp-json\/wp\/v2\/media\/6247"}],"wp:attachment":[{"href":"https:\/\/sensacionarabe.com\/Mayoristas\/wp-json\/wp\/v2\/media?parent=6248"}],"wp:term":[{"taxonomy":"product_brand","embeddable":true,"href":"https:\/\/sensacionarabe.com\/Mayoristas\/wp-json\/wp\/v2\/product_brand?post=6248"},{"taxonomy":"product_cat","embeddable":true,"href":"https:\/\/sensacionarabe.com\/Mayoristas\/wp-json\/wp\/v2\/product_cat?post=6248"},{"taxonomy":"product_tag","embeddable":true,"href":"https:\/\/sensacionarabe.com\/Mayoristas\/wp-json\/wp\/v2\/product_tag?post=6248"}],"curies":[{"name":"wp","href":"https:\/\/api.w.org\/{rel}","templated":true}]}}