{"id":6253,"date":"2024-09-25T14:19:26","date_gmt":"2024-09-25T12:19:26","guid":{"rendered":"https:\/\/sensacionarabe.com\/Mayoristas\/producto\/al-haramain-amber-oud-gold-edition-eau-de-parfum-60ml\/"},"modified":"2026-01-19T14:35:34","modified_gmt":"2026-01-19T13:35:34","slug":"al-haramain-amber-oud-gold-edition-eau-de-parfum-60ml","status":"publish","type":"product","link":"https:\/\/sensacionarabe.com\/Mayoristas\/producto\/al-haramain-amber-oud-gold-edition-eau-de-parfum-60ml\/","title":{"rendered":"Al Haramain Amber Oud Gold Edition Eau de Parfum 120ML"},"content":{"rendered":"<div class=\"dx-specifications\">\n<div class=\"dx-specifications--container\">\n<div class=\"dx-specifications--properties\">\n<div class=\"dx-specifications--property\" style=\"justify-content: space-between;align-items: flex-start;margin-bottom: var(--spacing-xs)\">\n<div class=\"dx_property-name\" style=\"width: calc(50% - 3em);font-weight: var(--font-weight-bold)\">Marca<\/div>\n<div class=\"dx_property-values\" style=\"width: 182.5px\">\n<div class=\"dx_property-values--value\"><a href=\"https:\/\/www.deloox.es\/categoria\/1079693\/al-haramain-perfumes.html\" style=\"background-color: transparent;text-decoration: none\">Al Haramain<\/a><\/div>\n<\/div>\n<\/div>\n<div class=\"dx-specifications--property\" style=\"justify-content: space-between;align-items: flex-start;margin-bottom: var(--spacing-xs)\">\n<div class=\"dx_property-icon\" style=\"text-align: center\"><\/div>\n<div class=\"dx_property-name\" style=\"width: calc(50% - 3em);font-weight: var(--font-weight-bold)\">L\u00ednea de producto<\/div>\n<div class=\"dx_property-values\" style=\"width: 182.5px\">\n<div class=\"dx_property-values--value\"><a href=\"https:\/\/www.deloox.es\/categoria\/1079798\/amber-oud-gold-edition.html\" style=\"background-color: transparent;text-decoration: none\">Amber Oud Gold Edition<\/a><\/div>\n<\/div>\n<\/div>\n<div class=\"dx-specifications--property\" style=\"justify-content: space-between;align-items: flex-start;margin-bottom: var(--spacing-xs)\">\n<div class=\"dx_property-icon\" style=\"text-align: center\"><\/div>\n<div class=\"dx_property-name\" style=\"width: calc(50% - 3em);font-weight: var(--font-weight-bold)\">Para qui\u00e9n<\/div>\n<div class=\"dx_property-values\" style=\"width: 182.5px\">\n<div class=\"dx_property-values--value\"><span>Unisexo<\/span><\/div>\n<\/div>\n<\/div>\n<div class=\"dx-specifications--property\" style=\"justify-content: space-between;align-items: flex-start;margin-bottom: var(--spacing-xs)\">\n<div class=\"dx_property-icon\" style=\"text-align: center\"><\/div>\n<div class=\"dx_property-name\" style=\"width: calc(50% - 3em);font-weight: var(--font-weight-bold)\">Tipo de fragancia<\/div>\n<div class=\"dx_property-values\" style=\"width: 182.5px\">\n<div class=\"dx_property-values--value\"><span>\u00c1mbar vainilla<\/span><\/div>\n<\/div>\n<\/div>\n<div class=\"dx-specifications--property\" style=\"justify-content: space-between;align-items: flex-start;margin-bottom: var(--spacing-xs)\">\n<div class=\"dx_property-icon\" style=\"text-align: center\"><\/div>\n<div class=\"dx_property-name\" style=\"width: calc(50% - 3em);font-weight: var(--font-weight-bold)\">Estaci\u00f3n<\/div>\n<div class=\"dx_property-values\" style=\"width: 182.5px\">\n<div class=\"dx_property-values--value\"><a href=\"https:\/\/www.deloox.es\/categoria\/1049368\/fragancias-de-otono.html?filters%5B8%5D%5B%5D=39605\" style=\"background-color: transparent;text-decoration: none\">Oto\u00f1o<\/a><\/div>\n<\/div>\n<\/div>\n<div class=\"dx-specifications--property\" style=\"justify-content: space-between;align-items: flex-start;margin-bottom: var(--spacing-xs)\">\n<div class=\"dx_property-icon\" style=\"text-align: center\"><\/div>\n<div class=\"dx_property-name\" style=\"width: calc(50% - 3em);font-weight: var(--font-weight-bold)\">Spray<\/div>\n<div class=\"dx_property-values\" style=\"width: 182.5px\">\n<div class=\"dx_property-values--value\"><span>Si<\/span><\/div>\n<\/div>\n<\/div>\n<\/div>\n<\/div>\n<\/div>\n<div id=\"dx-description-container\" class=\"\">\n<div class=\"dx-product-description\" style=\"margin-bottom: var(--spacing-xxl)\">\n<p style=\"margin: 0px 0px 10px;line-height: 1.7em;color: var(--color-black)\">El Eau de parfum Al Haramain Amber Oud Gold Edition te permite disfrutar de su aroma durante mucho tiempo. Es una de las f\u00f3rmulas de perfume m\u00e1s concentradas ya que contiene entre un 10 % y un 20 % de aceites arom\u00e1ticos. Para una experiencia arom\u00e1tica a\u00fan m\u00e1s prolongada, combina tu Eau de parfum con los productos de cuidado de la piel Al Haramain Amber Oud Gold Edition.<\/p>\n<\/div>\n<div class=\"dx-fragrance-notes\" style=\"margin-bottom: var(--spacing-xxl)\">\n<h3 style=\"font-family: var(--font-body);font-weight: var(--font-weight-heading);line-height: normal;color: var(--font-heading-color);margin-top: 20px;margin-bottom: 10px;letter-spacing: var(--font-heading-letter-spacing);text-transform: var(--font-heading-text-decoration);font-size: var(--font-size-md)\">Notas de salida<\/h3>\n<p style=\"margin: 0px 0px 10px;line-height: 1.7em;color: var(--color-black)\">Bergamota, Notas verdes<\/p>\n<h3 style=\"font-family: var(--font-body);font-weight: var(--font-weight-heading);line-height: normal;color: var(--font-heading-color);margin-top: 20px;margin-bottom: 10px;letter-spacing: var(--font-heading-letter-spacing);text-transform: var(--font-heading-text-decoration);font-size: var(--font-size-md)\">Coraz\u00f3n<\/h3>\n<p style=\"margin: 0px 0px 10px;line-height: 1.7em;color: var(--color-black)\">Pi\u00f1a, Mel\u00f3n, \u00c1mbar, Notas dulces<\/p>\n<h3 style=\"font-family: var(--font-body);font-weight: var(--font-weight-heading);line-height: normal;color: var(--font-heading-color);margin-top: 20px;margin-bottom: 10px;letter-spacing: var(--font-heading-letter-spacing);text-transform: var(--font-heading-text-decoration);font-size: var(--font-size-md)\">Base<\/h3>\n<p style=\"margin: 0px 0px 10px;line-height: 1.7em;color: var(--color-black)\">Vainilla, Almizcle, Tuercas de madera<\/p>\n<\/div>\n<\/div>\n","protected":false},"excerpt":{"rendered":"<p>Marca Al Haramain L\u00ednea de producto Amber Oud Gold Edition Para qui\u00e9n Unisexo Tipo de fragancia \u00c1mbar vainilla Estaci\u00f3n Oto\u00f1o Spray Si El Eau de parfum Al Haramain Amber Oud Gold Edition te permite disfrutar de su aroma durante mucho tiempo. Es una de las f\u00f3rmulas de perfume m\u00e1s concentradas ya que contiene entre un [&hellip;]<\/p>\n","protected":false},"featured_media":9215,"comment_status":"open","ping_status":"closed","template":"","meta":{"nf_dc_page":"","_uag_custom_page_level_css":"","site-sidebar-layout":"default","site-content-layout":"","ast-site-content-layout":"default","site-content-style":"default","site-sidebar-style":"default","ast-global-header-display":"","ast-banner-title-visibility":"","ast-main-header-display":"","ast-hfb-above-header-display":"","ast-hfb-below-header-display":"","ast-hfb-mobile-header-display":"","site-post-title":"","ast-breadcrumbs-content":"","ast-featured-img":"","footer-sml-layout":"","ast-disable-related-posts":"","theme-transparent-header-meta":"","adv-header-id-meta":"","stick-header-meta":"","header-above-stick-meta":"","header-main-stick-meta":"","header-below-stick-meta":"","astra-migrate-meta-layouts":"default","ast-page-background-enabled":"default","ast-page-background-meta":{"desktop":{"background-color":"","background-image":"","background-repeat":"repeat","background-position":"center center","background-size":"auto","background-attachment":"scroll","background-type":"","background-media":"","overlay-type":"","overlay-color":"","overlay-opacity":"","overlay-gradient":""},"tablet":{"background-color":"","background-image":"","background-repeat":"repeat","background-position":"center center","background-size":"auto","background-attachment":"scroll","background-type":"","background-media":"","overlay-type":"","overlay-color":"","overlay-opacity":"","overlay-gradient":""},"mobile":{"background-color":"","background-image":"","background-repeat":"repeat","background-position":"center center","background-size":"auto","background-attachment":"scroll","background-type":"","background-media":"","overlay-type":"","overlay-color":"","overlay-opacity":"","overlay-gradient":""}},"ast-content-background-meta":{"desktop":{"background-color":"var(--ast-global-color-5)","background-image":"","background-repeat":"repeat","background-position":"center center","background-size":"auto","background-attachment":"scroll","background-type":"","background-media":"","overlay-type":"","overlay-color":"","overlay-opacity":"","overlay-gradient":""},"tablet":{"background-color":"var(--ast-global-color-5)","background-image":"","background-repeat":"repeat","background-position":"center center","background-size":"auto","background-attachment":"scroll","background-type":"","background-media":"","overlay-type":"","overlay-color":"","overlay-opacity":"","overlay-gradient":""},"mobile":{"background-color":"var(--ast-global-color-5)","background-image":"","background-repeat":"repeat","background-position":"center center","background-size":"auto","background-attachment":"scroll","background-type":"","background-media":"","overlay-type":"","overlay-color":"","overlay-opacity":"","overlay-gradient":""}}},"product_brand":[],"product_cat":[29],"product_tag":[],"class_list":{"0":"post-6253","1":"product","2":"type-product","3":"status-publish","4":"has-post-thumbnail","6":"product_cat-unisex","7":"desktop-align-left","8":"tablet-align-left","9":"mobile-align-left","11":"first","12":"instock","13":"featured","14":"downloadable","15":"taxable","16":"shipping-taxable","17":"purchasable","18":"product-type-simple"},"uagb_featured_image_src":{"full":["https:\/\/sensacionarabe.com\/Mayoristas\/wp-content\/uploads\/2024\/09\/1000414014.jpg",706,612,false],"thumbnail":["https:\/\/sensacionarabe.com\/Mayoristas\/wp-content\/uploads\/2024\/09\/1000414014-150x150.jpg",150,150,true],"medium":["https:\/\/sensacionarabe.com\/Mayoristas\/wp-content\/uploads\/2024\/09\/1000414014-300x260.jpg",300,260,true],"medium_large":["https:\/\/sensacionarabe.com\/Mayoristas\/wp-content\/uploads\/2024\/09\/1000414014.jpg",706,612,false],"large":["https:\/\/sensacionarabe.com\/Mayoristas\/wp-content\/uploads\/2024\/09\/1000414014.jpg",706,612,false],"1536x1536":["https:\/\/sensacionarabe.com\/Mayoristas\/wp-content\/uploads\/2024\/09\/1000414014.jpg",706,612,false],"2048x2048":["https:\/\/sensacionarabe.com\/Mayoristas\/wp-content\/uploads\/2024\/09\/1000414014.jpg",706,612,false],"woocommerce_thumbnail":["https:\/\/sensacionarabe.com\/Mayoristas\/wp-content\/uploads\/2024\/09\/1000414014-300x300.jpg",300,300,true],"woocommerce_single":["https:\/\/sensacionarabe.com\/Mayoristas\/wp-content\/uploads\/2024\/09\/1000414014-600x520.jpg",600,520,true],"woocommerce_gallery_thumbnail":["https:\/\/sensacionarabe.com\/Mayoristas\/wp-content\/uploads\/2024\/09\/1000414014-100x100.jpg",100,100,true],"variation_swatches_image_size":["https:\/\/sensacionarabe.com\/Mayoristas\/wp-content\/uploads\/2024\/09\/1000414014-50x50.jpg",50,50,true],"variation_swatches_tooltip_size":["https:\/\/sensacionarabe.com\/Mayoristas\/wp-content\/uploads\/2024\/09\/1000414014-100x100.jpg",100,100,true]},"uagb_author_info":{"display_name":"admin","author_link":"https:\/\/sensacionarabe.com\/Mayoristas\/author\/"},"uagb_comment_info":0,"uagb_excerpt":"Marca Al Haramain L\u00ednea de producto Amber Oud Gold Edition Para qui\u00e9n Unisexo Tipo de fragancia \u00c1mbar vainilla Estaci\u00f3n Oto\u00f1o Spray Si El Eau de parfum Al Haramain Amber Oud Gold Edition te permite disfrutar de su aroma durante mucho tiempo. Es una de las f\u00f3rmulas de perfume m\u00e1s concentradas ya que contiene entre un&hellip;","_links":{"self":[{"href":"https:\/\/sensacionarabe.com\/Mayoristas\/wp-json\/wp\/v2\/product\/6253","targetHints":{"allow":["GET"]}}],"collection":[{"href":"https:\/\/sensacionarabe.com\/Mayoristas\/wp-json\/wp\/v2\/product"}],"about":[{"href":"https:\/\/sensacionarabe.com\/Mayoristas\/wp-json\/wp\/v2\/types\/product"}],"replies":[{"embeddable":true,"href":"https:\/\/sensacionarabe.com\/Mayoristas\/wp-json\/wp\/v2\/comments?post=6253"}],"version-history":[{"count":3,"href":"https:\/\/sensacionarabe.com\/Mayoristas\/wp-json\/wp\/v2\/product\/6253\/revisions"}],"predecessor-version":[{"id":9216,"href":"https:\/\/sensacionarabe.com\/Mayoristas\/wp-json\/wp\/v2\/product\/6253\/revisions\/9216"}],"wp:featuredmedia":[{"embeddable":true,"href":"https:\/\/sensacionarabe.com\/Mayoristas\/wp-json\/wp\/v2\/media\/9215"}],"wp:attachment":[{"href":"https:\/\/sensacionarabe.com\/Mayoristas\/wp-json\/wp\/v2\/media?parent=6253"}],"wp:term":[{"taxonomy":"product_brand","embeddable":true,"href":"https:\/\/sensacionarabe.com\/Mayoristas\/wp-json\/wp\/v2\/product_brand?post=6253"},{"taxonomy":"product_cat","embeddable":true,"href":"https:\/\/sensacionarabe.com\/Mayoristas\/wp-json\/wp\/v2\/product_cat?post=6253"},{"taxonomy":"product_tag","embeddable":true,"href":"https:\/\/sensacionarabe.com\/Mayoristas\/wp-json\/wp\/v2\/product_tag?post=6253"}],"curies":[{"name":"wp","href":"https:\/\/api.w.org\/{rel}","templated":true}]}}