{"id":6256,"date":"2024-09-25T14:29:26","date_gmt":"2024-09-25T12:29:26","guid":{"rendered":"https:\/\/sensacionarabe.com\/Mayoristas\/producto\/producto-2\/"},"modified":"2025-04-29T12:40:29","modified_gmt":"2025-04-29T10:40:29","slug":"producto-2","status":"publish","type":"product","link":"https:\/\/sensacionarabe.com\/Mayoristas\/producto\/producto-2\/","title":{"rendered":"Al Haramain Amber Oud Bleu Edition Eau de Parfum 60Ml"},"content":{"rendered":"<div class=\"dx-specifications\" style=\"margin-bottom: var(--spacing-xxl);font-family\">\n<div class=\"dx-specifications--container\">\n<div class=\"dx-specifications--properties\">\n<div class=\"dx-specifications--property\" style=\"justify-content: space-between;align-items: flex-start;margin-bottom: var(--spacing-xs)\">\n<div class=\"dx_property-name\" style=\"width: calc(50% - 3em);font-weight: var(--font-weight-bold)\">Marca<\/div>\n<div class=\"dx_property-values\" style=\"width: 182.5px\">\n<div class=\"dx_property-values--value\"><a href=\"https:\/\/www.deloox.es\/categoria\/1079693\/al-haramain-perfumes.html\" style=\"background-color: transparent;text-decoration: none\">Al Haramain<\/a><\/div>\n<\/div>\n<\/div>\n<div class=\"dx-specifications--property\" style=\"justify-content: space-between;align-items: flex-start;margin-bottom: var(--spacing-xs)\">\n<div class=\"dx_property-icon\" style=\"text-align: center\"><\/div>\n<div class=\"dx_property-name\" style=\"width: calc(50% - 3em);font-weight: var(--font-weight-bold)\">L\u00ednea de producto<\/div>\n<div class=\"dx_property-values\" style=\"width: 182.5px\">\n<div class=\"dx_property-values--value\"><a href=\"https:\/\/www.deloox.es\/categoria\/1097665\/amber-oud-bleu-edition.html\" style=\"background-color: transparent;text-decoration: none\">Amber Oud Bleu Edition<\/a><\/div>\n<\/div>\n<\/div>\n<div class=\"dx-specifications--property\" style=\"justify-content: space-between;align-items: flex-start;margin-bottom: var(--spacing-xs)\">\n<div class=\"dx_property-icon\" style=\"text-align: center\"><\/div>\n<div class=\"dx_property-name\" style=\"width: calc(50% - 3em);font-weight: var(--font-weight-bold)\">Para qui\u00e9n<\/div>\n<div class=\"dx_property-values\" style=\"width: 182.5px\">\n<div class=\"dx_property-values--value\"><span>Unisexo<\/span><\/div>\n<\/div>\n<\/div>\n<div class=\"dx-specifications--property\" style=\"justify-content: space-between;align-items: flex-start;margin-bottom: var(--spacing-xs)\">\n<div class=\"dx_property-icon\" style=\"text-align: center\"><\/div>\n<div class=\"dx_property-name\" style=\"width: calc(50% - 3em);font-weight: var(--font-weight-bold)\">Tipo de fragancia<\/div>\n<div class=\"dx_property-values\" style=\"width: 182.5px\">\n<div class=\"dx_property-values--value\"><span>C\u00edtrica Arom\u00e1tica<\/span><\/div>\n<\/div>\n<\/div>\n<div class=\"dx-specifications--property\" style=\"justify-content: space-between;align-items: flex-start;margin-bottom: var(--spacing-xs)\">\n<div class=\"dx_property-icon\" style=\"text-align: center\"><\/div>\n<div class=\"dx_property-name\" style=\"width: calc(50% - 3em);font-weight: var(--font-weight-bold)\">Estaci\u00f3n<\/div>\n<div class=\"dx_property-values\" style=\"width: 182.5px\">\n<div class=\"dx_property-values--value\"><a href=\"https:\/\/www.deloox.es\/categoria\/1050706\/fragancias-primaverales.html?filters%5B8%5D%5B%5D=39605\" style=\"background-color: transparent;text-decoration: none\">Primavera<\/a><\/div>\n<\/div>\n<\/div>\n<div class=\"dx-specifications--property\" style=\"justify-content: space-between;align-items: flex-start;margin-bottom: var(--spacing-xs)\">\n<div class=\"dx_property-icon\" style=\"text-align: center\"><\/div>\n<div class=\"dx_property-name\" style=\"width: calc(50% - 3em);font-weight: var(--font-weight-bold)\">Spray<\/div>\n<div class=\"dx_property-values\" style=\"width: 182.5px\">\n<div class=\"dx_property-values--value\"><span>Si<\/span><\/div>\n<\/div>\n<\/div>\n<\/div>\n<\/div>\n<\/div>\n<div id=\"dx-description-container\" class=\"\" style=\"font-family\">\n<div class=\"dx-product-description\" style=\"margin-bottom: var(--spacing-xxl)\">\n<p style=\"margin: 0px 0px 10px;line-height: 1.7em;color: var(--color-black)\">El Eau de parfum Al Haramain Amber Oud Bleu Edition te permite disfrutar de su aroma durante mucho tiempo. Es una de las f\u00f3rmulas de perfume m\u00e1s concentradas ya que contiene entre un 10 % y un 20 % de aceites arom\u00e1ticos. Para una experiencia arom\u00e1tica a\u00fan m\u00e1s prolongada, combina tu Eau de parfum con los productos de cuidado de la piel Al Haramain Amber Oud Bleu Edition.<\/p>\n<\/div>\n<div class=\"dx-fragrance-notes\" style=\"margin-bottom: var(--spacing-xxl)\">\n<h3 style=\"font-family: var(--font-body);font-weight: var(--font-weight-heading);line-height: normal;color: var(--font-heading-color);margin-top: 20px;margin-bottom: 10px;letter-spacing: var(--font-heading-letter-spacing);text-transform: var(--font-heading-text-decoration);font-size: var(--font-size-md)\">Notas de salida<\/h3>\n<p style=\"margin: 0px 0px 10px;line-height: 1.7em;color: var(--color-black)\">Lim\u00f3n, Pomelo rosado, Menta, Pimienta rosa<\/p>\n<h3 style=\"font-family: var(--font-body);font-weight: var(--font-weight-heading);line-height: normal;color: var(--font-heading-color);margin-top: 20px;margin-bottom: 10px;letter-spacing: var(--font-heading-letter-spacing);text-transform: var(--font-heading-text-decoration);font-size: var(--font-size-md)\">Coraz\u00f3n<\/h3>\n<p style=\"margin: 0px 0px 10px;line-height: 1.7em;color: var(--color-black)\">Jazm\u00edn, Flor de jengibre, Vetiver<\/p>\n<h3 style=\"font-family: var(--font-body);font-weight: var(--font-weight-heading);line-height: normal;color: var(--font-heading-color);margin-top: 20px;margin-bottom: 10px;letter-spacing: var(--font-heading-letter-spacing);text-transform: var(--font-heading-text-decoration);font-size: var(--font-size-md)\">Base<\/h3>\n<p style=\"margin: 0px 0px 10px;line-height: 1.7em;color: var(--color-black)\">Cedro, Pachul\u00ed, S\u00e1ndalo, Incienso de ol\u00edbano<\/p>\n<\/div>\n<\/div>\n","protected":false},"excerpt":{"rendered":"<p>Marca Al Haramain L\u00ednea de producto Amber Oud Bleu Edition Para qui\u00e9n Unisexo Tipo de fragancia C\u00edtrica Arom\u00e1tica Estaci\u00f3n Primavera Spray Si El Eau de parfum Al Haramain Amber Oud Bleu Edition te permite disfrutar de su aroma durante mucho tiempo. Es una de las f\u00f3rmulas de perfume m\u00e1s concentradas ya que contiene entre un [&hellip;]<\/p>\n","protected":false},"featured_media":6257,"comment_status":"open","ping_status":"closed","template":"","meta":{"nf_dc_page":"","_uag_custom_page_level_css":"","site-sidebar-layout":"default","site-content-layout":"","ast-site-content-layout":"default","site-content-style":"default","site-sidebar-style":"default","ast-global-header-display":"","ast-banner-title-visibility":"","ast-main-header-display":"","ast-hfb-above-header-display":"","ast-hfb-below-header-display":"","ast-hfb-mobile-header-display":"","site-post-title":"","ast-breadcrumbs-content":"","ast-featured-img":"","footer-sml-layout":"","ast-disable-related-posts":"","theme-transparent-header-meta":"","adv-header-id-meta":"","stick-header-meta":"","header-above-stick-meta":"","header-main-stick-meta":"","header-below-stick-meta":"","astra-migrate-meta-layouts":"default","ast-page-background-enabled":"default","ast-page-background-meta":{"desktop":{"background-color":"","background-image":"","background-repeat":"repeat","background-position":"center center","background-size":"auto","background-attachment":"scroll","background-type":"","background-media":"","overlay-type":"","overlay-color":"","overlay-opacity":"","overlay-gradient":""},"tablet":{"background-color":"","background-image":"","background-repeat":"repeat","background-position":"center center","background-size":"auto","background-attachment":"scroll","background-type":"","background-media":"","overlay-type":"","overlay-color":"","overlay-opacity":"","overlay-gradient":""},"mobile":{"background-color":"","background-image":"","background-repeat":"repeat","background-position":"center center","background-size":"auto","background-attachment":"scroll","background-type":"","background-media":"","overlay-type":"","overlay-color":"","overlay-opacity":"","overlay-gradient":""}},"ast-content-background-meta":{"desktop":{"background-color":"var(--ast-global-color-5)","background-image":"","background-repeat":"repeat","background-position":"center center","background-size":"auto","background-attachment":"scroll","background-type":"","background-media":"","overlay-type":"","overlay-color":"","overlay-opacity":"","overlay-gradient":""},"tablet":{"background-color":"var(--ast-global-color-5)","background-image":"","background-repeat":"repeat","background-position":"center center","background-size":"auto","background-attachment":"scroll","background-type":"","background-media":"","overlay-type":"","overlay-color":"","overlay-opacity":"","overlay-gradient":""},"mobile":{"background-color":"var(--ast-global-color-5)","background-image":"","background-repeat":"repeat","background-position":"center center","background-size":"auto","background-attachment":"scroll","background-type":"","background-media":"","overlay-type":"","overlay-color":"","overlay-opacity":"","overlay-gradient":""}}},"product_brand":[],"product_cat":[29],"product_tag":[],"class_list":{"0":"post-6256","1":"product","2":"type-product","3":"status-publish","4":"has-post-thumbnail","6":"product_cat-unisex","7":"desktop-align-left","8":"tablet-align-left","9":"mobile-align-left","11":"first","12":"instock","13":"taxable","14":"shipping-taxable","15":"purchasable","16":"product-type-simple"},"uagb_featured_image_src":{"full":["https:\/\/sensacionarabe.com\/Mayoristas\/wp-content\/uploads\/2024\/09\/img_2943.jpeg",1280,1280,false],"thumbnail":["https:\/\/sensacionarabe.com\/Mayoristas\/wp-content\/uploads\/2024\/09\/img_2943-150x150.jpeg",150,150,true],"medium":["https:\/\/sensacionarabe.com\/Mayoristas\/wp-content\/uploads\/2024\/09\/img_2943-300x300.jpeg",300,300,true],"medium_large":["https:\/\/sensacionarabe.com\/Mayoristas\/wp-content\/uploads\/2024\/09\/img_2943-768x768.jpeg",768,768,true],"large":["https:\/\/sensacionarabe.com\/Mayoristas\/wp-content\/uploads\/2024\/09\/img_2943-1024x1024.jpeg",1024,1024,true],"1536x1536":["https:\/\/sensacionarabe.com\/Mayoristas\/wp-content\/uploads\/2024\/09\/img_2943.jpeg",1280,1280,false],"2048x2048":["https:\/\/sensacionarabe.com\/Mayoristas\/wp-content\/uploads\/2024\/09\/img_2943.jpeg",1280,1280,false],"woocommerce_thumbnail":["https:\/\/sensacionarabe.com\/Mayoristas\/wp-content\/uploads\/2024\/09\/img_2943-300x300.jpeg",300,300,true],"woocommerce_single":["https:\/\/sensacionarabe.com\/Mayoristas\/wp-content\/uploads\/2024\/09\/img_2943-600x600.jpeg",600,600,true],"woocommerce_gallery_thumbnail":["https:\/\/sensacionarabe.com\/Mayoristas\/wp-content\/uploads\/2024\/09\/img_2943-100x100.jpeg",100,100,true],"variation_swatches_image_size":["https:\/\/sensacionarabe.com\/Mayoristas\/wp-content\/uploads\/2024\/09\/img_2943.jpeg",50,50,false],"variation_swatches_tooltip_size":["https:\/\/sensacionarabe.com\/Mayoristas\/wp-content\/uploads\/2024\/09\/img_2943.jpeg",100,100,false]},"uagb_author_info":{"display_name":"admin","author_link":"https:\/\/sensacionarabe.com\/Mayoristas\/author\/"},"uagb_comment_info":0,"uagb_excerpt":"Marca Al Haramain L\u00ednea de producto Amber Oud Bleu Edition Para qui\u00e9n Unisexo Tipo de fragancia C\u00edtrica Arom\u00e1tica Estaci\u00f3n Primavera Spray Si El Eau de parfum Al Haramain Amber Oud Bleu Edition te permite disfrutar de su aroma durante mucho tiempo. Es una de las f\u00f3rmulas de perfume m\u00e1s concentradas ya que contiene entre un&hellip;","_links":{"self":[{"href":"https:\/\/sensacionarabe.com\/Mayoristas\/wp-json\/wp\/v2\/product\/6256","targetHints":{"allow":["GET"]}}],"collection":[{"href":"https:\/\/sensacionarabe.com\/Mayoristas\/wp-json\/wp\/v2\/product"}],"about":[{"href":"https:\/\/sensacionarabe.com\/Mayoristas\/wp-json\/wp\/v2\/types\/product"}],"replies":[{"embeddable":true,"href":"https:\/\/sensacionarabe.com\/Mayoristas\/wp-json\/wp\/v2\/comments?post=6256"}],"version-history":[{"count":1,"href":"https:\/\/sensacionarabe.com\/Mayoristas\/wp-json\/wp\/v2\/product\/6256\/revisions"}],"predecessor-version":[{"id":6258,"href":"https:\/\/sensacionarabe.com\/Mayoristas\/wp-json\/wp\/v2\/product\/6256\/revisions\/6258"}],"wp:featuredmedia":[{"embeddable":true,"href":"https:\/\/sensacionarabe.com\/Mayoristas\/wp-json\/wp\/v2\/media\/6257"}],"wp:attachment":[{"href":"https:\/\/sensacionarabe.com\/Mayoristas\/wp-json\/wp\/v2\/media?parent=6256"}],"wp:term":[{"taxonomy":"product_brand","embeddable":true,"href":"https:\/\/sensacionarabe.com\/Mayoristas\/wp-json\/wp\/v2\/product_brand?post=6256"},{"taxonomy":"product_cat","embeddable":true,"href":"https:\/\/sensacionarabe.com\/Mayoristas\/wp-json\/wp\/v2\/product_cat?post=6256"},{"taxonomy":"product_tag","embeddable":true,"href":"https:\/\/sensacionarabe.com\/Mayoristas\/wp-json\/wp\/v2\/product_tag?post=6256"}],"curies":[{"name":"wp","href":"https:\/\/api.w.org\/{rel}","templated":true}]}}