{"id":6273,"date":"2024-10-04T12:02:08","date_gmt":"2024-10-04T10:02:08","guid":{"rendered":"https:\/\/sensacionarabe.com\/Mayoristas\/producto\/lattafa-tamina-eau-de-parfum-100ml\/"},"modified":"2025-05-24T14:17:34","modified_gmt":"2025-05-24T12:17:34","slug":"lattafa-tamina-eau-de-parfum-100ml","status":"publish","type":"product","link":"https:\/\/sensacionarabe.com\/Mayoristas\/producto\/lattafa-tamina-eau-de-parfum-100ml\/","title":{"rendered":"LATTAFA TAMINA EAU DE PARFUM 100ML"},"content":{"rendered":"<p>Tamima de Lattafa eau de parfum es una fragancia afrutada que es una verdadera oda a la evasi\u00f3n ya la ligereza del verano. Encarna la libertad de esp\u00edritu y el placer de saborear el momento presente. Si te gusta la aventura, d\u00e9jate llevar por esta fragancia ligera y veraniega. Esta fragancia veraniega revela todo el frescor de un sabroso c\u00f3ctel de frutas del bosque y fresas rociadas con un toque de frambuesa fundente y la acidez de la grosella negra. Las bayas rojas dan paso a notas carnosas de melocot\u00f3n, complementadas a la perfecci\u00f3n con aromas florales de violeta, azahar y vainilla. Una elegante mariposa en busca de escapadas de verano, Tamima se deleita con las aventuras que le esperan mientras deambula. La radiante belleza de las flores de esta magn\u00edfica estaci\u00f3n, la diversidad de sus texturas y sus colores, las formas de sus hojas, inspiraron a nuestro artista para el dise\u00f1o del perfume.<\/p>\n<p><strong>Notas olfativas<\/strong><\/p>\n<p><strong>Notas de cabeza<\/strong>: frutas, fresa, pi\u00f1a, frambuesa, grosella negra, ruibarbo, naranja y lim\u00f3n<br \/>\n<strong>Notas de Coraz\u00f3n<\/strong>: Mel\u00f3n, Melocot\u00f3n, Violeta, Azahar y Rosa<br \/>\n<strong>Notas de Fondo<\/strong>: Leche, Caramelo, Vainilla, Almizcle y S\u00e1ndalo<\/p>\n<p><strong>Tipo:<\/strong><span class=\"Apple-converted-space\">&nbsp;<\/span>floral y afrutado<\/p>\n","protected":false},"excerpt":{"rendered":"<p>Tamima de Lattafa eau de parfum es una fragancia afrutada que es una verdadera oda a la evasi\u00f3n ya la ligereza del verano. Encarna la libertad de esp\u00edritu y el placer de saborear el momento presente. Si te gusta la aventura, d\u00e9jate llevar por esta fragancia ligera y veraniega. Esta fragancia veraniega revela todo el [&hellip;]<\/p>\n","protected":false},"featured_media":6272,"comment_status":"open","ping_status":"closed","template":"","meta":{"nf_dc_page":"","_uag_custom_page_level_css":"","site-sidebar-layout":"default","site-content-layout":"","ast-site-content-layout":"default","site-content-style":"default","site-sidebar-style":"default","ast-global-header-display":"","ast-banner-title-visibility":"","ast-main-header-display":"","ast-hfb-above-header-display":"","ast-hfb-below-header-display":"","ast-hfb-mobile-header-display":"","site-post-title":"","ast-breadcrumbs-content":"","ast-featured-img":"","footer-sml-layout":"","ast-disable-related-posts":"","theme-transparent-header-meta":"","adv-header-id-meta":"","stick-header-meta":"","header-above-stick-meta":"","header-main-stick-meta":"","header-below-stick-meta":"","astra-migrate-meta-layouts":"default","ast-page-background-enabled":"default","ast-page-background-meta":{"desktop":{"background-color":"","background-image":"","background-repeat":"repeat","background-position":"center center","background-size":"auto","background-attachment":"scroll","background-type":"","background-media":"","overlay-type":"","overlay-color":"","overlay-opacity":"","overlay-gradient":""},"tablet":{"background-color":"","background-image":"","background-repeat":"repeat","background-position":"center center","background-size":"auto","background-attachment":"scroll","background-type":"","background-media":"","overlay-type":"","overlay-color":"","overlay-opacity":"","overlay-gradient":""},"mobile":{"background-color":"","background-image":"","background-repeat":"repeat","background-position":"center center","background-size":"auto","background-attachment":"scroll","background-type":"","background-media":"","overlay-type":"","overlay-color":"","overlay-opacity":"","overlay-gradient":""}},"ast-content-background-meta":{"desktop":{"background-color":"var(--ast-global-color-5)","background-image":"","background-repeat":"repeat","background-position":"center center","background-size":"auto","background-attachment":"scroll","background-type":"","background-media":"","overlay-type":"","overlay-color":"","overlay-opacity":"","overlay-gradient":""},"tablet":{"background-color":"var(--ast-global-color-5)","background-image":"","background-repeat":"repeat","background-position":"center center","background-size":"auto","background-attachment":"scroll","background-type":"","background-media":"","overlay-type":"","overlay-color":"","overlay-opacity":"","overlay-gradient":""},"mobile":{"background-color":"var(--ast-global-color-5)","background-image":"","background-repeat":"repeat","background-position":"center center","background-size":"auto","background-attachment":"scroll","background-type":"","background-media":"","overlay-type":"","overlay-color":"","overlay-opacity":"","overlay-gradient":""}}},"product_brand":[],"product_cat":[29],"product_tag":[58],"class_list":{"0":"post-6273","1":"product","2":"type-product","3":"status-publish","4":"has-post-thumbnail","6":"product_cat-unisex","7":"product_tag-lattafa","8":"desktop-align-left","9":"tablet-align-left","10":"mobile-align-left","12":"first","13":"outofstock","14":"featured","15":"taxable","16":"shipping-taxable","17":"purchasable","18":"product-type-simple"},"uagb_featured_image_src":{"full":["https:\/\/sensacionarabe.com\/Mayoristas\/wp-content\/uploads\/2024\/10\/img_3307.jpeg",1290,937,false],"thumbnail":["https:\/\/sensacionarabe.com\/Mayoristas\/wp-content\/uploads\/2024\/10\/img_3307-150x150.jpeg",150,150,true],"medium":["https:\/\/sensacionarabe.com\/Mayoristas\/wp-content\/uploads\/2024\/10\/img_3307-300x218.jpeg",300,218,true],"medium_large":["https:\/\/sensacionarabe.com\/Mayoristas\/wp-content\/uploads\/2024\/10\/img_3307-768x558.jpeg",768,558,true],"large":["https:\/\/sensacionarabe.com\/Mayoristas\/wp-content\/uploads\/2024\/10\/img_3307-1024x744.jpeg",1024,744,true],"1536x1536":["https:\/\/sensacionarabe.com\/Mayoristas\/wp-content\/uploads\/2024\/10\/img_3307.jpeg",1290,937,false],"2048x2048":["https:\/\/sensacionarabe.com\/Mayoristas\/wp-content\/uploads\/2024\/10\/img_3307.jpeg",1290,937,false],"woocommerce_thumbnail":["https:\/\/sensacionarabe.com\/Mayoristas\/wp-content\/uploads\/2024\/10\/img_3307-300x300.jpeg",300,300,true],"woocommerce_single":["https:\/\/sensacionarabe.com\/Mayoristas\/wp-content\/uploads\/2024\/10\/img_3307-600x436.jpeg",600,436,true],"woocommerce_gallery_thumbnail":["https:\/\/sensacionarabe.com\/Mayoristas\/wp-content\/uploads\/2024\/10\/img_3307-100x100.jpeg",100,100,true],"variation_swatches_image_size":["https:\/\/sensacionarabe.com\/Mayoristas\/wp-content\/uploads\/2024\/10\/img_3307.jpeg",50,36,false],"variation_swatches_tooltip_size":["https:\/\/sensacionarabe.com\/Mayoristas\/wp-content\/uploads\/2024\/10\/img_3307.jpeg",100,73,false]},"uagb_author_info":{"display_name":"admin","author_link":"https:\/\/sensacionarabe.com\/Mayoristas\/author\/"},"uagb_comment_info":0,"uagb_excerpt":"Tamima de Lattafa eau de parfum es una fragancia afrutada que es una verdadera oda a la evasi\u00f3n ya la ligereza del verano. Encarna la libertad de esp\u00edritu y el placer de saborear el momento presente. Si te gusta la aventura, d\u00e9jate llevar por esta fragancia ligera y veraniega. Esta fragancia veraniega revela todo el&hellip;","_links":{"self":[{"href":"https:\/\/sensacionarabe.com\/Mayoristas\/wp-json\/wp\/v2\/product\/6273","targetHints":{"allow":["GET"]}}],"collection":[{"href":"https:\/\/sensacionarabe.com\/Mayoristas\/wp-json\/wp\/v2\/product"}],"about":[{"href":"https:\/\/sensacionarabe.com\/Mayoristas\/wp-json\/wp\/v2\/types\/product"}],"replies":[{"embeddable":true,"href":"https:\/\/sensacionarabe.com\/Mayoristas\/wp-json\/wp\/v2\/comments?post=6273"}],"version-history":[{"count":1,"href":"https:\/\/sensacionarabe.com\/Mayoristas\/wp-json\/wp\/v2\/product\/6273\/revisions"}],"predecessor-version":[{"id":6274,"href":"https:\/\/sensacionarabe.com\/Mayoristas\/wp-json\/wp\/v2\/product\/6273\/revisions\/6274"}],"wp:featuredmedia":[{"embeddable":true,"href":"https:\/\/sensacionarabe.com\/Mayoristas\/wp-json\/wp\/v2\/media\/6272"}],"wp:attachment":[{"href":"https:\/\/sensacionarabe.com\/Mayoristas\/wp-json\/wp\/v2\/media?parent=6273"}],"wp:term":[{"taxonomy":"product_brand","embeddable":true,"href":"https:\/\/sensacionarabe.com\/Mayoristas\/wp-json\/wp\/v2\/product_brand?post=6273"},{"taxonomy":"product_cat","embeddable":true,"href":"https:\/\/sensacionarabe.com\/Mayoristas\/wp-json\/wp\/v2\/product_cat?post=6273"},{"taxonomy":"product_tag","embeddable":true,"href":"https:\/\/sensacionarabe.com\/Mayoristas\/wp-json\/wp\/v2\/product_tag?post=6273"}],"curies":[{"name":"wp","href":"https:\/\/api.w.org\/{rel}","templated":true}]}}