{"id":6278,"date":"2024-10-04T13:25:27","date_gmt":"2024-10-04T11:25:27","guid":{"rendered":"https:\/\/sensacionarabe.com\/Mayoristas\/producto\/maison-alhambra-philos-pura-100ml\/"},"modified":"2026-02-01T18:35:38","modified_gmt":"2026-02-01T17:35:38","slug":"maison-alhambra-philos-pura-100ml","status":"publish","type":"product","link":"https:\/\/sensacionarabe.com\/Mayoristas\/producto\/maison-alhambra-philos-pura-100ml\/","title":{"rendered":"Maison Alhambra Philos Pura Eau de perfum 100Ml"},"content":{"rendered":"<ul class=\"product-item-tabs__content tabs-content scrolling\" style=\"margin: 0px;padding: 4px 16px 4px 0px;border: 0px;vertical-align: baseline;font-size: 16px;width: calc(100% + 16px);line-height: 24px;max-height: 400px;overflow: auto;font-family: FixelText, sans-serif;font-style: normal;font-weight: 400;letter-spacing: normal;text-align: start;text-indent: 0px;text-transform: none;text-decoration: none\">\n<li style=\"margin: 0px;padding: 0px;border: 0px;vertical-align: baseline;font-size: 16px;list-style-type: none\"><strong style=\"margin: 0px;padding: 0px;border: 0px;vertical-align: baseline;font-size: 16px;font-weight: 600\">Marca:<\/strong><span class=\"Apple-converted-space\">&nbsp;<\/span>maison alhambra<br \/>\n<strong style=\"margin: 0px;padding: 0px;border: 0px;vertical-align: baseline;font-size: 16px;font-weight: 600\">Serie:<\/strong><span class=\"Apple-converted-space\">&nbsp;<\/span>philos pura<br \/>\n<strong style=\"margin: 0px;padding: 0px;border: 0px;vertical-align: baseline;font-size: 16px;font-weight: 600\">Tipo de productos:<\/strong><span class=\"Apple-converted-space\">&nbsp;<\/span>eau de parfum<br \/>\n<strong style=\"margin: 0px;padding: 0px;border: 0px;vertical-align: baseline;font-size: 16px;font-weight: 600\">Clasificaci\u00f3n:<\/strong><span class=\"Apple-converted-space\">&nbsp;<\/span>mass market<br \/>\n<strong style=\"margin: 0px;padding: 0px;border: 0px;vertical-align: baseline;font-size: 16px;font-weight: 600\">Volumen:<\/strong><span class=\"Apple-converted-space\">&nbsp;<\/span>100 ml<br \/>\n<strong style=\"margin: 0px;padding: 0px;border: 0px;vertical-align: baseline;font-size: 16px;font-weight: 600\">Pa\u00eds de origen:<\/strong><span class=\"Apple-converted-space\">&nbsp;<\/span>Emiratos \u00c1rabes Unidos<br \/>\n<strong style=\"margin: 0px;padding: 0px;border: 0px;vertical-align: baseline;font-size: 16px;font-weight: 600\">Hecho en:<\/strong><span class=\"Apple-converted-space\">&nbsp;<\/span>Emiratos \u00c1rabes Unidos<br \/>\n<strong style=\"margin: 0px;padding: 0px;border: 0px;vertical-align: baseline;font-size: 16px;font-weight: 600\">Para qui\u00e9n:<\/strong><span class=\"Apple-converted-space\">&nbsp;<\/span>mujer<br \/>\n<strong style=\"margin: 0px;padding: 0px;border: 0px;vertical-align: baseline;font-size: 16px;font-weight: 600\">Familia olfativa:<\/strong><span class=\"Apple-converted-space\">&nbsp;<\/span>le\u00f1oso, orientales<br \/>\n<strong style=\"margin: 0px;padding: 0px;border: 0px;vertical-align: baseline;font-size: 16px;font-weight: 600\">Notas de salida:<\/strong><span class=\"Apple-converted-space\">&nbsp;<\/span>Bergamota, Lim\u00f3n, Naranja<br \/>\n<strong style=\"margin: 0px;padding: 0px;border: 0px;vertical-align: baseline;font-size: 16px;font-weight: 600\">Notas de coraz\u00f3n:<\/strong><span class=\"Apple-converted-space\">&nbsp;<\/span>Frutal<br \/>\n<strong style=\"margin: 0px;padding: 0px;border: 0px;vertical-align: baseline;font-size: 16px;font-weight: 600\">Notas de fondo:<\/strong><span class=\"Apple-converted-space\">&nbsp;<\/span>Almizcle blanco, Vainilla de Madagascar, \u00c1mbar<\/li>\n<\/ul>\n<p><span style=\"font-family: Outfit, sans-serif;font-size: 15px;font-style: normal;font-weight: 400;letter-spacing: normal;text-align: start;text-indent: 0px;text-transform: none;text-decoration: none;float: none\">Philos Centro de Maison Alhambra es el equilibrio perfecto. Este aroma armonioso combina notas de lavanda, geranio y s\u00e1ndalo. Es como encontrar el centro de uno mismo en medio del caos. Ideal para quienes buscan una fragancia equilibrada y relajante. \u00bfListo para encontrar tu centro olfativo?<\/span><\/p>\n","protected":false},"excerpt":{"rendered":"<p>Marca:&nbsp;maison alhambra Serie:&nbsp;philos pura Tipo de productos:&nbsp;eau de parfum Clasificaci\u00f3n:&nbsp;mass market Volumen:&nbsp;100 ml Pa\u00eds de origen:&nbsp;Emiratos \u00c1rabes Unidos Hecho en:&nbsp;Emiratos \u00c1rabes Unidos Para qui\u00e9n:&nbsp;mujer Familia olfativa:&nbsp;le\u00f1oso, orientales Notas de salida:&nbsp;Bergamota, Lim\u00f3n, Naranja Notas de coraz\u00f3n:&nbsp;Frutal Notas de fondo:&nbsp;Almizcle blanco, Vainilla de Madagascar, \u00c1mbar Philos Centro de Maison Alhambra es el equilibrio perfecto. Este aroma armonioso [&hellip;]<\/p>\n","protected":false},"featured_media":6276,"comment_status":"open","ping_status":"closed","template":"","meta":{"nf_dc_page":"","_uag_custom_page_level_css":"","site-sidebar-layout":"default","site-content-layout":"","ast-site-content-layout":"default","site-content-style":"default","site-sidebar-style":"default","ast-global-header-display":"","ast-banner-title-visibility":"","ast-main-header-display":"","ast-hfb-above-header-display":"","ast-hfb-below-header-display":"","ast-hfb-mobile-header-display":"","site-post-title":"","ast-breadcrumbs-content":"","ast-featured-img":"","footer-sml-layout":"","ast-disable-related-posts":"","theme-transparent-header-meta":"","adv-header-id-meta":"","stick-header-meta":"","header-above-stick-meta":"","header-main-stick-meta":"","header-below-stick-meta":"","astra-migrate-meta-layouts":"default","ast-page-background-enabled":"default","ast-page-background-meta":{"desktop":{"background-color":"","background-image":"","background-repeat":"repeat","background-position":"center center","background-size":"auto","background-attachment":"scroll","background-type":"","background-media":"","overlay-type":"","overlay-color":"","overlay-opacity":"","overlay-gradient":""},"tablet":{"background-color":"","background-image":"","background-repeat":"repeat","background-position":"center center","background-size":"auto","background-attachment":"scroll","background-type":"","background-media":"","overlay-type":"","overlay-color":"","overlay-opacity":"","overlay-gradient":""},"mobile":{"background-color":"","background-image":"","background-repeat":"repeat","background-position":"center center","background-size":"auto","background-attachment":"scroll","background-type":"","background-media":"","overlay-type":"","overlay-color":"","overlay-opacity":"","overlay-gradient":""}},"ast-content-background-meta":{"desktop":{"background-color":"var(--ast-global-color-5)","background-image":"","background-repeat":"repeat","background-position":"center center","background-size":"auto","background-attachment":"scroll","background-type":"","background-media":"","overlay-type":"","overlay-color":"","overlay-opacity":"","overlay-gradient":""},"tablet":{"background-color":"var(--ast-global-color-5)","background-image":"","background-repeat":"repeat","background-position":"center center","background-size":"auto","background-attachment":"scroll","background-type":"","background-media":"","overlay-type":"","overlay-color":"","overlay-opacity":"","overlay-gradient":""},"mobile":{"background-color":"var(--ast-global-color-5)","background-image":"","background-repeat":"repeat","background-position":"center center","background-size":"auto","background-attachment":"scroll","background-type":"","background-media":"","overlay-type":"","overlay-color":"","overlay-opacity":"","overlay-gradient":""}}},"product_brand":[],"product_cat":[49],"product_tag":[59],"class_list":{"0":"post-6278","1":"product","2":"type-product","3":"status-publish","4":"has-post-thumbnail","6":"product_cat-mujer","7":"product_tag-maison-alhambra","8":"desktop-align-left","9":"tablet-align-left","10":"mobile-align-left","12":"first","13":"instock","14":"taxable","15":"shipping-taxable","16":"purchasable","17":"product-type-simple"},"uagb_featured_image_src":{"full":["https:\/\/sensacionarabe.com\/Mayoristas\/wp-content\/uploads\/2024\/10\/img_3317.jpeg",1080,1920,false],"thumbnail":["https:\/\/sensacionarabe.com\/Mayoristas\/wp-content\/uploads\/2024\/10\/img_3317-150x150.jpeg",150,150,true],"medium":["https:\/\/sensacionarabe.com\/Mayoristas\/wp-content\/uploads\/2024\/10\/img_3317-169x300.jpeg",169,300,true],"medium_large":["https:\/\/sensacionarabe.com\/Mayoristas\/wp-content\/uploads\/2024\/10\/img_3317-768x1365.jpeg",768,1365,true],"large":["https:\/\/sensacionarabe.com\/Mayoristas\/wp-content\/uploads\/2024\/10\/img_3317-576x1024.jpeg",576,1024,true],"1536x1536":["https:\/\/sensacionarabe.com\/Mayoristas\/wp-content\/uploads\/2024\/10\/img_3317-864x1536.jpeg",864,1536,true],"2048x2048":["https:\/\/sensacionarabe.com\/Mayoristas\/wp-content\/uploads\/2024\/10\/img_3317.jpeg",1080,1920,false],"woocommerce_thumbnail":["https:\/\/sensacionarabe.com\/Mayoristas\/wp-content\/uploads\/2024\/10\/img_3317-300x300.jpeg",300,300,true],"woocommerce_single":["https:\/\/sensacionarabe.com\/Mayoristas\/wp-content\/uploads\/2024\/10\/img_3317-600x1067.jpeg",600,1067,true],"woocommerce_gallery_thumbnail":["https:\/\/sensacionarabe.com\/Mayoristas\/wp-content\/uploads\/2024\/10\/img_3317-100x100.jpeg",100,100,true],"variation_swatches_image_size":["https:\/\/sensacionarabe.com\/Mayoristas\/wp-content\/uploads\/2024\/10\/img_3317.jpeg",28,50,false],"variation_swatches_tooltip_size":["https:\/\/sensacionarabe.com\/Mayoristas\/wp-content\/uploads\/2024\/10\/img_3317.jpeg",56,100,false]},"uagb_author_info":{"display_name":"admin","author_link":"https:\/\/sensacionarabe.com\/Mayoristas\/author\/"},"uagb_comment_info":0,"uagb_excerpt":"Marca:&nbsp;maison alhambra Serie:&nbsp;philos pura Tipo de productos:&nbsp;eau de parfum Clasificaci\u00f3n:&nbsp;mass market Volumen:&nbsp;100 ml Pa\u00eds de origen:&nbsp;Emiratos \u00c1rabes Unidos Hecho en:&nbsp;Emiratos \u00c1rabes Unidos Para qui\u00e9n:&nbsp;mujer Familia olfativa:&nbsp;le\u00f1oso, orientales Notas de salida:&nbsp;Bergamota, Lim\u00f3n, Naranja Notas de coraz\u00f3n:&nbsp;Frutal Notas de fondo:&nbsp;Almizcle blanco, Vainilla de Madagascar, \u00c1mbar Philos Centro de Maison Alhambra es el equilibrio perfecto. Este aroma armonioso&hellip;","_links":{"self":[{"href":"https:\/\/sensacionarabe.com\/Mayoristas\/wp-json\/wp\/v2\/product\/6278","targetHints":{"allow":["GET"]}}],"collection":[{"href":"https:\/\/sensacionarabe.com\/Mayoristas\/wp-json\/wp\/v2\/product"}],"about":[{"href":"https:\/\/sensacionarabe.com\/Mayoristas\/wp-json\/wp\/v2\/types\/product"}],"replies":[{"embeddable":true,"href":"https:\/\/sensacionarabe.com\/Mayoristas\/wp-json\/wp\/v2\/comments?post=6278"}],"version-history":[{"count":2,"href":"https:\/\/sensacionarabe.com\/Mayoristas\/wp-json\/wp\/v2\/product\/6278\/revisions"}],"predecessor-version":[{"id":7051,"href":"https:\/\/sensacionarabe.com\/Mayoristas\/wp-json\/wp\/v2\/product\/6278\/revisions\/7051"}],"wp:featuredmedia":[{"embeddable":true,"href":"https:\/\/sensacionarabe.com\/Mayoristas\/wp-json\/wp\/v2\/media\/6276"}],"wp:attachment":[{"href":"https:\/\/sensacionarabe.com\/Mayoristas\/wp-json\/wp\/v2\/media?parent=6278"}],"wp:term":[{"taxonomy":"product_brand","embeddable":true,"href":"https:\/\/sensacionarabe.com\/Mayoristas\/wp-json\/wp\/v2\/product_brand?post=6278"},{"taxonomy":"product_cat","embeddable":true,"href":"https:\/\/sensacionarabe.com\/Mayoristas\/wp-json\/wp\/v2\/product_cat?post=6278"},{"taxonomy":"product_tag","embeddable":true,"href":"https:\/\/sensacionarabe.com\/Mayoristas\/wp-json\/wp\/v2\/product_tag?post=6278"}],"curies":[{"name":"wp","href":"https:\/\/api.w.org\/{rel}","templated":true}]}}