{"id":6291,"date":"2024-10-12T16:47:11","date_gmt":"2024-10-12T14:47:11","guid":{"rendered":"https:\/\/sensacionarabe.com\/Mayoristas\/producto\/producto-3\/"},"modified":"2025-12-17T11:23:26","modified_gmt":"2025-12-17T10:23:26","slug":"producto-3","status":"publish","type":"product","link":"https:\/\/sensacionarabe.com\/Mayoristas\/producto\/producto-3\/","title":{"rendered":"Lattafa opulence red Eau de perfum 100ml"},"content":{"rendered":"<div class=\"sc-1eu1dd2-9 dFfSLk\">\n<table class=\"sc-1eu1dd2-4 kBrqUs\" style=\"margin: 0px;padding: 0px;width: 400px;border-spacing: 0px;border-radius: 0.25rem;font-family: Roboto\">\n<tbody style=\"margin: 0px;padding: 0px\">\n<tr class=\"sc-1eu1dd2-8 dEKhKi\" style=\"margin: 0px;padding: 0px;font-size: 0.875rem;font-family: Roboto;font-weight: 500;line-height: 1.25rem;letter-spacing: 0px\">\n<td class=\"sc-1eu1dd2-7 fFgxCw\" style=\"margin: 0px;padding: 0.75rem 1rem 0.75rem 0.5rem;font-family: Roboto;font-size: 0.875rem;font-weight: 400;line-height: 1.25rem;letter-spacing: 0px;width: 199px;text-align: left\">pera, naranja sangre, pimienta rosada, cardamomo<\/td>\n<\/tr>\n<tr class=\"sc-1eu1dd2-8 dEKhKi\" style=\"margin: 0px;padding: 0px;font-size: 0.9rem\">\n<td class=\"sc-1eu1dd2-6 cKxTOy\" style=\"margin: 0px;padding: 0.75rem 0.5rem 0.75rem 1rem;text-decoration: none;width: 199px;border: medium;font-family: Roboto;font-size: 0.875rem;font-weight: 400;line-height: 1.25rem;letter-spacing: 0px;text-align: left\">\n<div class=\"sc-j2vy08-0 uqhkt\" style=\"margin: 0px;padding: 0px;cursor: help\">Notas de coraz\u00f3n<\/div>\n<\/td>\n<td class=\"sc-1eu1dd2-7 fFgxCw\" style=\"margin: 0px;padding: 0.75rem 1rem 0.75rem 0.5rem;font-family: Roboto;font-size: 0.875rem;font-weight: 400;line-height: 1.25rem;letter-spacing: 0px;width: 199px;text-align: left\">jazm\u00edn, verrucaria, licor, palisandro, tuberosa<\/td>\n<\/tr>\n<tr class=\"sc-1eu1dd2-8 dEKhKi\" style=\"margin: 0px;padding: 0px;font-size: 0.9rem\">\n<td class=\"sc-1eu1dd2-6 cKxTOy\" style=\"margin: 0px;padding: 0.75rem 0.5rem 0.75rem 1rem;text-decoration: none;width: 199px;border: medium;font-family: Roboto;font-size: 0.875rem;font-weight: 400;line-height: 1.25rem;letter-spacing: 0px;text-align: left\">\n<div class=\"sc-j2vy08-0 uqhkt\" style=\"margin: 0px;padding: 0px;cursor: help\">Notas de fondo<\/div>\n<\/td>\n<td class=\"sc-1eu1dd2-7 fFgxCw\" style=\"margin: 0px;padding: 0.75rem 1rem 0.75rem 0.5rem;font-family: Roboto;font-size: 0.875rem;font-weight: 400;line-height: 1.25rem;letter-spacing: 0px;width: 199px;text-align: left\">\u00e1mbar, vainilla, cachemira, pachuli, madera de s\u00e1ndalo, haba tonka, madera de agar<\/td>\n<\/tr>\n<tr class=\"sc-1eu1dd2-8 dEKhKi\" style=\"margin: 0px;padding: 0px;font-size: 0.9rem\">\n<td class=\"sc-1eu1dd2-6 irCXvk\" style=\"margin: 0px;padding: 0.75rem 0.5rem 0.75rem 1rem;text-decoration: none;width: 199px;border: medium;font-family: Roboto;font-size: 0.875rem;font-weight: 400;line-height: 1.25rem;letter-spacing: 0px;text-align: left\">Tipo de fragancia<\/td>\n<td class=\"sc-1eu1dd2-7 fFgxCw\" style=\"margin: 0px;padding: 0.75rem 1rem 0.75rem 0.5rem;font-family: Roboto;font-size: 0.875rem;font-weight: 400;line-height: 1.25rem;letter-spacing: 0px;width: 199px;text-align: left\">florales, amaderadas, gourmand<\/td>\n<\/tr>\n<\/tbody>\n<\/table>\n<\/div>\n<div class=\"sc-1uodfit-0 kuyGQf\">\n<div id=\"pd-description-text\" data-testid=\"pd-description-text\" class=\"sc-1eu1dd2-2 gSzeI\" style=\"margin: 0px;padding: 0px\">\n<p style=\"margin: 0px 0px 0.75rem;padding: 0px;font-family: Roboto;font-size: 0.875rem;font-weight: 400;line-height: 1.5rem;letter-spacing: 0px\">\u00bfTienes una cita, vas a una fiesta o has quedado con tus amigos? El eau de parfum unisex Lattafa Opulent Red es perfecto para cualquier ocasi\u00f3n en la que desees brillar. Descubre t\u00fa tambi\u00e9n una fragancia que resaltar\u00e1 a la perfecci\u00f3n tu extraordinario atractivo.<\/p>\n<ul style=\"margin: 0px;padding: 0px;font-family: Roboto;font-size: 0.875rem;font-weight: 400;line-height: 1.5rem;letter-spacing: 0px;list-style-type: none\">\n<li style=\"margin: 0px;padding: 0px 0px 0px 1.2rem;position: relative\">fragancia amaderada<\/li>\n<li style=\"margin: 0px;padding: 0px 0px 0px 1.2rem;position: relative\">fragancia floral<\/li>\n<li style=\"margin: 0px;padding: 0px 0px 0px 1.2rem;position: relative\">fragancia empolvada<\/li>\n<li style=\"margin: 0px;padding: 0px 0px 0px 1.2rem;position: relative\">tanto para hombres como para mujeres<\/li>\n<\/ul>\n<\/div>\n<\/div>\n","protected":false},"excerpt":{"rendered":"<p>pera, naranja sangre, pimienta rosada, cardamomo Notas de coraz\u00f3n jazm\u00edn, verrucaria, licor, palisandro, tuberosa Notas de fondo \u00e1mbar, vainilla, cachemira, pachuli, madera de s\u00e1ndalo, haba tonka, madera de agar Tipo de fragancia florales, amaderadas, gourmand \u00bfTienes una cita, vas a una fiesta o has quedado con tus amigos? El eau de parfum unisex Lattafa Opulent [&hellip;]<\/p>\n","protected":false},"featured_media":6290,"comment_status":"open","ping_status":"closed","template":"","meta":{"nf_dc_page":"","_uag_custom_page_level_css":"","site-sidebar-layout":"default","site-content-layout":"","ast-site-content-layout":"default","site-content-style":"default","site-sidebar-style":"default","ast-global-header-display":"","ast-banner-title-visibility":"","ast-main-header-display":"","ast-hfb-above-header-display":"","ast-hfb-below-header-display":"","ast-hfb-mobile-header-display":"","site-post-title":"","ast-breadcrumbs-content":"","ast-featured-img":"","footer-sml-layout":"","ast-disable-related-posts":"","theme-transparent-header-meta":"","adv-header-id-meta":"","stick-header-meta":"","header-above-stick-meta":"","header-main-stick-meta":"","header-below-stick-meta":"","astra-migrate-meta-layouts":"default","ast-page-background-enabled":"default","ast-page-background-meta":{"desktop":{"background-color":"","background-image":"","background-repeat":"repeat","background-position":"center center","background-size":"auto","background-attachment":"scroll","background-type":"","background-media":"","overlay-type":"","overlay-color":"","overlay-opacity":"","overlay-gradient":""},"tablet":{"background-color":"","background-image":"","background-repeat":"repeat","background-position":"center center","background-size":"auto","background-attachment":"scroll","background-type":"","background-media":"","overlay-type":"","overlay-color":"","overlay-opacity":"","overlay-gradient":""},"mobile":{"background-color":"","background-image":"","background-repeat":"repeat","background-position":"center center","background-size":"auto","background-attachment":"scroll","background-type":"","background-media":"","overlay-type":"","overlay-color":"","overlay-opacity":"","overlay-gradient":""}},"ast-content-background-meta":{"desktop":{"background-color":"var(--ast-global-color-5)","background-image":"","background-repeat":"repeat","background-position":"center center","background-size":"auto","background-attachment":"scroll","background-type":"","background-media":"","overlay-type":"","overlay-color":"","overlay-opacity":"","overlay-gradient":""},"tablet":{"background-color":"var(--ast-global-color-5)","background-image":"","background-repeat":"repeat","background-position":"center center","background-size":"auto","background-attachment":"scroll","background-type":"","background-media":"","overlay-type":"","overlay-color":"","overlay-opacity":"","overlay-gradient":""},"mobile":{"background-color":"var(--ast-global-color-5)","background-image":"","background-repeat":"repeat","background-position":"center center","background-size":"auto","background-attachment":"scroll","background-type":"","background-media":"","overlay-type":"","overlay-color":"","overlay-opacity":"","overlay-gradient":""}}},"product_brand":[],"product_cat":[49],"product_tag":[58],"class_list":{"0":"post-6291","1":"product","2":"type-product","3":"status-publish","4":"has-post-thumbnail","6":"product_cat-mujer","7":"product_tag-lattafa","8":"desktop-align-left","9":"tablet-align-left","10":"mobile-align-left","12":"first","13":"outofstock","14":"taxable","15":"shipping-taxable","16":"purchasable","17":"product-type-simple"},"uagb_featured_image_src":{"full":["https:\/\/sensacionarabe.com\/Mayoristas\/wp-content\/uploads\/2024\/10\/img_3568-1.jpeg",1080,1920,false],"thumbnail":["https:\/\/sensacionarabe.com\/Mayoristas\/wp-content\/uploads\/2024\/10\/img_3568-1-150x150.jpeg",150,150,true],"medium":["https:\/\/sensacionarabe.com\/Mayoristas\/wp-content\/uploads\/2024\/10\/img_3568-1-169x300.jpeg",169,300,true],"medium_large":["https:\/\/sensacionarabe.com\/Mayoristas\/wp-content\/uploads\/2024\/10\/img_3568-1-768x1365.jpeg",768,1365,true],"large":["https:\/\/sensacionarabe.com\/Mayoristas\/wp-content\/uploads\/2024\/10\/img_3568-1-576x1024.jpeg",576,1024,true],"1536x1536":["https:\/\/sensacionarabe.com\/Mayoristas\/wp-content\/uploads\/2024\/10\/img_3568-1-864x1536.jpeg",864,1536,true],"2048x2048":["https:\/\/sensacionarabe.com\/Mayoristas\/wp-content\/uploads\/2024\/10\/img_3568-1.jpeg",1080,1920,false],"woocommerce_thumbnail":["https:\/\/sensacionarabe.com\/Mayoristas\/wp-content\/uploads\/2024\/10\/img_3568-1-300x300.jpeg",300,300,true],"woocommerce_single":["https:\/\/sensacionarabe.com\/Mayoristas\/wp-content\/uploads\/2024\/10\/img_3568-1-600x1067.jpeg",600,1067,true],"woocommerce_gallery_thumbnail":["https:\/\/sensacionarabe.com\/Mayoristas\/wp-content\/uploads\/2024\/10\/img_3568-1-100x100.jpeg",100,100,true],"variation_swatches_image_size":["https:\/\/sensacionarabe.com\/Mayoristas\/wp-content\/uploads\/2024\/10\/img_3568-1.jpeg",28,50,false],"variation_swatches_tooltip_size":["https:\/\/sensacionarabe.com\/Mayoristas\/wp-content\/uploads\/2024\/10\/img_3568-1.jpeg",56,100,false]},"uagb_author_info":{"display_name":"admin","author_link":"https:\/\/sensacionarabe.com\/Mayoristas\/author\/"},"uagb_comment_info":0,"uagb_excerpt":"pera, naranja sangre, pimienta rosada, cardamomo Notas de coraz\u00f3n jazm\u00edn, verrucaria, licor, palisandro, tuberosa Notas de fondo \u00e1mbar, vainilla, cachemira, pachuli, madera de s\u00e1ndalo, haba tonka, madera de agar Tipo de fragancia florales, amaderadas, gourmand \u00bfTienes una cita, vas a una fiesta o has quedado con tus amigos? El eau de parfum unisex Lattafa Opulent&hellip;","_links":{"self":[{"href":"https:\/\/sensacionarabe.com\/Mayoristas\/wp-json\/wp\/v2\/product\/6291","targetHints":{"allow":["GET"]}}],"collection":[{"href":"https:\/\/sensacionarabe.com\/Mayoristas\/wp-json\/wp\/v2\/product"}],"about":[{"href":"https:\/\/sensacionarabe.com\/Mayoristas\/wp-json\/wp\/v2\/types\/product"}],"replies":[{"embeddable":true,"href":"https:\/\/sensacionarabe.com\/Mayoristas\/wp-json\/wp\/v2\/comments?post=6291"}],"version-history":[{"count":2,"href":"https:\/\/sensacionarabe.com\/Mayoristas\/wp-json\/wp\/v2\/product\/6291\/revisions"}],"predecessor-version":[{"id":7087,"href":"https:\/\/sensacionarabe.com\/Mayoristas\/wp-json\/wp\/v2\/product\/6291\/revisions\/7087"}],"wp:featuredmedia":[{"embeddable":true,"href":"https:\/\/sensacionarabe.com\/Mayoristas\/wp-json\/wp\/v2\/media\/6290"}],"wp:attachment":[{"href":"https:\/\/sensacionarabe.com\/Mayoristas\/wp-json\/wp\/v2\/media?parent=6291"}],"wp:term":[{"taxonomy":"product_brand","embeddable":true,"href":"https:\/\/sensacionarabe.com\/Mayoristas\/wp-json\/wp\/v2\/product_brand?post=6291"},{"taxonomy":"product_cat","embeddable":true,"href":"https:\/\/sensacionarabe.com\/Mayoristas\/wp-json\/wp\/v2\/product_cat?post=6291"},{"taxonomy":"product_tag","embeddable":true,"href":"https:\/\/sensacionarabe.com\/Mayoristas\/wp-json\/wp\/v2\/product_tag?post=6291"}],"curies":[{"name":"wp","href":"https:\/\/api.w.org\/{rel}","templated":true}]}}