{"id":6293,"date":"2024-10-13T19:09:13","date_gmt":"2024-10-13T17:09:13","guid":{"rendered":"https:\/\/sensacionarabe.com\/Mayoristas\/producto\/ameer-al-arab-lattafa-100-ml-principe-de-arabia-lattafa-perfume-hombre-hombre\/"},"modified":"2026-02-10T21:39:11","modified_gmt":"2026-02-10T20:39:11","slug":"ameer-al-arab-lattafa-100-ml-principe-de-arabia-lattafa-perfume-hombre-hombre","status":"publish","type":"product","link":"https:\/\/sensacionarabe.com\/Mayoristas\/producto\/ameer-al-arab-lattafa-100-ml-principe-de-arabia-lattafa-perfume-hombre-hombre\/","title":{"rendered":"Asdaaf Ameer Al Arab Eau de perfum 100 ml"},"content":{"rendered":"<p><span data-spm-anchor-id=\"euspain.pdp.description.i1.7dbc7e61YmnqLk\" style=\"margin: 0px;padding: 0px;font-size: 10pt;font-family: Verdana, Verdana, Verdana, Verdana\">El perfume Ameer Al Arab &#8220;Pr\u00edncipe de Arabia&#8221; est\u00e1 inspirado en el arte de la seducci\u00f3n.<\/span><span data-spm-anchor-id=\"euspain.pdp.description.i1.7dbc7e61YmnqLk\" style=\"margin: 0px;padding: 0px;font-size: 10pt;font-family: Verdana, Verdana, Verdana, Verdana\"><span class=\"Apple-converted-space\">&nbsp;<\/span><\/span><\/p>\n<p><span style=\"margin: 0px;padding: 0px\">Descubre la cautivadora fragancia<\/span><span style=\"margin: 0px;padding: 0px;font-weight: bold\"><span class=\"Apple-converted-space\">&nbsp;<\/span><\/span><span style=\"margin: 0px;padding: 0px;font-weight: bold\">ASDAAF<\/span><span style=\"margin: 0px;padding: 0px\"><span class=\"Apple-converted-space\">&nbsp;<\/span><\/span><span style=\"margin: 0px;padding: 0px\">&#8211;<\/span><span style=\"margin: 0px;padding: 0px\"><span class=\"Apple-converted-space\">&nbsp;<\/span><\/span><span style=\"margin: 0px;padding: 0px;font-weight: bold\">AMEER AL ARAB<\/span><span style=\"margin: 0px;padding: 0px\">,<\/span><span style=\"margin: 0px;padding: 0px\"><span class=\"Apple-converted-space\">&nbsp;<\/span><\/span><span style=\"margin: 0px;padding: 0px;font-weight: bold\">inspirada<\/span><span style=\"margin: 0px;padding: 0px\"><span class=\"Apple-converted-space\">&nbsp;<\/span><\/span><span style=\"margin: 0px;padding: 0px\">en el ic\u00f3nico perfume<\/span><span style=\"margin: 0px;padding: 0px;font-weight: bold\"><span class=\"Apple-converted-space\">&nbsp;<\/span><\/span><span style=\"margin: 0px;padding: 0px;font-weight: bold\">La Nuit De L&#8217;Homme<\/span><span style=\"margin: 0px;padding: 0px\"><span class=\"Apple-converted-space\">&nbsp;<\/span><\/span><span style=\"margin: 0px;padding: 0px\">de<\/span><span style=\"margin: 0px;padding: 0px\"><span class=\"Apple-converted-space\">&nbsp;<\/span><\/span><span style=\"margin: 0px;padding: 0px;font-weight: bold\">YSL<\/span><span style=\"margin: 0px;padding: 0px\">. Este exquisito perfume oriental es una combinaci\u00f3n de frescura y especias que no dejar\u00e1 indiferente a nadie. Desde su apertura, envuelve los sentidos con notas refrescantes de albahaca, cardamomo y menta, despertando una sensaci\u00f3n de vitalidad y energ\u00eda. A medida que se desarrolla, el coraz\u00f3n revela una armon\u00eda compleja de madreselva, lavanda, azafr\u00e1n, pimienta y jazm\u00edn, creando una atm\u00f3sfera c\u00e1lida y seductora. Finalmente, su estela se asienta en notas de s\u00e1ndalo, cedro, pachul\u00ed, almizcle y \u00e1mbar, que aportan profundidad y durabilidad al aroma.<\/span><\/p>\n<p><span style=\"margin: 0px;padding: 0px\">Este perfume masculino, fresco y especiado es ideal para usar durante el d\u00eda o la noche, en ocasiones especiales, rom\u00e1nticas o en la oficina. Su longevidad excepcional te asegura que este cautivador aroma te acompa\u00f1ar\u00e1 durante todo el d\u00eda.<\/span><span style=\"margin: 0px;padding: 0px\"><span class=\"Apple-converted-space\">&nbsp;<\/span><\/span><span style=\"margin: 0px;padding: 0px;font-weight: bold\">ASDAAF &#8211; AMEER AL ARAB<\/span><span style=\"margin: 0px;padding: 0px\"><span class=\"Apple-converted-space\">&nbsp;<\/span><\/span><span style=\"margin: 0px;padding: 0px\">es una fragancia irresistible que dejar\u00e1 una impresi\u00f3n duradera en todos los que te rodean.<\/span><\/p>\n<p><span style=\"margin: 0px;padding: 0px\">Sum\u00e9rgete en el mundo de las fragancias orientales y descubre una nueva dimensi\u00f3n sensorial. Este perfume es perfecto para j\u00f3venes y adultos modernos que aman las fragancias y est\u00e1n dispuestos a explorar nuevos aromas orientales. D\u00e9jate llevar por esta experiencia lujosa y \u00fanica, y despierta tus sentidos con<\/span><span style=\"margin: 0px;padding: 0px\"><span class=\"Apple-converted-space\">&nbsp;<\/span><\/span><span style=\"margin: 0px;padding: 0px;font-weight: bold\">ASDAAF &#8211; AMEER AL ARAB.<\/span><\/p>\n<p><span style=\"margin: 0px;padding: 0px\">100 ml<\/span><\/p>\n","protected":false},"excerpt":{"rendered":"<p>El perfume Ameer Al Arab &#8220;Pr\u00edncipe de Arabia&#8221; est\u00e1 inspirado en el arte de la seducci\u00f3n.&nbsp; Descubre la cautivadora fragancia&nbsp;ASDAAF&nbsp;&#8211;&nbsp;AMEER AL ARAB,&nbsp;inspirada&nbsp;en el ic\u00f3nico perfume&nbsp;La Nuit De L&#8217;Homme&nbsp;de&nbsp;YSL. Este exquisito perfume oriental es una combinaci\u00f3n de frescura y especias que no dejar\u00e1 indiferente a nadie. Desde su apertura, envuelve los sentidos con notas refrescantes de [&hellip;]<\/p>\n","protected":false},"featured_media":6292,"comment_status":"open","ping_status":"closed","template":"","meta":{"nf_dc_page":"","_uag_custom_page_level_css":"","site-sidebar-layout":"default","site-content-layout":"","ast-site-content-layout":"default","site-content-style":"default","site-sidebar-style":"default","ast-global-header-display":"","ast-banner-title-visibility":"","ast-main-header-display":"","ast-hfb-above-header-display":"","ast-hfb-below-header-display":"","ast-hfb-mobile-header-display":"","site-post-title":"","ast-breadcrumbs-content":"","ast-featured-img":"","footer-sml-layout":"","ast-disable-related-posts":"","theme-transparent-header-meta":"","adv-header-id-meta":"","stick-header-meta":"","header-above-stick-meta":"","header-main-stick-meta":"","header-below-stick-meta":"","astra-migrate-meta-layouts":"default","ast-page-background-enabled":"default","ast-page-background-meta":{"desktop":{"background-color":"","background-image":"","background-repeat":"repeat","background-position":"center center","background-size":"auto","background-attachment":"scroll","background-type":"","background-media":"","overlay-type":"","overlay-color":"","overlay-opacity":"","overlay-gradient":""},"tablet":{"background-color":"","background-image":"","background-repeat":"repeat","background-position":"center center","background-size":"auto","background-attachment":"scroll","background-type":"","background-media":"","overlay-type":"","overlay-color":"","overlay-opacity":"","overlay-gradient":""},"mobile":{"background-color":"","background-image":"","background-repeat":"repeat","background-position":"center center","background-size":"auto","background-attachment":"scroll","background-type":"","background-media":"","overlay-type":"","overlay-color":"","overlay-opacity":"","overlay-gradient":""}},"ast-content-background-meta":{"desktop":{"background-color":"var(--ast-global-color-5)","background-image":"","background-repeat":"repeat","background-position":"center center","background-size":"auto","background-attachment":"scroll","background-type":"","background-media":"","overlay-type":"","overlay-color":"","overlay-opacity":"","overlay-gradient":""},"tablet":{"background-color":"var(--ast-global-color-5)","background-image":"","background-repeat":"repeat","background-position":"center center","background-size":"auto","background-attachment":"scroll","background-type":"","background-media":"","overlay-type":"","overlay-color":"","overlay-opacity":"","overlay-gradient":""},"mobile":{"background-color":"var(--ast-global-color-5)","background-image":"","background-repeat":"repeat","background-position":"center center","background-size":"auto","background-attachment":"scroll","background-type":"","background-media":"","overlay-type":"","overlay-color":"","overlay-opacity":"","overlay-gradient":""}}},"product_brand":[],"product_cat":[40],"product_tag":[60],"class_list":{"0":"post-6293","1":"product","2":"type-product","3":"status-publish","4":"has-post-thumbnail","6":"product_cat-hombre","7":"product_tag-asdaaf","8":"desktop-align-left","9":"tablet-align-left","10":"mobile-align-left","12":"first","13":"instock","14":"taxable","15":"shipping-taxable","16":"purchasable","17":"product-type-simple"},"uagb_featured_image_src":{"full":["https:\/\/sensacionarabe.com\/Mayoristas\/wp-content\/uploads\/2024\/10\/img_3655.jpeg",1080,1920,false],"thumbnail":["https:\/\/sensacionarabe.com\/Mayoristas\/wp-content\/uploads\/2024\/10\/img_3655-150x150.jpeg",150,150,true],"medium":["https:\/\/sensacionarabe.com\/Mayoristas\/wp-content\/uploads\/2024\/10\/img_3655-169x300.jpeg",169,300,true],"medium_large":["https:\/\/sensacionarabe.com\/Mayoristas\/wp-content\/uploads\/2024\/10\/img_3655-768x1365.jpeg",768,1365,true],"large":["https:\/\/sensacionarabe.com\/Mayoristas\/wp-content\/uploads\/2024\/10\/img_3655-576x1024.jpeg",576,1024,true],"1536x1536":["https:\/\/sensacionarabe.com\/Mayoristas\/wp-content\/uploads\/2024\/10\/img_3655-864x1536.jpeg",864,1536,true],"2048x2048":["https:\/\/sensacionarabe.com\/Mayoristas\/wp-content\/uploads\/2024\/10\/img_3655.jpeg",1080,1920,false],"woocommerce_thumbnail":["https:\/\/sensacionarabe.com\/Mayoristas\/wp-content\/uploads\/2024\/10\/img_3655-300x300.jpeg",300,300,true],"woocommerce_single":["https:\/\/sensacionarabe.com\/Mayoristas\/wp-content\/uploads\/2024\/10\/img_3655-600x1067.jpeg",600,1067,true],"woocommerce_gallery_thumbnail":["https:\/\/sensacionarabe.com\/Mayoristas\/wp-content\/uploads\/2024\/10\/img_3655-100x100.jpeg",100,100,true],"variation_swatches_image_size":["https:\/\/sensacionarabe.com\/Mayoristas\/wp-content\/uploads\/2024\/10\/img_3655.jpeg",28,50,false],"variation_swatches_tooltip_size":["https:\/\/sensacionarabe.com\/Mayoristas\/wp-content\/uploads\/2024\/10\/img_3655.jpeg",56,100,false]},"uagb_author_info":{"display_name":"admin","author_link":"https:\/\/sensacionarabe.com\/Mayoristas\/author\/"},"uagb_comment_info":0,"uagb_excerpt":"El perfume Ameer Al Arab &#8220;Pr\u00edncipe de Arabia&#8221; est\u00e1 inspirado en el arte de la seducci\u00f3n.&nbsp; Descubre la cautivadora fragancia&nbsp;ASDAAF&nbsp;&#8211;&nbsp;AMEER AL ARAB,&nbsp;inspirada&nbsp;en el ic\u00f3nico perfume&nbsp;La Nuit De L&#8217;Homme&nbsp;de&nbsp;YSL. Este exquisito perfume oriental es una combinaci\u00f3n de frescura y especias que no dejar\u00e1 indiferente a nadie. Desde su apertura, envuelve los sentidos con notas refrescantes de&hellip;","_links":{"self":[{"href":"https:\/\/sensacionarabe.com\/Mayoristas\/wp-json\/wp\/v2\/product\/6293","targetHints":{"allow":["GET"]}}],"collection":[{"href":"https:\/\/sensacionarabe.com\/Mayoristas\/wp-json\/wp\/v2\/product"}],"about":[{"href":"https:\/\/sensacionarabe.com\/Mayoristas\/wp-json\/wp\/v2\/types\/product"}],"replies":[{"embeddable":true,"href":"https:\/\/sensacionarabe.com\/Mayoristas\/wp-json\/wp\/v2\/comments?post=6293"}],"version-history":[{"count":2,"href":"https:\/\/sensacionarabe.com\/Mayoristas\/wp-json\/wp\/v2\/product\/6293\/revisions"}],"predecessor-version":[{"id":6896,"href":"https:\/\/sensacionarabe.com\/Mayoristas\/wp-json\/wp\/v2\/product\/6293\/revisions\/6896"}],"wp:featuredmedia":[{"embeddable":true,"href":"https:\/\/sensacionarabe.com\/Mayoristas\/wp-json\/wp\/v2\/media\/6292"}],"wp:attachment":[{"href":"https:\/\/sensacionarabe.com\/Mayoristas\/wp-json\/wp\/v2\/media?parent=6293"}],"wp:term":[{"taxonomy":"product_brand","embeddable":true,"href":"https:\/\/sensacionarabe.com\/Mayoristas\/wp-json\/wp\/v2\/product_brand?post=6293"},{"taxonomy":"product_cat","embeddable":true,"href":"https:\/\/sensacionarabe.com\/Mayoristas\/wp-json\/wp\/v2\/product_cat?post=6293"},{"taxonomy":"product_tag","embeddable":true,"href":"https:\/\/sensacionarabe.com\/Mayoristas\/wp-json\/wp\/v2\/product_tag?post=6293"}],"curies":[{"name":"wp","href":"https:\/\/api.w.org\/{rel}","templated":true}]}}