{"id":6315,"date":"2024-10-17T21:00:53","date_gmt":"2024-10-17T19:00:53","guid":{"rendered":"https:\/\/sensacionarabe.com\/Mayoristas\/producto\/armaf-odyssey-tyrant-eau-de-parfum-para-hombre-100-ml\/"},"modified":"2026-01-31T10:23:42","modified_gmt":"2026-01-31T09:23:42","slug":"armaf-odyssey-tyrant-eau-de-parfum-para-hombre-100-ml","status":"publish","type":"product","link":"https:\/\/sensacionarabe.com\/Mayoristas\/producto\/armaf-odyssey-tyrant-eau-de-parfum-para-hombre-100-ml\/","title":{"rendered":"Armaf Odyssey Tyrant Eau de Parfum para hombre 100 ml"},"content":{"rendered":"<ul class=\"product-item-tabs__content tabs-content scrolling\" style=\"margin: 0px;padding: 4px 16px 4px 0px;border: 0px;vertical-align: baseline;font-size: 16px;width: calc(100% + 16px);line-height: 24px;max-height: 400px;overflow: auto;font-family: FixelText, sans-serif;font-style: normal;font-weight: 400;letter-spacing: normal;text-align: start;text-indent: 0px;text-transform: none;text-decoration: none\">\n<li style=\"margin: 0px;padding: 0px;border: 0px;vertical-align: baseline;font-size: 16px;list-style-type: none\"><strong style=\"margin: 0px;padding: 0px;border: 0px;vertical-align: baseline;font-size: 16px;font-weight: 600\">Marca:<\/strong><span class=\"Apple-converted-space\">&nbsp;<\/span>armaf<br \/>\n<strong style=\"margin: 0px;padding: 0px;border: 0px;vertical-align: baseline;font-size: 16px;font-weight: 600\">Serie:<\/strong><span class=\"Apple-converted-space\">&nbsp;<\/span>odyssey tyrant<br \/>\n<strong style=\"margin: 0px;padding: 0px;border: 0px;vertical-align: baseline;font-size: 16px;font-weight: 600\">Tipo de productos:<\/strong><span class=\"Apple-converted-space\">&nbsp;<\/span>eau de parfum<br \/>\n<strong style=\"margin: 0px;padding: 0px;border: 0px;vertical-align: baseline;font-size: 16px;font-weight: 600\">Clasificaci\u00f3n:<\/strong><span class=\"Apple-converted-space\">&nbsp;<\/span>mass market<br \/>\n<strong style=\"margin: 0px;padding: 0px;border: 0px;vertical-align: baseline;font-size: 16px;font-weight: 600\">Volumen:<\/strong><span class=\"Apple-converted-space\">&nbsp;<\/span>100 ml<br \/>\n<strong style=\"margin: 0px;padding: 0px;border: 0px;vertical-align: baseline;font-size: 16px;font-weight: 600\">Pa\u00eds de origen:<\/strong><span class=\"Apple-converted-space\">&nbsp;<\/span>Emiratos \u00c1rabes Unidos<br \/>\n<strong style=\"margin: 0px;padding: 0px;border: 0px;vertical-align: baseline;font-size: 16px;font-weight: 600\">Hecho en:<\/strong><span class=\"Apple-converted-space\">&nbsp;<\/span>Emiratos \u00c1rabes Unidos<br \/>\n<strong style=\"margin: 0px;padding: 0px;border: 0px;vertical-align: baseline;font-size: 16px;font-weight: 600\">Para qui\u00e9n:<\/strong><span class=\"Apple-converted-space\">&nbsp;<\/span>hombre<br \/>\n<strong style=\"margin: 0px;padding: 0px;border: 0px;vertical-align: baseline;font-size: 16px;font-weight: 600\">Familia olfativa:<\/strong><span class=\"Apple-converted-space\">&nbsp;<\/span>aromas, le\u00f1oso<br \/>\n<strong style=\"margin: 0px;padding: 0px;border: 0px;vertical-align: baseline;font-size: 16px;font-weight: 600\">Notas de salida:<\/strong><span class=\"Apple-converted-space\">&nbsp;<\/span>Acorde c\u00edtrico, Pomelo<br \/>\n<strong style=\"margin: 0px;padding: 0px;border: 0px;vertical-align: baseline;font-size: 16px;font-weight: 600\">Notas de coraz\u00f3n:<\/strong><span class=\"Apple-converted-space\">&nbsp;<\/span>Elemi, Geranio, Lavanda, Pimienta negra<br \/>\n<strong style=\"margin: 0px;padding: 0px;border: 0px;vertical-align: baseline;font-size: 16px;font-weight: 600\">Notas de fondo:<\/strong><span class=\"Apple-converted-space\">&nbsp;<\/span>Acorde amaderado, Ambroxan, Cedro, Vetiver<\/li>\n<\/ul>\n<ul class=\"product-item-tabs__content tabs-content scrolling\" style=\"margin: 0px;padding: 4px 16px 4px 0px;border: 0px;vertical-align: baseline;font-size: 16px;width: calc(100% + 16px);line-height: 24px;max-height: 400px;overflow: auto;font-family: FixelText, sans-serif;font-style: normal;font-weight: 400;letter-spacing: normal;text-align: start;text-indent: 0px;text-transform: none;text-decoration: none\">\n<li class=\"product-info__description\" style=\"margin: 0px;padding: 0px;border: 0px;vertical-align: baseline;font-size: 16px;list-style-type: none;line-height: 24px\">\n<p style=\"margin: 0px 0px 1em;padding: 0px;border: 0px;vertical-align: baseline;font-size: 16px\">Armaf Odyssey Tyrant Eau De PARFUM para Hombres 100 ML 3.4oz presenta una fragancia fresca y aguda que recuerda a los limones o naranjas, dise\u00f1ada para vigorizar tus sentidos y prepararte para la acci\u00f3n. Tambi\u00e9n presume de un dulce aroma a heno, c\u00e1lido como la vainilla, evocando recuerdos de hierba reci\u00e9n cortada o tabaco dulce para algunos. Esta deliciosa y atractiva fragancia seguramente complacer\u00e1, con sus notas dulces y florales que recuerdan a hermosas flores como el jazm\u00edn y el lirio de los valles. Algunos incluso pueden detectar matices polvorientos o jabonosos. Adem\u00e1s, sutiles notas amaderadas a\u00f1aden complejidad e intriga al aroma.<\/p>\n<\/li>\n<\/ul>\n","protected":false},"excerpt":{"rendered":"<p>Marca:&nbsp;armaf Serie:&nbsp;odyssey tyrant Tipo de productos:&nbsp;eau de parfum Clasificaci\u00f3n:&nbsp;mass market Volumen:&nbsp;100 ml Pa\u00eds de origen:&nbsp;Emiratos \u00c1rabes Unidos Hecho en:&nbsp;Emiratos \u00c1rabes Unidos Para qui\u00e9n:&nbsp;hombre Familia olfativa:&nbsp;aromas, le\u00f1oso Notas de salida:&nbsp;Acorde c\u00edtrico, Pomelo Notas de coraz\u00f3n:&nbsp;Elemi, Geranio, Lavanda, Pimienta negra Notas de fondo:&nbsp;Acorde amaderado, Ambroxan, Cedro, Vetiver Armaf Odyssey Tyrant Eau De PARFUM para Hombres 100 ML [&hellip;]<\/p>\n","protected":false},"featured_media":6314,"comment_status":"open","ping_status":"closed","template":"","meta":{"nf_dc_page":"","_uag_custom_page_level_css":"","site-sidebar-layout":"default","site-content-layout":"","ast-site-content-layout":"default","site-content-style":"default","site-sidebar-style":"default","ast-global-header-display":"","ast-banner-title-visibility":"","ast-main-header-display":"","ast-hfb-above-header-display":"","ast-hfb-below-header-display":"","ast-hfb-mobile-header-display":"","site-post-title":"","ast-breadcrumbs-content":"","ast-featured-img":"","footer-sml-layout":"","ast-disable-related-posts":"","theme-transparent-header-meta":"","adv-header-id-meta":"","stick-header-meta":"","header-above-stick-meta":"","header-main-stick-meta":"","header-below-stick-meta":"","astra-migrate-meta-layouts":"default","ast-page-background-enabled":"default","ast-page-background-meta":{"desktop":{"background-color":"","background-image":"","background-repeat":"repeat","background-position":"center center","background-size":"auto","background-attachment":"scroll","background-type":"","background-media":"","overlay-type":"","overlay-color":"","overlay-opacity":"","overlay-gradient":""},"tablet":{"background-color":"","background-image":"","background-repeat":"repeat","background-position":"center center","background-size":"auto","background-attachment":"scroll","background-type":"","background-media":"","overlay-type":"","overlay-color":"","overlay-opacity":"","overlay-gradient":""},"mobile":{"background-color":"","background-image":"","background-repeat":"repeat","background-position":"center center","background-size":"auto","background-attachment":"scroll","background-type":"","background-media":"","overlay-type":"","overlay-color":"","overlay-opacity":"","overlay-gradient":""}},"ast-content-background-meta":{"desktop":{"background-color":"var(--ast-global-color-5)","background-image":"","background-repeat":"repeat","background-position":"center center","background-size":"auto","background-attachment":"scroll","background-type":"","background-media":"","overlay-type":"","overlay-color":"","overlay-opacity":"","overlay-gradient":""},"tablet":{"background-color":"var(--ast-global-color-5)","background-image":"","background-repeat":"repeat","background-position":"center center","background-size":"auto","background-attachment":"scroll","background-type":"","background-media":"","overlay-type":"","overlay-color":"","overlay-opacity":"","overlay-gradient":""},"mobile":{"background-color":"var(--ast-global-color-5)","background-image":"","background-repeat":"repeat","background-position":"center center","background-size":"auto","background-attachment":"scroll","background-type":"","background-media":"","overlay-type":"","overlay-color":"","overlay-opacity":"","overlay-gradient":""}}},"product_brand":[],"product_cat":[40],"product_tag":[64],"class_list":{"0":"post-6315","1":"product","2":"type-product","3":"status-publish","4":"has-post-thumbnail","6":"product_cat-hombre","7":"product_tag-armaf","8":"desktop-align-left","9":"tablet-align-left","10":"mobile-align-left","12":"first","13":"instock","14":"featured","15":"taxable","16":"shipping-taxable","17":"purchasable","18":"product-type-simple"},"uagb_featured_image_src":{"full":["https:\/\/sensacionarabe.com\/Mayoristas\/wp-content\/uploads\/2024\/10\/img_3775.jpeg",1107,2400,false],"thumbnail":["https:\/\/sensacionarabe.com\/Mayoristas\/wp-content\/uploads\/2024\/10\/img_3775-150x150.jpeg",150,150,true],"medium":["https:\/\/sensacionarabe.com\/Mayoristas\/wp-content\/uploads\/2024\/10\/img_3775-138x300.jpeg",138,300,true],"medium_large":["https:\/\/sensacionarabe.com\/Mayoristas\/wp-content\/uploads\/2024\/10\/img_3775-768x1665.jpeg",768,1665,true],"large":["https:\/\/sensacionarabe.com\/Mayoristas\/wp-content\/uploads\/2024\/10\/img_3775-472x1024.jpeg",472,1024,true],"1536x1536":["https:\/\/sensacionarabe.com\/Mayoristas\/wp-content\/uploads\/2024\/10\/img_3775-708x1536.jpeg",708,1536,true],"2048x2048":["https:\/\/sensacionarabe.com\/Mayoristas\/wp-content\/uploads\/2024\/10\/img_3775-945x2048.jpeg",945,2048,true],"woocommerce_thumbnail":["https:\/\/sensacionarabe.com\/Mayoristas\/wp-content\/uploads\/2024\/10\/img_3775-300x300.jpeg",300,300,true],"woocommerce_single":["https:\/\/sensacionarabe.com\/Mayoristas\/wp-content\/uploads\/2024\/10\/img_3775-600x1301.jpeg",600,1301,true],"woocommerce_gallery_thumbnail":["https:\/\/sensacionarabe.com\/Mayoristas\/wp-content\/uploads\/2024\/10\/img_3775-100x100.jpeg",100,100,true],"variation_swatches_image_size":["https:\/\/sensacionarabe.com\/Mayoristas\/wp-content\/uploads\/2024\/10\/img_3775.jpeg",23,50,false],"variation_swatches_tooltip_size":["https:\/\/sensacionarabe.com\/Mayoristas\/wp-content\/uploads\/2024\/10\/img_3775.jpeg",46,100,false]},"uagb_author_info":{"display_name":"admin","author_link":"https:\/\/sensacionarabe.com\/Mayoristas\/author\/"},"uagb_comment_info":0,"uagb_excerpt":"Marca:&nbsp;armaf Serie:&nbsp;odyssey tyrant Tipo de productos:&nbsp;eau de parfum Clasificaci\u00f3n:&nbsp;mass market Volumen:&nbsp;100 ml Pa\u00eds de origen:&nbsp;Emiratos \u00c1rabes Unidos Hecho en:&nbsp;Emiratos \u00c1rabes Unidos Para qui\u00e9n:&nbsp;hombre Familia olfativa:&nbsp;aromas, le\u00f1oso Notas de salida:&nbsp;Acorde c\u00edtrico, Pomelo Notas de coraz\u00f3n:&nbsp;Elemi, Geranio, Lavanda, Pimienta negra Notas de fondo:&nbsp;Acorde amaderado, Ambroxan, Cedro, Vetiver Armaf Odyssey Tyrant Eau De PARFUM para Hombres 100 ML&hellip;","_links":{"self":[{"href":"https:\/\/sensacionarabe.com\/Mayoristas\/wp-json\/wp\/v2\/product\/6315","targetHints":{"allow":["GET"]}}],"collection":[{"href":"https:\/\/sensacionarabe.com\/Mayoristas\/wp-json\/wp\/v2\/product"}],"about":[{"href":"https:\/\/sensacionarabe.com\/Mayoristas\/wp-json\/wp\/v2\/types\/product"}],"replies":[{"embeddable":true,"href":"https:\/\/sensacionarabe.com\/Mayoristas\/wp-json\/wp\/v2\/comments?post=6315"}],"version-history":[{"count":1,"href":"https:\/\/sensacionarabe.com\/Mayoristas\/wp-json\/wp\/v2\/product\/6315\/revisions"}],"predecessor-version":[{"id":6316,"href":"https:\/\/sensacionarabe.com\/Mayoristas\/wp-json\/wp\/v2\/product\/6315\/revisions\/6316"}],"wp:featuredmedia":[{"embeddable":true,"href":"https:\/\/sensacionarabe.com\/Mayoristas\/wp-json\/wp\/v2\/media\/6314"}],"wp:attachment":[{"href":"https:\/\/sensacionarabe.com\/Mayoristas\/wp-json\/wp\/v2\/media?parent=6315"}],"wp:term":[{"taxonomy":"product_brand","embeddable":true,"href":"https:\/\/sensacionarabe.com\/Mayoristas\/wp-json\/wp\/v2\/product_brand?post=6315"},{"taxonomy":"product_cat","embeddable":true,"href":"https:\/\/sensacionarabe.com\/Mayoristas\/wp-json\/wp\/v2\/product_cat?post=6315"},{"taxonomy":"product_tag","embeddable":true,"href":"https:\/\/sensacionarabe.com\/Mayoristas\/wp-json\/wp\/v2\/product_tag?post=6315"}],"curies":[{"name":"wp","href":"https:\/\/api.w.org\/{rel}","templated":true}]}}