{"id":6319,"date":"2024-10-17T21:23:24","date_gmt":"2024-10-17T19:23:24","guid":{"rendered":"https:\/\/sensacionarabe.com\/Mayoristas\/producto\/armaf-odyssey-mega-eau-de-parfum-100ml-spray\/"},"modified":"2026-02-10T21:10:39","modified_gmt":"2026-02-10T20:10:39","slug":"armaf-odyssey-mega-eau-de-parfum-100ml-spray","status":"publish","type":"product","link":"https:\/\/sensacionarabe.com\/Mayoristas\/producto\/armaf-odyssey-mega-eau-de-parfum-100ml-spray\/","title":{"rendered":"Armaf Odyssey Mega Eau de Parfum 100ml Spray"},"content":{"rendered":"<p><span style=\"margin: 0px;padding: 0px;font-size: 10.5pt\">El Eau de parfum Armaf Odyssey Mega te permite disfrutar de su aroma durante mucho tiempo. Es una de las f\u00f3rmulas de perfume m\u00e1s concentradas ya que contiene entre un 10 % y un 20 % de aceites arom\u00e1ticos. Para una experiencia arom\u00e1tica a\u00fan m\u00e1s prolongada, combina tu Eau de parfum con los productos de cuidado de la piel Armaf Odyssey Mega.<\/span><\/p>\n<h3><span style=\"margin: 0px;padding: 0px;font-size: 11pt\">Notas de salida<\/span><\/h3>\n<p><span style=\"margin: 0px;padding: 0px;font-size: 10.5pt\">Bergamota, Lim\u00f3n, Naranja, Flor de jengibre<\/span><\/p>\n<h3><span style=\"margin: 0px;padding: 0px;font-size: 11pt\">Coraz\u00f3n<\/span><\/h3>\n<p><span style=\"margin: 0px;padding: 0px;font-size: 10.5pt\">Pi\u00f1a, Bayas rojas, Geranio, Bayas de enebro, Salvia<\/span><\/p>\n<h3><span style=\"margin: 0px;padding: 0px;font-size: 11pt\">Base<\/span><\/h3>\n<p><span style=\"margin: 0px;padding: 0px;font-size: 10.5pt\">Haba tonka, Cedro, Vetiver, Almizcle<\/span><\/p>\n","protected":false},"excerpt":{"rendered":"<p>El Eau de parfum Armaf Odyssey Mega te permite disfrutar de su aroma durante mucho tiempo. Es una de las f\u00f3rmulas de perfume m\u00e1s concentradas ya que contiene entre un 10 % y un 20 % de aceites arom\u00e1ticos. Para una experiencia arom\u00e1tica a\u00fan m\u00e1s prolongada, combina tu Eau de parfum con los productos de [&hellip;]<\/p>\n","protected":false},"featured_media":6318,"comment_status":"open","ping_status":"closed","template":"","meta":{"nf_dc_page":"","_uag_custom_page_level_css":"","site-sidebar-layout":"default","site-content-layout":"","ast-site-content-layout":"default","site-content-style":"default","site-sidebar-style":"default","ast-global-header-display":"","ast-banner-title-visibility":"","ast-main-header-display":"","ast-hfb-above-header-display":"","ast-hfb-below-header-display":"","ast-hfb-mobile-header-display":"","site-post-title":"","ast-breadcrumbs-content":"","ast-featured-img":"","footer-sml-layout":"","ast-disable-related-posts":"","theme-transparent-header-meta":"","adv-header-id-meta":"","stick-header-meta":"","header-above-stick-meta":"","header-main-stick-meta":"","header-below-stick-meta":"","astra-migrate-meta-layouts":"default","ast-page-background-enabled":"default","ast-page-background-meta":{"desktop":{"background-color":"","background-image":"","background-repeat":"repeat","background-position":"center center","background-size":"auto","background-attachment":"scroll","background-type":"","background-media":"","overlay-type":"","overlay-color":"","overlay-opacity":"","overlay-gradient":""},"tablet":{"background-color":"","background-image":"","background-repeat":"repeat","background-position":"center center","background-size":"auto","background-attachment":"scroll","background-type":"","background-media":"","overlay-type":"","overlay-color":"","overlay-opacity":"","overlay-gradient":""},"mobile":{"background-color":"","background-image":"","background-repeat":"repeat","background-position":"center center","background-size":"auto","background-attachment":"scroll","background-type":"","background-media":"","overlay-type":"","overlay-color":"","overlay-opacity":"","overlay-gradient":""}},"ast-content-background-meta":{"desktop":{"background-color":"var(--ast-global-color-5)","background-image":"","background-repeat":"repeat","background-position":"center center","background-size":"auto","background-attachment":"scroll","background-type":"","background-media":"","overlay-type":"","overlay-color":"","overlay-opacity":"","overlay-gradient":""},"tablet":{"background-color":"var(--ast-global-color-5)","background-image":"","background-repeat":"repeat","background-position":"center center","background-size":"auto","background-attachment":"scroll","background-type":"","background-media":"","overlay-type":"","overlay-color":"","overlay-opacity":"","overlay-gradient":""},"mobile":{"background-color":"var(--ast-global-color-5)","background-image":"","background-repeat":"repeat","background-position":"center center","background-size":"auto","background-attachment":"scroll","background-type":"","background-media":"","overlay-type":"","overlay-color":"","overlay-opacity":"","overlay-gradient":""}}},"product_brand":[],"product_cat":[40],"product_tag":[64],"class_list":{"0":"post-6319","1":"product","2":"type-product","3":"status-publish","4":"has-post-thumbnail","6":"product_cat-hombre","7":"product_tag-armaf","8":"desktop-align-left","9":"tablet-align-left","10":"mobile-align-left","12":"first","13":"instock","14":"taxable","15":"shipping-taxable","16":"purchasable","17":"product-type-simple"},"uagb_featured_image_src":{"full":["https:\/\/sensacionarabe.com\/Mayoristas\/wp-content\/uploads\/2024\/10\/img_3776.jpeg",651,651,false],"thumbnail":["https:\/\/sensacionarabe.com\/Mayoristas\/wp-content\/uploads\/2024\/10\/img_3776-150x150.jpeg",150,150,true],"medium":["https:\/\/sensacionarabe.com\/Mayoristas\/wp-content\/uploads\/2024\/10\/img_3776-300x300.jpeg",300,300,true],"medium_large":["https:\/\/sensacionarabe.com\/Mayoristas\/wp-content\/uploads\/2024\/10\/img_3776.jpeg",651,651,false],"large":["https:\/\/sensacionarabe.com\/Mayoristas\/wp-content\/uploads\/2024\/10\/img_3776.jpeg",651,651,false],"1536x1536":["https:\/\/sensacionarabe.com\/Mayoristas\/wp-content\/uploads\/2024\/10\/img_3776.jpeg",651,651,false],"2048x2048":["https:\/\/sensacionarabe.com\/Mayoristas\/wp-content\/uploads\/2024\/10\/img_3776.jpeg",651,651,false],"woocommerce_thumbnail":["https:\/\/sensacionarabe.com\/Mayoristas\/wp-content\/uploads\/2024\/10\/img_3776-300x300.jpeg",300,300,true],"woocommerce_single":["https:\/\/sensacionarabe.com\/Mayoristas\/wp-content\/uploads\/2024\/10\/img_3776-600x600.jpeg",600,600,true],"woocommerce_gallery_thumbnail":["https:\/\/sensacionarabe.com\/Mayoristas\/wp-content\/uploads\/2024\/10\/img_3776-100x100.jpeg",100,100,true],"variation_swatches_image_size":["https:\/\/sensacionarabe.com\/Mayoristas\/wp-content\/uploads\/2024\/10\/img_3776.jpeg",50,50,false],"variation_swatches_tooltip_size":["https:\/\/sensacionarabe.com\/Mayoristas\/wp-content\/uploads\/2024\/10\/img_3776.jpeg",100,100,false]},"uagb_author_info":{"display_name":"admin","author_link":"https:\/\/sensacionarabe.com\/Mayoristas\/author\/"},"uagb_comment_info":0,"uagb_excerpt":"El Eau de parfum Armaf Odyssey Mega te permite disfrutar de su aroma durante mucho tiempo. Es una de las f\u00f3rmulas de perfume m\u00e1s concentradas ya que contiene entre un 10 % y un 20 % de aceites arom\u00e1ticos. Para una experiencia arom\u00e1tica a\u00fan m\u00e1s prolongada, combina tu Eau de parfum con los productos de&hellip;","_links":{"self":[{"href":"https:\/\/sensacionarabe.com\/Mayoristas\/wp-json\/wp\/v2\/product\/6319","targetHints":{"allow":["GET"]}}],"collection":[{"href":"https:\/\/sensacionarabe.com\/Mayoristas\/wp-json\/wp\/v2\/product"}],"about":[{"href":"https:\/\/sensacionarabe.com\/Mayoristas\/wp-json\/wp\/v2\/types\/product"}],"replies":[{"embeddable":true,"href":"https:\/\/sensacionarabe.com\/Mayoristas\/wp-json\/wp\/v2\/comments?post=6319"}],"version-history":[{"count":1,"href":"https:\/\/sensacionarabe.com\/Mayoristas\/wp-json\/wp\/v2\/product\/6319\/revisions"}],"predecessor-version":[{"id":6320,"href":"https:\/\/sensacionarabe.com\/Mayoristas\/wp-json\/wp\/v2\/product\/6319\/revisions\/6320"}],"wp:featuredmedia":[{"embeddable":true,"href":"https:\/\/sensacionarabe.com\/Mayoristas\/wp-json\/wp\/v2\/media\/6318"}],"wp:attachment":[{"href":"https:\/\/sensacionarabe.com\/Mayoristas\/wp-json\/wp\/v2\/media?parent=6319"}],"wp:term":[{"taxonomy":"product_brand","embeddable":true,"href":"https:\/\/sensacionarabe.com\/Mayoristas\/wp-json\/wp\/v2\/product_brand?post=6319"},{"taxonomy":"product_cat","embeddable":true,"href":"https:\/\/sensacionarabe.com\/Mayoristas\/wp-json\/wp\/v2\/product_cat?post=6319"},{"taxonomy":"product_tag","embeddable":true,"href":"https:\/\/sensacionarabe.com\/Mayoristas\/wp-json\/wp\/v2\/product_tag?post=6319"}],"curies":[{"name":"wp","href":"https:\/\/api.w.org\/{rel}","templated":true}]}}