{"id":6332,"date":"2024-10-19T00:18:50","date_gmt":"2024-10-18T22:18:50","guid":{"rendered":"https:\/\/sensacionarabe.com\/Mayoristas\/producto\/maison-alhambra-perfume-galatea-eau-deparfum-100-ml\/"},"modified":"2025-05-24T21:43:54","modified_gmt":"2025-05-24T19:43:54","slug":"maison-alhambra-perfume-galatea-eau-deparfum-100-ml","status":"publish","type":"product","link":"https:\/\/sensacionarabe.com\/Mayoristas\/producto\/maison-alhambra-perfume-galatea-eau-deparfum-100-ml\/","title":{"rendered":"Maison Alhambra Perfume Galatea Eau de\nParfum 100 ml"},"content":{"rendered":"<ul class=\"product-item-tabs__content tabs-content scrolling\" style=\"margin: 0px;padding: 4px 16px 4px 0px;border: 0px;vertical-align: baseline;font-size: 16px;width: calc(100% + 16px);line-height: 24px;max-height: 400px;overflow: auto;font-family: FixelText, sans-serif;font-style: normal;font-weight: 400;letter-spacing: normal;text-align: start;text-indent: 0px;text-transform: none;text-decoration: none\">\n<li class=\"product-info__description\" style=\"margin: 0px;padding: 0px;border: 0px;vertical-align: baseline;font-size: 16px;list-style-type: none;line-height: 24px\">\n<p style=\"margin: 0px 0px 1em;padding: 0px;border: 0px;vertical-align: baseline;font-size: 16px\">Alhambra Galatea Eau de Parfum \u2013 una fragancia de cuero multifac\u00e9tica para hombres. La composici\u00f3n entrelaza elegantemente notas frescas frutales, deliciosas florales y puras herbales, cuya belleza se acent\u00faa con especias arom\u00e1ticas. La esencia de cuero en este perfume es ligera y suave, con un tono brillante y dulce a vainilla.<\/p>\n<\/li>\n<li class=\"product-info__description\" style=\"margin: 0px;padding: 0px;border: 0px;vertical-align: baseline;font-size: 16px;list-style-type: none;line-height: 24px\">\n<p style=\"margin: 0px 0px 1em;padding: 0px;border: 0px;vertical-align: baseline;font-size: 16px\"><strong style=\"margin: 0px;padding: 0px;border: 0px;vertical-align: baseline;font-size: 16px;font-weight: 600\">Nota de salida<\/strong><span class=\"Apple-converted-space\">&nbsp;<\/span>irrumpe con la frescura vigorizante del mate, la vegetaci\u00f3n, las frutas y el cipr\u00e9s, generosamente especiada con el c\u00e1lido aroma arom\u00e1tico del azafr\u00e1n y el tomillo.<\/p>\n<\/li>\n<li class=\"product-info__description\" style=\"margin: 0px;padding: 0px;border: 0px;vertical-align: baseline;font-size: 16px;list-style-type: none;line-height: 24px\">\n<p style=\"margin: 0px 0px 1em;padding: 0px;border: 0px;vertical-align: baseline;font-size: 16px\"><strong style=\"margin: 0px;padding: 0px;border: 0px;vertical-align: baseline;font-size: 16px;font-weight: 600\">Nota de coraz\u00f3n<\/strong><span class=\"Apple-converted-space\">&nbsp;<\/span>se despliega en un lujoso ramillete floral de rosa, iris y jazm\u00edn, creando un aroma rico, denso y dulce.<\/p>\n<\/li>\n<li class=\"product-info__description\" style=\"margin: 0px;padding: 0px;border: 0px;vertical-align: baseline;font-size: 16px;list-style-type: none;line-height: 24px\">\n<p style=\"margin: 0px 0px 1em;padding: 0px;border: 0px;vertical-align: baseline;font-size: 16px\"><strong style=\"margin: 0px;padding: 0px;border: 0px;vertical-align: baseline;font-size: 16px;font-weight: 600\">Nota de fondo<\/strong><span class=\"Apple-converted-space\">&nbsp;<\/span>concluye la composici\u00f3n con un distintivo acento de cuero animal\u00edstico, perfectamente complementado por los ricos acordes amaderados de \u00e1mbar, almizcle, vetiver, cedro y vainilla. La base deja un rastro sensual y duradero con un refinado tono empolvado.<\/p>\n<\/li>\n<\/ul>\n","protected":false},"excerpt":{"rendered":"<p>Alhambra Galatea Eau de Parfum \u2013 una fragancia de cuero multifac\u00e9tica para hombres. La composici\u00f3n entrelaza elegantemente notas frescas frutales, deliciosas florales y puras herbales, cuya belleza se acent\u00faa con especias arom\u00e1ticas. La esencia de cuero en este perfume es ligera y suave, con un tono brillante y dulce a vainilla. Nota de salida&nbsp;irrumpe con [&hellip;]<\/p>\n","protected":false},"featured_media":6334,"comment_status":"open","ping_status":"closed","template":"","meta":{"nf_dc_page":"","_uag_custom_page_level_css":"","site-sidebar-layout":"default","site-content-layout":"","ast-site-content-layout":"default","site-content-style":"default","site-sidebar-style":"default","ast-global-header-display":"","ast-banner-title-visibility":"","ast-main-header-display":"","ast-hfb-above-header-display":"","ast-hfb-below-header-display":"","ast-hfb-mobile-header-display":"","site-post-title":"","ast-breadcrumbs-content":"","ast-featured-img":"","footer-sml-layout":"","ast-disable-related-posts":"","theme-transparent-header-meta":"","adv-header-id-meta":"","stick-header-meta":"","header-above-stick-meta":"","header-main-stick-meta":"","header-below-stick-meta":"","astra-migrate-meta-layouts":"default","ast-page-background-enabled":"default","ast-page-background-meta":{"desktop":{"background-color":"","background-image":"","background-repeat":"repeat","background-position":"center center","background-size":"auto","background-attachment":"scroll","background-type":"","background-media":"","overlay-type":"","overlay-color":"","overlay-opacity":"","overlay-gradient":""},"tablet":{"background-color":"","background-image":"","background-repeat":"repeat","background-position":"center center","background-size":"auto","background-attachment":"scroll","background-type":"","background-media":"","overlay-type":"","overlay-color":"","overlay-opacity":"","overlay-gradient":""},"mobile":{"background-color":"","background-image":"","background-repeat":"repeat","background-position":"center center","background-size":"auto","background-attachment":"scroll","background-type":"","background-media":"","overlay-type":"","overlay-color":"","overlay-opacity":"","overlay-gradient":""}},"ast-content-background-meta":{"desktop":{"background-color":"var(--ast-global-color-5)","background-image":"","background-repeat":"repeat","background-position":"center center","background-size":"auto","background-attachment":"scroll","background-type":"","background-media":"","overlay-type":"","overlay-color":"","overlay-opacity":"","overlay-gradient":""},"tablet":{"background-color":"var(--ast-global-color-5)","background-image":"","background-repeat":"repeat","background-position":"center center","background-size":"auto","background-attachment":"scroll","background-type":"","background-media":"","overlay-type":"","overlay-color":"","overlay-opacity":"","overlay-gradient":""},"mobile":{"background-color":"var(--ast-global-color-5)","background-image":"","background-repeat":"repeat","background-position":"center center","background-size":"auto","background-attachment":"scroll","background-type":"","background-media":"","overlay-type":"","overlay-color":"","overlay-opacity":"","overlay-gradient":""}}},"product_brand":[],"product_cat":[40],"product_tag":[59],"class_list":{"0":"post-6332","1":"product","2":"type-product","3":"status-publish","4":"has-post-thumbnail","6":"product_cat-hombre","7":"product_tag-maison-alhambra","8":"desktop-align-left","9":"tablet-align-left","10":"mobile-align-left","12":"first","13":"instock","14":"taxable","15":"shipping-taxable","16":"purchasable","17":"product-type-simple"},"uagb_featured_image_src":{"full":["https:\/\/sensacionarabe.com\/Mayoristas\/wp-content\/uploads\/2024\/10\/img_3837.jpeg",1290,983,false],"thumbnail":["https:\/\/sensacionarabe.com\/Mayoristas\/wp-content\/uploads\/2024\/10\/img_3837-150x150.jpeg",150,150,true],"medium":["https:\/\/sensacionarabe.com\/Mayoristas\/wp-content\/uploads\/2024\/10\/img_3837-300x229.jpeg",300,229,true],"medium_large":["https:\/\/sensacionarabe.com\/Mayoristas\/wp-content\/uploads\/2024\/10\/img_3837-768x585.jpeg",768,585,true],"large":["https:\/\/sensacionarabe.com\/Mayoristas\/wp-content\/uploads\/2024\/10\/img_3837-1024x780.jpeg",1024,780,true],"1536x1536":["https:\/\/sensacionarabe.com\/Mayoristas\/wp-content\/uploads\/2024\/10\/img_3837.jpeg",1290,983,false],"2048x2048":["https:\/\/sensacionarabe.com\/Mayoristas\/wp-content\/uploads\/2024\/10\/img_3837.jpeg",1290,983,false],"woocommerce_thumbnail":["https:\/\/sensacionarabe.com\/Mayoristas\/wp-content\/uploads\/2024\/10\/img_3837-300x300.jpeg",300,300,true],"woocommerce_single":["https:\/\/sensacionarabe.com\/Mayoristas\/wp-content\/uploads\/2024\/10\/img_3837-600x457.jpeg",600,457,true],"woocommerce_gallery_thumbnail":["https:\/\/sensacionarabe.com\/Mayoristas\/wp-content\/uploads\/2024\/10\/img_3837-100x100.jpeg",100,100,true],"variation_swatches_image_size":["https:\/\/sensacionarabe.com\/Mayoristas\/wp-content\/uploads\/2024\/10\/img_3837.jpeg",50,38,false],"variation_swatches_tooltip_size":["https:\/\/sensacionarabe.com\/Mayoristas\/wp-content\/uploads\/2024\/10\/img_3837.jpeg",100,76,false]},"uagb_author_info":{"display_name":"admin","author_link":"https:\/\/sensacionarabe.com\/Mayoristas\/author\/"},"uagb_comment_info":0,"uagb_excerpt":"Alhambra Galatea Eau de Parfum \u2013 una fragancia de cuero multifac\u00e9tica para hombres. La composici\u00f3n entrelaza elegantemente notas frescas frutales, deliciosas florales y puras herbales, cuya belleza se acent\u00faa con especias arom\u00e1ticas. La esencia de cuero en este perfume es ligera y suave, con un tono brillante y dulce a vainilla. Nota de salida&nbsp;irrumpe con&hellip;","_links":{"self":[{"href":"https:\/\/sensacionarabe.com\/Mayoristas\/wp-json\/wp\/v2\/product\/6332","targetHints":{"allow":["GET"]}}],"collection":[{"href":"https:\/\/sensacionarabe.com\/Mayoristas\/wp-json\/wp\/v2\/product"}],"about":[{"href":"https:\/\/sensacionarabe.com\/Mayoristas\/wp-json\/wp\/v2\/types\/product"}],"replies":[{"embeddable":true,"href":"https:\/\/sensacionarabe.com\/Mayoristas\/wp-json\/wp\/v2\/comments?post=6332"}],"version-history":[{"count":1,"href":"https:\/\/sensacionarabe.com\/Mayoristas\/wp-json\/wp\/v2\/product\/6332\/revisions"}],"predecessor-version":[{"id":6335,"href":"https:\/\/sensacionarabe.com\/Mayoristas\/wp-json\/wp\/v2\/product\/6332\/revisions\/6335"}],"wp:featuredmedia":[{"embeddable":true,"href":"https:\/\/sensacionarabe.com\/Mayoristas\/wp-json\/wp\/v2\/media\/6334"}],"wp:attachment":[{"href":"https:\/\/sensacionarabe.com\/Mayoristas\/wp-json\/wp\/v2\/media?parent=6332"}],"wp:term":[{"taxonomy":"product_brand","embeddable":true,"href":"https:\/\/sensacionarabe.com\/Mayoristas\/wp-json\/wp\/v2\/product_brand?post=6332"},{"taxonomy":"product_cat","embeddable":true,"href":"https:\/\/sensacionarabe.com\/Mayoristas\/wp-json\/wp\/v2\/product_cat?post=6332"},{"taxonomy":"product_tag","embeddable":true,"href":"https:\/\/sensacionarabe.com\/Mayoristas\/wp-json\/wp\/v2\/product_tag?post=6332"}],"curies":[{"name":"wp","href":"https:\/\/api.w.org\/{rel}","templated":true}]}}