{"id":6385,"date":"2024-10-21T12:49:10","date_gmt":"2024-10-21T10:49:10","guid":{"rendered":"https:\/\/sensacionarabe.com\/Mayoristas\/producto\/maison-alhambra-perfume-kaloseau-de-parfum-100ml\/"},"modified":"2025-11-26T11:47:45","modified_gmt":"2025-11-26T10:47:45","slug":"maison-alhambra-perfume-kaloseau-de-parfum-100ml","status":"publish","type":"product","link":"https:\/\/sensacionarabe.com\/Mayoristas\/producto\/maison-alhambra-perfume-kaloseau-de-parfum-100ml\/","title":{"rendered":"Maison Alhambra Perfume Kalos\nEau de Parfum 100ml"},"content":{"rendered":"<p><span style=\"font-family: Montserrat, sans-serif;font-size: 12px;font-style: normal;font-weight: 400;letter-spacing: normal;text-align: left;text-indent: 0px;text-transform: none;text-decoration: none;float: none\">Una fragancia que te transporta a un mundo de romance y pasi\u00f3n. Su aroma es una mezcla de notas c\u00edtricas y amaderadas que te envuelven en una sensaci\u00f3n de frescura y elegancia.<\/span><\/p>\n<p><span style=\"font-family: Montserrat, sans-serif;font-size: 12px;font-style: normal;font-weight: 400;letter-spacing: normal;text-align: left;text-indent: 0px;text-transform: none;text-decoration: none;float: none\">Desde el primer momento en que lo aplicas, sentir\u00e1s c\u00f3mo su aroma te envuelve en una nube de sensualidad y sofisticaci\u00f3n. Las notas de salida de bergamota y lim\u00f3n te sorprender\u00e1n con su frescura y vitalidad, mientras que las notas de coraz\u00f3n de jazm\u00edn y rosa te envolver\u00e1n en un aura de romance y pasi\u00f3n.<\/span><\/p>\n<p><span style=\"font-family: Montserrat, sans-serif;font-size: 12px;font-style: normal;font-weight: 400;letter-spacing: normal;text-align: left;text-indent: 0px;text-transform: none;text-decoration: none;float: none\">Pero es en las notas de fondo donde revela su verdadera esencia. Las notas de s\u00e1ndalo y cedro te transportar\u00e1n a un mundo de misterio y seducci\u00f3n, mientras que las notas de vainilla y \u00e1mbar te envolver\u00e1n en una sensaci\u00f3n de calidez y confort.<\/span><\/p>\n<p><span style=\"font-family: Montserrat, sans-serif;font-size: 12px;font-style: normal;font-weight: 400;letter-spacing: normal;text-align: left;text-indent: 0px;text-transform: none;text-decoration: none;float: none\">En definitiva, Perfume Kalos es una fragancia que te har\u00e1 sentir especial y \u00fanico.<\/span><\/p>\n<p><span style=\"font-family: Montserrat, sans-serif;font-size: 12px;font-style: normal;font-weight: 400;letter-spacing: normal;text-align: left;text-indent: 0px;text-transform: none;text-decoration: none;float: none\">Notas de salida: especias, naranja roja, pimienta negra;<\/span><\/p>\n<p><span style=\"font-family: Montserrat, sans-serif;font-size: 12px;font-style: normal;font-weight: 400;letter-spacing: normal;text-align: left;text-indent: 0px;text-transform: none;text-decoration: none;float: none\">Notas de coraz\u00f3n: absoluto flor de naranja, lavanda, \u00e1rbol de cachemira;<\/span><\/p>\n<p><span style=\"font-family: Montserrat, sans-serif;font-size: 12px;font-style: normal;font-weight: 400;letter-spacing: normal;text-align: left;text-indent: 0px;text-transform: none;text-decoration: none;float: none\">Notas de fondo: ambroxan, cashmeran, especies arb\u00f3reas nobles, granos tonca, musgo, pachul\u00ed, s\u00e1ndalo blanco, \u00e1mbar.<\/span><\/p>\n","protected":false},"excerpt":{"rendered":"<p>Una fragancia que te transporta a un mundo de romance y pasi\u00f3n. Su aroma es una mezcla de notas c\u00edtricas y amaderadas que te envuelven en una sensaci\u00f3n de frescura y elegancia. Desde el primer momento en que lo aplicas, sentir\u00e1s c\u00f3mo su aroma te envuelve en una nube de sensualidad y sofisticaci\u00f3n. Las notas [&hellip;]<\/p>\n","protected":false},"featured_media":6384,"comment_status":"open","ping_status":"closed","template":"","meta":{"nf_dc_page":"","_uag_custom_page_level_css":"","site-sidebar-layout":"default","site-content-layout":"","ast-site-content-layout":"default","site-content-style":"default","site-sidebar-style":"default","ast-global-header-display":"","ast-banner-title-visibility":"","ast-main-header-display":"","ast-hfb-above-header-display":"","ast-hfb-below-header-display":"","ast-hfb-mobile-header-display":"","site-post-title":"","ast-breadcrumbs-content":"","ast-featured-img":"","footer-sml-layout":"","ast-disable-related-posts":"","theme-transparent-header-meta":"","adv-header-id-meta":"","stick-header-meta":"","header-above-stick-meta":"","header-main-stick-meta":"","header-below-stick-meta":"","astra-migrate-meta-layouts":"default","ast-page-background-enabled":"default","ast-page-background-meta":{"desktop":{"background-color":"","background-image":"","background-repeat":"repeat","background-position":"center center","background-size":"auto","background-attachment":"scroll","background-type":"","background-media":"","overlay-type":"","overlay-color":"","overlay-opacity":"","overlay-gradient":""},"tablet":{"background-color":"","background-image":"","background-repeat":"repeat","background-position":"center center","background-size":"auto","background-attachment":"scroll","background-type":"","background-media":"","overlay-type":"","overlay-color":"","overlay-opacity":"","overlay-gradient":""},"mobile":{"background-color":"","background-image":"","background-repeat":"repeat","background-position":"center center","background-size":"auto","background-attachment":"scroll","background-type":"","background-media":"","overlay-type":"","overlay-color":"","overlay-opacity":"","overlay-gradient":""}},"ast-content-background-meta":{"desktop":{"background-color":"var(--ast-global-color-5)","background-image":"","background-repeat":"repeat","background-position":"center center","background-size":"auto","background-attachment":"scroll","background-type":"","background-media":"","overlay-type":"","overlay-color":"","overlay-opacity":"","overlay-gradient":""},"tablet":{"background-color":"var(--ast-global-color-5)","background-image":"","background-repeat":"repeat","background-position":"center center","background-size":"auto","background-attachment":"scroll","background-type":"","background-media":"","overlay-type":"","overlay-color":"","overlay-opacity":"","overlay-gradient":""},"mobile":{"background-color":"var(--ast-global-color-5)","background-image":"","background-repeat":"repeat","background-position":"center center","background-size":"auto","background-attachment":"scroll","background-type":"","background-media":"","overlay-type":"","overlay-color":"","overlay-opacity":"","overlay-gradient":""}}},"product_brand":[],"product_cat":[40],"product_tag":[59],"class_list":{"0":"post-6385","1":"product","2":"type-product","3":"status-publish","4":"has-post-thumbnail","6":"product_cat-hombre","7":"product_tag-maison-alhambra","8":"desktop-align-left","9":"tablet-align-left","10":"mobile-align-left","12":"first","13":"instock","14":"sale","15":"taxable","16":"shipping-taxable","17":"purchasable","18":"product-type-simple"},"uagb_featured_image_src":{"full":["https:\/\/sensacionarabe.com\/Mayoristas\/wp-content\/uploads\/2024\/10\/img_3899.jpeg",800,800,false],"thumbnail":["https:\/\/sensacionarabe.com\/Mayoristas\/wp-content\/uploads\/2024\/10\/img_3899-150x150.jpeg",150,150,true],"medium":["https:\/\/sensacionarabe.com\/Mayoristas\/wp-content\/uploads\/2024\/10\/img_3899-300x300.jpeg",300,300,true],"medium_large":["https:\/\/sensacionarabe.com\/Mayoristas\/wp-content\/uploads\/2024\/10\/img_3899-768x768.jpeg",768,768,true],"large":["https:\/\/sensacionarabe.com\/Mayoristas\/wp-content\/uploads\/2024\/10\/img_3899.jpeg",800,800,false],"1536x1536":["https:\/\/sensacionarabe.com\/Mayoristas\/wp-content\/uploads\/2024\/10\/img_3899.jpeg",800,800,false],"2048x2048":["https:\/\/sensacionarabe.com\/Mayoristas\/wp-content\/uploads\/2024\/10\/img_3899.jpeg",800,800,false],"woocommerce_thumbnail":["https:\/\/sensacionarabe.com\/Mayoristas\/wp-content\/uploads\/2024\/10\/img_3899-300x300.jpeg",300,300,true],"woocommerce_single":["https:\/\/sensacionarabe.com\/Mayoristas\/wp-content\/uploads\/2024\/10\/img_3899-600x600.jpeg",600,600,true],"woocommerce_gallery_thumbnail":["https:\/\/sensacionarabe.com\/Mayoristas\/wp-content\/uploads\/2024\/10\/img_3899-100x100.jpeg",100,100,true],"variation_swatches_image_size":["https:\/\/sensacionarabe.com\/Mayoristas\/wp-content\/uploads\/2024\/10\/img_3899.jpeg",50,50,false],"variation_swatches_tooltip_size":["https:\/\/sensacionarabe.com\/Mayoristas\/wp-content\/uploads\/2024\/10\/img_3899.jpeg",100,100,false]},"uagb_author_info":{"display_name":"admin","author_link":"https:\/\/sensacionarabe.com\/Mayoristas\/author\/"},"uagb_comment_info":0,"uagb_excerpt":"Una fragancia que te transporta a un mundo de romance y pasi\u00f3n. Su aroma es una mezcla de notas c\u00edtricas y amaderadas que te envuelven en una sensaci\u00f3n de frescura y elegancia. Desde el primer momento en que lo aplicas, sentir\u00e1s c\u00f3mo su aroma te envuelve en una nube de sensualidad y sofisticaci\u00f3n. Las notas&hellip;","_links":{"self":[{"href":"https:\/\/sensacionarabe.com\/Mayoristas\/wp-json\/wp\/v2\/product\/6385","targetHints":{"allow":["GET"]}}],"collection":[{"href":"https:\/\/sensacionarabe.com\/Mayoristas\/wp-json\/wp\/v2\/product"}],"about":[{"href":"https:\/\/sensacionarabe.com\/Mayoristas\/wp-json\/wp\/v2\/types\/product"}],"replies":[{"embeddable":true,"href":"https:\/\/sensacionarabe.com\/Mayoristas\/wp-json\/wp\/v2\/comments?post=6385"}],"version-history":[{"count":0,"href":"https:\/\/sensacionarabe.com\/Mayoristas\/wp-json\/wp\/v2\/product\/6385\/revisions"}],"wp:featuredmedia":[{"embeddable":true,"href":"https:\/\/sensacionarabe.com\/Mayoristas\/wp-json\/wp\/v2\/media\/6384"}],"wp:attachment":[{"href":"https:\/\/sensacionarabe.com\/Mayoristas\/wp-json\/wp\/v2\/media?parent=6385"}],"wp:term":[{"taxonomy":"product_brand","embeddable":true,"href":"https:\/\/sensacionarabe.com\/Mayoristas\/wp-json\/wp\/v2\/product_brand?post=6385"},{"taxonomy":"product_cat","embeddable":true,"href":"https:\/\/sensacionarabe.com\/Mayoristas\/wp-json\/wp\/v2\/product_cat?post=6385"},{"taxonomy":"product_tag","embeddable":true,"href":"https:\/\/sensacionarabe.com\/Mayoristas\/wp-json\/wp\/v2\/product_tag?post=6385"}],"curies":[{"name":"wp","href":"https:\/\/api.w.org\/{rel}","templated":true}]}}