{"id":6452,"date":"2024-11-11T20:01:06","date_gmt":"2024-11-11T19:01:06","guid":{"rendered":"https:\/\/sensacionarabe.com\/Mayoristas\/producto\/hareem-al-sultan-silver-de-khadlaj-perfumes\/"},"modified":"2026-02-01T18:26:18","modified_gmt":"2026-02-01T17:26:18","slug":"hareem-al-sultan-silver-de-khadlaj-perfumes","status":"publish","type":"product","link":"https:\/\/sensacionarabe.com\/Mayoristas\/producto\/hareem-al-sultan-silver-de-khadlaj-perfumes\/","title":{"rendered":"khadlaj Hareem Al Sultan rosa 35ml"},"content":{"rendered":"<p style=\"margin: 0px;font-weight: 400;font-family: FuturaNewBook;font-size: 14px;font-style: normal;letter-spacing: 0.3px;text-align: start;text-indent: 0px;text-transform: none;text-decoration: none\">D\u00e9jate seducir por la m\u00edstica y la opulencia del<span class=\"Apple-converted-space\">&nbsp;<\/span><strong style=\"font-weight: bolder\">Hareem Al Sultan Silver<\/strong>, un aceite de perfume concentrado que cautiva los sentidos. Esta fragancia de Khadlaj, inspirada en los misteriosos aromas del har\u00e9n otomano, te transportar\u00e1 a un mundo de ex\u00f3tica sensualidad.<\/p>\n<p style=\"margin: 0px;font-weight: 400;font-family: FuturaNewBook;font-size: 14px;font-style: normal;letter-spacing: 0.3px;text-align: start;text-indent: 0px;text-transform: none;text-decoration: none\">La primera impresi\u00f3n es un choque de sensaciones, donde se funden la frescura de la bergamota, la dulzura de la rosa y la intensidad del almizcle blanco. Es una apertura cautivadora que despierta la curiosidad y promete un viaje olfativo lleno de misterio.<\/p>\n<p style=\"margin: 0px;font-weight: 400;font-family: FuturaNewBook;font-size: 14px;font-style: normal;letter-spacing: 0.3px;text-align: start;text-indent: 0px;text-transform: none;text-decoration: none\">A medida que la fragancia evoluciona, las notas medias revelan un equilibrio fascinante entre el toque herb\u00e1ceo del romero y la suavidad floral del ylang-ylang. Esta mezcla envolvente crea una sensaci\u00f3n de intimidad y seducci\u00f3n.<\/p>\n<p style=\"margin: 0px;font-weight: 400;font-family: FuturaNewBook;font-size: 14px;font-style: normal;letter-spacing: 0.3px;text-align: start;text-indent: 0px;text-transform: none;text-decoration: none\">Finalmente, las notas de base de s\u00e1ndalo, \u00e1mbar e incienso aportan una base c\u00e1lida y envolven te, como si fueran las cortinas de seda de un har\u00e9n. El aroma se cierra con una estela cautivadora y perdurable, evocando la sensualidad y la opulencia de un pasado ex\u00f3tico.<\/p>\n<p style=\"margin: 0px;font-weight: 400;font-family: FuturaNewBook;font-size: 14px;font-style: normal;letter-spacing: 0.3px;text-align: start;text-indent: 0px;text-transform: none;text-decoration: none\">Esta formulaci\u00f3n de alta concentraci\u00f3n en aceites garantiza una experiencia fragante duradera, incluso en la piel m\u00e1s sensible, al tiempo que evita el uso de alcohol. Aplica el<span class=\"Apple-converted-space\">&nbsp;<\/span><strong style=\"font-weight: bolder\">Hareem Al Sultan Silver<\/strong><span class=\"Apple-converted-space\">&nbsp;<\/span>en tu piel o en tu cabello y d\u00e9jate seducir por este misterioso elixir oriental.<\/p>\n","protected":false},"excerpt":{"rendered":"<p>D\u00e9jate seducir por la m\u00edstica y la opulencia del&nbsp;Hareem Al Sultan Silver, un aceite de perfume concentrado que cautiva los sentidos. Esta fragancia de Khadlaj, inspirada en los misteriosos aromas del har\u00e9n otomano, te transportar\u00e1 a un mundo de ex\u00f3tica sensualidad. La primera impresi\u00f3n es un choque de sensaciones, donde se funden la frescura de [&hellip;]<\/p>\n","protected":false},"featured_media":6451,"comment_status":"open","ping_status":"closed","template":"","meta":{"nf_dc_page":"","_uag_custom_page_level_css":"","site-sidebar-layout":"default","site-content-layout":"","ast-site-content-layout":"default","site-content-style":"default","site-sidebar-style":"default","ast-global-header-display":"","ast-banner-title-visibility":"","ast-main-header-display":"","ast-hfb-above-header-display":"","ast-hfb-below-header-display":"","ast-hfb-mobile-header-display":"","site-post-title":"","ast-breadcrumbs-content":"","ast-featured-img":"","footer-sml-layout":"","ast-disable-related-posts":"","theme-transparent-header-meta":"","adv-header-id-meta":"","stick-header-meta":"","header-above-stick-meta":"","header-main-stick-meta":"","header-below-stick-meta":"","astra-migrate-meta-layouts":"default","ast-page-background-enabled":"default","ast-page-background-meta":{"desktop":{"background-color":"","background-image":"","background-repeat":"repeat","background-position":"center center","background-size":"auto","background-attachment":"scroll","background-type":"","background-media":"","overlay-type":"","overlay-color":"","overlay-opacity":"","overlay-gradient":""},"tablet":{"background-color":"","background-image":"","background-repeat":"repeat","background-position":"center center","background-size":"auto","background-attachment":"scroll","background-type":"","background-media":"","overlay-type":"","overlay-color":"","overlay-opacity":"","overlay-gradient":""},"mobile":{"background-color":"","background-image":"","background-repeat":"repeat","background-position":"center center","background-size":"auto","background-attachment":"scroll","background-type":"","background-media":"","overlay-type":"","overlay-color":"","overlay-opacity":"","overlay-gradient":""}},"ast-content-background-meta":{"desktop":{"background-color":"var(--ast-global-color-5)","background-image":"","background-repeat":"repeat","background-position":"center center","background-size":"auto","background-attachment":"scroll","background-type":"","background-media":"","overlay-type":"","overlay-color":"","overlay-opacity":"","overlay-gradient":""},"tablet":{"background-color":"var(--ast-global-color-5)","background-image":"","background-repeat":"repeat","background-position":"center center","background-size":"auto","background-attachment":"scroll","background-type":"","background-media":"","overlay-type":"","overlay-color":"","overlay-opacity":"","overlay-gradient":""},"mobile":{"background-color":"var(--ast-global-color-5)","background-image":"","background-repeat":"repeat","background-position":"center center","background-size":"auto","background-attachment":"scroll","background-type":"","background-media":"","overlay-type":"","overlay-color":"","overlay-opacity":"","overlay-gradient":""}}},"product_brand":[],"product_cat":[49],"product_tag":[],"class_list":{"0":"post-6452","1":"product","2":"type-product","3":"status-publish","4":"has-post-thumbnail","6":"product_cat-mujer","7":"desktop-align-left","8":"tablet-align-left","9":"mobile-align-left","11":"first","12":"instock","13":"taxable","14":"shipping-taxable","15":"purchasable","16":"product-type-simple"},"uagb_featured_image_src":{"full":["https:\/\/sensacionarabe.com\/Mayoristas\/wp-content\/uploads\/2024\/11\/img_5089.jpeg",1080,1920,false],"thumbnail":["https:\/\/sensacionarabe.com\/Mayoristas\/wp-content\/uploads\/2024\/11\/img_5089-150x150.jpeg",150,150,true],"medium":["https:\/\/sensacionarabe.com\/Mayoristas\/wp-content\/uploads\/2024\/11\/img_5089-169x300.jpeg",169,300,true],"medium_large":["https:\/\/sensacionarabe.com\/Mayoristas\/wp-content\/uploads\/2024\/11\/img_5089-768x1365.jpeg",768,1365,true],"large":["https:\/\/sensacionarabe.com\/Mayoristas\/wp-content\/uploads\/2024\/11\/img_5089-576x1024.jpeg",576,1024,true],"1536x1536":["https:\/\/sensacionarabe.com\/Mayoristas\/wp-content\/uploads\/2024\/11\/img_5089-864x1536.jpeg",864,1536,true],"2048x2048":["https:\/\/sensacionarabe.com\/Mayoristas\/wp-content\/uploads\/2024\/11\/img_5089.jpeg",1080,1920,false],"woocommerce_thumbnail":["https:\/\/sensacionarabe.com\/Mayoristas\/wp-content\/uploads\/2024\/11\/img_5089-300x300.jpeg",300,300,true],"woocommerce_single":["https:\/\/sensacionarabe.com\/Mayoristas\/wp-content\/uploads\/2024\/11\/img_5089-600x1067.jpeg",600,1067,true],"woocommerce_gallery_thumbnail":["https:\/\/sensacionarabe.com\/Mayoristas\/wp-content\/uploads\/2024\/11\/img_5089-100x100.jpeg",100,100,true],"variation_swatches_image_size":["https:\/\/sensacionarabe.com\/Mayoristas\/wp-content\/uploads\/2024\/11\/img_5089.jpeg",28,50,false],"variation_swatches_tooltip_size":["https:\/\/sensacionarabe.com\/Mayoristas\/wp-content\/uploads\/2024\/11\/img_5089.jpeg",56,100,false]},"uagb_author_info":{"display_name":"admin","author_link":"https:\/\/sensacionarabe.com\/Mayoristas\/author\/"},"uagb_comment_info":0,"uagb_excerpt":"D\u00e9jate seducir por la m\u00edstica y la opulencia del&nbsp;Hareem Al Sultan Silver, un aceite de perfume concentrado que cautiva los sentidos. Esta fragancia de Khadlaj, inspirada en los misteriosos aromas del har\u00e9n otomano, te transportar\u00e1 a un mundo de ex\u00f3tica sensualidad. La primera impresi\u00f3n es un choque de sensaciones, donde se funden la frescura de&hellip;","_links":{"self":[{"href":"https:\/\/sensacionarabe.com\/Mayoristas\/wp-json\/wp\/v2\/product\/6452","targetHints":{"allow":["GET"]}}],"collection":[{"href":"https:\/\/sensacionarabe.com\/Mayoristas\/wp-json\/wp\/v2\/product"}],"about":[{"href":"https:\/\/sensacionarabe.com\/Mayoristas\/wp-json\/wp\/v2\/types\/product"}],"replies":[{"embeddable":true,"href":"https:\/\/sensacionarabe.com\/Mayoristas\/wp-json\/wp\/v2\/comments?post=6452"}],"version-history":[{"count":2,"href":"https:\/\/sensacionarabe.com\/Mayoristas\/wp-json\/wp\/v2\/product\/6452\/revisions"}],"predecessor-version":[{"id":6884,"href":"https:\/\/sensacionarabe.com\/Mayoristas\/wp-json\/wp\/v2\/product\/6452\/revisions\/6884"}],"wp:featuredmedia":[{"embeddable":true,"href":"https:\/\/sensacionarabe.com\/Mayoristas\/wp-json\/wp\/v2\/media\/6451"}],"wp:attachment":[{"href":"https:\/\/sensacionarabe.com\/Mayoristas\/wp-json\/wp\/v2\/media?parent=6452"}],"wp:term":[{"taxonomy":"product_brand","embeddable":true,"href":"https:\/\/sensacionarabe.com\/Mayoristas\/wp-json\/wp\/v2\/product_brand?post=6452"},{"taxonomy":"product_cat","embeddable":true,"href":"https:\/\/sensacionarabe.com\/Mayoristas\/wp-json\/wp\/v2\/product_cat?post=6452"},{"taxonomy":"product_tag","embeddable":true,"href":"https:\/\/sensacionarabe.com\/Mayoristas\/wp-json\/wp\/v2\/product_tag?post=6452"}],"curies":[{"name":"wp","href":"https:\/\/api.w.org\/{rel}","templated":true}]}}