{"id":6464,"date":"2024-11-11T23:35:04","date_gmt":"2024-11-11T22:35:04","guid":{"rendered":"https:\/\/sensacionarabe.com\/Mayoristas\/producto\/pisa-lattafa-perfume-hombre-100ml\/"},"modified":"2025-12-19T20:49:49","modified_gmt":"2025-12-19T19:49:49","slug":"pisa-lattafa-perfume-hombre-100ml","status":"publish","type":"product","link":"https:\/\/sensacionarabe.com\/Mayoristas\/producto\/pisa-lattafa-perfume-hombre-100ml\/","title":{"rendered":"Lattafa pisa Eau de perfum 100ml"},"content":{"rendered":"<p style=\"margin-top: 0px;font-family: Assistant, sans-serif;font-size: 15px;font-style: normal;font-weight: 400;letter-spacing: 0.6px;text-align: start;text-indent: 0px;text-transform: none;text-decoration: none\">\ud83c\udf1f\u2728<span class=\"Apple-converted-space\">&nbsp;<\/span><strong>Pisa<\/strong><span class=\"Apple-converted-space\">&nbsp;<\/span>de<span class=\"Apple-converted-space\">&nbsp;<\/span><strong>Lattafa Pride<\/strong><span class=\"Apple-converted-space\">&nbsp;<\/span>es una fragancia masculina dise\u00f1ada para destacar por su frescura y elegancia, siendo un dupe del ic\u00f3nico<span class=\"Apple-converted-space\">&nbsp;<\/span><strong>Le Gemme Tygar de Bvlgari<\/strong>. Lanzada en 2024, esta fragancia es una mezcla perfectamente equilibrada de notas c\u00edtricas, especiadas y amaderadas, evocando tambi\u00e9n la esencia vibrante de<span class=\"Apple-converted-space\">&nbsp;<\/span><strong>Afternoon Swim<\/strong>de Louis Vuitton.<\/p>\n<p style=\"font-family: Assistant, sans-serif;font-size: 15px;font-style: normal;font-weight: 400;letter-spacing: 0.6px;text-align: start;text-indent: 0px;text-transform: none;text-decoration: none\">\ud83c\udf4b<span class=\"Apple-converted-space\">&nbsp;<\/span><strong>Nota alta:<\/strong><span class=\"Apple-converted-space\">&nbsp;<\/span>La fragancia se abre con una explosi\u00f3n refrescante de<span class=\"Apple-converted-space\">&nbsp;<\/span><strong>c\u00edtricos<\/strong>, que despierta los sentidos y ofrece una sensaci\u00f3n energizante.<\/p>\n<p style=\"font-family: Assistant, sans-serif;font-size: 15px;font-style: normal;font-weight: 400;letter-spacing: 0.6px;text-align: start;text-indent: 0px;text-transform: none;text-decoration: none\">\ud83c\udf3f<span class=\"Apple-converted-space\">&nbsp;<\/span><strong>Notas medias:<\/strong><span class=\"Apple-converted-space\">&nbsp;<\/span>En su coraz\u00f3n, el c\u00e1lido acorde de<span class=\"Apple-converted-space\">&nbsp;<\/span><strong>\u00e1mbar<\/strong><span class=\"Apple-converted-space\">&nbsp;<\/span>y las<span class=\"Apple-converted-space\">&nbsp;<\/span><strong>notas amaderadas<\/strong><span class=\"Apple-converted-space\">&nbsp;<\/span>aportan un toque de sofisticaci\u00f3n y profundidad.<\/p>\n<p style=\"font-family: Assistant, sans-serif;font-size: 15px;font-style: normal;font-weight: 400;letter-spacing: 0.6px;text-align: start;text-indent: 0px;text-transform: none;text-decoration: none\">\ud83d\udda4<span class=\"Apple-converted-space\">&nbsp;<\/span><strong>Notas de fondo:<\/strong><span class=\"Apple-converted-space\">&nbsp;<\/span>La fragancia culmina con una base seductora de<span class=\"Apple-converted-space\">&nbsp;<\/span><strong>almizcle<\/strong>,<span class=\"Apple-converted-space\">&nbsp;<\/span><strong>pachul\u00ed<\/strong><span class=\"Apple-converted-space\">&nbsp;<\/span>y un toque de<span class=\"Apple-converted-space\">&nbsp;<\/span><strong>especias<\/strong>, proporcionando un aroma duradero y envolvente.<\/p>\n<p style=\"font-family: Assistant, sans-serif;font-size: 15px;font-style: normal;font-weight: 400;letter-spacing: 0.6px;text-align: start;text-indent: 0px;text-transform: none;text-decoration: none\">\ud83d\udcbc<span class=\"Apple-converted-space\">&nbsp;<\/span><strong>Pisa<\/strong><span class=\"Apple-converted-space\">&nbsp;<\/span>es perfecta para hombres que buscan un aroma fresco, especiado y elegante para cualquier ocasi\u00f3n, dej\u00e1ndoles una huella inconfundible a lo largo del d\u00eda.<\/p>\n<p style=\"font-family: Assistant, sans-serif;font-size: 15px;font-style: normal;font-weight: 400;letter-spacing: 0.6px;text-align: start;text-indent: 0px;text-transform: none;text-decoration: none\">Perfume Hombre<\/p>\n<p style=\"font-family: Assistant, sans-serif;font-size: 15px;font-style: normal;font-weight: 400;letter-spacing: 0.6px;text-align: start;text-indent: 0px;text-transform: none;text-decoration: none\">100ml<\/p>\n","protected":false},"excerpt":{"rendered":"<p>\ud83c\udf1f\u2728&nbsp;Pisa&nbsp;de&nbsp;Lattafa Pride&nbsp;es una fragancia masculina dise\u00f1ada para destacar por su frescura y elegancia, siendo un dupe del ic\u00f3nico&nbsp;Le Gemme Tygar de Bvlgari. Lanzada en 2024, esta fragancia es una mezcla perfectamente equilibrada de notas c\u00edtricas, especiadas y amaderadas, evocando tambi\u00e9n la esencia vibrante de&nbsp;Afternoon Swimde Louis Vuitton. \ud83c\udf4b&nbsp;Nota alta:&nbsp;La fragancia se abre con una explosi\u00f3n [&hellip;]<\/p>\n","protected":false},"featured_media":6463,"comment_status":"open","ping_status":"closed","template":"","meta":{"nf_dc_page":"","_uag_custom_page_level_css":"","site-sidebar-layout":"default","site-content-layout":"","ast-site-content-layout":"default","site-content-style":"default","site-sidebar-style":"default","ast-global-header-display":"","ast-banner-title-visibility":"","ast-main-header-display":"","ast-hfb-above-header-display":"","ast-hfb-below-header-display":"","ast-hfb-mobile-header-display":"","site-post-title":"","ast-breadcrumbs-content":"","ast-featured-img":"","footer-sml-layout":"","ast-disable-related-posts":"","theme-transparent-header-meta":"","adv-header-id-meta":"","stick-header-meta":"","header-above-stick-meta":"","header-main-stick-meta":"","header-below-stick-meta":"","astra-migrate-meta-layouts":"default","ast-page-background-enabled":"default","ast-page-background-meta":{"desktop":{"background-color":"","background-image":"","background-repeat":"repeat","background-position":"center center","background-size":"auto","background-attachment":"scroll","background-type":"","background-media":"","overlay-type":"","overlay-color":"","overlay-opacity":"","overlay-gradient":""},"tablet":{"background-color":"","background-image":"","background-repeat":"repeat","background-position":"center center","background-size":"auto","background-attachment":"scroll","background-type":"","background-media":"","overlay-type":"","overlay-color":"","overlay-opacity":"","overlay-gradient":""},"mobile":{"background-color":"","background-image":"","background-repeat":"repeat","background-position":"center center","background-size":"auto","background-attachment":"scroll","background-type":"","background-media":"","overlay-type":"","overlay-color":"","overlay-opacity":"","overlay-gradient":""}},"ast-content-background-meta":{"desktop":{"background-color":"var(--ast-global-color-5)","background-image":"","background-repeat":"repeat","background-position":"center center","background-size":"auto","background-attachment":"scroll","background-type":"","background-media":"","overlay-type":"","overlay-color":"","overlay-opacity":"","overlay-gradient":""},"tablet":{"background-color":"var(--ast-global-color-5)","background-image":"","background-repeat":"repeat","background-position":"center center","background-size":"auto","background-attachment":"scroll","background-type":"","background-media":"","overlay-type":"","overlay-color":"","overlay-opacity":"","overlay-gradient":""},"mobile":{"background-color":"var(--ast-global-color-5)","background-image":"","background-repeat":"repeat","background-position":"center center","background-size":"auto","background-attachment":"scroll","background-type":"","background-media":"","overlay-type":"","overlay-color":"","overlay-opacity":"","overlay-gradient":""}}},"product_brand":[],"product_cat":[40],"product_tag":[63],"class_list":{"0":"post-6464","1":"product","2":"type-product","3":"status-publish","4":"has-post-thumbnail","6":"product_cat-hombre","7":"product_tag-lattafa-pride","8":"desktop-align-left","9":"tablet-align-left","10":"mobile-align-left","12":"first","13":"instock","14":"sale","15":"featured","16":"taxable","17":"shipping-taxable","18":"purchasable","19":"product-type-simple"},"uagb_featured_image_src":{"full":["https:\/\/sensacionarabe.com\/Mayoristas\/wp-content\/uploads\/2024\/11\/img_5114.jpeg",961,1275,false],"thumbnail":["https:\/\/sensacionarabe.com\/Mayoristas\/wp-content\/uploads\/2024\/11\/img_5114-150x150.jpeg",150,150,true],"medium":["https:\/\/sensacionarabe.com\/Mayoristas\/wp-content\/uploads\/2024\/11\/img_5114-226x300.jpeg",226,300,true],"medium_large":["https:\/\/sensacionarabe.com\/Mayoristas\/wp-content\/uploads\/2024\/11\/img_5114-768x1019.jpeg",768,1019,true],"large":["https:\/\/sensacionarabe.com\/Mayoristas\/wp-content\/uploads\/2024\/11\/img_5114-772x1024.jpeg",772,1024,true],"1536x1536":["https:\/\/sensacionarabe.com\/Mayoristas\/wp-content\/uploads\/2024\/11\/img_5114.jpeg",961,1275,false],"2048x2048":["https:\/\/sensacionarabe.com\/Mayoristas\/wp-content\/uploads\/2024\/11\/img_5114.jpeg",961,1275,false],"woocommerce_thumbnail":["https:\/\/sensacionarabe.com\/Mayoristas\/wp-content\/uploads\/2024\/11\/img_5114-300x300.jpeg",300,300,true],"woocommerce_single":["https:\/\/sensacionarabe.com\/Mayoristas\/wp-content\/uploads\/2024\/11\/img_5114-600x796.jpeg",600,796,true],"woocommerce_gallery_thumbnail":["https:\/\/sensacionarabe.com\/Mayoristas\/wp-content\/uploads\/2024\/11\/img_5114-100x100.jpeg",100,100,true],"variation_swatches_image_size":["https:\/\/sensacionarabe.com\/Mayoristas\/wp-content\/uploads\/2024\/11\/img_5114.jpeg",38,50,false],"variation_swatches_tooltip_size":["https:\/\/sensacionarabe.com\/Mayoristas\/wp-content\/uploads\/2024\/11\/img_5114.jpeg",75,100,false]},"uagb_author_info":{"display_name":"admin","author_link":"https:\/\/sensacionarabe.com\/Mayoristas\/author\/"},"uagb_comment_info":0,"uagb_excerpt":"\ud83c\udf1f\u2728&nbsp;Pisa&nbsp;de&nbsp;Lattafa Pride&nbsp;es una fragancia masculina dise\u00f1ada para destacar por su frescura y elegancia, siendo un dupe del ic\u00f3nico&nbsp;Le Gemme Tygar de Bvlgari. Lanzada en 2024, esta fragancia es una mezcla perfectamente equilibrada de notas c\u00edtricas, especiadas y amaderadas, evocando tambi\u00e9n la esencia vibrante de&nbsp;Afternoon Swimde Louis Vuitton. \ud83c\udf4b&nbsp;Nota alta:&nbsp;La fragancia se abre con una explosi\u00f3n&hellip;","_links":{"self":[{"href":"https:\/\/sensacionarabe.com\/Mayoristas\/wp-json\/wp\/v2\/product\/6464","targetHints":{"allow":["GET"]}}],"collection":[{"href":"https:\/\/sensacionarabe.com\/Mayoristas\/wp-json\/wp\/v2\/product"}],"about":[{"href":"https:\/\/sensacionarabe.com\/Mayoristas\/wp-json\/wp\/v2\/types\/product"}],"replies":[{"embeddable":true,"href":"https:\/\/sensacionarabe.com\/Mayoristas\/wp-json\/wp\/v2\/comments?post=6464"}],"version-history":[{"count":2,"href":"https:\/\/sensacionarabe.com\/Mayoristas\/wp-json\/wp\/v2\/product\/6464\/revisions"}],"predecessor-version":[{"id":7077,"href":"https:\/\/sensacionarabe.com\/Mayoristas\/wp-json\/wp\/v2\/product\/6464\/revisions\/7077"}],"wp:featuredmedia":[{"embeddable":true,"href":"https:\/\/sensacionarabe.com\/Mayoristas\/wp-json\/wp\/v2\/media\/6463"}],"wp:attachment":[{"href":"https:\/\/sensacionarabe.com\/Mayoristas\/wp-json\/wp\/v2\/media?parent=6464"}],"wp:term":[{"taxonomy":"product_brand","embeddable":true,"href":"https:\/\/sensacionarabe.com\/Mayoristas\/wp-json\/wp\/v2\/product_brand?post=6464"},{"taxonomy":"product_cat","embeddable":true,"href":"https:\/\/sensacionarabe.com\/Mayoristas\/wp-json\/wp\/v2\/product_cat?post=6464"},{"taxonomy":"product_tag","embeddable":true,"href":"https:\/\/sensacionarabe.com\/Mayoristas\/wp-json\/wp\/v2\/product_tag?post=6464"}],"curies":[{"name":"wp","href":"https:\/\/api.w.org\/{rel}","templated":true}]}}