{"id":6583,"date":"2024-12-10T21:49:24","date_gmt":"2024-12-10T20:49:24","guid":{"rendered":"https:\/\/sensacionarabe.com\/Mayoristas\/producto\/nudo-exotic-flowers-edp-de-fragrance-world\/"},"modified":"2025-05-24T12:35:11","modified_gmt":"2025-05-24T10:35:11","slug":"nudo-exotic-flowers-edp-de-fragrance-world","status":"publish","type":"product","link":"https:\/\/sensacionarabe.com\/Mayoristas\/producto\/nudo-exotic-flowers-edp-de-fragrance-world\/","title":{"rendered":"Fragance world Nudo Exotic Flowers Eau de perfum 100ml"},"content":{"rendered":"<p>Perfume \/ Eau De Parfum Nudo Exotic Flowers de Fragrance World<br \/>\nSum\u00e9rgete en el ex\u00f3tico y encantador aroma de Nudo Exotic Flowers, un Eau De Parfum de Fragrance World. Esta lujosa fragancia combina vibrantes notas c\u00edtricas, florales y especiadas con matices c\u00e1lidos y ricos, creando un aroma cautivador y sofisticado.<\/p>\n<p>Notas de salida: bergamota, mandarina, ylang ylang, menta verde, cassis, pimienta.<br \/>\nNotas medias: orqu\u00eddea, jazm\u00edn, rosa, canela, nen\u00fafar, gardenia negra<br \/>\nNotas de fondo: \u00e1mbar, vainilla, cuero, ambreta, benju\u00ed, madera de cedro, pachul\u00ed, s\u00e1ndalo, incienso.<br \/>\nAl principio, Nudo Exotic Flowers se abre con una vibrante y vigorizante mezcla de bergamota, mandarina, ylang ylang, hierbabuena, grosella negra y pimienta. El brillo \u00e1cido de la bergamota y la mandarina armoniza con la ex\u00f3tica esencia floral del ylang ylang y la frescura refrescante de la hierbabuena. La grosella negra a\u00f1ade un toque afrutado, mientras que la pimienta infunde una calidez picante, creando una introducci\u00f3n atractiva y din\u00e1mica.<\/p>\n<p>A medida que la fragancia evoluciona, el coraz\u00f3n revela un lujoso ramo de orqu\u00eddea, jazm\u00edn, rosa, canela, nen\u00fafar y gardenia negra. La riqueza floral de la orqu\u00eddea, el jazm\u00edn y la rosa se ve realzada por las notas dulces y especiadas de la canela, mientras que el nen\u00fafar a\u00f1ade un toque acu\u00e1tico fresco. La gardenia negra aporta una elegancia floral profunda y oscura, creando un coraz\u00f3n complejo y cautivador.<\/p>\n<p>En la base, Nudo Exotic Flowers deja una impresi\u00f3n duradera con su opulenta mezcla de \u00e1mbar, vainilla, cuero, ambreta, benju\u00ed, madera de cedro, pachul\u00ed, s\u00e1ndalo e incienso. El \u00e1mbar y la vainilla brindan una profundidad c\u00e1lida y dulce, mientras que el cuero agrega un toque sofisticado. La ambreta y el benju\u00ed ofrecen una riqueza suave y resinosa, complementada con los aromas amaderados de la madera de cedro, el pachul\u00ed y el s\u00e1ndalo. El incienso agrega una calidad ahumada y m\u00edstica, redondeando la fragancia con un final memorable y atractivo.<\/p>\n<p>Nudo Exotic Flowers es una fragancia que destila elegancia y encanto, perfecta para quienes aprecian un aroma complejo y lujoso. Ya sea que lo uses para ocasiones especiales o como un capricho diario, este exquisito perfume promete envolverte en un velo de sofisticaci\u00f3n y encanto, dejando una impresi\u00f3n duradera dondequiera que vayas.<\/p>\n","protected":false},"excerpt":{"rendered":"<p>Perfume \/ Eau De Parfum Nudo Exotic Flowers de Fragrance World Sum\u00e9rgete en el ex\u00f3tico y encantador aroma de Nudo Exotic Flowers, un Eau De Parfum de Fragrance World. Esta lujosa fragancia combina vibrantes notas c\u00edtricas, florales y especiadas con matices c\u00e1lidos y ricos, creando un aroma cautivador y sofisticado. Notas de salida: bergamota, mandarina, [&hellip;]<\/p>\n","protected":false},"featured_media":6582,"comment_status":"open","ping_status":"closed","template":"","meta":{"nf_dc_page":"","_uag_custom_page_level_css":"","site-sidebar-layout":"default","site-content-layout":"","ast-site-content-layout":"default","site-content-style":"default","site-sidebar-style":"default","ast-global-header-display":"","ast-banner-title-visibility":"","ast-main-header-display":"","ast-hfb-above-header-display":"","ast-hfb-below-header-display":"","ast-hfb-mobile-header-display":"","site-post-title":"","ast-breadcrumbs-content":"","ast-featured-img":"","footer-sml-layout":"","ast-disable-related-posts":"","theme-transparent-header-meta":"","adv-header-id-meta":"","stick-header-meta":"","header-above-stick-meta":"","header-main-stick-meta":"","header-below-stick-meta":"","astra-migrate-meta-layouts":"default","ast-page-background-enabled":"default","ast-page-background-meta":{"desktop":{"background-color":"","background-image":"","background-repeat":"repeat","background-position":"center center","background-size":"auto","background-attachment":"scroll","background-type":"","background-media":"","overlay-type":"","overlay-color":"","overlay-opacity":"","overlay-gradient":""},"tablet":{"background-color":"","background-image":"","background-repeat":"repeat","background-position":"center center","background-size":"auto","background-attachment":"scroll","background-type":"","background-media":"","overlay-type":"","overlay-color":"","overlay-opacity":"","overlay-gradient":""},"mobile":{"background-color":"","background-image":"","background-repeat":"repeat","background-position":"center center","background-size":"auto","background-attachment":"scroll","background-type":"","background-media":"","overlay-type":"","overlay-color":"","overlay-opacity":"","overlay-gradient":""}},"ast-content-background-meta":{"desktop":{"background-color":"var(--ast-global-color-5)","background-image":"","background-repeat":"repeat","background-position":"center center","background-size":"auto","background-attachment":"scroll","background-type":"","background-media":"","overlay-type":"","overlay-color":"","overlay-opacity":"","overlay-gradient":""},"tablet":{"background-color":"var(--ast-global-color-5)","background-image":"","background-repeat":"repeat","background-position":"center center","background-size":"auto","background-attachment":"scroll","background-type":"","background-media":"","overlay-type":"","overlay-color":"","overlay-opacity":"","overlay-gradient":""},"mobile":{"background-color":"var(--ast-global-color-5)","background-image":"","background-repeat":"repeat","background-position":"center center","background-size":"auto","background-attachment":"scroll","background-type":"","background-media":"","overlay-type":"","overlay-color":"","overlay-opacity":"","overlay-gradient":""}}},"product_brand":[],"product_cat":[15],"product_tag":[],"class_list":{"0":"post-6583","1":"product","2":"type-product","3":"status-publish","4":"has-post-thumbnail","6":"product_cat-sin-categorizar","7":"desktop-align-left","8":"tablet-align-left","9":"mobile-align-left","11":"first","12":"instock","13":"taxable","14":"shipping-taxable","15":"purchasable","16":"product-type-simple"},"uagb_featured_image_src":{"full":["https:\/\/sensacionarabe.com\/Mayoristas\/wp-content\/uploads\/2024\/12\/1000025355.png",1080,1080,false],"thumbnail":["https:\/\/sensacionarabe.com\/Mayoristas\/wp-content\/uploads\/2024\/12\/1000025355-150x150.png",150,150,true],"medium":["https:\/\/sensacionarabe.com\/Mayoristas\/wp-content\/uploads\/2024\/12\/1000025355-300x300.png",300,300,true],"medium_large":["https:\/\/sensacionarabe.com\/Mayoristas\/wp-content\/uploads\/2024\/12\/1000025355-768x768.png",768,768,true],"large":["https:\/\/sensacionarabe.com\/Mayoristas\/wp-content\/uploads\/2024\/12\/1000025355-1024x1024.png",1024,1024,true],"1536x1536":["https:\/\/sensacionarabe.com\/Mayoristas\/wp-content\/uploads\/2024\/12\/1000025355.png",1080,1080,false],"2048x2048":["https:\/\/sensacionarabe.com\/Mayoristas\/wp-content\/uploads\/2024\/12\/1000025355.png",1080,1080,false],"woocommerce_thumbnail":["https:\/\/sensacionarabe.com\/Mayoristas\/wp-content\/uploads\/2024\/12\/1000025355-300x300.png",300,300,true],"woocommerce_single":["https:\/\/sensacionarabe.com\/Mayoristas\/wp-content\/uploads\/2024\/12\/1000025355-600x600.png",600,600,true],"woocommerce_gallery_thumbnail":["https:\/\/sensacionarabe.com\/Mayoristas\/wp-content\/uploads\/2024\/12\/1000025355-100x100.png",100,100,true],"variation_swatches_image_size":["https:\/\/sensacionarabe.com\/Mayoristas\/wp-content\/uploads\/2024\/12\/1000025355.png",50,50,false],"variation_swatches_tooltip_size":["https:\/\/sensacionarabe.com\/Mayoristas\/wp-content\/uploads\/2024\/12\/1000025355.png",100,100,false]},"uagb_author_info":{"display_name":"admin","author_link":"https:\/\/sensacionarabe.com\/Mayoristas\/author\/"},"uagb_comment_info":0,"uagb_excerpt":"Perfume \/ Eau De Parfum Nudo Exotic Flowers de Fragrance World Sum\u00e9rgete en el ex\u00f3tico y encantador aroma de Nudo Exotic Flowers, un Eau De Parfum de Fragrance World. Esta lujosa fragancia combina vibrantes notas c\u00edtricas, florales y especiadas con matices c\u00e1lidos y ricos, creando un aroma cautivador y sofisticado. Notas de salida: bergamota, mandarina,&hellip;","_links":{"self":[{"href":"https:\/\/sensacionarabe.com\/Mayoristas\/wp-json\/wp\/v2\/product\/6583","targetHints":{"allow":["GET"]}}],"collection":[{"href":"https:\/\/sensacionarabe.com\/Mayoristas\/wp-json\/wp\/v2\/product"}],"about":[{"href":"https:\/\/sensacionarabe.com\/Mayoristas\/wp-json\/wp\/v2\/types\/product"}],"replies":[{"embeddable":true,"href":"https:\/\/sensacionarabe.com\/Mayoristas\/wp-json\/wp\/v2\/comments?post=6583"}],"version-history":[{"count":1,"href":"https:\/\/sensacionarabe.com\/Mayoristas\/wp-json\/wp\/v2\/product\/6583\/revisions"}],"predecessor-version":[{"id":7066,"href":"https:\/\/sensacionarabe.com\/Mayoristas\/wp-json\/wp\/v2\/product\/6583\/revisions\/7066"}],"wp:featuredmedia":[{"embeddable":true,"href":"https:\/\/sensacionarabe.com\/Mayoristas\/wp-json\/wp\/v2\/media\/6582"}],"wp:attachment":[{"href":"https:\/\/sensacionarabe.com\/Mayoristas\/wp-json\/wp\/v2\/media?parent=6583"}],"wp:term":[{"taxonomy":"product_brand","embeddable":true,"href":"https:\/\/sensacionarabe.com\/Mayoristas\/wp-json\/wp\/v2\/product_brand?post=6583"},{"taxonomy":"product_cat","embeddable":true,"href":"https:\/\/sensacionarabe.com\/Mayoristas\/wp-json\/wp\/v2\/product_cat?post=6583"},{"taxonomy":"product_tag","embeddable":true,"href":"https:\/\/sensacionarabe.com\/Mayoristas\/wp-json\/wp\/v2\/product_tag?post=6583"}],"curies":[{"name":"wp","href":"https:\/\/api.w.org\/{rel}","templated":true}]}}