{"id":6585,"date":"2024-12-10T21:59:28","date_gmt":"2024-12-10T20:59:28","guid":{"rendered":"https:\/\/sensacionarabe.com\/Mayoristas\/producto\/eau-de-parfum-bint-hooran-rosa-pasion-100ml-ard-al-zaafaran\/"},"modified":"2025-12-16T23:23:56","modified_gmt":"2025-12-16T22:23:56","slug":"eau-de-parfum-bint-hooran-rosa-pasion-100ml-ard-al-zaafaran","status":"publish","type":"product","link":"https:\/\/sensacionarabe.com\/Mayoristas\/producto\/eau-de-parfum-bint-hooran-rosa-pasion-100ml-ard-al-zaafaran\/","title":{"rendered":"Eau de parfum Bint Hooran (Rosa Pasi\u00f3n) 100ml &#8211; Ard Al Zaafaran"},"content":{"rendered":"<p>Imagine morder una jugosa fruta mientras pasea por un floreciente jard\u00edn oriental. Eso es lo que puede experimentar con eleau de parfum Bint Hooran Rose Passion d&#8217;Ard Al Zaafaran. Participe en una extraordinaria aventura sensorial que le transportar\u00e1 al coraz\u00f3n de Oriente Pr\u00f3ximo.<\/p>\n<p>Presentaci\u00f3n de Bint Hooran Rose Passion<br \/>\nDesde la primera vez que lo uses, sentir\u00e1s que est\u00e1s mordiendo un mandarina verde reci\u00e9n recolectada. La vivacidad acidulada de esta fruta se mezcla con el grosella negra aterciopelado. La combinaci\u00f3n de ambos crea una explosi\u00f3n de frescor que despierta los sentidos.<\/p>\n<p>Pero espere, porque esta aventura olfativa no ha hecho m\u00e1s que empezar. A medida que las notas de salida se desvanecen, te envuelve poco a poco una nube de dulzura. Imag\u00ednese en un campo de fresas en florcon toques de gardenia bailando a tu alrededor. En dulces fresa a\u00f1ade un toque delicioso que dan ganas de morder la vida.<\/p>\n<p>Las notas de fondo te transportan a un acogedor sill\u00f3n junto al fuego. El s\u00e1ndalo proporciona calor, mientras que el jarabe de vainilla a\u00f1ade un toque de suavidad que te derretir\u00e1 el coraz\u00f3n. Visite almizcle y el\u00e1mbar tambi\u00e9n se unen a esta sinfon\u00eda olfativa.<\/p>\n<p>Bint Hooran Rose Passion: Oriente Medio te hace bella<br \/>\nEste fragancia femenina no s\u00f3lo te envuelve en un aroma encantador. Cuenta una historia que se lleva en la piel. En concreto, es fruto de un saber hacer ancestral, que utiliza los mejores ingredientes que ofrece Oriente Pr\u00f3ximo. Ard Al Zaafaran tambi\u00e9n se ha preocupado de seleccionar meticulosamente cada nota. Es este proceso el que consigue el equilibrio perfecto entre frescura, suavidad y sensualidad.<\/p>\n<p>Una botella atractiva<br \/>\nEmb\u00e1rquese en un viaje olfativo memorable con Bint Hooran Rose Passion. Deje que esta eau de fragancias para mujer te transporta a un mundo de aromas exquisitos, donde cada respiraci\u00f3n es un nuevo descubrimiento. El frasco tambi\u00e9n est\u00e1 dise\u00f1ado para seducir. Su brillante color rojo no deja lugar a dudas sobre su prop\u00f3sito: hacerte irresistible.<\/p>\n","protected":false},"excerpt":{"rendered":"<p>Imagine morder una jugosa fruta mientras pasea por un floreciente jard\u00edn oriental. Eso es lo que puede experimentar con eleau de parfum Bint Hooran Rose Passion d&#8217;Ard Al Zaafaran. Participe en una extraordinaria aventura sensorial que le transportar\u00e1 al coraz\u00f3n de Oriente Pr\u00f3ximo. Presentaci\u00f3n de Bint Hooran Rose Passion Desde la primera vez que lo [&hellip;]<\/p>\n","protected":false},"featured_media":6584,"comment_status":"open","ping_status":"closed","template":"","meta":{"nf_dc_page":"","_uag_custom_page_level_css":"","site-sidebar-layout":"default","site-content-layout":"","ast-site-content-layout":"default","site-content-style":"default","site-sidebar-style":"default","ast-global-header-display":"","ast-banner-title-visibility":"","ast-main-header-display":"","ast-hfb-above-header-display":"","ast-hfb-below-header-display":"","ast-hfb-mobile-header-display":"","site-post-title":"","ast-breadcrumbs-content":"","ast-featured-img":"","footer-sml-layout":"","ast-disable-related-posts":"","theme-transparent-header-meta":"","adv-header-id-meta":"","stick-header-meta":"","header-above-stick-meta":"","header-main-stick-meta":"","header-below-stick-meta":"","astra-migrate-meta-layouts":"default","ast-page-background-enabled":"default","ast-page-background-meta":{"desktop":{"background-color":"","background-image":"","background-repeat":"repeat","background-position":"center center","background-size":"auto","background-attachment":"scroll","background-type":"","background-media":"","overlay-type":"","overlay-color":"","overlay-opacity":"","overlay-gradient":""},"tablet":{"background-color":"","background-image":"","background-repeat":"repeat","background-position":"center center","background-size":"auto","background-attachment":"scroll","background-type":"","background-media":"","overlay-type":"","overlay-color":"","overlay-opacity":"","overlay-gradient":""},"mobile":{"background-color":"","background-image":"","background-repeat":"repeat","background-position":"center center","background-size":"auto","background-attachment":"scroll","background-type":"","background-media":"","overlay-type":"","overlay-color":"","overlay-opacity":"","overlay-gradient":""}},"ast-content-background-meta":{"desktop":{"background-color":"var(--ast-global-color-5)","background-image":"","background-repeat":"repeat","background-position":"center center","background-size":"auto","background-attachment":"scroll","background-type":"","background-media":"","overlay-type":"","overlay-color":"","overlay-opacity":"","overlay-gradient":""},"tablet":{"background-color":"var(--ast-global-color-5)","background-image":"","background-repeat":"repeat","background-position":"center center","background-size":"auto","background-attachment":"scroll","background-type":"","background-media":"","overlay-type":"","overlay-color":"","overlay-opacity":"","overlay-gradient":""},"mobile":{"background-color":"var(--ast-global-color-5)","background-image":"","background-repeat":"repeat","background-position":"center center","background-size":"auto","background-attachment":"scroll","background-type":"","background-media":"","overlay-type":"","overlay-color":"","overlay-opacity":"","overlay-gradient":""}}},"product_brand":[],"product_cat":[49],"product_tag":[62],"class_list":{"0":"post-6585","1":"product","2":"type-product","3":"status-publish","4":"has-post-thumbnail","6":"product_cat-mujer","7":"product_tag-ard-al-zaafaran","8":"desktop-align-left","9":"tablet-align-left","10":"mobile-align-left","12":"first","13":"outofstock","14":"taxable","15":"shipping-taxable","16":"purchasable","17":"product-type-simple"},"uagb_featured_image_src":{"full":["https:\/\/sensacionarabe.com\/Mayoristas\/wp-content\/uploads\/2024\/12\/1000025359.png",1080,1920,false],"thumbnail":["https:\/\/sensacionarabe.com\/Mayoristas\/wp-content\/uploads\/2024\/12\/1000025359-150x150.png",150,150,true],"medium":["https:\/\/sensacionarabe.com\/Mayoristas\/wp-content\/uploads\/2024\/12\/1000025359-169x300.png",169,300,true],"medium_large":["https:\/\/sensacionarabe.com\/Mayoristas\/wp-content\/uploads\/2024\/12\/1000025359-768x1365.png",768,1365,true],"large":["https:\/\/sensacionarabe.com\/Mayoristas\/wp-content\/uploads\/2024\/12\/1000025359-576x1024.png",576,1024,true],"1536x1536":["https:\/\/sensacionarabe.com\/Mayoristas\/wp-content\/uploads\/2024\/12\/1000025359-864x1536.png",864,1536,true],"2048x2048":["https:\/\/sensacionarabe.com\/Mayoristas\/wp-content\/uploads\/2024\/12\/1000025359.png",1080,1920,false],"woocommerce_thumbnail":["https:\/\/sensacionarabe.com\/Mayoristas\/wp-content\/uploads\/2024\/12\/1000025359-300x300.png",300,300,true],"woocommerce_single":["https:\/\/sensacionarabe.com\/Mayoristas\/wp-content\/uploads\/2024\/12\/1000025359-600x1067.png",600,1067,true],"woocommerce_gallery_thumbnail":["https:\/\/sensacionarabe.com\/Mayoristas\/wp-content\/uploads\/2024\/12\/1000025359-100x100.png",100,100,true],"variation_swatches_image_size":["https:\/\/sensacionarabe.com\/Mayoristas\/wp-content\/uploads\/2024\/12\/1000025359.png",28,50,false],"variation_swatches_tooltip_size":["https:\/\/sensacionarabe.com\/Mayoristas\/wp-content\/uploads\/2024\/12\/1000025359.png",56,100,false]},"uagb_author_info":{"display_name":"admin","author_link":"https:\/\/sensacionarabe.com\/Mayoristas\/author\/"},"uagb_comment_info":0,"uagb_excerpt":"Imagine morder una jugosa fruta mientras pasea por un floreciente jard\u00edn oriental. Eso es lo que puede experimentar con eleau de parfum Bint Hooran Rose Passion d&#8217;Ard Al Zaafaran. Participe en una extraordinaria aventura sensorial que le transportar\u00e1 al coraz\u00f3n de Oriente Pr\u00f3ximo. Presentaci\u00f3n de Bint Hooran Rose Passion Desde la primera vez que lo&hellip;","_links":{"self":[{"href":"https:\/\/sensacionarabe.com\/Mayoristas\/wp-json\/wp\/v2\/product\/6585","targetHints":{"allow":["GET"]}}],"collection":[{"href":"https:\/\/sensacionarabe.com\/Mayoristas\/wp-json\/wp\/v2\/product"}],"about":[{"href":"https:\/\/sensacionarabe.com\/Mayoristas\/wp-json\/wp\/v2\/types\/product"}],"replies":[{"embeddable":true,"href":"https:\/\/sensacionarabe.com\/Mayoristas\/wp-json\/wp\/v2\/comments?post=6585"}],"version-history":[{"count":0,"href":"https:\/\/sensacionarabe.com\/Mayoristas\/wp-json\/wp\/v2\/product\/6585\/revisions"}],"wp:featuredmedia":[{"embeddable":true,"href":"https:\/\/sensacionarabe.com\/Mayoristas\/wp-json\/wp\/v2\/media\/6584"}],"wp:attachment":[{"href":"https:\/\/sensacionarabe.com\/Mayoristas\/wp-json\/wp\/v2\/media?parent=6585"}],"wp:term":[{"taxonomy":"product_brand","embeddable":true,"href":"https:\/\/sensacionarabe.com\/Mayoristas\/wp-json\/wp\/v2\/product_brand?post=6585"},{"taxonomy":"product_cat","embeddable":true,"href":"https:\/\/sensacionarabe.com\/Mayoristas\/wp-json\/wp\/v2\/product_cat?post=6585"},{"taxonomy":"product_tag","embeddable":true,"href":"https:\/\/sensacionarabe.com\/Mayoristas\/wp-json\/wp\/v2\/product_tag?post=6585"}],"curies":[{"name":"wp","href":"https:\/\/api.w.org\/{rel}","templated":true}]}}