{"id":6756,"date":"2025-01-29T23:49:48","date_gmt":"2025-01-29T22:49:48","guid":{"rendered":"https:\/\/sensacionarabe.com\/Mayoristas\/producto\/ard-al-zaafaran-bint-hooran-eau-de-parfum\/"},"modified":"2026-01-31T10:19:57","modified_gmt":"2026-01-31T09:19:57","slug":"ard-al-zaafaran-bint-hooran-eau-de-parfum","status":"publish","type":"product","link":"https:\/\/sensacionarabe.com\/Mayoristas\/producto\/ard-al-zaafaran-bint-hooran-eau-de-parfum\/","title":{"rendered":"Ard Al Zaafaran Bint Hooran Eau de Parfum 100ml"},"content":{"rendered":"<p>Bint Al Hooran de ARD ARD AL ZAAFARAN es una fragancia que destaca gracias a su aroma especial, tiene un toque avainillado, dulce, floral blanco y un toque almendrado. Sus notas de salida cilantro, cipr\u00e9s, mandarina, estrag\u00f3n, yuzu, lim\u00f3n, salvia, bergamota, lim\u00f3n y c\u00e1lamo. Notas de coraz\u00f3n son nuez moscada, canela de Ceil\u00e1n, corteza de bourbon, azafr\u00e1n, lirio del valle y loto azul. Sus notas de fondo Vetiver de Tahit\u00ed, almizcle, s\u00e1ndalo, cedro, \u00e1mbar y tabaco.<\/p>\n","protected":false},"excerpt":{"rendered":"<p>Bint Al Hooran de ARD ARD AL ZAAFARAN es una fragancia que destaca gracias a su aroma especial, tiene un toque avainillado, dulce, floral blanco y un toque almendrado. Sus notas de salida cilantro, cipr\u00e9s, mandarina, estrag\u00f3n, yuzu, lim\u00f3n, salvia, bergamota, lim\u00f3n y c\u00e1lamo. Notas de coraz\u00f3n son nuez moscada, canela de Ceil\u00e1n, corteza de [&hellip;]<\/p>\n","protected":false},"featured_media":6755,"comment_status":"open","ping_status":"closed","template":"","meta":{"nf_dc_page":"","_uag_custom_page_level_css":"","site-sidebar-layout":"default","site-content-layout":"","ast-site-content-layout":"default","site-content-style":"default","site-sidebar-style":"default","ast-global-header-display":"","ast-banner-title-visibility":"","ast-main-header-display":"","ast-hfb-above-header-display":"","ast-hfb-below-header-display":"","ast-hfb-mobile-header-display":"","site-post-title":"","ast-breadcrumbs-content":"","ast-featured-img":"","footer-sml-layout":"","ast-disable-related-posts":"","theme-transparent-header-meta":"","adv-header-id-meta":"","stick-header-meta":"","header-above-stick-meta":"","header-main-stick-meta":"","header-below-stick-meta":"","astra-migrate-meta-layouts":"default","ast-page-background-enabled":"default","ast-page-background-meta":{"desktop":{"background-color":"","background-image":"","background-repeat":"repeat","background-position":"center center","background-size":"auto","background-attachment":"scroll","background-type":"","background-media":"","overlay-type":"","overlay-color":"","overlay-opacity":"","overlay-gradient":""},"tablet":{"background-color":"","background-image":"","background-repeat":"repeat","background-position":"center center","background-size":"auto","background-attachment":"scroll","background-type":"","background-media":"","overlay-type":"","overlay-color":"","overlay-opacity":"","overlay-gradient":""},"mobile":{"background-color":"","background-image":"","background-repeat":"repeat","background-position":"center center","background-size":"auto","background-attachment":"scroll","background-type":"","background-media":"","overlay-type":"","overlay-color":"","overlay-opacity":"","overlay-gradient":""}},"ast-content-background-meta":{"desktop":{"background-color":"var(--ast-global-color-5)","background-image":"","background-repeat":"repeat","background-position":"center center","background-size":"auto","background-attachment":"scroll","background-type":"","background-media":"","overlay-type":"","overlay-color":"","overlay-opacity":"","overlay-gradient":""},"tablet":{"background-color":"var(--ast-global-color-5)","background-image":"","background-repeat":"repeat","background-position":"center center","background-size":"auto","background-attachment":"scroll","background-type":"","background-media":"","overlay-type":"","overlay-color":"","overlay-opacity":"","overlay-gradient":""},"mobile":{"background-color":"var(--ast-global-color-5)","background-image":"","background-repeat":"repeat","background-position":"center center","background-size":"auto","background-attachment":"scroll","background-type":"","background-media":"","overlay-type":"","overlay-color":"","overlay-opacity":"","overlay-gradient":""}}},"product_brand":[],"product_cat":[40],"product_tag":[62],"class_list":{"0":"post-6756","1":"product","2":"type-product","3":"status-publish","4":"has-post-thumbnail","6":"product_cat-hombre","7":"product_tag-ard-al-zaafaran","8":"desktop-align-left","9":"tablet-align-left","10":"mobile-align-left","12":"first","13":"instock","14":"taxable","15":"shipping-taxable","16":"purchasable","17":"product-type-simple"},"uagb_featured_image_src":{"full":["https:\/\/sensacionarabe.com\/Mayoristas\/wp-content\/uploads\/2025\/01\/1000061126.jpg",685,904,false],"thumbnail":["https:\/\/sensacionarabe.com\/Mayoristas\/wp-content\/uploads\/2025\/01\/1000061126-150x150.jpg",150,150,true],"medium":["https:\/\/sensacionarabe.com\/Mayoristas\/wp-content\/uploads\/2025\/01\/1000061126-227x300.jpg",227,300,true],"medium_large":["https:\/\/sensacionarabe.com\/Mayoristas\/wp-content\/uploads\/2025\/01\/1000061126.jpg",685,904,false],"large":["https:\/\/sensacionarabe.com\/Mayoristas\/wp-content\/uploads\/2025\/01\/1000061126.jpg",685,904,false],"1536x1536":["https:\/\/sensacionarabe.com\/Mayoristas\/wp-content\/uploads\/2025\/01\/1000061126.jpg",685,904,false],"2048x2048":["https:\/\/sensacionarabe.com\/Mayoristas\/wp-content\/uploads\/2025\/01\/1000061126.jpg",685,904,false],"woocommerce_thumbnail":["https:\/\/sensacionarabe.com\/Mayoristas\/wp-content\/uploads\/2025\/01\/1000061126-300x300.jpg",300,300,true],"woocommerce_single":["https:\/\/sensacionarabe.com\/Mayoristas\/wp-content\/uploads\/2025\/01\/1000061126-600x792.jpg",600,792,true],"woocommerce_gallery_thumbnail":["https:\/\/sensacionarabe.com\/Mayoristas\/wp-content\/uploads\/2025\/01\/1000061126-100x100.jpg",100,100,true],"variation_swatches_image_size":["https:\/\/sensacionarabe.com\/Mayoristas\/wp-content\/uploads\/2025\/01\/1000061126.jpg",38,50,false],"variation_swatches_tooltip_size":["https:\/\/sensacionarabe.com\/Mayoristas\/wp-content\/uploads\/2025\/01\/1000061126.jpg",76,100,false]},"uagb_author_info":{"display_name":"admin","author_link":"https:\/\/sensacionarabe.com\/Mayoristas\/author\/"},"uagb_comment_info":0,"uagb_excerpt":"Bint Al Hooran de ARD ARD AL ZAAFARAN es una fragancia que destaca gracias a su aroma especial, tiene un toque avainillado, dulce, floral blanco y un toque almendrado. Sus notas de salida cilantro, cipr\u00e9s, mandarina, estrag\u00f3n, yuzu, lim\u00f3n, salvia, bergamota, lim\u00f3n y c\u00e1lamo. Notas de coraz\u00f3n son nuez moscada, canela de Ceil\u00e1n, corteza de&hellip;","_links":{"self":[{"href":"https:\/\/sensacionarabe.com\/Mayoristas\/wp-json\/wp\/v2\/product\/6756","targetHints":{"allow":["GET"]}}],"collection":[{"href":"https:\/\/sensacionarabe.com\/Mayoristas\/wp-json\/wp\/v2\/product"}],"about":[{"href":"https:\/\/sensacionarabe.com\/Mayoristas\/wp-json\/wp\/v2\/types\/product"}],"replies":[{"embeddable":true,"href":"https:\/\/sensacionarabe.com\/Mayoristas\/wp-json\/wp\/v2\/comments?post=6756"}],"version-history":[{"count":1,"href":"https:\/\/sensacionarabe.com\/Mayoristas\/wp-json\/wp\/v2\/product\/6756\/revisions"}],"predecessor-version":[{"id":7005,"href":"https:\/\/sensacionarabe.com\/Mayoristas\/wp-json\/wp\/v2\/product\/6756\/revisions\/7005"}],"wp:featuredmedia":[{"embeddable":true,"href":"https:\/\/sensacionarabe.com\/Mayoristas\/wp-json\/wp\/v2\/media\/6755"}],"wp:attachment":[{"href":"https:\/\/sensacionarabe.com\/Mayoristas\/wp-json\/wp\/v2\/media?parent=6756"}],"wp:term":[{"taxonomy":"product_brand","embeddable":true,"href":"https:\/\/sensacionarabe.com\/Mayoristas\/wp-json\/wp\/v2\/product_brand?post=6756"},{"taxonomy":"product_cat","embeddable":true,"href":"https:\/\/sensacionarabe.com\/Mayoristas\/wp-json\/wp\/v2\/product_cat?post=6756"},{"taxonomy":"product_tag","embeddable":true,"href":"https:\/\/sensacionarabe.com\/Mayoristas\/wp-json\/wp\/v2\/product_tag?post=6756"}],"curies":[{"name":"wp","href":"https:\/\/api.w.org\/{rel}","templated":true}]}}