{"id":7220,"date":"2025-03-23T22:10:23","date_gmt":"2025-03-23T21:10:23","guid":{"rendered":"https:\/\/sensacionarabe.com\/Mayoristas\/producto\/paris-corner-khair-pistacho-eau-de-perfum-100ml\/"},"modified":"2026-02-06T21:23:20","modified_gmt":"2026-02-06T20:23:20","slug":"paris-corner-khair-pistacho-eau-de-perfum-100ml","status":"publish","type":"product","link":"https:\/\/sensacionarabe.com\/Mayoristas\/producto\/paris-corner-khair-pistacho-eau-de-perfum-100ml\/","title":{"rendered":"Paris corner khair pistacho Eau de perfum 100ml"},"content":{"rendered":"<p>Notas de cabeza\tbergamota italiana, helado, avellana, ron, cardamomo<br \/>\nNotas de coraz\u00f3n\tgeranio, peon\u00eda blanca, jazm\u00edn, frambuesa, melocot\u00f3n blanco, pera<br \/>\nNotas de fondo\tnata montada, marshmallow\/nube, algod\u00f3n de az\u00facar, turr\u00f3n, cacao, madera de cedro, madera de s\u00e1ndalo, haba tonka<br \/>\nTipo de fragancia\tarom\u00e1ticas, orientales, especiadas, amaderadas<br \/>\nLa magia del helado de pistacho y el dulzor de la vainilla<\/p>\n<p>Experimenta un momento excepcional. El eau de parfum Paris Corner Oriental Collection Khair Pistachio transformar\u00e1 tu d\u00eda a d\u00eda en una serie de experiencias inolvidables. Combina un dulzor gourmand y unos delicados acordes florales con la c\u00e1lida fragancia del haba tonka y la vainilla. Es mucho m\u00e1s que una fragancia: es una experiencia llena de sue\u00f1os y elegancia.<\/p>\n<p>fragancia gourmand con acordes florales y frutales<br \/>\ntanto para hombre como para mujer<br \/>\ncreada en el a\u00f1o 2023<br \/>\nComposici\u00f3n de la fragancia:<br \/>\nKhair Pistachio comienza su sinfon\u00eda arom\u00e1tica con la dulce y deliciosa armon\u00eda de bergamota italiana, helado de pistacho, avellana, ron dulce y cardamomo. En las notas de coraz\u00f3n se despliegan unas tiernas notas florales de pelargonio, peon\u00eda blanca, jazm\u00edn y lirio de los valles, realzadas por un toque frutal de frambuesas, melocot\u00f3n blanco y jugosa pera. Las notas de fondo de la fragancia te envolver\u00e1n en el c\u00e1lido dulzor de la nata montada, el malvavisco, el algod\u00f3n de az\u00facar y el turr\u00f3n, mientras que las notas amaderadas de cedro y s\u00e1ndalo, junto con el haba tonka y el cacao, dejan una huella profunda y duradera.<\/p>\n<p>Historia de la fragancia:<br \/>\nParis Corner se cre\u00f3 hace casi 30 a\u00f1os con el objetivo de ofrecer fragancias extraordinarias que combinen una calidad superior con precios asequibles para colarse directamente en tu hogar. Esta marca, impulsada por la pasi\u00f3n por el arte de la perfumer\u00eda, selecciona cuidadosamente los ingredientes de mejor calidad y emplea tecnolog\u00edas modernas para crear colecciones que cautivan a los amantes de las fragancias de todo el mundo. Una de las joyas de su cat\u00e1logo es Paris Corner Oriental Collection Khair Pistachio, que refleja su fidelidad por la buena calidad y la sensualidad sofisticada<\/p>\n","protected":false},"excerpt":{"rendered":"<p>Notas de cabeza bergamota italiana, helado, avellana, ron, cardamomo Notas de coraz\u00f3n geranio, peon\u00eda blanca, jazm\u00edn, frambuesa, melocot\u00f3n blanco, pera Notas de fondo nata montada, marshmallow\/nube, algod\u00f3n de az\u00facar, turr\u00f3n, cacao, madera de cedro, madera de s\u00e1ndalo, haba tonka Tipo de fragancia arom\u00e1ticas, orientales, especiadas, amaderadas La magia del helado de pistacho y el dulzor [&hellip;]<\/p>\n","protected":false},"featured_media":7218,"comment_status":"open","ping_status":"closed","template":"","meta":{"nf_dc_page":"","_uag_custom_page_level_css":"","site-sidebar-layout":"default","site-content-layout":"","ast-site-content-layout":"default","site-content-style":"default","site-sidebar-style":"default","ast-global-header-display":"","ast-banner-title-visibility":"","ast-main-header-display":"","ast-hfb-above-header-display":"","ast-hfb-below-header-display":"","ast-hfb-mobile-header-display":"","site-post-title":"","ast-breadcrumbs-content":"","ast-featured-img":"","footer-sml-layout":"","ast-disable-related-posts":"","theme-transparent-header-meta":"","adv-header-id-meta":"","stick-header-meta":"","header-above-stick-meta":"","header-main-stick-meta":"","header-below-stick-meta":"","astra-migrate-meta-layouts":"default","ast-page-background-enabled":"default","ast-page-background-meta":{"desktop":{"background-color":"","background-image":"","background-repeat":"repeat","background-position":"center center","background-size":"auto","background-attachment":"scroll","background-type":"","background-media":"","overlay-type":"","overlay-color":"","overlay-opacity":"","overlay-gradient":""},"tablet":{"background-color":"","background-image":"","background-repeat":"repeat","background-position":"center center","background-size":"auto","background-attachment":"scroll","background-type":"","background-media":"","overlay-type":"","overlay-color":"","overlay-opacity":"","overlay-gradient":""},"mobile":{"background-color":"","background-image":"","background-repeat":"repeat","background-position":"center center","background-size":"auto","background-attachment":"scroll","background-type":"","background-media":"","overlay-type":"","overlay-color":"","overlay-opacity":"","overlay-gradient":""}},"ast-content-background-meta":{"desktop":{"background-color":"var(--ast-global-color-5)","background-image":"","background-repeat":"repeat","background-position":"center center","background-size":"auto","background-attachment":"scroll","background-type":"","background-media":"","overlay-type":"","overlay-color":"","overlay-opacity":"","overlay-gradient":""},"tablet":{"background-color":"var(--ast-global-color-5)","background-image":"","background-repeat":"repeat","background-position":"center center","background-size":"auto","background-attachment":"scroll","background-type":"","background-media":"","overlay-type":"","overlay-color":"","overlay-opacity":"","overlay-gradient":""},"mobile":{"background-color":"var(--ast-global-color-5)","background-image":"","background-repeat":"repeat","background-position":"center center","background-size":"auto","background-attachment":"scroll","background-type":"","background-media":"","overlay-type":"","overlay-color":"","overlay-opacity":"","overlay-gradient":""}}},"product_brand":[],"product_cat":[29],"product_tag":[76],"class_list":{"0":"post-7220","1":"product","2":"type-product","3":"status-publish","4":"has-post-thumbnail","6":"product_cat-unisex","7":"product_tag-paris-corner","8":"desktop-align-left","9":"tablet-align-left","10":"mobile-align-left","12":"first","13":"instock","14":"taxable","15":"shipping-taxable","16":"purchasable","17":"product-type-simple"},"uagb_featured_image_src":{"full":["https:\/\/sensacionarabe.com\/Mayoristas\/wp-content\/uploads\/2025\/03\/1000099075.jpg",896,977,false],"thumbnail":["https:\/\/sensacionarabe.com\/Mayoristas\/wp-content\/uploads\/2025\/03\/1000099075-150x150.jpg",150,150,true],"medium":["https:\/\/sensacionarabe.com\/Mayoristas\/wp-content\/uploads\/2025\/03\/1000099075-275x300.jpg",275,300,true],"medium_large":["https:\/\/sensacionarabe.com\/Mayoristas\/wp-content\/uploads\/2025\/03\/1000099075-768x837.jpg",768,837,true],"large":["https:\/\/sensacionarabe.com\/Mayoristas\/wp-content\/uploads\/2025\/03\/1000099075.jpg",896,977,false],"1536x1536":["https:\/\/sensacionarabe.com\/Mayoristas\/wp-content\/uploads\/2025\/03\/1000099075.jpg",896,977,false],"2048x2048":["https:\/\/sensacionarabe.com\/Mayoristas\/wp-content\/uploads\/2025\/03\/1000099075.jpg",896,977,false],"woocommerce_thumbnail":["https:\/\/sensacionarabe.com\/Mayoristas\/wp-content\/uploads\/2025\/03\/1000099075-300x300.jpg",300,300,true],"woocommerce_single":["https:\/\/sensacionarabe.com\/Mayoristas\/wp-content\/uploads\/2025\/03\/1000099075-600x654.jpg",600,654,true],"woocommerce_gallery_thumbnail":["https:\/\/sensacionarabe.com\/Mayoristas\/wp-content\/uploads\/2025\/03\/1000099075-100x100.jpg",100,100,true],"variation_swatches_image_size":["https:\/\/sensacionarabe.com\/Mayoristas\/wp-content\/uploads\/2025\/03\/1000099075.jpg",46,50,false],"variation_swatches_tooltip_size":["https:\/\/sensacionarabe.com\/Mayoristas\/wp-content\/uploads\/2025\/03\/1000099075.jpg",92,100,false]},"uagb_author_info":{"display_name":"admin","author_link":"https:\/\/sensacionarabe.com\/Mayoristas\/author\/"},"uagb_comment_info":0,"uagb_excerpt":"Notas de cabeza bergamota italiana, helado, avellana, ron, cardamomo Notas de coraz\u00f3n geranio, peon\u00eda blanca, jazm\u00edn, frambuesa, melocot\u00f3n blanco, pera Notas de fondo nata montada, marshmallow\/nube, algod\u00f3n de az\u00facar, turr\u00f3n, cacao, madera de cedro, madera de s\u00e1ndalo, haba tonka Tipo de fragancia arom\u00e1ticas, orientales, especiadas, amaderadas La magia del helado de pistacho y el dulzor&hellip;","_links":{"self":[{"href":"https:\/\/sensacionarabe.com\/Mayoristas\/wp-json\/wp\/v2\/product\/7220","targetHints":{"allow":["GET"]}}],"collection":[{"href":"https:\/\/sensacionarabe.com\/Mayoristas\/wp-json\/wp\/v2\/product"}],"about":[{"href":"https:\/\/sensacionarabe.com\/Mayoristas\/wp-json\/wp\/v2\/types\/product"}],"replies":[{"embeddable":true,"href":"https:\/\/sensacionarabe.com\/Mayoristas\/wp-json\/wp\/v2\/comments?post=7220"}],"version-history":[{"count":0,"href":"https:\/\/sensacionarabe.com\/Mayoristas\/wp-json\/wp\/v2\/product\/7220\/revisions"}],"wp:featuredmedia":[{"embeddable":true,"href":"https:\/\/sensacionarabe.com\/Mayoristas\/wp-json\/wp\/v2\/media\/7218"}],"wp:attachment":[{"href":"https:\/\/sensacionarabe.com\/Mayoristas\/wp-json\/wp\/v2\/media?parent=7220"}],"wp:term":[{"taxonomy":"product_brand","embeddable":true,"href":"https:\/\/sensacionarabe.com\/Mayoristas\/wp-json\/wp\/v2\/product_brand?post=7220"},{"taxonomy":"product_cat","embeddable":true,"href":"https:\/\/sensacionarabe.com\/Mayoristas\/wp-json\/wp\/v2\/product_cat?post=7220"},{"taxonomy":"product_tag","embeddable":true,"href":"https:\/\/sensacionarabe.com\/Mayoristas\/wp-json\/wp\/v2\/product_tag?post=7220"}],"curies":[{"name":"wp","href":"https:\/\/api.w.org\/{rel}","templated":true}]}}