{"id":7231,"date":"2025-03-23T22:30:15","date_gmt":"2025-03-23T21:30:15","guid":{"rendered":"https:\/\/sensacionarabe.com\/Mayoristas\/producto\/paris-corner-oud-holidays-eau-de-perfum-unisex-100-ml\/"},"modified":"2025-05-27T10:16:17","modified_gmt":"2025-05-27T08:16:17","slug":"paris-corner-oud-holidays-eau-de-perfum-unisex-100-ml","status":"publish","type":"product","link":"https:\/\/sensacionarabe.com\/Mayoristas\/producto\/paris-corner-oud-holidays-eau-de-perfum-unisex-100-ml\/","title":{"rendered":"Paris Corner Oud Holidays Eau de perfum Unisex, 100 ml"},"content":{"rendered":"<p>Perfume Paris Corner Oud Holidays: el lujo de una experiencia olfativa \u00fanica<br \/>\nDescubra el perfume Paris Corner Oud Holidays: la esencia de la elegancia.<br \/>\nEl perfume Paris Corner Oud Holidays es una obra maestra olfativa creada para los amantes del lujo y la sofisticaci\u00f3n. Esta fragancia unisex combina notas orientales y mediterr\u00e1neas para ofrecer una experiencia sensorial \u00fanica. Inspirado en el famoso Oud Island de Montale , el perfume Paris Corner Oud Holidays te transportar\u00e1 a un mundo de absoluta elegancia y refinamiento.<\/p>\n<p>Un viaje sensorial con el perfume Paris Corner Oud Holidays<br \/>\nDesde el primer aroma, el perfume Paris Corner Oud Holidays cautiva con notas frescas de bergamota siciliana, mandarina y lim\u00f3n italiano. Esta mezcla c\u00edtrica ofrece una salida vibrante y energizante, perfecta para cautivar los sentidos y crear una primera impresi\u00f3n memorable.<\/p>\n<p>El coraz\u00f3n de la fragancia revela una sofisticada combinaci\u00f3n de cuero negro, oud precioso y s\u00e1ndalo. Las notas de sol y el nardo de la India aportan una calidez floral que equilibra la intensidad de los ingredientes amaderados. Esta composici\u00f3n \u00fanica define el car\u00e1cter ex\u00f3tico y profundo del perfume Paris Corner Oud Holidays .<\/p>\n<p>Notas de base del perfume Paris Corner Oud Holidays<br \/>\nEl final de esta fragancia es un verdadero espect\u00e1culo olfativo. La dulce vainilla se funde armoniosamente con el intenso tabaco y la calidez del \u00e1mbar. El l\u00e1dano y el almizcle aportan un toque sensual y sofisticado, creando una estela persistente que envolver\u00e1 tu piel durante horas. La fragancia Paris Corner Oud Holidays deja un aroma inconfundible, perfecto para cualquier ocasi\u00f3n especial.<\/p>\n","protected":false},"excerpt":{"rendered":"<p>Perfume Paris Corner Oud Holidays: el lujo de una experiencia olfativa \u00fanica Descubra el perfume Paris Corner Oud Holidays: la esencia de la elegancia. El perfume Paris Corner Oud Holidays es una obra maestra olfativa creada para los amantes del lujo y la sofisticaci\u00f3n. Esta fragancia unisex combina notas orientales y mediterr\u00e1neas para ofrecer una [&hellip;]<\/p>\n","protected":false},"featured_media":7229,"comment_status":"open","ping_status":"closed","template":"","meta":{"nf_dc_page":"","_uag_custom_page_level_css":"","site-sidebar-layout":"default","site-content-layout":"","ast-site-content-layout":"default","site-content-style":"default","site-sidebar-style":"default","ast-global-header-display":"","ast-banner-title-visibility":"","ast-main-header-display":"","ast-hfb-above-header-display":"","ast-hfb-below-header-display":"","ast-hfb-mobile-header-display":"","site-post-title":"","ast-breadcrumbs-content":"","ast-featured-img":"","footer-sml-layout":"","ast-disable-related-posts":"","theme-transparent-header-meta":"","adv-header-id-meta":"","stick-header-meta":"","header-above-stick-meta":"","header-main-stick-meta":"","header-below-stick-meta":"","astra-migrate-meta-layouts":"default","ast-page-background-enabled":"default","ast-page-background-meta":{"desktop":{"background-color":"","background-image":"","background-repeat":"repeat","background-position":"center center","background-size":"auto","background-attachment":"scroll","background-type":"","background-media":"","overlay-type":"","overlay-color":"","overlay-opacity":"","overlay-gradient":""},"tablet":{"background-color":"","background-image":"","background-repeat":"repeat","background-position":"center center","background-size":"auto","background-attachment":"scroll","background-type":"","background-media":"","overlay-type":"","overlay-color":"","overlay-opacity":"","overlay-gradient":""},"mobile":{"background-color":"","background-image":"","background-repeat":"repeat","background-position":"center center","background-size":"auto","background-attachment":"scroll","background-type":"","background-media":"","overlay-type":"","overlay-color":"","overlay-opacity":"","overlay-gradient":""}},"ast-content-background-meta":{"desktop":{"background-color":"var(--ast-global-color-5)","background-image":"","background-repeat":"repeat","background-position":"center center","background-size":"auto","background-attachment":"scroll","background-type":"","background-media":"","overlay-type":"","overlay-color":"","overlay-opacity":"","overlay-gradient":""},"tablet":{"background-color":"var(--ast-global-color-5)","background-image":"","background-repeat":"repeat","background-position":"center center","background-size":"auto","background-attachment":"scroll","background-type":"","background-media":"","overlay-type":"","overlay-color":"","overlay-opacity":"","overlay-gradient":""},"mobile":{"background-color":"var(--ast-global-color-5)","background-image":"","background-repeat":"repeat","background-position":"center center","background-size":"auto","background-attachment":"scroll","background-type":"","background-media":"","overlay-type":"","overlay-color":"","overlay-opacity":"","overlay-gradient":""}}},"product_brand":[],"product_cat":[29],"product_tag":[76],"class_list":{"0":"post-7231","1":"product","2":"type-product","3":"status-publish","4":"has-post-thumbnail","6":"product_cat-unisex","7":"product_tag-paris-corner","8":"desktop-align-left","9":"tablet-align-left","10":"mobile-align-left","12":"first","13":"instock","14":"taxable","15":"shipping-taxable","16":"purchasable","17":"product-type-simple"},"uagb_featured_image_src":{"full":["https:\/\/sensacionarabe.com\/Mayoristas\/wp-content\/uploads\/2025\/03\/1000099095.jpg",843,1412,false],"thumbnail":["https:\/\/sensacionarabe.com\/Mayoristas\/wp-content\/uploads\/2025\/03\/1000099095-150x150.jpg",150,150,true],"medium":["https:\/\/sensacionarabe.com\/Mayoristas\/wp-content\/uploads\/2025\/03\/1000099095-179x300.jpg",179,300,true],"medium_large":["https:\/\/sensacionarabe.com\/Mayoristas\/wp-content\/uploads\/2025\/03\/1000099095-768x1286.jpg",768,1286,true],"large":["https:\/\/sensacionarabe.com\/Mayoristas\/wp-content\/uploads\/2025\/03\/1000099095-611x1024.jpg",611,1024,true],"1536x1536":["https:\/\/sensacionarabe.com\/Mayoristas\/wp-content\/uploads\/2025\/03\/1000099095.jpg",843,1412,false],"2048x2048":["https:\/\/sensacionarabe.com\/Mayoristas\/wp-content\/uploads\/2025\/03\/1000099095.jpg",843,1412,false],"woocommerce_thumbnail":["https:\/\/sensacionarabe.com\/Mayoristas\/wp-content\/uploads\/2025\/03\/1000099095-300x300.jpg",300,300,true],"woocommerce_single":["https:\/\/sensacionarabe.com\/Mayoristas\/wp-content\/uploads\/2025\/03\/1000099095-600x1005.jpg",600,1005,true],"woocommerce_gallery_thumbnail":["https:\/\/sensacionarabe.com\/Mayoristas\/wp-content\/uploads\/2025\/03\/1000099095-100x100.jpg",100,100,true],"variation_swatches_image_size":["https:\/\/sensacionarabe.com\/Mayoristas\/wp-content\/uploads\/2025\/03\/1000099095.jpg",30,50,false],"variation_swatches_tooltip_size":["https:\/\/sensacionarabe.com\/Mayoristas\/wp-content\/uploads\/2025\/03\/1000099095.jpg",60,100,false]},"uagb_author_info":{"display_name":"admin","author_link":"https:\/\/sensacionarabe.com\/Mayoristas\/author\/"},"uagb_comment_info":0,"uagb_excerpt":"Perfume Paris Corner Oud Holidays: el lujo de una experiencia olfativa \u00fanica Descubra el perfume Paris Corner Oud Holidays: la esencia de la elegancia. El perfume Paris Corner Oud Holidays es una obra maestra olfativa creada para los amantes del lujo y la sofisticaci\u00f3n. Esta fragancia unisex combina notas orientales y mediterr\u00e1neas para ofrecer una&hellip;","_links":{"self":[{"href":"https:\/\/sensacionarabe.com\/Mayoristas\/wp-json\/wp\/v2\/product\/7231","targetHints":{"allow":["GET"]}}],"collection":[{"href":"https:\/\/sensacionarabe.com\/Mayoristas\/wp-json\/wp\/v2\/product"}],"about":[{"href":"https:\/\/sensacionarabe.com\/Mayoristas\/wp-json\/wp\/v2\/types\/product"}],"replies":[{"embeddable":true,"href":"https:\/\/sensacionarabe.com\/Mayoristas\/wp-json\/wp\/v2\/comments?post=7231"}],"version-history":[{"count":0,"href":"https:\/\/sensacionarabe.com\/Mayoristas\/wp-json\/wp\/v2\/product\/7231\/revisions"}],"wp:featuredmedia":[{"embeddable":true,"href":"https:\/\/sensacionarabe.com\/Mayoristas\/wp-json\/wp\/v2\/media\/7229"}],"wp:attachment":[{"href":"https:\/\/sensacionarabe.com\/Mayoristas\/wp-json\/wp\/v2\/media?parent=7231"}],"wp:term":[{"taxonomy":"product_brand","embeddable":true,"href":"https:\/\/sensacionarabe.com\/Mayoristas\/wp-json\/wp\/v2\/product_brand?post=7231"},{"taxonomy":"product_cat","embeddable":true,"href":"https:\/\/sensacionarabe.com\/Mayoristas\/wp-json\/wp\/v2\/product_cat?post=7231"},{"taxonomy":"product_tag","embeddable":true,"href":"https:\/\/sensacionarabe.com\/Mayoristas\/wp-json\/wp\/v2\/product_tag?post=7231"}],"curies":[{"name":"wp","href":"https:\/\/api.w.org\/{rel}","templated":true}]}}