{"id":7233,"date":"2025-03-23T22:34:08","date_gmt":"2025-03-23T21:34:08","guid":{"rendered":"https:\/\/sensacionarabe.com\/Mayoristas\/producto\/paris-corner-rua-extrait-de-perfum-100ml\/"},"modified":"2025-05-27T15:49:14","modified_gmt":"2025-05-27T13:49:14","slug":"paris-corner-rua-extrait-de-perfum-100ml","status":"publish","type":"product","link":"https:\/\/sensacionarabe.com\/Mayoristas\/producto\/paris-corner-rua-extrait-de-perfum-100ml\/","title":{"rendered":"Paris corner rua Extrait De perfum 100ml"},"content":{"rendered":"<p>El mundo de las fragancias es rico y variado, y ofrece un sinf\u00edn de opciones para seducir nuestros sentidos. Entre estos tesoros olfativos, el extracto de perfume Rua (Blanco) 100ml por Rinc\u00f3n de Par\u00eds es particularmente peculiar. Este art\u00edculo profundiza en esta fragancia \u00fanica, revelando sus secretos, sus notas distintivas y por qu\u00e9 merece un lugar en su colecci\u00f3n.<\/p>\n<p>Una fragancia que deja una huella inolvidable<br \/>\nLo primero que se nota con el Perfume Rua en 100 mles su incre\u00edble capacidad para dejar una huella olfativa. Desde el primer momento, el olfato se ve transportado por un torbellino de aromas sutiles y potentes a la vez. Es el tipo de fragancia que es dif\u00edcil de olvidar, y deja una impresi\u00f3n duradera, ya sea en ti mismo o en los que te rodean.<\/p>\n<p>El incomparable encanto de Rua (Blanco) radica en su perfecto equilibrio entre sofisticaci\u00f3n y accesibilidad. Es una fragancia que gusta no s\u00f3lo por su aroma, sino tambi\u00e9n por la sensaci\u00f3n de confianza y misterio que transmite. Esto hace de Rua no s\u00f3lo una valiosa adici\u00f3n a cualquier colecci\u00f3n personal, sino tambi\u00e9n un regalo ideal para alguien especial.<\/p>\n<p>Notas olfativas :<br \/>\nNotas altas Litchi, pera y bergamota<br \/>\nNotas de coraz\u00f3n Rosa de Turqu\u00eda, madera de agar (oud) e incienso<br \/>\nPara las notas de fondo Vainilla, \u00e1mbar y notas amaderadas.<\/p>\n","protected":false},"excerpt":{"rendered":"<p>El mundo de las fragancias es rico y variado, y ofrece un sinf\u00edn de opciones para seducir nuestros sentidos. Entre estos tesoros olfativos, el extracto de perfume Rua (Blanco) 100ml por Rinc\u00f3n de Par\u00eds es particularmente peculiar. Este art\u00edculo profundiza en esta fragancia \u00fanica, revelando sus secretos, sus notas distintivas y por qu\u00e9 merece un [&hellip;]<\/p>\n","protected":false},"featured_media":7232,"comment_status":"open","ping_status":"closed","template":"","meta":{"nf_dc_page":"","_uag_custom_page_level_css":"","site-sidebar-layout":"default","site-content-layout":"","ast-site-content-layout":"default","site-content-style":"default","site-sidebar-style":"default","ast-global-header-display":"","ast-banner-title-visibility":"","ast-main-header-display":"","ast-hfb-above-header-display":"","ast-hfb-below-header-display":"","ast-hfb-mobile-header-display":"","site-post-title":"","ast-breadcrumbs-content":"","ast-featured-img":"","footer-sml-layout":"","ast-disable-related-posts":"","theme-transparent-header-meta":"","adv-header-id-meta":"","stick-header-meta":"","header-above-stick-meta":"","header-main-stick-meta":"","header-below-stick-meta":"","astra-migrate-meta-layouts":"default","ast-page-background-enabled":"default","ast-page-background-meta":{"desktop":{"background-color":"","background-image":"","background-repeat":"repeat","background-position":"center center","background-size":"auto","background-attachment":"scroll","background-type":"","background-media":"","overlay-type":"","overlay-color":"","overlay-opacity":"","overlay-gradient":""},"tablet":{"background-color":"","background-image":"","background-repeat":"repeat","background-position":"center center","background-size":"auto","background-attachment":"scroll","background-type":"","background-media":"","overlay-type":"","overlay-color":"","overlay-opacity":"","overlay-gradient":""},"mobile":{"background-color":"","background-image":"","background-repeat":"repeat","background-position":"center center","background-size":"auto","background-attachment":"scroll","background-type":"","background-media":"","overlay-type":"","overlay-color":"","overlay-opacity":"","overlay-gradient":""}},"ast-content-background-meta":{"desktop":{"background-color":"var(--ast-global-color-5)","background-image":"","background-repeat":"repeat","background-position":"center center","background-size":"auto","background-attachment":"scroll","background-type":"","background-media":"","overlay-type":"","overlay-color":"","overlay-opacity":"","overlay-gradient":""},"tablet":{"background-color":"var(--ast-global-color-5)","background-image":"","background-repeat":"repeat","background-position":"center center","background-size":"auto","background-attachment":"scroll","background-type":"","background-media":"","overlay-type":"","overlay-color":"","overlay-opacity":"","overlay-gradient":""},"mobile":{"background-color":"var(--ast-global-color-5)","background-image":"","background-repeat":"repeat","background-position":"center center","background-size":"auto","background-attachment":"scroll","background-type":"","background-media":"","overlay-type":"","overlay-color":"","overlay-opacity":"","overlay-gradient":""}}},"product_brand":[],"product_cat":[49],"product_tag":[76],"class_list":{"0":"post-7233","1":"product","2":"type-product","3":"status-publish","4":"has-post-thumbnail","6":"product_cat-mujer","7":"product_tag-paris-corner","8":"desktop-align-left","9":"tablet-align-left","10":"mobile-align-left","12":"first","13":"instock","14":"taxable","15":"shipping-taxable","16":"purchasable","17":"product-type-simple"},"uagb_featured_image_src":{"full":["https:\/\/sensacionarabe.com\/Mayoristas\/wp-content\/uploads\/2025\/03\/1000099097.jpg",760,781,false],"thumbnail":["https:\/\/sensacionarabe.com\/Mayoristas\/wp-content\/uploads\/2025\/03\/1000099097-150x150.jpg",150,150,true],"medium":["https:\/\/sensacionarabe.com\/Mayoristas\/wp-content\/uploads\/2025\/03\/1000099097-292x300.jpg",292,300,true],"medium_large":["https:\/\/sensacionarabe.com\/Mayoristas\/wp-content\/uploads\/2025\/03\/1000099097.jpg",760,781,false],"large":["https:\/\/sensacionarabe.com\/Mayoristas\/wp-content\/uploads\/2025\/03\/1000099097.jpg",760,781,false],"1536x1536":["https:\/\/sensacionarabe.com\/Mayoristas\/wp-content\/uploads\/2025\/03\/1000099097.jpg",760,781,false],"2048x2048":["https:\/\/sensacionarabe.com\/Mayoristas\/wp-content\/uploads\/2025\/03\/1000099097.jpg",760,781,false],"woocommerce_thumbnail":["https:\/\/sensacionarabe.com\/Mayoristas\/wp-content\/uploads\/2025\/03\/1000099097-300x300.jpg",300,300,true],"woocommerce_single":["https:\/\/sensacionarabe.com\/Mayoristas\/wp-content\/uploads\/2025\/03\/1000099097-600x617.jpg",600,617,true],"woocommerce_gallery_thumbnail":["https:\/\/sensacionarabe.com\/Mayoristas\/wp-content\/uploads\/2025\/03\/1000099097-100x100.jpg",100,100,true],"variation_swatches_image_size":["https:\/\/sensacionarabe.com\/Mayoristas\/wp-content\/uploads\/2025\/03\/1000099097.jpg",50,50,false],"variation_swatches_tooltip_size":["https:\/\/sensacionarabe.com\/Mayoristas\/wp-content\/uploads\/2025\/03\/1000099097.jpg",97,100,false]},"uagb_author_info":{"display_name":"admin","author_link":"https:\/\/sensacionarabe.com\/Mayoristas\/author\/"},"uagb_comment_info":0,"uagb_excerpt":"El mundo de las fragancias es rico y variado, y ofrece un sinf\u00edn de opciones para seducir nuestros sentidos. Entre estos tesoros olfativos, el extracto de perfume Rua (Blanco) 100ml por Rinc\u00f3n de Par\u00eds es particularmente peculiar. Este art\u00edculo profundiza en esta fragancia \u00fanica, revelando sus secretos, sus notas distintivas y por qu\u00e9 merece un&hellip;","_links":{"self":[{"href":"https:\/\/sensacionarabe.com\/Mayoristas\/wp-json\/wp\/v2\/product\/7233","targetHints":{"allow":["GET"]}}],"collection":[{"href":"https:\/\/sensacionarabe.com\/Mayoristas\/wp-json\/wp\/v2\/product"}],"about":[{"href":"https:\/\/sensacionarabe.com\/Mayoristas\/wp-json\/wp\/v2\/types\/product"}],"replies":[{"embeddable":true,"href":"https:\/\/sensacionarabe.com\/Mayoristas\/wp-json\/wp\/v2\/comments?post=7233"}],"version-history":[{"count":1,"href":"https:\/\/sensacionarabe.com\/Mayoristas\/wp-json\/wp\/v2\/product\/7233\/revisions"}],"predecessor-version":[{"id":7235,"href":"https:\/\/sensacionarabe.com\/Mayoristas\/wp-json\/wp\/v2\/product\/7233\/revisions\/7235"}],"wp:featuredmedia":[{"embeddable":true,"href":"https:\/\/sensacionarabe.com\/Mayoristas\/wp-json\/wp\/v2\/media\/7232"}],"wp:attachment":[{"href":"https:\/\/sensacionarabe.com\/Mayoristas\/wp-json\/wp\/v2\/media?parent=7233"}],"wp:term":[{"taxonomy":"product_brand","embeddable":true,"href":"https:\/\/sensacionarabe.com\/Mayoristas\/wp-json\/wp\/v2\/product_brand?post=7233"},{"taxonomy":"product_cat","embeddable":true,"href":"https:\/\/sensacionarabe.com\/Mayoristas\/wp-json\/wp\/v2\/product_cat?post=7233"},{"taxonomy":"product_tag","embeddable":true,"href":"https:\/\/sensacionarabe.com\/Mayoristas\/wp-json\/wp\/v2\/product_tag?post=7233"}],"curies":[{"name":"wp","href":"https:\/\/api.w.org\/{rel}","templated":true}]}}