{"id":7353,"date":"2025-04-15T20:38:13","date_gmt":"2025-04-15T18:38:13","guid":{"rendered":"https:\/\/sensacionarabe.com\/Mayoristas\/producto\/maison-asrar-vainilla-voyage-eau-de-perfum-100ml\/"},"modified":"2026-04-20T20:41:05","modified_gmt":"2026-04-20T18:41:05","slug":"maison-asrar-vainilla-voyage-eau-de-perfum-100ml","status":"publish","type":"product","link":"https:\/\/sensacionarabe.com\/Mayoristas\/producto\/maison-asrar-vainilla-voyage-eau-de-perfum-100ml\/","title":{"rendered":"Maison Asrar Vanilla Voyage Eau de Perfum 100ml"},"content":{"rendered":"<p>Vanilla Voyage de MAISON ASRAR es una fragancia de la familia olfativa Oriental Vainilla para Hombres y Mujeres. Esta fragrancia es nueva. Vanilla Voyage se lanz\u00f3 en 2025. Las Notas de Salida son mantequilla y caramelo; las Notas de Coraz\u00f3n son haba tonka, miel y jazm\u00edn; las Notas de Fondo son vainilla, \u00e1mbar y almizcle<\/p>\n","protected":false},"excerpt":{"rendered":"<p>Vanilla Voyage de MAISON ASRAR es una fragancia de la familia olfativa Oriental Vainilla para Hombres y Mujeres. Esta fragrancia es nueva. Vanilla Voyage se lanz\u00f3 en 2025. Las Notas de Salida son mantequilla y caramelo; las Notas de Coraz\u00f3n son haba tonka, miel y jazm\u00edn; las Notas de Fondo son vainilla, \u00e1mbar y almizcle<\/p>\n","protected":false},"featured_media":7351,"comment_status":"open","ping_status":"closed","template":"","meta":{"nf_dc_page":"","_uag_custom_page_level_css":"","site-sidebar-layout":"default","site-content-layout":"","ast-site-content-layout":"default","site-content-style":"default","site-sidebar-style":"default","ast-global-header-display":"","ast-banner-title-visibility":"","ast-main-header-display":"","ast-hfb-above-header-display":"","ast-hfb-below-header-display":"","ast-hfb-mobile-header-display":"","site-post-title":"","ast-breadcrumbs-content":"","ast-featured-img":"","footer-sml-layout":"","ast-disable-related-posts":"","theme-transparent-header-meta":"","adv-header-id-meta":"","stick-header-meta":"","header-above-stick-meta":"","header-main-stick-meta":"","header-below-stick-meta":"","astra-migrate-meta-layouts":"default","ast-page-background-enabled":"default","ast-page-background-meta":{"desktop":{"background-color":"","background-image":"","background-repeat":"repeat","background-position":"center center","background-size":"auto","background-attachment":"scroll","background-type":"","background-media":"","overlay-type":"","overlay-color":"","overlay-opacity":"","overlay-gradient":""},"tablet":{"background-color":"","background-image":"","background-repeat":"repeat","background-position":"center center","background-size":"auto","background-attachment":"scroll","background-type":"","background-media":"","overlay-type":"","overlay-color":"","overlay-opacity":"","overlay-gradient":""},"mobile":{"background-color":"","background-image":"","background-repeat":"repeat","background-position":"center center","background-size":"auto","background-attachment":"scroll","background-type":"","background-media":"","overlay-type":"","overlay-color":"","overlay-opacity":"","overlay-gradient":""}},"ast-content-background-meta":{"desktop":{"background-color":"var(--ast-global-color-5)","background-image":"","background-repeat":"repeat","background-position":"center center","background-size":"auto","background-attachment":"scroll","background-type":"","background-media":"","overlay-type":"","overlay-color":"","overlay-opacity":"","overlay-gradient":""},"tablet":{"background-color":"var(--ast-global-color-5)","background-image":"","background-repeat":"repeat","background-position":"center center","background-size":"auto","background-attachment":"scroll","background-type":"","background-media":"","overlay-type":"","overlay-color":"","overlay-opacity":"","overlay-gradient":""},"mobile":{"background-color":"var(--ast-global-color-5)","background-image":"","background-repeat":"repeat","background-position":"center center","background-size":"auto","background-attachment":"scroll","background-type":"","background-media":"","overlay-type":"","overlay-color":"","overlay-opacity":"","overlay-gradient":""}}},"product_brand":[],"product_cat":[29],"product_tag":[77],"class_list":{"0":"post-7353","1":"product","2":"type-product","3":"status-publish","4":"has-post-thumbnail","6":"product_cat-unisex","7":"product_tag-maison-asrar","8":"desktop-align-left","9":"tablet-align-left","10":"mobile-align-left","12":"first","13":"instock","14":"taxable","15":"shipping-taxable","16":"purchasable","17":"product-type-simple"},"uagb_featured_image_src":{"full":["https:\/\/sensacionarabe.com\/Mayoristas\/wp-content\/uploads\/2025\/04\/1000117556.jpg",715,737,false],"thumbnail":["https:\/\/sensacionarabe.com\/Mayoristas\/wp-content\/uploads\/2025\/04\/1000117556-150x150.jpg",150,150,true],"medium":["https:\/\/sensacionarabe.com\/Mayoristas\/wp-content\/uploads\/2025\/04\/1000117556-291x300.jpg",291,300,true],"medium_large":["https:\/\/sensacionarabe.com\/Mayoristas\/wp-content\/uploads\/2025\/04\/1000117556.jpg",715,737,false],"large":["https:\/\/sensacionarabe.com\/Mayoristas\/wp-content\/uploads\/2025\/04\/1000117556.jpg",715,737,false],"1536x1536":["https:\/\/sensacionarabe.com\/Mayoristas\/wp-content\/uploads\/2025\/04\/1000117556.jpg",715,737,false],"2048x2048":["https:\/\/sensacionarabe.com\/Mayoristas\/wp-content\/uploads\/2025\/04\/1000117556.jpg",715,737,false],"woocommerce_thumbnail":["https:\/\/sensacionarabe.com\/Mayoristas\/wp-content\/uploads\/2025\/04\/1000117556-300x300.jpg",300,300,true],"woocommerce_single":["https:\/\/sensacionarabe.com\/Mayoristas\/wp-content\/uploads\/2025\/04\/1000117556-600x618.jpg",600,618,true],"woocommerce_gallery_thumbnail":["https:\/\/sensacionarabe.com\/Mayoristas\/wp-content\/uploads\/2025\/04\/1000117556-100x100.jpg",100,100,true],"variation_swatches_image_size":["https:\/\/sensacionarabe.com\/Mayoristas\/wp-content\/uploads\/2025\/04\/1000117556.jpg",50,50,false],"variation_swatches_tooltip_size":["https:\/\/sensacionarabe.com\/Mayoristas\/wp-content\/uploads\/2025\/04\/1000117556.jpg",97,100,false]},"uagb_author_info":{"display_name":"admin","author_link":"https:\/\/sensacionarabe.com\/Mayoristas\/author\/"},"uagb_comment_info":0,"uagb_excerpt":"Vanilla Voyage de MAISON ASRAR es una fragancia de la familia olfativa Oriental Vainilla para Hombres y Mujeres. Esta fragrancia es nueva. Vanilla Voyage se lanz\u00f3 en 2025. Las Notas de Salida son mantequilla y caramelo; las Notas de Coraz\u00f3n son haba tonka, miel y jazm\u00edn; las Notas de Fondo son vainilla, \u00e1mbar y almizcle","_links":{"self":[{"href":"https:\/\/sensacionarabe.com\/Mayoristas\/wp-json\/wp\/v2\/product\/7353","targetHints":{"allow":["GET"]}}],"collection":[{"href":"https:\/\/sensacionarabe.com\/Mayoristas\/wp-json\/wp\/v2\/product"}],"about":[{"href":"https:\/\/sensacionarabe.com\/Mayoristas\/wp-json\/wp\/v2\/types\/product"}],"replies":[{"embeddable":true,"href":"https:\/\/sensacionarabe.com\/Mayoristas\/wp-json\/wp\/v2\/comments?post=7353"}],"version-history":[{"count":3,"href":"https:\/\/sensacionarabe.com\/Mayoristas\/wp-json\/wp\/v2\/product\/7353\/revisions"}],"predecessor-version":[{"id":9189,"href":"https:\/\/sensacionarabe.com\/Mayoristas\/wp-json\/wp\/v2\/product\/7353\/revisions\/9189"}],"wp:featuredmedia":[{"embeddable":true,"href":"https:\/\/sensacionarabe.com\/Mayoristas\/wp-json\/wp\/v2\/media\/7351"}],"wp:attachment":[{"href":"https:\/\/sensacionarabe.com\/Mayoristas\/wp-json\/wp\/v2\/media?parent=7353"}],"wp:term":[{"taxonomy":"product_brand","embeddable":true,"href":"https:\/\/sensacionarabe.com\/Mayoristas\/wp-json\/wp\/v2\/product_brand?post=7353"},{"taxonomy":"product_cat","embeddable":true,"href":"https:\/\/sensacionarabe.com\/Mayoristas\/wp-json\/wp\/v2\/product_cat?post=7353"},{"taxonomy":"product_tag","embeddable":true,"href":"https:\/\/sensacionarabe.com\/Mayoristas\/wp-json\/wp\/v2\/product_tag?post=7353"}],"curies":[{"name":"wp","href":"https:\/\/api.w.org\/{rel}","templated":true}]}}