{"id":7358,"date":"2025-04-15T21:40:09","date_gmt":"2025-04-15T19:40:09","guid":{"rendered":"https:\/\/sensacionarabe.com\/Mayoristas\/producto\/paris-corner-emir-voux-turquoise-eau-de-perfum-100ml\/"},"modified":"2026-03-10T14:59:36","modified_gmt":"2026-03-10T13:59:36","slug":"paris-corner-emir-voux-turquoise-eau-de-perfum-100ml","status":"publish","type":"product","link":"https:\/\/sensacionarabe.com\/Mayoristas\/producto\/paris-corner-emir-voux-turquoise-eau-de-perfum-100ml\/","title":{"rendered":"Paris corner  Emir Voux Turquoise Eau de perfum 100ml"},"content":{"rendered":"<p>Voux turquesa es una peque\u00f1a joya afrutado para abrir el apetito. De hecho, sus aromas deliciosamente dulces combinan a la perfecci\u00f3n con las notas orientales. Es innegablemente un suavidad sin la que no podr\u00e1s vivir. Porque te va a sublimar con un delicadeza a un lado.<\/p>\n<p>Del\u00e9itese con la turquesa de Voux<br \/>\nLa introducci\u00f3n de este n\u00e9ctar comienza con la alegr\u00eda de la naranja siciliana. Pero no viene sola. De hecho, su presencia aporta el toque indispensable de dulce desde el principio. Bergamota y Lim\u00f3n son sus amigos. espumoso y fresco a m\u00e1s no poder. Los primeros segundos de este encantamiento olfativo le despertar\u00e1n con alegr\u00eda. Despu\u00e9s, la fruta contin\u00faa el dulce deleite. Pero con un ligereza colorido para deleitarle. Por \u00faltimo, el ramo final ser\u00e1 extremadamente suave y profundo. El almizcle blanco iluminar\u00e1 cada rinc\u00f3n de la habitaci\u00f3n con su suavidad. floral.<\/p>\n<p>Este aroma te tranquilizar\u00e1. Y te dar\u00e1 un bienestar La vainilla de Madagascar intensifica la fragancia. El \u00e1mbar, como de costumbre, resalta la fuerza de la fragancia. Pero tambi\u00e9n la calidez de esta fragancia, como lo hace admirablemente en Piel c\u00e1lida.<\/p>\n","protected":false},"excerpt":{"rendered":"<p>Voux turquesa es una peque\u00f1a joya afrutado para abrir el apetito. De hecho, sus aromas deliciosamente dulces combinan a la perfecci\u00f3n con las notas orientales. Es innegablemente un suavidad sin la que no podr\u00e1s vivir. Porque te va a sublimar con un delicadeza a un lado. Del\u00e9itese con la turquesa de Voux La introducci\u00f3n de [&hellip;]<\/p>\n","protected":false},"featured_media":7357,"comment_status":"open","ping_status":"closed","template":"","meta":{"nf_dc_page":"","_uag_custom_page_level_css":"","site-sidebar-layout":"default","site-content-layout":"","ast-site-content-layout":"default","site-content-style":"default","site-sidebar-style":"default","ast-global-header-display":"","ast-banner-title-visibility":"","ast-main-header-display":"","ast-hfb-above-header-display":"","ast-hfb-below-header-display":"","ast-hfb-mobile-header-display":"","site-post-title":"","ast-breadcrumbs-content":"","ast-featured-img":"","footer-sml-layout":"","ast-disable-related-posts":"","theme-transparent-header-meta":"","adv-header-id-meta":"","stick-header-meta":"","header-above-stick-meta":"","header-main-stick-meta":"","header-below-stick-meta":"","astra-migrate-meta-layouts":"default","ast-page-background-enabled":"default","ast-page-background-meta":{"desktop":{"background-color":"","background-image":"","background-repeat":"repeat","background-position":"center center","background-size":"auto","background-attachment":"scroll","background-type":"","background-media":"","overlay-type":"","overlay-color":"","overlay-opacity":"","overlay-gradient":""},"tablet":{"background-color":"","background-image":"","background-repeat":"repeat","background-position":"center center","background-size":"auto","background-attachment":"scroll","background-type":"","background-media":"","overlay-type":"","overlay-color":"","overlay-opacity":"","overlay-gradient":""},"mobile":{"background-color":"","background-image":"","background-repeat":"repeat","background-position":"center center","background-size":"auto","background-attachment":"scroll","background-type":"","background-media":"","overlay-type":"","overlay-color":"","overlay-opacity":"","overlay-gradient":""}},"ast-content-background-meta":{"desktop":{"background-color":"var(--ast-global-color-5)","background-image":"","background-repeat":"repeat","background-position":"center center","background-size":"auto","background-attachment":"scroll","background-type":"","background-media":"","overlay-type":"","overlay-color":"","overlay-opacity":"","overlay-gradient":""},"tablet":{"background-color":"var(--ast-global-color-5)","background-image":"","background-repeat":"repeat","background-position":"center center","background-size":"auto","background-attachment":"scroll","background-type":"","background-media":"","overlay-type":"","overlay-color":"","overlay-opacity":"","overlay-gradient":""},"mobile":{"background-color":"var(--ast-global-color-5)","background-image":"","background-repeat":"repeat","background-position":"center center","background-size":"auto","background-attachment":"scroll","background-type":"","background-media":"","overlay-type":"","overlay-color":"","overlay-opacity":"","overlay-gradient":""}}},"product_brand":[],"product_cat":[29],"product_tag":[76],"class_list":{"0":"post-7358","1":"product","2":"type-product","3":"status-publish","4":"has-post-thumbnail","6":"product_cat-unisex","7":"product_tag-paris-corner","8":"desktop-align-left","9":"tablet-align-left","10":"mobile-align-left","12":"first","13":"instock","14":"taxable","15":"shipping-taxable","16":"purchasable","17":"product-type-simple"},"uagb_featured_image_src":{"full":["https:\/\/sensacionarabe.com\/Mayoristas\/wp-content\/uploads\/2025\/04\/1000117592.jpg",1000,1000,false],"thumbnail":["https:\/\/sensacionarabe.com\/Mayoristas\/wp-content\/uploads\/2025\/04\/1000117592-150x150.jpg",150,150,true],"medium":["https:\/\/sensacionarabe.com\/Mayoristas\/wp-content\/uploads\/2025\/04\/1000117592-300x300.jpg",300,300,true],"medium_large":["https:\/\/sensacionarabe.com\/Mayoristas\/wp-content\/uploads\/2025\/04\/1000117592-768x768.jpg",768,768,true],"large":["https:\/\/sensacionarabe.com\/Mayoristas\/wp-content\/uploads\/2025\/04\/1000117592.jpg",1000,1000,false],"1536x1536":["https:\/\/sensacionarabe.com\/Mayoristas\/wp-content\/uploads\/2025\/04\/1000117592.jpg",1000,1000,false],"2048x2048":["https:\/\/sensacionarabe.com\/Mayoristas\/wp-content\/uploads\/2025\/04\/1000117592.jpg",1000,1000,false],"woocommerce_thumbnail":["https:\/\/sensacionarabe.com\/Mayoristas\/wp-content\/uploads\/2025\/04\/1000117592-300x300.jpg",300,300,true],"woocommerce_single":["https:\/\/sensacionarabe.com\/Mayoristas\/wp-content\/uploads\/2025\/04\/1000117592-600x600.jpg",600,600,true],"woocommerce_gallery_thumbnail":["https:\/\/sensacionarabe.com\/Mayoristas\/wp-content\/uploads\/2025\/04\/1000117592-100x100.jpg",100,100,true],"variation_swatches_image_size":["https:\/\/sensacionarabe.com\/Mayoristas\/wp-content\/uploads\/2025\/04\/1000117592.jpg",50,50,false],"variation_swatches_tooltip_size":["https:\/\/sensacionarabe.com\/Mayoristas\/wp-content\/uploads\/2025\/04\/1000117592.jpg",100,100,false]},"uagb_author_info":{"display_name":"admin","author_link":"https:\/\/sensacionarabe.com\/Mayoristas\/author\/"},"uagb_comment_info":0,"uagb_excerpt":"Voux turquesa es una peque\u00f1a joya afrutado para abrir el apetito. De hecho, sus aromas deliciosamente dulces combinan a la perfecci\u00f3n con las notas orientales. Es innegablemente un suavidad sin la que no podr\u00e1s vivir. Porque te va a sublimar con un delicadeza a un lado. Del\u00e9itese con la turquesa de Voux La introducci\u00f3n de&hellip;","_links":{"self":[{"href":"https:\/\/sensacionarabe.com\/Mayoristas\/wp-json\/wp\/v2\/product\/7358","targetHints":{"allow":["GET"]}}],"collection":[{"href":"https:\/\/sensacionarabe.com\/Mayoristas\/wp-json\/wp\/v2\/product"}],"about":[{"href":"https:\/\/sensacionarabe.com\/Mayoristas\/wp-json\/wp\/v2\/types\/product"}],"replies":[{"embeddable":true,"href":"https:\/\/sensacionarabe.com\/Mayoristas\/wp-json\/wp\/v2\/comments?post=7358"}],"version-history":[{"count":0,"href":"https:\/\/sensacionarabe.com\/Mayoristas\/wp-json\/wp\/v2\/product\/7358\/revisions"}],"wp:featuredmedia":[{"embeddable":true,"href":"https:\/\/sensacionarabe.com\/Mayoristas\/wp-json\/wp\/v2\/media\/7357"}],"wp:attachment":[{"href":"https:\/\/sensacionarabe.com\/Mayoristas\/wp-json\/wp\/v2\/media?parent=7358"}],"wp:term":[{"taxonomy":"product_brand","embeddable":true,"href":"https:\/\/sensacionarabe.com\/Mayoristas\/wp-json\/wp\/v2\/product_brand?post=7358"},{"taxonomy":"product_cat","embeddable":true,"href":"https:\/\/sensacionarabe.com\/Mayoristas\/wp-json\/wp\/v2\/product_cat?post=7358"},{"taxonomy":"product_tag","embeddable":true,"href":"https:\/\/sensacionarabe.com\/Mayoristas\/wp-json\/wp\/v2\/product_tag?post=7358"}],"curies":[{"name":"wp","href":"https:\/\/api.w.org\/{rel}","templated":true}]}}