{"id":7360,"date":"2025-04-15T21:58:42","date_gmt":"2025-04-15T19:58:42","guid":{"rendered":"https:\/\/sensacionarabe.com\/Mayoristas\/producto\/paris-corner-emir-voux-violette-eau-de-perfum-100ml\/"},"modified":"2025-05-27T15:47:17","modified_gmt":"2025-05-27T13:47:17","slug":"paris-corner-emir-voux-violette-eau-de-perfum-100ml","status":"publish","type":"product","link":"https:\/\/sensacionarabe.com\/Mayoristas\/producto\/paris-corner-emir-voux-violette-eau-de-perfum-100ml\/","title":{"rendered":"Paris corner emir  voux violette Eau de perfum 100ml"},"content":{"rendered":"<p>Cuando el aromas florales, afrutados y almizclados se re\u00fanen, el resultado es Agua de perfume Voux violette. Una creaci\u00f3n olfativa de Emir, de la marca Rinc\u00f3n de Par\u00edsque har\u00e1 las delicias de todos los fans de fragancia mixta.<\/p>\n<p>Eau de parfum Voux violette, \u00a1atr\u00e9vete a ser excelente!<br \/>\nA veces puede resultar dif\u00edcil elegir una fragancia entre una amplia gama de productos. perfumer\u00eda en l\u00ednea. De hecho, no es posible intentar, rociar el aroma para que podamos elegir si nos conviene o no. Sin embargo, las palabras pueden describir perfectamente sentimientos, recuerdos e incluso olores. As\u00ed que eso es lo que vamos a hacer describiendo el pir\u00e1mide olfativa de este sabor a pi\u00f1a.<\/p>\n<p>En primer lugar, nos encontramos con la fragante pi\u00f1a y la singular flor del jacinto. Es un maridaje que no se suele encontrar en perfumer\u00eda y, sin embargo, cada vez es m\u00e1s posible. Las notas de salida son afrutadas, dulces y al mismo tiempo chispeantes.<\/p>\n<p>En segundo lugar, el n\u00facleo de esta fragancia nos envuelve con jazm\u00edn, iris y pimienta rosa. Los aromas florales se ven realzados por la pimienta, que a\u00f1ade dimensi\u00f3n al eau de parfum Voux violette.<\/p>\n<p>Por \u00faltimo, las notas de fondo nos transportan al coraz\u00f3n de Oriente. De hecho, son ingredientes t\u00edpicos de la Perfume de Dubai Los aromas son ambarinos y almizclados, con un toque de vainilla para redondearlos.<\/p>\n","protected":false},"excerpt":{"rendered":"<p>Cuando el aromas florales, afrutados y almizclados se re\u00fanen, el resultado es Agua de perfume Voux violette. Una creaci\u00f3n olfativa de Emir, de la marca Rinc\u00f3n de Par\u00edsque har\u00e1 las delicias de todos los fans de fragancia mixta. Eau de parfum Voux violette, \u00a1atr\u00e9vete a ser excelente! A veces puede resultar dif\u00edcil elegir una fragancia [&hellip;]<\/p>\n","protected":false},"featured_media":7359,"comment_status":"open","ping_status":"closed","template":"","meta":{"nf_dc_page":"","_uag_custom_page_level_css":"","site-sidebar-layout":"default","site-content-layout":"","ast-site-content-layout":"default","site-content-style":"default","site-sidebar-style":"default","ast-global-header-display":"","ast-banner-title-visibility":"","ast-main-header-display":"","ast-hfb-above-header-display":"","ast-hfb-below-header-display":"","ast-hfb-mobile-header-display":"","site-post-title":"","ast-breadcrumbs-content":"","ast-featured-img":"","footer-sml-layout":"","ast-disable-related-posts":"","theme-transparent-header-meta":"","adv-header-id-meta":"","stick-header-meta":"","header-above-stick-meta":"","header-main-stick-meta":"","header-below-stick-meta":"","astra-migrate-meta-layouts":"default","ast-page-background-enabled":"default","ast-page-background-meta":{"desktop":{"background-color":"","background-image":"","background-repeat":"repeat","background-position":"center center","background-size":"auto","background-attachment":"scroll","background-type":"","background-media":"","overlay-type":"","overlay-color":"","overlay-opacity":"","overlay-gradient":""},"tablet":{"background-color":"","background-image":"","background-repeat":"repeat","background-position":"center center","background-size":"auto","background-attachment":"scroll","background-type":"","background-media":"","overlay-type":"","overlay-color":"","overlay-opacity":"","overlay-gradient":""},"mobile":{"background-color":"","background-image":"","background-repeat":"repeat","background-position":"center center","background-size":"auto","background-attachment":"scroll","background-type":"","background-media":"","overlay-type":"","overlay-color":"","overlay-opacity":"","overlay-gradient":""}},"ast-content-background-meta":{"desktop":{"background-color":"var(--ast-global-color-5)","background-image":"","background-repeat":"repeat","background-position":"center center","background-size":"auto","background-attachment":"scroll","background-type":"","background-media":"","overlay-type":"","overlay-color":"","overlay-opacity":"","overlay-gradient":""},"tablet":{"background-color":"var(--ast-global-color-5)","background-image":"","background-repeat":"repeat","background-position":"center center","background-size":"auto","background-attachment":"scroll","background-type":"","background-media":"","overlay-type":"","overlay-color":"","overlay-opacity":"","overlay-gradient":""},"mobile":{"background-color":"var(--ast-global-color-5)","background-image":"","background-repeat":"repeat","background-position":"center center","background-size":"auto","background-attachment":"scroll","background-type":"","background-media":"","overlay-type":"","overlay-color":"","overlay-opacity":"","overlay-gradient":""}}},"product_brand":[],"product_cat":[49],"product_tag":[76],"class_list":{"0":"post-7360","1":"product","2":"type-product","3":"status-publish","4":"has-post-thumbnail","6":"product_cat-mujer","7":"product_tag-paris-corner","8":"desktop-align-left","9":"tablet-align-left","10":"mobile-align-left","12":"first","13":"instock","14":"taxable","15":"shipping-taxable","16":"purchasable","17":"product-type-simple"},"uagb_featured_image_src":{"full":["https:\/\/sensacionarabe.com\/Mayoristas\/wp-content\/uploads\/2025\/04\/1000117599.jpg",381,492,false],"thumbnail":["https:\/\/sensacionarabe.com\/Mayoristas\/wp-content\/uploads\/2025\/04\/1000117599-150x150.jpg",150,150,true],"medium":["https:\/\/sensacionarabe.com\/Mayoristas\/wp-content\/uploads\/2025\/04\/1000117599-232x300.jpg",232,300,true],"medium_large":["https:\/\/sensacionarabe.com\/Mayoristas\/wp-content\/uploads\/2025\/04\/1000117599.jpg",381,492,false],"large":["https:\/\/sensacionarabe.com\/Mayoristas\/wp-content\/uploads\/2025\/04\/1000117599.jpg",381,492,false],"1536x1536":["https:\/\/sensacionarabe.com\/Mayoristas\/wp-content\/uploads\/2025\/04\/1000117599.jpg",381,492,false],"2048x2048":["https:\/\/sensacionarabe.com\/Mayoristas\/wp-content\/uploads\/2025\/04\/1000117599.jpg",381,492,false],"woocommerce_thumbnail":["https:\/\/sensacionarabe.com\/Mayoristas\/wp-content\/uploads\/2025\/04\/1000117599-300x300.jpg",300,300,true],"woocommerce_single":["https:\/\/sensacionarabe.com\/Mayoristas\/wp-content\/uploads\/2025\/04\/1000117599.jpg",381,492,false],"woocommerce_gallery_thumbnail":["https:\/\/sensacionarabe.com\/Mayoristas\/wp-content\/uploads\/2025\/04\/1000117599-100x100.jpg",100,100,true],"variation_swatches_image_size":["https:\/\/sensacionarabe.com\/Mayoristas\/wp-content\/uploads\/2025\/04\/1000117599.jpg",39,50,false],"variation_swatches_tooltip_size":["https:\/\/sensacionarabe.com\/Mayoristas\/wp-content\/uploads\/2025\/04\/1000117599.jpg",77,100,false]},"uagb_author_info":{"display_name":"admin","author_link":"https:\/\/sensacionarabe.com\/Mayoristas\/author\/"},"uagb_comment_info":0,"uagb_excerpt":"Cuando el aromas florales, afrutados y almizclados se re\u00fanen, el resultado es Agua de perfume Voux violette. Una creaci\u00f3n olfativa de Emir, de la marca Rinc\u00f3n de Par\u00edsque har\u00e1 las delicias de todos los fans de fragancia mixta. Eau de parfum Voux violette, \u00a1atr\u00e9vete a ser excelente! A veces puede resultar dif\u00edcil elegir una fragancia&hellip;","_links":{"self":[{"href":"https:\/\/sensacionarabe.com\/Mayoristas\/wp-json\/wp\/v2\/product\/7360","targetHints":{"allow":["GET"]}}],"collection":[{"href":"https:\/\/sensacionarabe.com\/Mayoristas\/wp-json\/wp\/v2\/product"}],"about":[{"href":"https:\/\/sensacionarabe.com\/Mayoristas\/wp-json\/wp\/v2\/types\/product"}],"replies":[{"embeddable":true,"href":"https:\/\/sensacionarabe.com\/Mayoristas\/wp-json\/wp\/v2\/comments?post=7360"}],"version-history":[{"count":0,"href":"https:\/\/sensacionarabe.com\/Mayoristas\/wp-json\/wp\/v2\/product\/7360\/revisions"}],"wp:featuredmedia":[{"embeddable":true,"href":"https:\/\/sensacionarabe.com\/Mayoristas\/wp-json\/wp\/v2\/media\/7359"}],"wp:attachment":[{"href":"https:\/\/sensacionarabe.com\/Mayoristas\/wp-json\/wp\/v2\/media?parent=7360"}],"wp:term":[{"taxonomy":"product_brand","embeddable":true,"href":"https:\/\/sensacionarabe.com\/Mayoristas\/wp-json\/wp\/v2\/product_brand?post=7360"},{"taxonomy":"product_cat","embeddable":true,"href":"https:\/\/sensacionarabe.com\/Mayoristas\/wp-json\/wp\/v2\/product_cat?post=7360"},{"taxonomy":"product_tag","embeddable":true,"href":"https:\/\/sensacionarabe.com\/Mayoristas\/wp-json\/wp\/v2\/product_tag?post=7360"}],"curies":[{"name":"wp","href":"https:\/\/api.w.org\/{rel}","templated":true}]}}