{"id":7440,"date":"2025-04-27T20:41:38","date_gmt":"2025-04-27T18:41:38","guid":{"rendered":"https:\/\/sensacionarabe.com\/Mayoristas\/producto\/producto-10\/"},"modified":"2026-04-08T15:08:00","modified_gmt":"2026-04-08T13:08:00","slug":"producto-10","status":"publish","type":"product","link":"https:\/\/sensacionarabe.com\/Mayoristas\/producto\/producto-10\/","title":{"rendered":"french avenue Grecia Eau de perfum 100ml"},"content":{"rendered":"<p>Notas de cabeza\tleche, Ambrette (malva moschata)<br \/>\nNotas de coraz\u00f3n\ttuberosa, jazm\u00edn, incenso, mahonia<br \/>\nNotas de fondo\tvainilla, almizcle, haba tonka, cacao<br \/>\nTipo de fragancia\talmizclada<br \/>\nEl eau de parfum para mujer French Avenue Grecia te revelar\u00e1 lo sensual que puede ser una fragancia oriental. El enigma y la pizca de misterio que emanan de ella te cautivar\u00e1n al instante y no dejar\u00e1n indiferentes a los que te rodean.<\/p>\n<p>fragancia almizclada<br \/>\nfragancia dulce<br \/>\nfragancia arom\u00e1tica con notas herbales<br \/>\npara mujeres temperamentales y llenas de energ\u00eda<br \/>\nfragancia original para las ocasiones especiales<\/p>\n","protected":false},"excerpt":{"rendered":"<p>Notas de cabeza leche, Ambrette (malva moschata) Notas de coraz\u00f3n tuberosa, jazm\u00edn, incenso, mahonia Notas de fondo vainilla, almizcle, haba tonka, cacao Tipo de fragancia almizclada El eau de parfum para mujer French Avenue Grecia te revelar\u00e1 lo sensual que puede ser una fragancia oriental. El enigma y la pizca de misterio que emanan de [&hellip;]<\/p>\n","protected":false},"featured_media":7438,"comment_status":"open","ping_status":"closed","template":"","meta":{"nf_dc_page":"","_uag_custom_page_level_css":"","site-sidebar-layout":"default","site-content-layout":"","ast-site-content-layout":"default","site-content-style":"default","site-sidebar-style":"default","ast-global-header-display":"","ast-banner-title-visibility":"","ast-main-header-display":"","ast-hfb-above-header-display":"","ast-hfb-below-header-display":"","ast-hfb-mobile-header-display":"","site-post-title":"","ast-breadcrumbs-content":"","ast-featured-img":"","footer-sml-layout":"","ast-disable-related-posts":"","theme-transparent-header-meta":"","adv-header-id-meta":"","stick-header-meta":"","header-above-stick-meta":"","header-main-stick-meta":"","header-below-stick-meta":"","astra-migrate-meta-layouts":"default","ast-page-background-enabled":"default","ast-page-background-meta":{"desktop":{"background-color":"","background-image":"","background-repeat":"repeat","background-position":"center center","background-size":"auto","background-attachment":"scroll","background-type":"","background-media":"","overlay-type":"","overlay-color":"","overlay-opacity":"","overlay-gradient":""},"tablet":{"background-color":"","background-image":"","background-repeat":"repeat","background-position":"center center","background-size":"auto","background-attachment":"scroll","background-type":"","background-media":"","overlay-type":"","overlay-color":"","overlay-opacity":"","overlay-gradient":""},"mobile":{"background-color":"","background-image":"","background-repeat":"repeat","background-position":"center center","background-size":"auto","background-attachment":"scroll","background-type":"","background-media":"","overlay-type":"","overlay-color":"","overlay-opacity":"","overlay-gradient":""}},"ast-content-background-meta":{"desktop":{"background-color":"var(--ast-global-color-5)","background-image":"","background-repeat":"repeat","background-position":"center center","background-size":"auto","background-attachment":"scroll","background-type":"","background-media":"","overlay-type":"","overlay-color":"","overlay-opacity":"","overlay-gradient":""},"tablet":{"background-color":"var(--ast-global-color-5)","background-image":"","background-repeat":"repeat","background-position":"center center","background-size":"auto","background-attachment":"scroll","background-type":"","background-media":"","overlay-type":"","overlay-color":"","overlay-opacity":"","overlay-gradient":""},"mobile":{"background-color":"var(--ast-global-color-5)","background-image":"","background-repeat":"repeat","background-position":"center center","background-size":"auto","background-attachment":"scroll","background-type":"","background-media":"","overlay-type":"","overlay-color":"","overlay-opacity":"","overlay-gradient":""}}},"product_brand":[],"product_cat":[49],"product_tag":[74],"class_list":{"0":"post-7440","1":"product","2":"type-product","3":"status-publish","4":"has-post-thumbnail","6":"product_cat-mujer","7":"product_tag-french-avenue","8":"desktop-align-left","9":"tablet-align-left","10":"mobile-align-left","12":"first","13":"instock","14":"sale","15":"taxable","16":"shipping-taxable","17":"purchasable","18":"product-type-simple"},"uagb_featured_image_src":{"full":["https:\/\/sensacionarabe.com\/Mayoristas\/wp-content\/uploads\/2025\/04\/1000127033.jpg",859,937,false],"thumbnail":["https:\/\/sensacionarabe.com\/Mayoristas\/wp-content\/uploads\/2025\/04\/1000127033-150x150.jpg",150,150,true],"medium":["https:\/\/sensacionarabe.com\/Mayoristas\/wp-content\/uploads\/2025\/04\/1000127033-275x300.jpg",275,300,true],"medium_large":["https:\/\/sensacionarabe.com\/Mayoristas\/wp-content\/uploads\/2025\/04\/1000127033-768x838.jpg",768,838,true],"large":["https:\/\/sensacionarabe.com\/Mayoristas\/wp-content\/uploads\/2025\/04\/1000127033.jpg",859,937,false],"1536x1536":["https:\/\/sensacionarabe.com\/Mayoristas\/wp-content\/uploads\/2025\/04\/1000127033.jpg",859,937,false],"2048x2048":["https:\/\/sensacionarabe.com\/Mayoristas\/wp-content\/uploads\/2025\/04\/1000127033.jpg",859,937,false],"woocommerce_thumbnail":["https:\/\/sensacionarabe.com\/Mayoristas\/wp-content\/uploads\/2025\/04\/1000127033-300x300.jpg",300,300,true],"woocommerce_single":["https:\/\/sensacionarabe.com\/Mayoristas\/wp-content\/uploads\/2025\/04\/1000127033-600x654.jpg",600,654,true],"woocommerce_gallery_thumbnail":["https:\/\/sensacionarabe.com\/Mayoristas\/wp-content\/uploads\/2025\/04\/1000127033-100x100.jpg",100,100,true],"variation_swatches_image_size":["https:\/\/sensacionarabe.com\/Mayoristas\/wp-content\/uploads\/2025\/04\/1000127033.jpg",46,50,false],"variation_swatches_tooltip_size":["https:\/\/sensacionarabe.com\/Mayoristas\/wp-content\/uploads\/2025\/04\/1000127033.jpg",92,100,false]},"uagb_author_info":{"display_name":"admin","author_link":"https:\/\/sensacionarabe.com\/Mayoristas\/author\/"},"uagb_comment_info":0,"uagb_excerpt":"Notas de cabeza leche, Ambrette (malva moschata) Notas de coraz\u00f3n tuberosa, jazm\u00edn, incenso, mahonia Notas de fondo vainilla, almizcle, haba tonka, cacao Tipo de fragancia almizclada El eau de parfum para mujer French Avenue Grecia te revelar\u00e1 lo sensual que puede ser una fragancia oriental. El enigma y la pizca de misterio que emanan de&hellip;","_links":{"self":[{"href":"https:\/\/sensacionarabe.com\/Mayoristas\/wp-json\/wp\/v2\/product\/7440","targetHints":{"allow":["GET"]}}],"collection":[{"href":"https:\/\/sensacionarabe.com\/Mayoristas\/wp-json\/wp\/v2\/product"}],"about":[{"href":"https:\/\/sensacionarabe.com\/Mayoristas\/wp-json\/wp\/v2\/types\/product"}],"replies":[{"embeddable":true,"href":"https:\/\/sensacionarabe.com\/Mayoristas\/wp-json\/wp\/v2\/comments?post=7440"}],"version-history":[{"count":1,"href":"https:\/\/sensacionarabe.com\/Mayoristas\/wp-json\/wp\/v2\/product\/7440\/revisions"}],"predecessor-version":[{"id":7441,"href":"https:\/\/sensacionarabe.com\/Mayoristas\/wp-json\/wp\/v2\/product\/7440\/revisions\/7441"}],"wp:featuredmedia":[{"embeddable":true,"href":"https:\/\/sensacionarabe.com\/Mayoristas\/wp-json\/wp\/v2\/media\/7438"}],"wp:attachment":[{"href":"https:\/\/sensacionarabe.com\/Mayoristas\/wp-json\/wp\/v2\/media?parent=7440"}],"wp:term":[{"taxonomy":"product_brand","embeddable":true,"href":"https:\/\/sensacionarabe.com\/Mayoristas\/wp-json\/wp\/v2\/product_brand?post=7440"},{"taxonomy":"product_cat","embeddable":true,"href":"https:\/\/sensacionarabe.com\/Mayoristas\/wp-json\/wp\/v2\/product_cat?post=7440"},{"taxonomy":"product_tag","embeddable":true,"href":"https:\/\/sensacionarabe.com\/Mayoristas\/wp-json\/wp\/v2\/product_tag?post=7440"}],"curies":[{"name":"wp","href":"https:\/\/api.w.org\/{rel}","templated":true}]}}