{"id":7470,"date":"2025-05-03T15:01:18","date_gmt":"2025-05-03T13:01:18","guid":{"rendered":"https:\/\/sensacionarabe.com\/Mayoristas\/producto\/riiffs-noor-eau-de-perfum-100ml\/"},"modified":"2026-01-10T11:33:47","modified_gmt":"2026-01-10T10:33:47","slug":"riiffs-noor-eau-de-perfum-100ml","status":"publish","type":"product","link":"https:\/\/sensacionarabe.com\/Mayoristas\/producto\/riiffs-noor-eau-de-perfum-100ml\/","title":{"rendered":"Riiffs Noor Eau de Perfum 100ml"},"content":{"rendered":"<p>D\u00e9jate seducir por la dulce e irresistible seducci\u00f3n de Noor&#8217;s Gourmand Temptation, una fragancia dise\u00f1ada para la mujer moderna que abraza su sensualidad y sofisticaci\u00f3n. Este lujoso perfume se abre con una explosi\u00f3n decadente de caramelo cremoso, envuelto en suaves notas l\u00e1cteas y un toque juguet\u00f3n de az\u00facar candeal, creando una dulzura irresistible.<br \/>\nEn el coraz\u00f3n, los c\u00e1lidos y reconfortantes acordes gourmand se equilibran a la perfecci\u00f3n con la delicada elegancia del lirio de los valles, a\u00f1adiendo un refinado toque floral que eleva esta fragancia a una obra maestra cautivadora.<\/p>\n<p>A medida que el aroma evoluciona, el fondo revela una embriagadora mezcla de vainilla aterciopelada, rico pralin\u00e9 y suave almizcle, dejando una estela persistente de calidez y sensualidad.<\/p>\n<p>Notas de salida: Caramelo, notas lact\u00f3nicas, az\u00facar confitado.<\/p>\n<p>Notas de coraz\u00f3n: Gourmand c\u00e1lido, lirio de los valles<\/p>\n<p>Notas de fondo: Vainilla, Pralin\u00e9 y Almizcle<\/p>\n<p>100ml<\/p>\n","protected":false},"excerpt":{"rendered":"<p>D\u00e9jate seducir por la dulce e irresistible seducci\u00f3n de Noor&#8217;s Gourmand Temptation, una fragancia dise\u00f1ada para la mujer moderna que abraza su sensualidad y sofisticaci\u00f3n. Este lujoso perfume se abre con una explosi\u00f3n decadente de caramelo cremoso, envuelto en suaves notas l\u00e1cteas y un toque juguet\u00f3n de az\u00facar candeal, creando una dulzura irresistible. En el [&hellip;]<\/p>\n","protected":false},"featured_media":7469,"comment_status":"open","ping_status":"closed","template":"","meta":{"nf_dc_page":"","_uag_custom_page_level_css":"","site-sidebar-layout":"default","site-content-layout":"","ast-site-content-layout":"default","site-content-style":"default","site-sidebar-style":"default","ast-global-header-display":"","ast-banner-title-visibility":"","ast-main-header-display":"","ast-hfb-above-header-display":"","ast-hfb-below-header-display":"","ast-hfb-mobile-header-display":"","site-post-title":"","ast-breadcrumbs-content":"","ast-featured-img":"","footer-sml-layout":"","ast-disable-related-posts":"","theme-transparent-header-meta":"","adv-header-id-meta":"","stick-header-meta":"","header-above-stick-meta":"","header-main-stick-meta":"","header-below-stick-meta":"","astra-migrate-meta-layouts":"default","ast-page-background-enabled":"default","ast-page-background-meta":{"desktop":{"background-color":"","background-image":"","background-repeat":"repeat","background-position":"center center","background-size":"auto","background-attachment":"scroll","background-type":"","background-media":"","overlay-type":"","overlay-color":"","overlay-opacity":"","overlay-gradient":""},"tablet":{"background-color":"","background-image":"","background-repeat":"repeat","background-position":"center center","background-size":"auto","background-attachment":"scroll","background-type":"","background-media":"","overlay-type":"","overlay-color":"","overlay-opacity":"","overlay-gradient":""},"mobile":{"background-color":"","background-image":"","background-repeat":"repeat","background-position":"center center","background-size":"auto","background-attachment":"scroll","background-type":"","background-media":"","overlay-type":"","overlay-color":"","overlay-opacity":"","overlay-gradient":""}},"ast-content-background-meta":{"desktop":{"background-color":"var(--ast-global-color-5)","background-image":"","background-repeat":"repeat","background-position":"center center","background-size":"auto","background-attachment":"scroll","background-type":"","background-media":"","overlay-type":"","overlay-color":"","overlay-opacity":"","overlay-gradient":""},"tablet":{"background-color":"var(--ast-global-color-5)","background-image":"","background-repeat":"repeat","background-position":"center center","background-size":"auto","background-attachment":"scroll","background-type":"","background-media":"","overlay-type":"","overlay-color":"","overlay-opacity":"","overlay-gradient":""},"mobile":{"background-color":"var(--ast-global-color-5)","background-image":"","background-repeat":"repeat","background-position":"center center","background-size":"auto","background-attachment":"scroll","background-type":"","background-media":"","overlay-type":"","overlay-color":"","overlay-opacity":"","overlay-gradient":""}}},"product_brand":[],"product_cat":[49],"product_tag":[78],"class_list":{"0":"post-7470","1":"product","2":"type-product","3":"status-publish","4":"has-post-thumbnail","6":"product_cat-mujer","7":"product_tag-riiffs","8":"desktop-align-left","9":"tablet-align-left","10":"mobile-align-left","12":"first","13":"instock","14":"taxable","15":"shipping-taxable","16":"purchasable","17":"product-type-simple"},"uagb_featured_image_src":{"full":["https:\/\/sensacionarabe.com\/Mayoristas\/wp-content\/uploads\/2025\/05\/1000131767.jpg",1059,953,false],"thumbnail":["https:\/\/sensacionarabe.com\/Mayoristas\/wp-content\/uploads\/2025\/05\/1000131767-150x150.jpg",150,150,true],"medium":["https:\/\/sensacionarabe.com\/Mayoristas\/wp-content\/uploads\/2025\/05\/1000131767-300x270.jpg",300,270,true],"medium_large":["https:\/\/sensacionarabe.com\/Mayoristas\/wp-content\/uploads\/2025\/05\/1000131767-768x691.jpg",768,691,true],"large":["https:\/\/sensacionarabe.com\/Mayoristas\/wp-content\/uploads\/2025\/05\/1000131767-1024x922.jpg",1024,922,true],"1536x1536":["https:\/\/sensacionarabe.com\/Mayoristas\/wp-content\/uploads\/2025\/05\/1000131767.jpg",1059,953,false],"2048x2048":["https:\/\/sensacionarabe.com\/Mayoristas\/wp-content\/uploads\/2025\/05\/1000131767.jpg",1059,953,false],"woocommerce_thumbnail":["https:\/\/sensacionarabe.com\/Mayoristas\/wp-content\/uploads\/2025\/05\/1000131767-300x300.jpg",300,300,true],"woocommerce_single":["https:\/\/sensacionarabe.com\/Mayoristas\/wp-content\/uploads\/2025\/05\/1000131767-600x540.jpg",600,540,true],"woocommerce_gallery_thumbnail":["https:\/\/sensacionarabe.com\/Mayoristas\/wp-content\/uploads\/2025\/05\/1000131767-100x100.jpg",100,100,true],"variation_swatches_image_size":["https:\/\/sensacionarabe.com\/Mayoristas\/wp-content\/uploads\/2025\/05\/1000131767.jpg",50,45,false],"variation_swatches_tooltip_size":["https:\/\/sensacionarabe.com\/Mayoristas\/wp-content\/uploads\/2025\/05\/1000131767.jpg",100,90,false]},"uagb_author_info":{"display_name":"admin","author_link":"https:\/\/sensacionarabe.com\/Mayoristas\/author\/"},"uagb_comment_info":0,"uagb_excerpt":"D\u00e9jate seducir por la dulce e irresistible seducci\u00f3n de Noor&#8217;s Gourmand Temptation, una fragancia dise\u00f1ada para la mujer moderna que abraza su sensualidad y sofisticaci\u00f3n. Este lujoso perfume se abre con una explosi\u00f3n decadente de caramelo cremoso, envuelto en suaves notas l\u00e1cteas y un toque juguet\u00f3n de az\u00facar candeal, creando una dulzura irresistible. En el&hellip;","_links":{"self":[{"href":"https:\/\/sensacionarabe.com\/Mayoristas\/wp-json\/wp\/v2\/product\/7470","targetHints":{"allow":["GET"]}}],"collection":[{"href":"https:\/\/sensacionarabe.com\/Mayoristas\/wp-json\/wp\/v2\/product"}],"about":[{"href":"https:\/\/sensacionarabe.com\/Mayoristas\/wp-json\/wp\/v2\/types\/product"}],"replies":[{"embeddable":true,"href":"https:\/\/sensacionarabe.com\/Mayoristas\/wp-json\/wp\/v2\/comments?post=7470"}],"version-history":[{"count":1,"href":"https:\/\/sensacionarabe.com\/Mayoristas\/wp-json\/wp\/v2\/product\/7470\/revisions"}],"predecessor-version":[{"id":8834,"href":"https:\/\/sensacionarabe.com\/Mayoristas\/wp-json\/wp\/v2\/product\/7470\/revisions\/8834"}],"wp:featuredmedia":[{"embeddable":true,"href":"https:\/\/sensacionarabe.com\/Mayoristas\/wp-json\/wp\/v2\/media\/7469"}],"wp:attachment":[{"href":"https:\/\/sensacionarabe.com\/Mayoristas\/wp-json\/wp\/v2\/media?parent=7470"}],"wp:term":[{"taxonomy":"product_brand","embeddable":true,"href":"https:\/\/sensacionarabe.com\/Mayoristas\/wp-json\/wp\/v2\/product_brand?post=7470"},{"taxonomy":"product_cat","embeddable":true,"href":"https:\/\/sensacionarabe.com\/Mayoristas\/wp-json\/wp\/v2\/product_cat?post=7470"},{"taxonomy":"product_tag","embeddable":true,"href":"https:\/\/sensacionarabe.com\/Mayoristas\/wp-json\/wp\/v2\/product_tag?post=7470"}],"curies":[{"name":"wp","href":"https:\/\/api.w.org\/{rel}","templated":true}]}}