{"id":7518,"date":"2025-05-13T11:36:26","date_gmt":"2025-05-13T09:36:26","guid":{"rendered":"https:\/\/sensacionarabe.com\/Mayoristas\/producto\/producto-11\/"},"modified":"2025-05-24T14:22:46","modified_gmt":"2025-05-24T12:22:46","slug":"producto-11","status":"publish","type":"product","link":"https:\/\/sensacionarabe.com\/Mayoristas\/producto\/producto-11\/","title":{"rendered":"Maison Alhambra lava Eau de perfum 100ml"},"content":{"rendered":"<p>Perfume Lava de Maison Alhambra-unisex<br \/>\nNotas de salida: menta verde, lavanda.<br \/>\nNotas de coraz\u00f3n: Geranio, madera de cedro<br \/>\nLava de Maison Alhambra: La Esencia de la Pasi\u00f3n y la Elegancia<br \/>\nMaison Alhambra Lava es m\u00e1s que una fragancia; es una declaraci\u00f3n de intenciones que encarna la pasi\u00f3n y la elegancia en cada gota. Este Eau de Parfum se distingue por su intensa y poderosa composici\u00f3n, que fusiona la sofisticaci\u00f3n contempor\u00e1nea con una sensualidad atemporal, creando as\u00ed una experiencia olfativa inolvidable.<\/p>\n<p>Notas Arom\u00e1ticas<br \/>\nLas notas superiores se abren con un acorde fresco y especiado, que despierta los sentidos y establece un tono vibrante. A medida que la fragancia evoluciona, el coraz\u00f3n revela una rica mezcla de matices c\u00e1lidos, amaderados y florales. Esta combinaci\u00f3n no solo aporta profundidad, sino que tambi\u00e9n evoca una sensaci\u00f3n de confort y calidez, envolviendo a quien lo lleva en un abrazo arom\u00e1tico.<\/p>\n<p>Las notas de fondo son el verdadero sello distintivo de Maison Alhambra Lava. Con sensuales matices de almizcle y \u00e1mbar, esta fragancia se asienta en la piel, dejando un rastro duradero que capta la atenci\u00f3n y provoca admiraci\u00f3n. La profundidad de estas notas asegura que el aroma se mantenga presente, transform\u00e1ndose a lo largo del d\u00eda en una experiencia \u00fanica y personal.<\/p>\n<p>Dise\u00f1o del Frasco<br \/>\nEl frasco de 100 ml es una obra maestra en s\u00ed mismo, con un dise\u00f1o elegante y moderno que refleja la esencia misma del perfume. Su forma esculpida y detalles meticulosamente elaborados hacen que cada frasco sea un objeto de deseo, digno de exhibirse en cualquier tocador. Este dise\u00f1o no solo es visualmente atractivo, sino que tambi\u00e9n simboliza la calidad y el lujo que Maison Alhambra representa.<\/p>\n<p>Ideal para los Que Buscan Destacar<br \/>\nMaison Alhambra Lava es la opci\u00f3n perfecta para aquellos que desean destacar por su estilo y encanto \u00fanicos. Es una fragancia que se adapta a diversas ocasiones,<\/p>\n","protected":false},"excerpt":{"rendered":"<p>Perfume Lava de Maison Alhambra-unisex Notas de salida: menta verde, lavanda. Notas de coraz\u00f3n: Geranio, madera de cedro Lava de Maison Alhambra: La Esencia de la Pasi\u00f3n y la Elegancia Maison Alhambra Lava es m\u00e1s que una fragancia; es una declaraci\u00f3n de intenciones que encarna la pasi\u00f3n y la elegancia en cada gota. Este Eau [&hellip;]<\/p>\n","protected":false},"featured_media":7517,"comment_status":"open","ping_status":"closed","template":"","meta":{"nf_dc_page":"","_uag_custom_page_level_css":"","site-sidebar-layout":"default","site-content-layout":"","ast-site-content-layout":"default","site-content-style":"default","site-sidebar-style":"default","ast-global-header-display":"","ast-banner-title-visibility":"","ast-main-header-display":"","ast-hfb-above-header-display":"","ast-hfb-below-header-display":"","ast-hfb-mobile-header-display":"","site-post-title":"","ast-breadcrumbs-content":"","ast-featured-img":"","footer-sml-layout":"","ast-disable-related-posts":"","theme-transparent-header-meta":"","adv-header-id-meta":"","stick-header-meta":"","header-above-stick-meta":"","header-main-stick-meta":"","header-below-stick-meta":"","astra-migrate-meta-layouts":"default","ast-page-background-enabled":"default","ast-page-background-meta":{"desktop":{"background-color":"","background-image":"","background-repeat":"repeat","background-position":"center center","background-size":"auto","background-attachment":"scroll","background-type":"","background-media":"","overlay-type":"","overlay-color":"","overlay-opacity":"","overlay-gradient":""},"tablet":{"background-color":"","background-image":"","background-repeat":"repeat","background-position":"center center","background-size":"auto","background-attachment":"scroll","background-type":"","background-media":"","overlay-type":"","overlay-color":"","overlay-opacity":"","overlay-gradient":""},"mobile":{"background-color":"","background-image":"","background-repeat":"repeat","background-position":"center center","background-size":"auto","background-attachment":"scroll","background-type":"","background-media":"","overlay-type":"","overlay-color":"","overlay-opacity":"","overlay-gradient":""}},"ast-content-background-meta":{"desktop":{"background-color":"var(--ast-global-color-5)","background-image":"","background-repeat":"repeat","background-position":"center center","background-size":"auto","background-attachment":"scroll","background-type":"","background-media":"","overlay-type":"","overlay-color":"","overlay-opacity":"","overlay-gradient":""},"tablet":{"background-color":"var(--ast-global-color-5)","background-image":"","background-repeat":"repeat","background-position":"center center","background-size":"auto","background-attachment":"scroll","background-type":"","background-media":"","overlay-type":"","overlay-color":"","overlay-opacity":"","overlay-gradient":""},"mobile":{"background-color":"var(--ast-global-color-5)","background-image":"","background-repeat":"repeat","background-position":"center center","background-size":"auto","background-attachment":"scroll","background-type":"","background-media":"","overlay-type":"","overlay-color":"","overlay-opacity":"","overlay-gradient":""}}},"product_brand":[],"product_cat":[49],"product_tag":[59],"class_list":{"0":"post-7518","1":"product","2":"type-product","3":"status-publish","4":"has-post-thumbnail","6":"product_cat-mujer","7":"product_tag-maison-alhambra","8":"desktop-align-left","9":"tablet-align-left","10":"mobile-align-left","12":"first","13":"instock","14":"taxable","15":"shipping-taxable","16":"purchasable","17":"product-type-simple"},"uagb_featured_image_src":{"full":["https:\/\/sensacionarabe.com\/Mayoristas\/wp-content\/uploads\/2025\/05\/1000140330.png",2000,2000,false],"thumbnail":["https:\/\/sensacionarabe.com\/Mayoristas\/wp-content\/uploads\/2025\/05\/1000140330-150x150.png",150,150,true],"medium":["https:\/\/sensacionarabe.com\/Mayoristas\/wp-content\/uploads\/2025\/05\/1000140330-300x300.png",300,300,true],"medium_large":["https:\/\/sensacionarabe.com\/Mayoristas\/wp-content\/uploads\/2025\/05\/1000140330-768x768.png",768,768,true],"large":["https:\/\/sensacionarabe.com\/Mayoristas\/wp-content\/uploads\/2025\/05\/1000140330-1024x1024.png",1024,1024,true],"1536x1536":["https:\/\/sensacionarabe.com\/Mayoristas\/wp-content\/uploads\/2025\/05\/1000140330-1536x1536.png",1536,1536,true],"2048x2048":["https:\/\/sensacionarabe.com\/Mayoristas\/wp-content\/uploads\/2025\/05\/1000140330.png",2000,2000,false],"woocommerce_thumbnail":["https:\/\/sensacionarabe.com\/Mayoristas\/wp-content\/uploads\/2025\/05\/1000140330-300x300.png",300,300,true],"woocommerce_single":["https:\/\/sensacionarabe.com\/Mayoristas\/wp-content\/uploads\/2025\/05\/1000140330-600x600.png",600,600,true],"woocommerce_gallery_thumbnail":["https:\/\/sensacionarabe.com\/Mayoristas\/wp-content\/uploads\/2025\/05\/1000140330-100x100.png",100,100,true],"variation_swatches_image_size":["https:\/\/sensacionarabe.com\/Mayoristas\/wp-content\/uploads\/2025\/05\/1000140330.png",50,50,false],"variation_swatches_tooltip_size":["https:\/\/sensacionarabe.com\/Mayoristas\/wp-content\/uploads\/2025\/05\/1000140330.png",100,100,false]},"uagb_author_info":{"display_name":"admin","author_link":"https:\/\/sensacionarabe.com\/Mayoristas\/author\/"},"uagb_comment_info":0,"uagb_excerpt":"Perfume Lava de Maison Alhambra-unisex Notas de salida: menta verde, lavanda. Notas de coraz\u00f3n: Geranio, madera de cedro Lava de Maison Alhambra: La Esencia de la Pasi\u00f3n y la Elegancia Maison Alhambra Lava es m\u00e1s que una fragancia; es una declaraci\u00f3n de intenciones que encarna la pasi\u00f3n y la elegancia en cada gota. Este Eau&hellip;","_links":{"self":[{"href":"https:\/\/sensacionarabe.com\/Mayoristas\/wp-json\/wp\/v2\/product\/7518","targetHints":{"allow":["GET"]}}],"collection":[{"href":"https:\/\/sensacionarabe.com\/Mayoristas\/wp-json\/wp\/v2\/product"}],"about":[{"href":"https:\/\/sensacionarabe.com\/Mayoristas\/wp-json\/wp\/v2\/types\/product"}],"replies":[{"embeddable":true,"href":"https:\/\/sensacionarabe.com\/Mayoristas\/wp-json\/wp\/v2\/comments?post=7518"}],"version-history":[{"count":2,"href":"https:\/\/sensacionarabe.com\/Mayoristas\/wp-json\/wp\/v2\/product\/7518\/revisions"}],"predecessor-version":[{"id":7522,"href":"https:\/\/sensacionarabe.com\/Mayoristas\/wp-json\/wp\/v2\/product\/7518\/revisions\/7522"}],"wp:featuredmedia":[{"embeddable":true,"href":"https:\/\/sensacionarabe.com\/Mayoristas\/wp-json\/wp\/v2\/media\/7517"}],"wp:attachment":[{"href":"https:\/\/sensacionarabe.com\/Mayoristas\/wp-json\/wp\/v2\/media?parent=7518"}],"wp:term":[{"taxonomy":"product_brand","embeddable":true,"href":"https:\/\/sensacionarabe.com\/Mayoristas\/wp-json\/wp\/v2\/product_brand?post=7518"},{"taxonomy":"product_cat","embeddable":true,"href":"https:\/\/sensacionarabe.com\/Mayoristas\/wp-json\/wp\/v2\/product_cat?post=7518"},{"taxonomy":"product_tag","embeddable":true,"href":"https:\/\/sensacionarabe.com\/Mayoristas\/wp-json\/wp\/v2\/product_tag?post=7518"}],"curies":[{"name":"wp","href":"https:\/\/api.w.org\/{rel}","templated":true}]}}