{"id":7729,"date":"2025-06-13T23:19:29","date_gmt":"2025-06-13T21:19:29","guid":{"rendered":"https:\/\/sensacionarabe.com\/Mayoristas\/producto\/maison-asrar-blom-blom-eau-de-perfum-100ml\/"},"modified":"2026-04-12T02:25:33","modified_gmt":"2026-04-12T00:25:33","slug":"maison-asrar-blom-blom-eau-de-perfum-100ml","status":"publish","type":"product","link":"https:\/\/sensacionarabe.com\/Mayoristas\/producto\/maison-asrar-blom-blom-eau-de-perfum-100ml\/","title":{"rendered":"Maison asrar blom blom Eau de perfum 100ml"},"content":{"rendered":"<p>Bloom Bloom de MAISON ASRAR es una fragancia de la familia olfativa Floral Frutal para Mujeres. Esta fragrancia es nueva. Bloom Bloom se lanz\u00f3 en 2024. Las Notas de Salida son durazno (melocot\u00f3n), pera y fresia; las Notas de Coraz\u00f3n son lirio de los valles (muguete), rosa y magnolia; las Notas de Fondo son almizcle, s\u00e1ndalo y cedro<\/p>\n","protected":false},"excerpt":{"rendered":"<p>Bloom Bloom de MAISON ASRAR es una fragancia de la familia olfativa Floral Frutal para Mujeres. Esta fragrancia es nueva. Bloom Bloom se lanz\u00f3 en 2024. Las Notas de Salida son durazno (melocot\u00f3n), pera y fresia; las Notas de Coraz\u00f3n son lirio de los valles (muguete), rosa y magnolia; las Notas de Fondo son almizcle, [&hellip;]<\/p>\n","protected":false},"featured_media":7724,"comment_status":"open","ping_status":"closed","template":"","meta":{"nf_dc_page":"","_uag_custom_page_level_css":"","site-sidebar-layout":"default","site-content-layout":"","ast-site-content-layout":"default","site-content-style":"default","site-sidebar-style":"default","ast-global-header-display":"","ast-banner-title-visibility":"","ast-main-header-display":"","ast-hfb-above-header-display":"","ast-hfb-below-header-display":"","ast-hfb-mobile-header-display":"","site-post-title":"","ast-breadcrumbs-content":"","ast-featured-img":"","footer-sml-layout":"","ast-disable-related-posts":"","theme-transparent-header-meta":"","adv-header-id-meta":"","stick-header-meta":"","header-above-stick-meta":"","header-main-stick-meta":"","header-below-stick-meta":"","astra-migrate-meta-layouts":"default","ast-page-background-enabled":"default","ast-page-background-meta":{"desktop":{"background-color":"","background-image":"","background-repeat":"repeat","background-position":"center center","background-size":"auto","background-attachment":"scroll","background-type":"","background-media":"","overlay-type":"","overlay-color":"","overlay-opacity":"","overlay-gradient":""},"tablet":{"background-color":"","background-image":"","background-repeat":"repeat","background-position":"center center","background-size":"auto","background-attachment":"scroll","background-type":"","background-media":"","overlay-type":"","overlay-color":"","overlay-opacity":"","overlay-gradient":""},"mobile":{"background-color":"","background-image":"","background-repeat":"repeat","background-position":"center center","background-size":"auto","background-attachment":"scroll","background-type":"","background-media":"","overlay-type":"","overlay-color":"","overlay-opacity":"","overlay-gradient":""}},"ast-content-background-meta":{"desktop":{"background-color":"var(--ast-global-color-5)","background-image":"","background-repeat":"repeat","background-position":"center center","background-size":"auto","background-attachment":"scroll","background-type":"","background-media":"","overlay-type":"","overlay-color":"","overlay-opacity":"","overlay-gradient":""},"tablet":{"background-color":"var(--ast-global-color-5)","background-image":"","background-repeat":"repeat","background-position":"center center","background-size":"auto","background-attachment":"scroll","background-type":"","background-media":"","overlay-type":"","overlay-color":"","overlay-opacity":"","overlay-gradient":""},"mobile":{"background-color":"var(--ast-global-color-5)","background-image":"","background-repeat":"repeat","background-position":"center center","background-size":"auto","background-attachment":"scroll","background-type":"","background-media":"","overlay-type":"","overlay-color":"","overlay-opacity":"","overlay-gradient":""}}},"product_brand":[],"product_cat":[15],"product_tag":[],"class_list":{"0":"post-7729","1":"product","2":"type-product","3":"status-publish","4":"has-post-thumbnail","6":"product_cat-sin-categorizar","7":"desktop-align-left","8":"tablet-align-left","9":"mobile-align-left","11":"first","12":"instock","13":"taxable","14":"shipping-taxable","15":"purchasable","16":"product-type-simple"},"uagb_featured_image_src":{"full":["https:\/\/sensacionarabe.com\/Mayoristas\/wp-content\/uploads\/2025\/06\/1000169237.jpg",977,775,false],"thumbnail":["https:\/\/sensacionarabe.com\/Mayoristas\/wp-content\/uploads\/2025\/06\/1000169237-150x150.jpg",150,150,true],"medium":["https:\/\/sensacionarabe.com\/Mayoristas\/wp-content\/uploads\/2025\/06\/1000169237-300x238.jpg",300,238,true],"medium_large":["https:\/\/sensacionarabe.com\/Mayoristas\/wp-content\/uploads\/2025\/06\/1000169237-768x609.jpg",768,609,true],"large":["https:\/\/sensacionarabe.com\/Mayoristas\/wp-content\/uploads\/2025\/06\/1000169237.jpg",977,775,false],"1536x1536":["https:\/\/sensacionarabe.com\/Mayoristas\/wp-content\/uploads\/2025\/06\/1000169237.jpg",977,775,false],"2048x2048":["https:\/\/sensacionarabe.com\/Mayoristas\/wp-content\/uploads\/2025\/06\/1000169237.jpg",977,775,false],"woocommerce_thumbnail":["https:\/\/sensacionarabe.com\/Mayoristas\/wp-content\/uploads\/2025\/06\/1000169237-300x300.jpg",300,300,true],"woocommerce_single":["https:\/\/sensacionarabe.com\/Mayoristas\/wp-content\/uploads\/2025\/06\/1000169237-600x476.jpg",600,476,true],"woocommerce_gallery_thumbnail":["https:\/\/sensacionarabe.com\/Mayoristas\/wp-content\/uploads\/2025\/06\/1000169237-100x100.jpg",100,100,true],"variation_swatches_image_size":["https:\/\/sensacionarabe.com\/Mayoristas\/wp-content\/uploads\/2025\/06\/1000169237-50x50.jpg",50,50,true],"variation_swatches_tooltip_size":["https:\/\/sensacionarabe.com\/Mayoristas\/wp-content\/uploads\/2025\/06\/1000169237-100x100.jpg",100,100,true]},"uagb_author_info":{"display_name":"admin","author_link":"https:\/\/sensacionarabe.com\/Mayoristas\/author\/"},"uagb_comment_info":0,"uagb_excerpt":"Bloom Bloom de MAISON ASRAR es una fragancia de la familia olfativa Floral Frutal para Mujeres. Esta fragrancia es nueva. Bloom Bloom se lanz\u00f3 en 2024. Las Notas de Salida son durazno (melocot\u00f3n), pera y fresia; las Notas de Coraz\u00f3n son lirio de los valles (muguete), rosa y magnolia; las Notas de Fondo son almizcle,&hellip;","_links":{"self":[{"href":"https:\/\/sensacionarabe.com\/Mayoristas\/wp-json\/wp\/v2\/product\/7729","targetHints":{"allow":["GET"]}}],"collection":[{"href":"https:\/\/sensacionarabe.com\/Mayoristas\/wp-json\/wp\/v2\/product"}],"about":[{"href":"https:\/\/sensacionarabe.com\/Mayoristas\/wp-json\/wp\/v2\/types\/product"}],"replies":[{"embeddable":true,"href":"https:\/\/sensacionarabe.com\/Mayoristas\/wp-json\/wp\/v2\/comments?post=7729"}],"version-history":[{"count":0,"href":"https:\/\/sensacionarabe.com\/Mayoristas\/wp-json\/wp\/v2\/product\/7729\/revisions"}],"wp:featuredmedia":[{"embeddable":true,"href":"https:\/\/sensacionarabe.com\/Mayoristas\/wp-json\/wp\/v2\/media\/7724"}],"wp:attachment":[{"href":"https:\/\/sensacionarabe.com\/Mayoristas\/wp-json\/wp\/v2\/media?parent=7729"}],"wp:term":[{"taxonomy":"product_brand","embeddable":true,"href":"https:\/\/sensacionarabe.com\/Mayoristas\/wp-json\/wp\/v2\/product_brand?post=7729"},{"taxonomy":"product_cat","embeddable":true,"href":"https:\/\/sensacionarabe.com\/Mayoristas\/wp-json\/wp\/v2\/product_cat?post=7729"},{"taxonomy":"product_tag","embeddable":true,"href":"https:\/\/sensacionarabe.com\/Mayoristas\/wp-json\/wp\/v2\/product_tag?post=7729"}],"curies":[{"name":"wp","href":"https:\/\/api.w.org\/{rel}","templated":true}]}}